{"id":3478,"date":"2016-02-22T12:46:42","date_gmt":"2016-02-22T18:46:42","guid":{"rendered":"http:\/\/www.sai.oaxaca.gob.mx\/?page_id=12"},"modified":"2023-11-16T19:09:51","modified_gmt":"2023-11-17T01:09:51","slug":"mision-y-vision","status":"publish","type":"page","link":"https:\/\/www.oaxaca.gob.mx\/interculturalidad\/mision-y-vision\/","title":{"rendered":"Misi\u00f3n, Visi\u00f3n y Objetivos"},"content":{"rendered":"<h3 style=\"text-align: center\">Misi\u00f3n<\/h3>\n<p align=\"justify\">Promover el reconocimiento, respeto y observancia de los derechos de los pueblos y comunidades ind\u00edgenas y afromexicanas de Oaxaca, impulsando su desarrollo econ\u00f3mico, pol\u00edtico, social y cultural, mediante pol\u00edticas, programas, estrategias y acciones que favorezcan la integridad y el patrimonio material e inmaterial de las comunidades, el fortalecimiento de sus capacidades individuales y colectivas, as\u00ed como sus formas de organizaci\u00f3n\u00a0tradicional.<\/p>\n<p>&nbsp;<\/p>\n<h3 style=\"text-align: center\">Visi\u00f3n<\/h3>\n<p align=\"justify\">Ser la instituci\u00f3n del gobierno del estado al servicio de los pueblos y comunidades ind\u00edgenas y afromexicanas de Oaxaca, con capacidad, reconocimiento y liderazgo para articular los esfuerzos de los tres \u00f3rdenes de gobierno en coordinaci\u00f3n con las organizaciones comunitarias de la sociedad civil, as\u00ed como de los organismos del sector privado nacional e internacional, en una pol\u00edtica p\u00fablica basada en los principios de sostenibilidad, igualdad, interculturalidad y transversalidad, que sea un modelo de eficacia, honradez, transparencia, inclusi\u00f3n social y rendici\u00f3n\u00a0de\u00a0cuentas.<\/p>\n<p>&nbsp;<\/p>\n<h3 style=\"text-align: center\">Objetivos<\/h3>\n<p align=\"justify\">Desarrollar un modelo de gesti\u00f3n p\u00fablica que sea el eje rector del desarrollo social, econ\u00f3mico, cultural y pol\u00edtico de los pueblos y comunidades ind\u00edgenas y afromexicanas de Oaxaca, con base en un nuevo acuerdo de di\u00e1logo y participaci\u00f3n conjunta entre las instituciones y las comunidades, en un marco de respeto a sus derechos contenidos en las convenciones e instrumentos legales de los \u00e1mbitos estatal, nacional e internacional.<\/p>\n<p>&nbsp;<\/p>\n<p align=\"justify\">\n","protected":false},"excerpt":{"rendered":"<p>Misi\u00f3n Promover el reconocimiento, respeto y observancia de los derechos de los pueblos y comunidades ind\u00edgenas y afromexicanas de Oaxaca, impulsando su desarrollo econ\u00f3mico, pol\u00edtico, social y cultural, mediante pol\u00edticas, programas, estrategias y acciones que favorezcan la integridad y el patrimonio material e inmaterial de las comunidades, el fortalecimiento de sus capacidades individuales y colectivas, [&hellip;]<\/p>\n","protected":false},"author":1,"featured_media":0,"parent":0,"menu_order":0,"comment_status":"closed","ping_status":"closed","template":"","meta":{"episode_type":"","audio_file":"","podmotor_file_id":"","podmotor_episode_id":"","cover_image":"","cover_image_id":"","duration":"","filesize":"","filesize_raw":"","date_recorded":"","explicit":"","block":"","itunes_episode_number":"","itunes_title":"","itunes_season_number":"","itunes_episode_type":"","footnotes":""},"categories":[],"tags":[],"class_list":["post-3478","page","type-page","status-publish","hentry"],"acf":[],"publishpress_future_action":{"enabled":false,"date":"2026-04-29 11:16:10","action":"change-status","newStatus":"draft","terms":[],"taxonomy":"category","extraData":[]},"publishpress_future_workflow_manual_trigger":{"enabledWorkflows":[]},"_links":{"self":[{"href":"https:\/\/www.oaxaca.gob.mx\/interculturalidad\/wp-json\/wp\/v2\/pages\/3478","targetHints":{"allow":["GET"]}}],"collection":[{"href":"https:\/\/www.oaxaca.gob.mx\/interculturalidad\/wp-json\/wp\/v2\/pages"}],"about":[{"href":"https:\/\/www.oaxaca.gob.mx\/interculturalidad\/wp-json\/wp\/v2\/types\/page"}],"author":[{"embeddable":true,"href":"https:\/\/www.oaxaca.gob.mx\/interculturalidad\/wp-json\/wp\/v2\/users\/1"}],"replies":[{"embeddable":true,"href":"https:\/\/www.oaxaca.gob.mx\/interculturalidad\/wp-json\/wp\/v2\/comments?post=3478"}],"version-history":[{"count":3,"href":"https:\/\/www.oaxaca.gob.mx\/interculturalidad\/wp-json\/wp\/v2\/pages\/3478\/revisions"}],"predecessor-version":[{"id":12361,"href":"https:\/\/www.oaxaca.gob.mx\/interculturalidad\/wp-json\/wp\/v2\/pages\/3478\/revisions\/12361"}],"wp:attachment":[{"href":"https:\/\/www.oaxaca.gob.mx\/interculturalidad\/wp-json\/wp\/v2\/media?parent=3478"}],"wp:term":[{"taxonomy":"category","embeddable":true,"href":"https:\/\/www.oaxaca.gob.mx\/interculturalidad\/wp-json\/wp\/v2\/categories?post=3478"},{"taxonomy":"post_tag","embeddable":true,"href":"https:\/\/www.oaxaca.gob.mx\/interculturalidad\/wp-json\/wp\/v2\/tags?post=3478"}],"curies":[{"name":"wp","href":"https:\/\/api.w.org\/{rel}","templated":true}]}}