{"id":121,"date":"2016-02-23T14:05:31","date_gmt":"2016-02-23T20:05:31","guid":{"rendered":"http:\/\/www.sai.oaxaca.gob.mx\/?page_id=121"},"modified":"2016-02-23T14:05:31","modified_gmt":"2016-02-23T20:05:31","slug":"t01","status":"publish","type":"page","link":"https:\/\/www.oaxaca.gob.mx\/interculturalidad\/t01\/","title":{"rendered":"Asesor\u00eda y acompa\u00f1amiento a mujeres ind\u00edgenas v\u00edctimas de violencia"},"content":{"rendered":"<table width=\"700\" cellspacing=\"0\" cellpadding=\"5\">\n<tbody>\n<tr class=\"prop\">\n<td class=\"id\" colspan=\"2\" valign=\"top\"><strong><label for=\"nomServicio\">Tr\u00e1mite o servicio<\/label><\/strong><\/p>\n<div id=\"nomServicio\" class=\"dialog-servicios\">Asesor\u00eda y acompa\u00f1amiento a mujeres ind\u00edgenas v\u00edctimas de violencia<\/div>\n<\/td>\n<\/tr>\n<tr class=\"prop\">\n<td class=\"id\" valign=\"top\"><strong><label for=\"descServicio\">Descripci\u00f3n\u00a0del tramite o servicio<\/label><\/strong><\/p>\n<div id=\"descServicio\" class=\"dialog-servicios\">Asesorar y acompa\u00f1ar a mujeres ind\u00edgenas v\u00edctimas de violencia, ante las Instancias especialistas en el tema.<\/div>\n<\/td>\n<\/tr>\n<tr class=\"prop\">\n<td class=\"id\" valign=\"top\"><strong><label for=\"beneficiosUsuario\">Beneficios para el usuario<\/label><\/strong><\/p>\n<div id=\"beneficiosUsuario\" class=\"dialog-servicios\">Servicio personalizado en la atenci\u00f3n y acompa\u00f1amiento<\/div>\n<\/td>\n<\/tr>\n<tr class=\"prop\">\n<td class=\"id\" valign=\"top\"><strong><label for=\"derechosUsuario\">Tipo de Usuario<\/label><\/strong><\/p>\n<div id=\"tipoUsuario\" class=\"dialog-servicios\">Mujeres ind\u00edgenas<\/div>\n<\/td>\n<\/tr>\n<tr class=\"prop\">\n<td class=\"id\" valign=\"top\"><strong><label for=\"requisitos\">Requisitos<\/label><\/strong><\/p>\n<div id=\"requisitos\" class=\"dialog-servicios\">Solicitud verbal o escrita<\/div>\n<\/td>\n<\/tr>\n<tr class=\"prop\">\n<td class=\"id\" valign=\"top\"><strong><label for=\"costoServicio\">Duraci\u00f3n del tr\u00e1mite<\/label><\/strong><\/p>\n<div id=\"caducidad\" class=\"dialog-servicios\">Sujeta a las caracter\u00edsticas de la situaci\u00f3n que se presente<\/div>\n<\/td>\n<\/tr>\n<tr class=\"prop\">\n<td class=\"id\" valign=\"top\"><label for=\"doc Obtener\"><strong>Particularidades<\/strong> <\/label><\/p>\n<div id=\"particularidades\" class=\"dialog-servicios\"><\/div>\n<\/td>\n<\/tr>\n<tr class=\"prop\">\n<td class=\"id\" valign=\"top\"><label for=\"doc Obtener\"><strong>Modalidades<\/strong> <\/label><\/p>\n<div id=\"modalidades\" class=\"dialog-servicios\">\u00abSin modalidades\u00bb<\/div>\n<\/td>\n<\/tr>\n<tr class=\"prop\">\n<td class=\"id\" valign=\"top\"><strong><label for=\"sustLegal\">Fundamento juridico<\/label><\/strong><\/p>\n<div id=\"sustLegal\" class=\"dialog-servicios\">Art\u00edculos 43 fracciones XII y XXI, de la Ley Org\u00e1nica del Poder Ejecutivo del Estado de Oaxaca y 21 fracciones I, II y III del Reglamento Interno de la Secretar\u00eda de Asuntos Ind\u00edgenas.<\/div>\n<\/td>\n<\/tr>\n<tr class=\"prop\">\n<td class=\"id\" valign=\"top\"><strong><label for=\"costoServicio\">Costo<\/label><\/strong><\/p>\n<div id=\"costoServicio\" class=\"dialog-servicios\">\u00abGratuito\u00bb<\/div>\n<\/td>\n<\/tr>\n<tr class=\"prop\">\n<td class=\"id\" valign=\"top\"><strong><label for=\"doc Obtener\">Documento que se obtendr\u00e1<\/label><\/strong><\/p>\n<div id=\"docFinal\" class=\"dialog-servicios\">El servicio se otorgar\u00e1 sin la generaci\u00f3n de un documento comprobatorio.<\/div>\n<\/td>\n<\/tr>\n<tr class=\"prop\">\n<td class=\"id\" valign=\"top\"><strong><label for=\"costoServicio\">Vigencia del documento que se obtendr\u00e1<\/label><\/strong><\/p>\n<div id=\"vigencia\" class=\"dialog-servicios\">\u00abNo aplica\u00bb<\/div>\n<\/td>\n<\/tr>\n<tr class=\"prop\">\n<td class=\"id\" valign=\"top\"><strong><label for=\"derechosUsuario\">Derechos del usuario ante la negativa de respuesta<\/label><\/strong><\/p>\n<div id=\"derechosUsuario\" class=\"dialog-servicios\">\u00abReportar su queja dentro de la Dependencia o ante la Secretar\u00eda de la Contralor\u00eda y Transparencia Gubernamental\u00bb o \u00abEl usuario podr\u00e1 volver a presentar su solicitud cuantas veces sea necesario.\u00bb<\/div>\n<\/td>\n<\/tr>\n<tr class=\"prop\">\n<td class=\"id\" valign=\"top\"><strong><label for=\"doc Obtener\">Quejas o denuncias<\/label><\/strong><\/p>\n<div id=\"queja\" class=\"dialog-servicios\">\u00abSecretaria de la Contralor\u00eda y Transparencia Gubernamental, ubicado en Ciudad Administrativa Benem\u00e9rito de las Am\u00e9ricas Edificio 2 \u00abRufino Tamayo\u00bb, primer piso, Carretera Oaxaca-Istmo Km 11.5, Tlalixtac de Cabrera, Oaxaca, \u00f3 al correo electr\u00f3nico quejas@contralor\u00eda-oaxaca.gob.mx, o marcando a los siguientes tel\u00e9fonos 01 (951)501 5000 extensiones 10474, 10475, 10479, 10480, 10491, 11819, 01800 712 75 79, 01800 712 75 80, 01800 HONESTO.\u00bb Sugerencias al correo electr\u00f3nico asuntos.indigenas@oaxaca.gob.mx.<\/div>\n<\/td>\n<\/tr>\n<\/tbody>\n<\/table>\n<p>&nbsp;\t\t<\/p>\n","protected":false},"excerpt":{"rendered":"<p>Tr\u00e1mite o servicio Asesor\u00eda y acompa\u00f1amiento a mujeres ind\u00edgenas v\u00edctimas de violencia Descripci\u00f3n\u00a0del tramite o servicio Asesorar y acompa\u00f1ar a mujeres ind\u00edgenas v\u00edctimas de violencia, ante las Instancias especialistas en el tema. Beneficios para el usuario Servicio personalizado en la atenci\u00f3n y acompa\u00f1amiento Tipo de Usuario Mujeres ind\u00edgenas Requisitos Solicitud verbal o escrita Duraci\u00f3n del [&hellip;]<\/p>\n","protected":false},"author":1,"featured_media":0,"parent":0,"menu_order":0,"comment_status":"closed","ping_status":"closed","template":"","meta":{"episode_type":"","audio_file":"","podmotor_file_id":"","podmotor_episode_id":"","cover_image":"","cover_image_id":"","duration":"","filesize":"","filesize_raw":"","date_recorded":"","explicit":"","block":"","itunes_episode_number":"","itunes_title":"","itunes_season_number":"","itunes_episode_type":"","footnotes":""},"categories":[],"tags":[],"class_list":["post-121","page","type-page","status-publish","hentry"],"acf":[],"publishpress_future_action":{"enabled":false,"date":"2026-05-06 15:26:48","action":"change-status","newStatus":"draft","terms":[],"taxonomy":"category","extraData":[]},"publishpress_future_workflow_manual_trigger":{"enabledWorkflows":[]},"_links":{"self":[{"href":"https:\/\/www.oaxaca.gob.mx\/interculturalidad\/wp-json\/wp\/v2\/pages\/121","targetHints":{"allow":["GET"]}}],"collection":[{"href":"https:\/\/www.oaxaca.gob.mx\/interculturalidad\/wp-json\/wp\/v2\/pages"}],"about":[{"href":"https:\/\/www.oaxaca.gob.mx\/interculturalidad\/wp-json\/wp\/v2\/types\/page"}],"author":[{"embeddable":true,"href":"https:\/\/www.oaxaca.gob.mx\/interculturalidad\/wp-json\/wp\/v2\/users\/1"}],"replies":[{"embeddable":true,"href":"https:\/\/www.oaxaca.gob.mx\/interculturalidad\/wp-json\/wp\/v2\/comments?post=121"}],"version-history":[{"count":0,"href":"https:\/\/www.oaxaca.gob.mx\/interculturalidad\/wp-json\/wp\/v2\/pages\/121\/revisions"}],"wp:attachment":[{"href":"https:\/\/www.oaxaca.gob.mx\/interculturalidad\/wp-json\/wp\/v2\/media?parent=121"}],"wp:term":[{"taxonomy":"category","embeddable":true,"href":"https:\/\/www.oaxaca.gob.mx\/interculturalidad\/wp-json\/wp\/v2\/categories?post=121"},{"taxonomy":"post_tag","embeddable":true,"href":"https:\/\/www.oaxaca.gob.mx\/interculturalidad\/wp-json\/wp\/v2\/tags?post=121"}],"curies":[{"name":"wp","href":"https:\/\/api.w.org\/{rel}","templated":true}]}}