{"id":8371,"date":"2023-12-08T09:35:42","date_gmt":"2023-12-08T15:35:42","guid":{"rendered":"https:\/\/www.oaxaca.gob.mx\/inpac\/?page_id=8371"},"modified":"2023-12-08T09:35:42","modified_gmt":"2023-12-08T15:35:42","slug":"mapa-del-sitio","status":"publish","type":"page","link":"https:\/\/www.oaxaca.gob.mx\/inpac\/mapa-del-sitio\/","title":{"rendered":"Mapa del Sitio"},"content":{"rendered":"<div class=\"wsp-container\"><h2 class=\"wsp-pages-title\">P\u00e1ginas<\/h2>\n<ul class=\"wsp-pages-list\">\n<li class=\"page_item page-item-386\"><a href=\"https:\/\/www.oaxaca.gob.mx\/inpac\/actividades\/\">Actividades<\/a><\/li>\n<li class=\"page_item page-item-3573\"><a href=\"https:\/\/www.oaxaca.gob.mx\/inpac\/apoyo-a-la-gestion-de-recursos-sefin\/\">apoyo a la gesti\u00f3n de recursos sefin<\/a><\/li>\n<li class=\"page_item page-item-3578\"><a href=\"https:\/\/www.oaxaca.gob.mx\/inpac\/apoyo-a-la-participacion-de-convocatorias-foremoba\/\">apoyo a la participaci\u00f3n de convocatorias foremoba<\/a><\/li>\n<li class=\"page_item page-item-3576\"><a href=\"https:\/\/www.oaxaca.gob.mx\/inpac\/apoyo-a-la-participacion-de-recursos-paice\/\">apoyo a la participaci\u00f3n de recursos paice<\/a><\/li>\n<li class=\"page_item page-item-2044\"><a href=\"https:\/\/www.oaxaca.gob.mx\/inpac\/aviso-de-privacidad-integral\/\">AVISO DE PRIVACIDAD INTEGRAL<\/a><\/li>\n<li class=\"page_item page-item-2034\"><a href=\"https:\/\/www.oaxaca.gob.mx\/inpac\/aviso-de-privacidad-simplificado\/\">AVISO DE PRIVACIDAD SIMPLIFICADO<\/a><\/li>\n<li class=\"page_item page-item-1932\"><a href=\"https:\/\/www.oaxaca.gob.mx\/inpac\/aviso-de-privacidad\/\">Avisos de Privacidad<\/a><\/li>\n<li class=\"page_item page-item-2648\"><a href=\"https:\/\/www.oaxaca.gob.mx\/inpac\/biblioteca-virtual\/\">Biblioteca Virtual del INPAC<\/a><\/li>\n<li class=\"page_item page-item-2462\"><a href=\"https:\/\/www.oaxaca.gob.mx\/inpac\/calendar-2\/\">Calendar<\/a><\/li>\n<li class=\"page_item page-item-1978\"><a href=\"https:\/\/www.oaxaca.gob.mx\/inpac\/calendar\/\">Calendar<\/a><\/li>\n<li class=\"page_item page-item-2260\"><a href=\"https:\/\/www.oaxaca.gob.mx\/inpac\/comite-de-control-interno\/\">Comit\u00e9 de Control Interno<\/a><\/li>\n<li class=\"page_item page-item-2029\"><a href=\"https:\/\/www.oaxaca.gob.mx\/inpac\/comite-de-etica-e-integridad-publica\/\">Comit\u00e9 de \u00c9tica e Integridad P\u00fablica<\/a><\/li>\n<li class=\"page_item page-item-2254\"><a href=\"https:\/\/www.oaxaca.gob.mx\/inpac\/comite-de-obras\/\">Comit\u00e9 de Obras<\/a><\/li>\n<li class=\"page_item page-item-2246\"><a href=\"https:\/\/www.oaxaca.gob.mx\/inpac\/comite-de-transparencia-2\/\">Comit\u00e9 de Transparencia<\/a><\/li>\n<li class=\"page_item page-item-7502\"><a href=\"https:\/\/www.oaxaca.gob.mx\/inpac\/comites\/\">Comit\u00e9s<\/a><\/li>\n<li class=\"page_item page-item-1864\"><a href=\"https:\/\/www.oaxaca.gob.mx\/inpac\/contacto\/\">Contacto<\/a><\/li>\n<li class=\"page_item page-item-5316\"><a href=\"https:\/\/www.oaxaca.gob.mx\/inpac\/contraloria-social\/\">Contralor\u00eda Social<\/a><\/li>\n<li class=\"page_item page-item-9962\"><a href=\"https:\/\/www.oaxaca.gob.mx\/inpac\/contrataciones\/\">contrataciones<\/a><\/li>\n<li class=\"page_item page-item-3896 page_item_has_children\"><a href=\"https:\/\/www.oaxaca.gob.mx\/inpac\/convocatorias\/\">Convocatorias<\/a>\n<ul class='children'>\n\t<li class=\"page_item page-item-9439\"><a href=\"https:\/\/www.oaxaca.gob.mx\/inpac\/convocatorias\/gaceta\/\">Gaceta<\/a><\/li>\n<\/ul>\n<\/li>\n<li class=\"page_item page-item-4806\"><a href=\"https:\/\/www.oaxaca.gob.mx\/inpac\/acciones-de-gobierno\/\">COVID-19<\/a><\/li>\n<li class=\"page_item page-item-1877\"><a href=\"https:\/\/www.oaxaca.gob.mx\/inpac\/transparencia\/\">CUMPLIMIENTO DE OBLIGACIONES DE TRANSPARENCIA<\/a><\/li>\n<li class=\"page_item page-item-1702\"><a href=\"https:\/\/www.oaxaca.gob.mx\/inpac\/cumplimiento-obligaciones-lgtaip\/\">CUMPLIMIENTO DE OBLIGACIONES DE TRANSPARENCIA<\/a><\/li>\n<li class=\"page_item page-item-783\"><a href=\"https:\/\/www.oaxaca.gob.mx\/inpac\/cumplimientolgtip__\/\">Cumplimiento LGTIP<\/a><\/li>\n<li class=\"page_item page-item-2228\"><a href=\"https:\/\/www.oaxaca.gob.mx\/inpac\/decalogo-de-conducta\/\">Dec\u00e1logo de Conducta<\/a><\/li>\n<li class=\"page_item page-item-388\"><a href=\"https:\/\/www.oaxaca.gob.mx\/inpac\/difusion\/\">Difusi\u00f3n<\/a><\/li>\n<li class=\"page_item page-item-24\"><a href=\"https:\/\/www.oaxaca.gob.mx\/inpac\/direccion-general\/\">Direcci\u00f3n General<\/a><\/li>\n<li class=\"page_item page-item-379\"><a href=\"https:\/\/www.oaxaca.gob.mx\/inpac\/directorio\/\">Directorio<\/a><\/li>\n<li class=\"page_item page-item-5382\"><a href=\"https:\/\/www.oaxaca.gob.mx\/inpac\/estadisticas\/\">Estad\u00edsticas<\/a><\/li>\n<li class=\"page_item page-item-1221\"><a href=\"https:\/\/www.oaxaca.gob.mx\/inpac\/estadistica-inpac\/\">Estad\u00edsticas 2019<\/a><\/li>\n<li class=\"page_item page-item-4539\"><a href=\"https:\/\/www.oaxaca.gob.mx\/inpac\/estadisticas-2020\/\">Estad\u00edsticas 2020<\/a><\/li>\n<li class=\"page_item page-item-5369\"><a href=\"https:\/\/www.oaxaca.gob.mx\/inpac\/estadisticas-2021\/\">Estad\u00edsticas 2021<\/a><\/li>\n<li class=\"page_item page-item-6793\"><a href=\"https:\/\/www.oaxaca.gob.mx\/inpac\/estadisticas-2022\/\">Estad\u00edsticas 2022<\/a><\/li>\n<li class=\"page_item page-item-7691\"><a href=\"https:\/\/www.oaxaca.gob.mx\/inpac\/estadisticas-2023\/\">ESTADISTICAS 2023<\/a><\/li>\n<li class=\"page_item page-item-9089\"><a href=\"https:\/\/www.oaxaca.gob.mx\/inpac\/estadisticas-2024\/\">ESTADISTICAS 2024<\/a><\/li>\n<li class=\"page_item page-item-9804\"><a href=\"https:\/\/www.oaxaca.gob.mx\/inpac\/estadisticas-2025\/\">Estad\u00edsticas 2025<\/a><\/li>\n<li class=\"page_item page-item-10623\"><a href=\"https:\/\/www.oaxaca.gob.mx\/inpac\/estadisticas-2026\/\">Estad\u00edsticas 2026<\/a><\/li>\n<li class=\"page_item page-item-1871\"><a href=\"https:\/\/www.oaxaca.gob.mx\/inpac\/estructura-organica-u-organigrama\/\">Estructura Org\u00e1nica u Organigrama<\/a><\/li>\n<li class=\"page_item page-item-7708 page_item_has_children\"><a href=\"https:\/\/www.oaxaca.gob.mx\/inpac\/eventos\/\">Eventos<\/a>\n<ul class='children'>\n\t<li class=\"page_item page-item-7710\"><a href=\"https:\/\/www.oaxaca.gob.mx\/inpac\/eventos\/categorias\/\">Categor\u00edas<\/a><\/li>\n\t<li class=\"page_item page-item-7711\"><a href=\"https:\/\/www.oaxaca.gob.mx\/inpac\/eventos\/etiquetas\/\">Etiquetas<\/a><\/li>\n\t<li class=\"page_item page-item-7712\"><a href=\"https:\/\/www.oaxaca.gob.mx\/inpac\/eventos\/mis-reservas\/\">Mis Reservas<\/a><\/li>\n\t<li class=\"page_item page-item-7709\"><a href=\"https:\/\/www.oaxaca.gob.mx\/inpac\/eventos\/ubicaciones\/\">Ubicaciones<\/a><\/li>\n<\/ul>\n<\/li>\n<li class=\"page_item page-item-68\"><a href=\"https:\/\/www.oaxaca.gob.mx\/inpac\/galeria\/\">Fotogaler\u00eda<\/a><\/li>\n<li class=\"page_item page-item-1867\"><a href=\"https:\/\/www.oaxaca.gob.mx\/inpac\/funciones-3\/\">Funciones<\/a><\/li>\n<li class=\"page_item page-item-390\"><a href=\"https:\/\/www.oaxaca.gob.mx\/inpac\/gaceta\/\">Gaceta<\/a><\/li>\n<li class=\"page_item page-item-3977\"><a href=\"https:\/\/www.oaxaca.gob.mx\/inpac\/gaceta-inpac-cultural\/\">GACETA INPAC CULTURAL 33<\/a><\/li>\n<li class=\"page_item page-item-4241\"><a href=\"https:\/\/www.oaxaca.gob.mx\/inpac\/informacion-financiera\/\">Informaci\u00f3n Financiera<\/a><\/li>\n<li class=\"page_item page-item-8036\"><a href=\"https:\/\/www.oaxaca.gob.mx\/inpac\/informes-de-bienes-muebles-patrimonio-cultural-conservados\/\">INFORMES DE BIENES MUEBLES PATRIMONIO CULTURAL CONSERVADOS<\/a><\/li>\n<li class=\"page_item page-item-1974\"><a href=\"https:\/\/www.oaxaca.gob.mx\/inpac\/\">INICIO<\/a><\/li>\n<li class=\"page_item page-item-4602\"><a href=\"https:\/\/www.oaxaca.gob.mx\/inpac\/inpac-cultural-34\/\">INPAC CULTURAL 34<\/a><\/li>\n<li class=\"page_item page-item-2258\"><a href=\"https:\/\/www.oaxaca.gob.mx\/inpac\/junta-directiva\/\">Junta Directiva<\/a><\/li>\n<li class=\"page_item page-item-1055\"><a href=\"https:\/\/www.oaxaca.gob.mx\/inpac\/licitaciones\/\">Licitaciones Estatales<\/a><\/li>\n<li class=\"page_item page-item-1977\"><a href=\"https:\/\/www.oaxaca.gob.mx\/inpac\/loginpress\/\">LoginPress<\/a><\/li>\n<li class=\"page_item page-item-1873\"><a href=\"https:\/\/www.oaxaca.gob.mx\/inpac\/manual-de-organizacion\/\">Manual de Organizaci\u00f3n<\/a><\/li>\n<li class=\"page_item page-item-8371\"><a href=\"https:\/\/www.oaxaca.gob.mx\/inpac\/mapa-del-sitio\/\">Mapa del Sitio<\/a><\/li>\n<li class=\"page_item page-item-381\"><a href=\"https:\/\/www.oaxaca.gob.mx\/inpac\/normatividad\/\">Marco Jur\u00eddico<\/a><\/li>\n<li class=\"page_item page-item-357\"><a href=\"https:\/\/www.oaxaca.gob.mx\/inpac\/mision-4\/\">Misi\u00f3n, Visi\u00f3n y Objetivos<\/a><\/li>\n<li class=\"page_item page-item-384\"><a href=\"https:\/\/www.oaxaca.gob.mx\/inpac\/noticias\/\">Noticias<\/a><\/li>\n<li class=\"page_item page-item-369\"><a href=\"https:\/\/www.oaxaca.gob.mx\/inpac\/objetivos\/\">Objetivos<\/a><\/li>\n<li class=\"page_item page-item-2\"><a href=\"https:\/\/www.oaxaca.gob.mx\/inpac\/pagina-ejemplo\/\">P\u00e1gina de ejemplo<\/a><\/li>\n<li class=\"page_item page-item-1975\"><a href=\"https:\/\/www.oaxaca.gob.mx\/inpac\/pagina-ejemplo-2\/\">P\u00e1gina de ejemplo<\/a><\/li>\n<li class=\"page_item page-item-4307\"><a href=\"https:\/\/www.oaxaca.gob.mx\/inpac\/programas\/\">Programas y Planes<\/a><\/li>\n<li class=\"page_item page-item-9209\"><a href=\"https:\/\/www.oaxaca.gob.mx\/inpac\/pruebainpac\/\">pruebainpac<\/a><\/li>\n<li class=\"page_item page-item-7647\"><a href=\"https:\/\/www.oaxaca.gob.mx\/inpac\/publicaciones\/\">PUBLICACIONES<\/a><\/li>\n<li class=\"page_item page-item-1080\"><a href=\"https:\/\/www.oaxaca.gob.mx\/inpac\/sevac\/\">SEVAC<\/a><\/li>\n<li class=\"page_item page-item-2256\"><a href=\"https:\/\/www.oaxaca.gob.mx\/inpac\/comite-tecnico-de-archivos\/\">Sistema institucional de archivos<\/a><\/li>\n<li class=\"page_item page-item-2252\"><a href=\"https:\/\/www.oaxaca.gob.mx\/inpac\/subcomite-de-adquisiciones-arrendamientos-y-servicios\/\">Subcomit\u00e9 de Adquisiciones, Arrendamientos y Servicios<\/a><\/li>\n<li class=\"page_item page-item-375\"><a href=\"https:\/\/www.oaxaca.gob.mx\/inpac\/titular\/\">Titular del Instituto<\/a><\/li>\n<li class=\"page_item page-item-371 page_item_has_children\"><a href=\"https:\/\/www.oaxaca.gob.mx\/inpac\/servicios\/\">Tr\u00e1mites y Servicios<\/a>\n<ul class='children'>\n\t<li class=\"page_item page-item-9377\"><a href=\"https:\/\/www.oaxaca.gob.mx\/inpac\/servicios\/informacion-tramite\/\">Informaci\u00f3n del Tr\u00e1mite<\/a><\/li>\n<\/ul>\n<\/li>\n<li class=\"page_item page-item-9054\"><a href=\"https:\/\/www.oaxaca.gob.mx\/inpac\/tramites-servicios\/\">Tramites-Servicios<\/a><\/li>\n<li class=\"page_item page-item-367\"><a href=\"https:\/\/www.oaxaca.gob.mx\/inpac\/vision\/\">Visi\u00f3n<\/a><\/li>\n<li class=\"page_item page-item-6670\"><a href=\"https:\/\/www.oaxaca.gob.mx\/inpac\/slide-anything-popup-preview\/\">Slide Anything Popup Preview<\/a><\/li>\n<\/ul>\n<\/div>\n","protected":false},"excerpt":{"rendered":"","protected":false},"author":1,"featured_media":0,"parent":0,"menu_order":0,"comment_status":"closed","ping_status":"closed","template":"","meta":{"episode_type":"","audio_file":"","podmotor_file_id":"","podmotor_episode_id":"","cover_image":"","cover_image_id":"","duration":"","filesize":"","filesize_raw":"","date_recorded":"","explicit":"","block":"","itunes_episode_number":"","itunes_title":"","itunes_season_number":"","itunes_episode_type":"","footnotes":""},"categories":[],"tags":[],"class_list":["post-8371","page","type-page","status-publish","hentry"],"acf":[],"publishpress_future_action":{"enabled":false,"date":"2026-05-15 22:49:12","action":"change-status","newStatus":"draft","terms":[],"taxonomy":"category","extraData":[]},"publishpress_future_workflow_manual_trigger":{"enabledWorkflows":[]},"_links":{"self":[{"href":"https:\/\/www.oaxaca.gob.mx\/inpac\/wp-json\/wp\/v2\/pages\/8371","targetHints":{"allow":["GET"]}}],"collection":[{"href":"https:\/\/www.oaxaca.gob.mx\/inpac\/wp-json\/wp\/v2\/pages"}],"about":[{"href":"https:\/\/www.oaxaca.gob.mx\/inpac\/wp-json\/wp\/v2\/types\/page"}],"author":[{"embeddable":true,"href":"https:\/\/www.oaxaca.gob.mx\/inpac\/wp-json\/wp\/v2\/users\/1"}],"replies":[{"embeddable":true,"href":"https:\/\/www.oaxaca.gob.mx\/inpac\/wp-json\/wp\/v2\/comments?post=8371"}],"version-history":[{"count":1,"href":"https:\/\/www.oaxaca.gob.mx\/inpac\/wp-json\/wp\/v2\/pages\/8371\/revisions"}],"predecessor-version":[{"id":8372,"href":"https:\/\/www.oaxaca.gob.mx\/inpac\/wp-json\/wp\/v2\/pages\/8371\/revisions\/8372"}],"wp:attachment":[{"href":"https:\/\/www.oaxaca.gob.mx\/inpac\/wp-json\/wp\/v2\/media?parent=8371"}],"wp:term":[{"taxonomy":"category","embeddable":true,"href":"https:\/\/www.oaxaca.gob.mx\/inpac\/wp-json\/wp\/v2\/categories?post=8371"},{"taxonomy":"post_tag","embeddable":true,"href":"https:\/\/www.oaxaca.gob.mx\/inpac\/wp-json\/wp\/v2\/tags?post=8371"}],"curies":[{"name":"wp","href":"https:\/\/api.w.org\/{rel}","templated":true}]}}