{"id":5382,"date":"2021-04-30T09:55:51","date_gmt":"2021-04-30T14:55:51","guid":{"rendered":"https:\/\/www.oaxaca.gob.mx\/inpac\/?page_id=5382"},"modified":"2025-05-06T10:40:29","modified_gmt":"2025-05-06T16:40:29","slug":"estadisticas","status":"publish","type":"page","link":"https:\/\/www.oaxaca.gob.mx\/inpac\/estadisticas\/","title":{"rendered":"Estad\u00edsticas"},"content":{"rendered":"<div class=\"row bg-light py-3 border rounded\">\n<div class=\"col-md-2 col-xs-4 col-sm-4\">\n<div class=\"card-body\"><img loading=\"lazy\" decoding=\"async\" class=\"alignnone wp-image-7746\" src=\"https:\/\/www.oaxaca.gob.mx\/inpac\/wp-content\/uploads\/sites\/17\/2021\/04\/statistics-pie-chart.jpg\" alt=\"\" width=\"387\" height=\"387\" \/><\/p>\n<h5 class=\"card-title\"><a href=\"https:\/\/www.oaxaca.gob.mx\/inpac\/estadistica-inpac\/\">Estad\u00edsticas 2019<\/a><\/h5>\n<\/div>\n<p>&nbsp;<\/p>\n<div class=\"card-body\"><img decoding=\"async\" class=\"card-img-top\" src=\"https:\/\/www.oaxaca.gob.mx\/inpac\/wp-content\/uploads\/sites\/17\/2021\/04\/statistics-pie-chart.jpg\" alt=\"...\" \/><\/p>\n<h5 class=\"card-title\"><a href=\"https:\/\/www.oaxaca.gob.mx\/inpac\/estadisticas-2020\/\">Estad\u00edsticas 2020<\/a><\/h5>\n<\/div>\n<p>&nbsp;<\/p>\n<div class=\"card-body\"><img decoding=\"async\" class=\"card-img-top\" src=\"https:\/\/www.oaxaca.gob.mx\/inpac\/wp-content\/uploads\/sites\/17\/2021\/04\/statistics-pie-chart.jpg\" alt=\"...\" \/><\/p>\n<h5 class=\"card-title\"><a href=\"https:\/\/www.oaxaca.gob.mx\/inpac\/estadisticas-2021\/\">Estad\u00edsticas 2021<\/a><\/h5>\n<\/div>\n<p>&nbsp;<\/p>\n<div class=\"card-body\"><img decoding=\"async\" class=\"card-img-top\" src=\"https:\/\/www.oaxaca.gob.mx\/inpac\/wp-content\/uploads\/sites\/17\/2021\/04\/statistics-pie-chart.jpg\" alt=\"...\" \/><\/p>\n<h5 class=\"card-title\"><a href=\"https:\/\/www.oaxaca.gob.mx\/inpac\/estadisticas-2022\">Estad\u00edsticas 2022<\/a><\/h5>\n<\/div>\n<p>&nbsp;<\/p>\n<div class=\"card-body\"><img decoding=\"async\" class=\"card-img-top\" src=\"https:\/\/www.oaxaca.gob.mx\/inpac\/wp-content\/uploads\/sites\/17\/2021\/04\/statistics-pie-chart.jpg\" alt=\"...\" \/><\/p>\n<div class=\"card-body\">\n<h5><a href=\"https:\/\/www.oaxaca.gob.mx\/inpac\/estadisticas-2023\/\">Estad\u00edsticas 2023<\/a><\/h5>\n<\/div>\n<p>&nbsp;<\/p>\n<div class=\"card-body\"><img decoding=\"async\" class=\"card-img-top\" src=\"https:\/\/www.oaxaca.gob.mx\/inpac\/wp-content\/uploads\/sites\/17\/2021\/04\/statistics-pie-chart.jpg\" alt=\"...\" \/><\/p>\n<div class=\"card-body\">\n<h5><a href=\"https:\/\/www.oaxaca.gob.mx\/inpac\/estadisticas-2024\/\">Estad\u00edsticas 2024<\/a><\/h5>\n<div class=\"card-body\"><img decoding=\"async\" class=\"card-img-top\" src=\"https:\/\/www.oaxaca.gob.mx\/inpac\/wp-content\/uploads\/sites\/17\/2021\/04\/statistics-pie-chart.jpg\" alt=\"...\" \/><\/p>\n<div class=\"card-body\">\n<h5><a href=\"https:\/\/www.oaxaca.gob.mx\/inpac\/estadisticas-2025\/\">Estad\u00edsticas 2025<\/a><\/h5>\n<\/div>\n<\/div>\n<\/div>\n<\/div>\n","protected":false},"excerpt":{"rendered":"<p>Estad\u00edsticas 2019 &nbsp; Estad\u00edsticas 2020 &nbsp; Estad\u00edsticas 2021 &nbsp; Estad\u00edsticas 2022 &nbsp; Estad\u00edsticas 2023 &nbsp; Estad\u00edsticas 2024 Estad\u00edsticas 2025<\/p>\n","protected":false},"author":16,"featured_media":0,"parent":0,"menu_order":0,"comment_status":"closed","ping_status":"closed","template":"","meta":{"episode_type":"","audio_file":"","podmotor_file_id":"","podmotor_episode_id":"","cover_image":"","cover_image_id":"","duration":"","filesize":"","filesize_raw":"","date_recorded":"","explicit":"","block":"","itunes_episode_number":"","itunes_title":"","itunes_season_number":"","itunes_episode_type":"","footnotes":""},"categories":[],"tags":[],"class_list":["post-5382","page","type-page","status-publish","hentry"],"acf":[],"publishpress_future_action":{"enabled":false,"date":"2026-05-13 18:00:15","action":"change-status","newStatus":"draft","terms":[],"taxonomy":"category","extraData":[]},"publishpress_future_workflow_manual_trigger":{"enabledWorkflows":[]},"_links":{"self":[{"href":"https:\/\/www.oaxaca.gob.mx\/inpac\/wp-json\/wp\/v2\/pages\/5382","targetHints":{"allow":["GET"]}}],"collection":[{"href":"https:\/\/www.oaxaca.gob.mx\/inpac\/wp-json\/wp\/v2\/pages"}],"about":[{"href":"https:\/\/www.oaxaca.gob.mx\/inpac\/wp-json\/wp\/v2\/types\/page"}],"author":[{"embeddable":true,"href":"https:\/\/www.oaxaca.gob.mx\/inpac\/wp-json\/wp\/v2\/users\/16"}],"replies":[{"embeddable":true,"href":"https:\/\/www.oaxaca.gob.mx\/inpac\/wp-json\/wp\/v2\/comments?post=5382"}],"version-history":[{"count":2,"href":"https:\/\/www.oaxaca.gob.mx\/inpac\/wp-json\/wp\/v2\/pages\/5382\/revisions"}],"predecessor-version":[{"id":9918,"href":"https:\/\/www.oaxaca.gob.mx\/inpac\/wp-json\/wp\/v2\/pages\/5382\/revisions\/9918"}],"wp:attachment":[{"href":"https:\/\/www.oaxaca.gob.mx\/inpac\/wp-json\/wp\/v2\/media?parent=5382"}],"wp:term":[{"taxonomy":"category","embeddable":true,"href":"https:\/\/www.oaxaca.gob.mx\/inpac\/wp-json\/wp\/v2\/categories?post=5382"},{"taxonomy":"post_tag","embeddable":true,"href":"https:\/\/www.oaxaca.gob.mx\/inpac\/wp-json\/wp\/v2\/tags?post=5382"}],"curies":[{"name":"wp","href":"https:\/\/api.w.org\/{rel}","templated":true}]}}