{"id":24,"date":"2016-02-16T14:31:08","date_gmt":"2016-02-16T20:31:08","guid":{"rendered":"http:\/\/www.inpac.oaxaca.gob.mx\/?page_id=24"},"modified":"2016-02-16T14:31:08","modified_gmt":"2016-02-16T20:31:08","slug":"direccion-general","status":"publish","type":"page","link":"https:\/\/www.oaxaca.gob.mx\/inpac\/direccion-general\/","title":{"rendered":"Direcci\u00f3n General"},"content":{"rendered":"<p>\t\t\t\tPromover y dirigir las acciones encaminadas a la conservaci\u00f3n del patrimonio cultural del Estado de<br \/>\nOaxaca, mediante la implementaci\u00f3n de procedimientos especializados y pol\u00edticas culturales, para<br \/>\nasegurar la permanencia y transmisi\u00f3n de \u00e9ste en beneficio de las futuras generaciones.\t\t<\/p>\n","protected":false},"excerpt":{"rendered":"<p>Promover y dirigir las acciones encaminadas a la conservaci\u00f3n del patrimonio cultural del Estado de Oaxaca, mediante la implementaci\u00f3n de procedimientos especializados y pol\u00edticas culturales, para asegurar la permanencia y transmisi\u00f3n de \u00e9ste en beneficio de las futuras generaciones.<\/p>\n","protected":false},"author":1,"featured_media":0,"parent":0,"menu_order":0,"comment_status":"closed","ping_status":"closed","template":"","meta":{"episode_type":"","audio_file":"","podmotor_file_id":"","podmotor_episode_id":"","cover_image":"","cover_image_id":"","duration":"","filesize":"","filesize_raw":"","date_recorded":"","explicit":"","block":"","itunes_episode_number":"","itunes_title":"","itunes_season_number":"","itunes_episode_type":"","footnotes":""},"categories":[],"tags":[],"class_list":["post-24","page","type-page","status-publish","hentry"],"acf":[],"publishpress_future_action":{"enabled":false,"date":"2026-04-26 07:23:32","action":"change-status","newStatus":"draft","terms":[],"taxonomy":"category","extraData":[]},"publishpress_future_workflow_manual_trigger":{"enabledWorkflows":[]},"_links":{"self":[{"href":"https:\/\/www.oaxaca.gob.mx\/inpac\/wp-json\/wp\/v2\/pages\/24","targetHints":{"allow":["GET"]}}],"collection":[{"href":"https:\/\/www.oaxaca.gob.mx\/inpac\/wp-json\/wp\/v2\/pages"}],"about":[{"href":"https:\/\/www.oaxaca.gob.mx\/inpac\/wp-json\/wp\/v2\/types\/page"}],"author":[{"embeddable":true,"href":"https:\/\/www.oaxaca.gob.mx\/inpac\/wp-json\/wp\/v2\/users\/1"}],"replies":[{"embeddable":true,"href":"https:\/\/www.oaxaca.gob.mx\/inpac\/wp-json\/wp\/v2\/comments?post=24"}],"version-history":[{"count":0,"href":"https:\/\/www.oaxaca.gob.mx\/inpac\/wp-json\/wp\/v2\/pages\/24\/revisions"}],"wp:attachment":[{"href":"https:\/\/www.oaxaca.gob.mx\/inpac\/wp-json\/wp\/v2\/media?parent=24"}],"wp:term":[{"taxonomy":"category","embeddable":true,"href":"https:\/\/www.oaxaca.gob.mx\/inpac\/wp-json\/wp\/v2\/categories?post=24"},{"taxonomy":"post_tag","embeddable":true,"href":"https:\/\/www.oaxaca.gob.mx\/inpac\/wp-json\/wp\/v2\/tags?post=24"}],"curies":[{"name":"wp","href":"https:\/\/api.w.org\/{rel}","templated":true}]}}