{"id":2044,"date":"2019-06-20T16:09:19","date_gmt":"2019-06-20T14:09:19","guid":{"rendered":"https:\/\/www.oaxaca.gob.mx\/inpac\/?page_id=2044"},"modified":"2023-09-11T12:21:05","modified_gmt":"2023-09-11T18:21:05","slug":"aviso-de-privacidad-integral","status":"publish","type":"page","link":"https:\/\/www.oaxaca.gob.mx\/inpac\/aviso-de-privacidad-integral\/","title":{"rendered":"AVISO DE PRIVACIDAD INTEGRAL"},"content":{"rendered":"<p>.<strong> AVISO DE PRIVACIDAD INTEGRAL<\/strong><\/p>\n<p>El Instituto del Patrimonio Cultural del Estado de Oaxaca (INPAC), con domicilio ubicado en la Carretera Internacional km. 11.5 \u00a0Oaxaca \u2013 Istmo, Ciudad Administrativa \u201cBenem\u00e9rito de las Am\u00e9ricas, Edificio 3, Nivel 3, Tlalixtac de Cabrera, Oaxaca, con tel\u00e9fono (951) 501500 extensi\u00f3n 11754, de lunes a viernes de 9:00 \u00a0a 15:00 \u00a0horas en d\u00edas y horas h\u00e1biles, \u00a0es el sujeto \u00a0obligado \u00a0responsable\u00a0 del \u00a0tratamiento \u00a0de los \u00a0datos personales \u00a0que nos proporcione, los cuales ser\u00e1n protegidos, conforme a lo dispuesto en la Ley General de Protecci\u00f3n de Datos Personales en Posesi\u00f3n de Sujetos Obligados y en la Ley de Protecci\u00f3n de Datos Personales en Posesi\u00f3n de Sujetos Obligados del Estado de Oaxaca y dem\u00e1s normatividad aplicable.<\/p>\n<p><strong><em><u>\u00bfQu\u00e9 datos personales recabamos y para qu\u00e9 fines?<\/u><\/em><\/strong><\/p>\n<p>Los datos\u00a0personales que usted proporcione ser\u00e1n utilizados para las siguientes finalidades principales:<\/p>\n<p>Los datos personales que recabamos de usted, los utilizaremos para las siguientes finalidades:<\/p>\n<ol>\n<li>Solicitudes de Acceso a la Informaci\u00f3n P\u00fablica;<\/li>\n<li>Solicitudes de Derechos ARCOP;<\/li>\n<li>Tr\u00e1mites y Servicios;<\/li>\n<li>Procedimientos de contrataci\u00f3n de Obra P\u00fablica y Servicios relacionados con las mismas.<\/li>\n<li>Substanciaci\u00f3n y en su caso la recepci\u00f3n de los medios de impugnaci\u00f3n del que sea parte el INPAC;<\/li>\n<li>Expedientes personales de las y los servidores p\u00fablicos;<\/li>\n<li>Expedientes de la n\u00f3mina de las y los servidores p\u00fablicos;<\/li>\n<li>Expedientes Unitarios de las Obras;<\/li>\n<li>Expedientes de juicios laborables; y<\/li>\n<\/ol>\n<p>De manera adicional, se requiere su consentimiento para que los datos personales optativos solicitados sean utilizados con fines estad\u00edsticos sin que se haga identificables a los titulares, para mejorar los servicios e implementar medidas que resulten pertinentes que impulsen el ejercicio de los derechos ARCOP, derecho a la informaci\u00f3n y medios de impugnaci\u00f3n.<\/p>\n<p>En caso de que no desee que sus datos personales sean tratados para estos fines adicionales, esta plataforma le permitir\u00e1 indicarlo o usted puede manifestarlo as\u00ed al correo electr\u00f3nico: <a href=\"mailto:transparencia.inpac@oaxaca.gob.mx\">transparencia.inpac@oaxaca.gob.mx<\/a><\/p>\n<p><strong><em><u>Datos personales recabados:<\/u><\/em><\/strong><\/p>\n<p><strong>Tr\u00e1mites y Servicios (Contrataci\u00f3n de obra y\/o proyecto; y solicitudes para le gesti\u00f3n de apoyos federales y estatales en restauraci\u00f3n de monumentos hist\u00f3ricos):<\/strong>\u00a0\u00a0Nombre Completo;\u00a0CURP;\u00a0RFC; IMSS, edad;\u00a0sexo; domicilio particular; tel\u00e9fono particular; correo electr\u00f3nico particular; firma aut\u00f3grafa; lugar de nacimiento; n\u00famero de c\u00e9dula profesional; y n\u00fameros de cuenta bancaria; clave interbancaria.<\/p>\n<p><strong>Solicitud\u00a0\u00a0 \u00a0de\u00a0\u00a0 \u00a0derechos\u00a0\u00a0\u00a0 \u00a0de\u00a0\u00a0 \u00a0Acceso,\u00a0Rectificaci\u00f3n, Cancelaci\u00f3n, Oposici\u00f3n y Portabilidad (ARCOP) y medios de impugnaci\u00f3n (Recursos de Revisi\u00f3n):<\/strong>\u00a0\u00a0Nombre completo,\u00a0correo electr\u00f3nico,\u00a0domicilio\u00a0para recibir notificaciones, documento para acreditar la identidad del titular y en su caso la personalidad e identidad de su representante.<\/p>\n<p><strong>Solicitudes de Acceso a la Informaci\u00f3n: <\/strong>Nombre, Correo electr\u00f3nico, correo para recibir notificaciones, edad y sexo.<\/p>\n<p><strong>Expedientes personales de las y los servidores p\u00fablicos del INPAC: <\/strong>Nombre, direcci\u00f3n, RFC, CURP, NSS, INE,\u00a0 Certificados m\u00e9dicos y Actas de nacimiento.<\/p>\n<p><strong>Expedientes de la n\u00f3mina de las y los servidores: <\/strong>Nombre, RFC, CURP, deducciones (pensi\u00f3n alimenticia, pr\u00e9stamos personales, seguros de vida, beneficiarios) y clave interbancaria.<\/p>\n<p><strong>Expedientes Unitarios: <\/strong>INE, comprobantes de domicilio, constancia fiscal, estados financieros, nombres de beneficiarios y actas de nacimiento<strong>. <\/strong>(RFC, CURP, Direcci\u00f3n, claves interbancarias, fecha de nacimiento y clave del n\u00famero INE)<\/p>\n<p><strong>Expedientes Juicios: <\/strong>Nombre, direcci\u00f3n, RFC, Clave y cuenta interbancaria y nombre de beneficiarios.<\/p>\n<p>Adicionalmente, se informa que solo se recaban datos sensibles al personal que labora dentro del Instituto del Patrimonio Cultural del Estado de Oaxaca, al ser contratado siendo estos: Grupo sangu\u00edneo, alguna enfermedad o alergia, peso y talla.<\/p>\n<p><strong><em><u>Fundamento legal para el tratamiento de sus datos personales:<\/u><\/em><\/strong><\/p>\n<p>El Instituto\u00a0del Patrimonio Cultural del Estado de Oaxaca (INPAC), para el tratamiento de los datos personales se fundamenta en los art\u00edculos 16, 17, 18, 25 y 26 de la Ley General de Protecci\u00f3n de Datos Personales en Posesi\u00f3n de Sujetos Obligados; 09,\u00a010,\u00a011,\u00a014, 19, 57, 58, 59, 60, 61 y 62\u00a0de la Ley de Protecci\u00f3n de Datos Personales en Posesi\u00f3n de Sujetos Obligados del Estado de Oaxaca, y dem\u00e1s normatividad que resulte aplicable.<\/p>\n<p><strong><em><u>\u00bfCon qui\u00e9n compartimos su informaci\u00f3n personal y para qu\u00e9 fines?<\/u><\/em><\/strong><\/p>\n<p>Le informamos que sus datos personales son compartidos exclusivamente dentro de las \u00e1reas administrativas que conforman la estructura org\u00e1nica del INPAC, no se realizan transferencias con terceros.<\/p>\n<p>No se realizar\u00e1n transferencias de los datos personales, salvo aquellas que sean necesarias\u00a0 \u00a0para atender\u00a0requerimientos\u00a0 \u00a0de informaci\u00f3n\u00a0 \u00a0de\u00a0 \u00a0una autoridad competente, que est\u00e9n debidamente fundadas y motivadas, y que se rigen por la normatividad aplicable.<\/p>\n<p>Usted podr\u00e1 ejercer sus derechos\u00a0de Acceso,\u00a0Rectificaci\u00f3n,\u00a0Cancelaci\u00f3n, Oposici\u00f3n y Portabilidad (ARCOP) ante\u00a0la Unidad de Transparencia del Instituto del Patrimonio Cultural del Estado de Oaxaca.<\/p>\n<p>Para el ejercicio de cualquiera de los derechos ARCOP, usted podr\u00e1 presentar solicitud por escrito ante la Unidad de Transparencia, formato o medio electr\u00f3nico, la que deber\u00e1 contener:<\/p>\n<ul>\n<li>El nombre del titular y su domicilio o cualquier otro medio para recibir notificaciones;<\/li>\n<li>Los documentos que acrediten la identidad del titular, y en su caso, la personalidad e identidad de su representante;<\/li>\n<li>De ser posible, el \u00e1rea responsable que trata los datos personales;<\/li>\n<li>La descripci\u00f3n clara y precisa de los datos personales respecto de los que se busca ejercer alguno de los derechos ARCOP, salvo que se trate del derecho de acceso;<\/li>\n<li>La descripci\u00f3n del derecho ARCOP que se pretende ejercer, o bien, lo que solicita el titular, y<\/li>\n<li>Cualquier otro elemento o documento que facilite la localizaci\u00f3n de los datos personales, en su caso.<\/li>\n<\/ul>\n<p>En caso de solicitar la rectificaci\u00f3n, adicionalmente deber\u00e1 indicar las modificaciones a realizarse y aportar la documentaci\u00f3n oficial necesaria que sustente su petici\u00f3n. En el derecho de cancelaci\u00f3n debe expresar las causas que motivan la eliminaci\u00f3n. Y en el derecho de oposici\u00f3n debe se\u00f1alar los motivos que justifican se finalice el tratamiento de los datos personales y el da\u00f1o o perjuicio que le causar\u00eda, o bien, si la oposici\u00f3n es parcial, debe indicar las finalidades espec\u00edficas con las que se no est\u00e1 de acuerdo, siempre que no sea un requisito obligatorio.<\/p>\n<p>La Unidad de Transparencia responder\u00e1 en el domicilio o medio que el titular de los datos personales designe en su solicitud, en un plazo de 15 d\u00edas h\u00e1biles, que puede ser ampliado por 10 d\u00edas h\u00e1biles m\u00e1s previa.<\/p>\n<p>notificaci\u00f3n. La respuesta indicar\u00e1 si la solicitud de acceso, rectificaci\u00f3n, cancelaci\u00f3n u oposici\u00f3n es procedente y, en su caso, har\u00e1 efectivo dentro de los 15 d\u00edas h\u00e1biles siguientes a la fecha en que comunique la respuesta.<\/p>\n<p><em>\u00a0<\/em><strong><em><u>\u00bf<\/u><\/em><\/strong><strong><em><u>C\u00f3mo puede revocar su consentimiento\u00a0 para el uso\u00a0 de sus \u00a0datos personales?<\/u><\/em><\/strong><\/p>\n<p>Usted puede revocar el consentimiento que, en su caso, nos haya otorgado para el tratamiento de sus datos personales. \u00a0Sin embargo, es importante que tenga en cuenta que no en todos los casos podemos atender su solicitud o concluir el uso de forma inmediata, ya que es posible que por\u00a0alguna obligaci\u00f3n legal requiramos seguir tratando sus datos personales.<\/p>\n<p><strong><em><u>Datos de la Unidad de Transparencia <\/u><\/em><\/strong><\/p>\n<p><strong>Domicilio:<\/strong> Carretera Oaxaca \u2013Istmo km 11.5, Ciudad Administrativa Benem\u00e9rito de las Am\u00e9ricas, Edificio 3, Nivel 3, Tlalixtac de Cabrera, Oaxaca, C.P. 68270<\/p>\n<p><strong>Tel\u00e9fono:<\/strong>\u00a0 9515115000 ext 11754.<\/p>\n<p><strong>Correo electr\u00f3nico institucional:<\/strong> transparencia.inpac@oaxaca.gob.mx<\/p>\n<p><strong>Horario de Atenci\u00f3n:<\/strong> lunes a viernes de 9:00 a 15:00 horas en d\u00edas y horas h\u00e1biles.<\/p>\n<p><strong><em><u>Cambios al Aviso de Privacidad.<\/u><\/em><\/strong><\/p>\n<p>En caso de que exista un cambio, modificaci\u00f3n o actualizaci\u00f3n de este aviso de privacidad derivados de nuevos requerimientos legales o necesidades propias \u00a0de los servicios y tr\u00e1mites que realiza el INPAC,\u00a0 lo haremos de su conocimiento en nuestro portal de internet,\u00a0<a href=\"https:\/\/www.oaxaca.gob.mx\/inpac\">https:\/\/www.oaxaca.gob.mx\/inpac<\/a>\u00a0 y\/o trav\u00e9s del correo institucional transparencia.inpac@oaxaca.gob.mx<\/p>\n","protected":false},"excerpt":{"rendered":"<p>. AVISO DE PRIVACIDAD INTEGRAL El Instituto del Patrimonio Cultural del Estado de Oaxaca (INPAC), con domicilio ubicado en la Carretera Internacional km. 11.5 \u00a0Oaxaca \u2013 Istmo, Ciudad Administrativa \u201cBenem\u00e9rito de las Am\u00e9ricas, Edificio 3, Nivel 3, Tlalixtac de Cabrera, Oaxaca, con tel\u00e9fono (951) 501500 extensi\u00f3n 11754, de lunes a viernes de 9:00 \u00a0a 15:00 [&hellip;]<\/p>\n","protected":false},"author":16,"featured_media":0,"parent":0,"menu_order":0,"comment_status":"closed","ping_status":"closed","template":"","meta":{"episode_type":"","audio_file":"","podmotor_file_id":"","podmotor_episode_id":"","cover_image":"","cover_image_id":"","duration":"","filesize":"","filesize_raw":"","date_recorded":"","explicit":"","block":"","itunes_episode_number":"","itunes_title":"","itunes_season_number":"","itunes_episode_type":"","footnotes":""},"categories":[],"tags":[],"class_list":["post-2044","page","type-page","status-publish","hentry"],"acf":[],"publishpress_future_action":{"enabled":false,"date":"2026-05-16 00:30:18","action":"change-status","newStatus":"draft","terms":[],"taxonomy":"category","extraData":[]},"publishpress_future_workflow_manual_trigger":{"enabledWorkflows":[]},"_links":{"self":[{"href":"https:\/\/www.oaxaca.gob.mx\/inpac\/wp-json\/wp\/v2\/pages\/2044","targetHints":{"allow":["GET"]}}],"collection":[{"href":"https:\/\/www.oaxaca.gob.mx\/inpac\/wp-json\/wp\/v2\/pages"}],"about":[{"href":"https:\/\/www.oaxaca.gob.mx\/inpac\/wp-json\/wp\/v2\/types\/page"}],"author":[{"embeddable":true,"href":"https:\/\/www.oaxaca.gob.mx\/inpac\/wp-json\/wp\/v2\/users\/16"}],"replies":[{"embeddable":true,"href":"https:\/\/www.oaxaca.gob.mx\/inpac\/wp-json\/wp\/v2\/comments?post=2044"}],"version-history":[{"count":2,"href":"https:\/\/www.oaxaca.gob.mx\/inpac\/wp-json\/wp\/v2\/pages\/2044\/revisions"}],"predecessor-version":[{"id":8100,"href":"https:\/\/www.oaxaca.gob.mx\/inpac\/wp-json\/wp\/v2\/pages\/2044\/revisions\/8100"}],"wp:attachment":[{"href":"https:\/\/www.oaxaca.gob.mx\/inpac\/wp-json\/wp\/v2\/media?parent=2044"}],"wp:term":[{"taxonomy":"category","embeddable":true,"href":"https:\/\/www.oaxaca.gob.mx\/inpac\/wp-json\/wp\/v2\/categories?post=2044"},{"taxonomy":"post_tag","embeddable":true,"href":"https:\/\/www.oaxaca.gob.mx\/inpac\/wp-json\/wp\/v2\/tags?post=2044"}],"curies":[{"name":"wp","href":"https:\/\/api.w.org\/{rel}","templated":true}]}}