{"id":2034,"date":"2019-06-20T15:51:50","date_gmt":"2019-06-20T13:51:50","guid":{"rendered":"https:\/\/www.oaxaca.gob.mx\/inpac\/?page_id=2034"},"modified":"2019-06-20T16:21:57","modified_gmt":"2019-06-20T14:21:57","slug":"aviso-de-privacidad-simplificado","status":"publish","type":"page","link":"https:\/\/www.oaxaca.gob.mx\/inpac\/aviso-de-privacidad-simplificado\/","title":{"rendered":"AVISO DE PRIVACIDAD SIMPLIFICADO"},"content":{"rendered":"<p><strong><strong>AVISO DE PRIVACIDAD SIMPLIFICADO<\/strong><\/strong><\/p>\n<p>El Instituto del Patrimonio Cultural del Estado de Oaxaca (INPAC), es el sujeto obligado responsable del tratamiento de los datos personales que nos proporcione el titular de los datos y que obran en poder de sus archivos dentro de las \u00e1reas administrativas que conforman su estructura org\u00e1nica.<\/p>\n<p>Los datos personales que usted proporcione ser\u00e1n utilizados para las siguientes finalidades: Solicitudes de Informaci\u00f3n, Solicitudes de Derechos ARCO, Tr\u00e1mites y Servicios, substanciaci\u00f3n y en su caso la recepci\u00f3n de los medios de impugnaci\u00f3n del que sea parte, datos que se recopilen para la generaci\u00f3n de estad\u00edsticas e informes del INPAC.<\/p>\n<p>Usted podr\u00e1 ejercer su Derecho de Acceso, Rectificaci\u00f3n, Cancelaci\u00f3n y Oposici\u00f3n de sus datos personales (ARCO), a trav\u00e9s de la Unidad de Transparencia, ubicada en la Carretera Internacional km. \u00a011.5 \u00a0Oaxaca \u2013 \u00a0Istmo, \u00a0Ciudad \u00a0Administrativa \u201cBenem\u00e9rito de las Am\u00e9ricas\u201d, Edificio 3, Nivel 3, Tlalixtac de Cabrera, Oaxaca, con tel\u00e9fono (951) \u00a0501500 extensi\u00f3n 11754, de lunes a viernes de 9:00 \u00a0a 16:00 \u00a0horas en d\u00edas y horas h\u00e1biles,\u00a0\u00a0 as\u00ed como \u00a0en la Plataforma Nacional de Transparencia <a href=\"http:\/\/www.plataformadetransparencia.org.mx\/group\/guest\/crear-solicitud\">www.plataformadetransparencia.org.mx\/group\/guest\/crear-solicitu<\/a><u>d<\/u><\/p>\n<p>Usted podr\u00e1\u00a0\u00a0\u00a0\u00a0\u00a0\u00a0 \u00a0consultar\u00a0\u00a0\u00a0\u00a0\u00a0\u00a0\u00a0\u00a0 \u00a0el\u00a0\u00a0\u00a0\u00a0\u00a0\u00a0\u00a0\u00a0 \u00a0Aviso\u00a0\u00a0\u00a0\u00a0\u00a0\u00a0\u00a0\u00a0 \u00a0de\u00a0\u00a0\u00a0\u00a0\u00a0\u00a0 \u00a0Privacidad\u00a0\u00a0\u00a0\u00a0\u00a0\u00a0\u00a0\u00a0 \u00a0Integral\u00a0\u00a0\u00a0\u00a0\u00a0\u00a0\u00a0\u00a0 \u00a0en <a href=\"http:\/\/aviso-de-privacidad-simplificado\/\">www.oaxaca.gob.mx\/inpac\/aviso-de-privacidad-integral<\/a><\/p>\n<p>Por \u00a0\u00faltimo, si desea conocer el procedimiento para el ejercicio de estos derechos puede acudir a la Unidad de Transparencia, o enviar un correo al <a href=\"mailto:transparencia.inpac@oaxaca.gob.mx\">transparencia.inpac@oaxaca.gob.mx<\/a>, o bien, consultar el siguiente link <a href=\"http:\/\/iaipoaxaca.org.mx\/site\/derecho_arco\/que_son\">http:\/\/iaipoaxaca.org.mx\/site\/derecho_arco\/que_so<\/a><u>n<\/u>.<\/p>\n","protected":false},"excerpt":{"rendered":"<p>AVISO DE PRIVACIDAD SIMPLIFICADO El Instituto del Patrimonio Cultural del Estado de Oaxaca (INPAC), es el sujeto obligado responsable del tratamiento de los datos personales que nos proporcione el titular de los datos y que obran en poder de sus archivos dentro de las \u00e1reas administrativas que conforman su estructura org\u00e1nica. Los datos personales que [&hellip;]<\/p>\n","protected":false},"author":16,"featured_media":0,"parent":0,"menu_order":0,"comment_status":"closed","ping_status":"closed","template":"","meta":{"episode_type":"","audio_file":"","podmotor_file_id":"","podmotor_episode_id":"","cover_image":"","cover_image_id":"","duration":"","filesize":"","filesize_raw":"","date_recorded":"","explicit":"","block":"","itunes_episode_number":"","itunes_title":"","itunes_season_number":"","itunes_episode_type":"","footnotes":""},"categories":[],"tags":[],"class_list":["post-2034","page","type-page","status-publish","hentry"],"acf":[],"publishpress_future_action":{"enabled":false,"date":"2026-05-16 00:29:29","action":"change-status","newStatus":"draft","terms":[],"taxonomy":"category","extraData":[]},"publishpress_future_workflow_manual_trigger":{"enabledWorkflows":[]},"_links":{"self":[{"href":"https:\/\/www.oaxaca.gob.mx\/inpac\/wp-json\/wp\/v2\/pages\/2034","targetHints":{"allow":["GET"]}}],"collection":[{"href":"https:\/\/www.oaxaca.gob.mx\/inpac\/wp-json\/wp\/v2\/pages"}],"about":[{"href":"https:\/\/www.oaxaca.gob.mx\/inpac\/wp-json\/wp\/v2\/types\/page"}],"author":[{"embeddable":true,"href":"https:\/\/www.oaxaca.gob.mx\/inpac\/wp-json\/wp\/v2\/users\/16"}],"replies":[{"embeddable":true,"href":"https:\/\/www.oaxaca.gob.mx\/inpac\/wp-json\/wp\/v2\/comments?post=2034"}],"version-history":[{"count":11,"href":"https:\/\/www.oaxaca.gob.mx\/inpac\/wp-json\/wp\/v2\/pages\/2034\/revisions"}],"predecessor-version":[{"id":2052,"href":"https:\/\/www.oaxaca.gob.mx\/inpac\/wp-json\/wp\/v2\/pages\/2034\/revisions\/2052"}],"wp:attachment":[{"href":"https:\/\/www.oaxaca.gob.mx\/inpac\/wp-json\/wp\/v2\/media?parent=2034"}],"wp:term":[{"taxonomy":"category","embeddable":true,"href":"https:\/\/www.oaxaca.gob.mx\/inpac\/wp-json\/wp\/v2\/categories?post=2034"},{"taxonomy":"post_tag","embeddable":true,"href":"https:\/\/www.oaxaca.gob.mx\/inpac\/wp-json\/wp\/v2\/tags?post=2034"}],"curies":[{"name":"wp","href":"https:\/\/api.w.org\/{rel}","templated":true}]}}