{"id":667,"date":"2017-11-22T14:34:53","date_gmt":"2017-11-22T20:34:53","guid":{"rendered":"https:\/\/www.oaxaca.gob.mx\/injeo\/?page_id=667"},"modified":"2017-11-22T14:34:53","modified_gmt":"2017-11-22T20:34:53","slug":"comite-de-transparencia","status":"publish","type":"page","link":"https:\/\/www.oaxaca.gob.mx\/injeo\/transparencia\/comite-de-transparencia\/","title":{"rendered":"Comit\u00e9 de Transparencia"},"content":{"rendered":"<p>\t\t\t\tEs el \u00f3rgano colegiado encargo de instituir, coordinar y supervisar de acuerdo a la ley aplicable, las acciones y los procedimientos para asegurar la mayor eficacia en la gesti\u00f3n de las solicitudes en materia de acceso a la informaci\u00f3n. Confirmando, modificando o revocando las determinaciones que en materia de ampliaci\u00f3n del plazo de respuesta, clasificaci\u00f3n de la informaci\u00f3n y declaraci\u00f3n de inexistencia o incompetencia realicen los titulares de las \u00e1reas de este Instituto. \t\t<\/p>\n","protected":false},"excerpt":{"rendered":"<p>Es el \u00f3rgano colegiado encargo de instituir, coordinar y supervisar de acuerdo a la ley aplicable, las acciones y los procedimientos para asegurar la mayor eficacia en la gesti\u00f3n de las solicitudes en materia de acceso a la informaci\u00f3n. Confirmando, modificando o revocando las determinaciones que en materia de ampliaci\u00f3n del plazo de respuesta, clasificaci\u00f3n [&hellip;]<\/p>\n","protected":false},"author":1,"featured_media":701,"parent":607,"menu_order":0,"comment_status":"closed","ping_status":"closed","template":"","meta":{"episode_type":"","audio_file":"","podmotor_file_id":"","podmotor_episode_id":"","cover_image":"","cover_image_id":"","duration":"","filesize":"","filesize_raw":"","date_recorded":"","explicit":"","block":"","itunes_episode_number":"","itunes_title":"","itunes_season_number":"","itunes_episode_type":"","footnotes":""},"categories":[],"tags":[],"class_list":["post-667","page","type-page","status-publish","has-post-thumbnail","hentry"],"acf":[],"publishpress_future_action":{"enabled":false,"date":"2026-05-10 16:30:17","action":"change-status","newStatus":"draft","terms":[],"taxonomy":"category","extraData":[]},"publishpress_future_workflow_manual_trigger":{"enabledWorkflows":[]},"_links":{"self":[{"href":"https:\/\/www.oaxaca.gob.mx\/injeo\/wp-json\/wp\/v2\/pages\/667","targetHints":{"allow":["GET"]}}],"collection":[{"href":"https:\/\/www.oaxaca.gob.mx\/injeo\/wp-json\/wp\/v2\/pages"}],"about":[{"href":"https:\/\/www.oaxaca.gob.mx\/injeo\/wp-json\/wp\/v2\/types\/page"}],"author":[{"embeddable":true,"href":"https:\/\/www.oaxaca.gob.mx\/injeo\/wp-json\/wp\/v2\/users\/1"}],"replies":[{"embeddable":true,"href":"https:\/\/www.oaxaca.gob.mx\/injeo\/wp-json\/wp\/v2\/comments?post=667"}],"version-history":[{"count":0,"href":"https:\/\/www.oaxaca.gob.mx\/injeo\/wp-json\/wp\/v2\/pages\/667\/revisions"}],"up":[{"embeddable":true,"href":"https:\/\/www.oaxaca.gob.mx\/injeo\/wp-json\/wp\/v2\/pages\/607"}],"wp:featuredmedia":[{"embeddable":true,"href":"https:\/\/www.oaxaca.gob.mx\/injeo\/wp-json\/wp\/v2\/media\/701"}],"wp:attachment":[{"href":"https:\/\/www.oaxaca.gob.mx\/injeo\/wp-json\/wp\/v2\/media?parent=667"}],"wp:term":[{"taxonomy":"category","embeddable":true,"href":"https:\/\/www.oaxaca.gob.mx\/injeo\/wp-json\/wp\/v2\/categories?post=667"},{"taxonomy":"post_tag","embeddable":true,"href":"https:\/\/www.oaxaca.gob.mx\/injeo\/wp-json\/wp\/v2\/tags?post=667"}],"curies":[{"name":"wp","href":"https:\/\/api.w.org\/{rel}","templated":true}]}}