{"id":658,"date":"2017-11-22T14:20:40","date_gmt":"2017-11-22T20:20:40","guid":{"rendered":"https:\/\/www.oaxaca.gob.mx\/injeo\/?page_id=658"},"modified":"2017-11-22T14:20:40","modified_gmt":"2017-11-22T20:20:40","slug":"objetivos","status":"publish","type":"page","link":"https:\/\/www.oaxaca.gob.mx\/injeo\/transparencia\/objetivos\/","title":{"rendered":"Objetivos"},"content":{"rendered":"<ul>\n<li>Garantizar a toda persona, el acceso a la informaci\u00f3n que genera y posee el Instituto de la Juventud del Estado de Oaxaca de conformidad con lo establecido por la normatividad establecida en la materia, a trav\u00e9s de la observancia de la Ley, fortaleciendo la cultura de la transparencia.<\/li>\n<li>Dar resultados favorables a la ciudadan\u00eda que permitan promover y desarrollar mejores pr\u00e1cticas en la materia; fomentar el desarrollo de una cultura de la transparencia como derecho de las personas.<\/li>\n<li>El objetivo a los ciudadanos los elementos b\u00e1sicos que permitan fomentar y fortalecer una cultura de la informaci\u00f3n entre los ciudadanos y sus autoridades mediante una mejor y mayor participaci\u00f3n en los procesos de transparencia, acceso a la informaci\u00f3n.\t<\/li>\n<\/ul>\n","protected":false},"excerpt":{"rendered":"<p>Garantizar a toda persona, el acceso a la informaci\u00f3n que genera y posee el Instituto de la Juventud del Estado de Oaxaca de conformidad con lo establecido por la normatividad establecida en la materia, a trav\u00e9s de la observancia de la Ley, fortaleciendo la cultura de la transparencia. Dar resultados favorables a la ciudadan\u00eda que [&hellip;]<\/p>\n","protected":false},"author":1,"featured_media":701,"parent":607,"menu_order":0,"comment_status":"closed","ping_status":"closed","template":"","meta":{"episode_type":"","audio_file":"","podmotor_file_id":"","podmotor_episode_id":"","cover_image":"","cover_image_id":"","duration":"","filesize":"","filesize_raw":"","date_recorded":"","explicit":"","block":"","itunes_episode_number":"","itunes_title":"","itunes_season_number":"","itunes_episode_type":"","footnotes":""},"categories":[],"tags":[],"class_list":["post-658","page","type-page","status-publish","has-post-thumbnail","hentry"],"acf":[],"publishpress_future_action":{"enabled":false,"date":"2026-05-10 16:30:18","action":"change-status","newStatus":"draft","terms":[],"taxonomy":"category","extraData":[]},"publishpress_future_workflow_manual_trigger":{"enabledWorkflows":[]},"_links":{"self":[{"href":"https:\/\/www.oaxaca.gob.mx\/injeo\/wp-json\/wp\/v2\/pages\/658","targetHints":{"allow":["GET"]}}],"collection":[{"href":"https:\/\/www.oaxaca.gob.mx\/injeo\/wp-json\/wp\/v2\/pages"}],"about":[{"href":"https:\/\/www.oaxaca.gob.mx\/injeo\/wp-json\/wp\/v2\/types\/page"}],"author":[{"embeddable":true,"href":"https:\/\/www.oaxaca.gob.mx\/injeo\/wp-json\/wp\/v2\/users\/1"}],"replies":[{"embeddable":true,"href":"https:\/\/www.oaxaca.gob.mx\/injeo\/wp-json\/wp\/v2\/comments?post=658"}],"version-history":[{"count":0,"href":"https:\/\/www.oaxaca.gob.mx\/injeo\/wp-json\/wp\/v2\/pages\/658\/revisions"}],"up":[{"embeddable":true,"href":"https:\/\/www.oaxaca.gob.mx\/injeo\/wp-json\/wp\/v2\/pages\/607"}],"wp:featuredmedia":[{"embeddable":true,"href":"https:\/\/www.oaxaca.gob.mx\/injeo\/wp-json\/wp\/v2\/media\/701"}],"wp:attachment":[{"href":"https:\/\/www.oaxaca.gob.mx\/injeo\/wp-json\/wp\/v2\/media?parent=658"}],"wp:term":[{"taxonomy":"category","embeddable":true,"href":"https:\/\/www.oaxaca.gob.mx\/injeo\/wp-json\/wp\/v2\/categories?post=658"},{"taxonomy":"post_tag","embeddable":true,"href":"https:\/\/www.oaxaca.gob.mx\/injeo\/wp-json\/wp\/v2\/tags?post=658"}],"curies":[{"name":"wp","href":"https:\/\/api.w.org\/{rel}","templated":true}]}}