{"id":655,"date":"2017-11-22T14:16:29","date_gmt":"2017-11-22T20:16:29","guid":{"rendered":"https:\/\/www.oaxaca.gob.mx\/injeo\/?page_id=655"},"modified":"2017-11-22T14:16:29","modified_gmt":"2017-11-22T20:16:29","slug":"metas","status":"publish","type":"page","link":"https:\/\/www.oaxaca.gob.mx\/injeo\/transparencia\/metas\/","title":{"rendered":"Metas"},"content":{"rendered":"<p>\t\t\t\tInformar y atender oportunamente todas las solicitudes realizadas en el portal de Acceso a la informaci\u00f3n por parte de los ciudadanos y\/o servidores p\u00fablicos de las dependencias y entidades de la Administraci\u00f3n P\u00fablica.<\/p>\n<p>Al respecto, los resultados del indicador se reflejen con mayor oportunidad en la atenci\u00f3n de las solicitudes de informaci\u00f3n de los sujetos obligados, lo que coadyuva a que las personas ejerzan su derecho de acceso a la informaci\u00f3n mediante la obtenci\u00f3n de la informaci\u00f3n p\u00fablica gubernamental, en pro de la democracia y el Estado de Derecho.<\/p>\n","protected":false},"excerpt":{"rendered":"<p>Informar y atender oportunamente todas las solicitudes realizadas en el portal de Acceso a la informaci\u00f3n por parte de los ciudadanos y\/o servidores p\u00fablicos de las dependencias y entidades de la Administraci\u00f3n P\u00fablica. Al respecto, los resultados del indicador se reflejen con mayor oportunidad en la atenci\u00f3n de las solicitudes de informaci\u00f3n de los sujetos [&hellip;]<\/p>\n","protected":false},"author":1,"featured_media":701,"parent":607,"menu_order":0,"comment_status":"closed","ping_status":"closed","template":"","meta":{"episode_type":"","audio_file":"","podmotor_file_id":"","podmotor_episode_id":"","cover_image":"","cover_image_id":"","duration":"","filesize":"","filesize_raw":"","date_recorded":"","explicit":"","block":"","itunes_episode_number":"","itunes_title":"","itunes_season_number":"","itunes_episode_type":"","footnotes":""},"categories":[],"tags":[],"class_list":["post-655","page","type-page","status-publish","has-post-thumbnail","hentry"],"acf":[],"publishpress_future_action":{"enabled":false,"date":"2026-05-10 18:05:18","action":"change-status","newStatus":"draft","terms":[],"taxonomy":"category","extraData":[]},"publishpress_future_workflow_manual_trigger":{"enabledWorkflows":[]},"_links":{"self":[{"href":"https:\/\/www.oaxaca.gob.mx\/injeo\/wp-json\/wp\/v2\/pages\/655","targetHints":{"allow":["GET"]}}],"collection":[{"href":"https:\/\/www.oaxaca.gob.mx\/injeo\/wp-json\/wp\/v2\/pages"}],"about":[{"href":"https:\/\/www.oaxaca.gob.mx\/injeo\/wp-json\/wp\/v2\/types\/page"}],"author":[{"embeddable":true,"href":"https:\/\/www.oaxaca.gob.mx\/injeo\/wp-json\/wp\/v2\/users\/1"}],"replies":[{"embeddable":true,"href":"https:\/\/www.oaxaca.gob.mx\/injeo\/wp-json\/wp\/v2\/comments?post=655"}],"version-history":[{"count":0,"href":"https:\/\/www.oaxaca.gob.mx\/injeo\/wp-json\/wp\/v2\/pages\/655\/revisions"}],"up":[{"embeddable":true,"href":"https:\/\/www.oaxaca.gob.mx\/injeo\/wp-json\/wp\/v2\/pages\/607"}],"wp:featuredmedia":[{"embeddable":true,"href":"https:\/\/www.oaxaca.gob.mx\/injeo\/wp-json\/wp\/v2\/media\/701"}],"wp:attachment":[{"href":"https:\/\/www.oaxaca.gob.mx\/injeo\/wp-json\/wp\/v2\/media?parent=655"}],"wp:term":[{"taxonomy":"category","embeddable":true,"href":"https:\/\/www.oaxaca.gob.mx\/injeo\/wp-json\/wp\/v2\/categories?post=655"},{"taxonomy":"post_tag","embeddable":true,"href":"https:\/\/www.oaxaca.gob.mx\/injeo\/wp-json\/wp\/v2\/tags?post=655"}],"curies":[{"name":"wp","href":"https:\/\/api.w.org\/{rel}","templated":true}]}}