{"id":614,"date":"2017-11-14T11:48:08","date_gmt":"2017-11-14T17:48:08","guid":{"rendered":"https:\/\/www.oaxaca.gob.mx\/injeo\/?page_id=614"},"modified":"2017-11-14T11:48:08","modified_gmt":"2017-11-14T17:48:08","slug":"cumplimiento-lgtaip","status":"publish","type":"page","link":"https:\/\/www.oaxaca.gob.mx\/injeo\/transparencia\/cumplimiento-lgtaip\/","title":{"rendered":"Tercer Trimestre 2018"},"content":{"rendered":"<p>\t\t\t\tTambi\u00e9n puede consultar esta informaci\u00f3n <a href=\"http:\/\/consultapublicamx.inai.org.mx:8080\/vut-web\/\" target=\"_blank\" rel=\"noopener noreferrer\"> aqui <\/a><\/p>\n<ul class=\"acorh\">\n<li><a href=\"#\">OFICINA DE RECURSOS MATERIALES<\/a>\n<ul>\n<li><a href=\"URL11\"><\/a><\/li>\n<li><a href=\"URL12\"><\/a><\/li>\n<\/ul>\n<\/li>\n<li><a href=\"#\">OFICINA DE CONTABILIDAD<\/a>\n<ul>\n<li><a href=\"\/injeo\/wp-content\/uploads\/sites\/23\/2018\/11\/LGTA70FXXXIB.pdf\">Fracci\u00f3n XXXIB<\/a><\/li>\n<li><a href=\"\/injeo\/wp-content\/uploads\/sites\/23\/2018\/11\/LGTA70FXXXIB-2.pdf\">Fracci\u00f3n XXXIB-A<\/a><\/li>\n<li><a href=\"\/injeo\/wp-content\/uploads\/sites\/23\/2018\/11\/LGTA70FXXIC.pdf\">Fracci\u00f3n XXIC<\/a><\/li>\n<li><a href=\"#\">Fracci\u00f3n XXI<\/a><\/li>\n<ul>\n<li><a href=\"\/injeo\/wp-content\/uploads\/sites\/23\/2018\/11\/F-01-ESTADO-DE-SITUACION-FINANCIERA-DETALLADO-TERCER-TRIMESTRE-2018.pdf\">F01<\/a><\/li>\n<li><a href=\"\/injeo\/wp-content\/uploads\/sites\/23\/2018\/11\/F-02-BALANCE-PRESUPUESTARIO-TERCER-TRIMESTRE-2018.pdf\">F02<\/a><\/li>\n<li><a href=\"\/injeo\/wp-content\/uploads\/sites\/23\/2018\/11\/F-03-ESTADO-ANALITICO-DE-INGRESO-DETALLADO-TERCER-TRIMESTRE-2018.pdf\">F03<\/a><\/li>\n<li><a href=\"\/injeo\/wp-content\/uploads\/sites\/23\/2018\/11\/F-04-INFORME-ANALITICO-DE-LA-DEUDA-PUBLICA-Y-OTROS-PASIVOS-TERCER-TRIMESTRE-2018.pdf\">F04<\/a><\/li>\n<li><a href=\"\/injeo\/wp-content\/uploads\/sites\/23\/2018\/11\/F-05-INFORME-ANALITICO-DE-OBLIGACIONES-DIFERENTES-DE-FINANCIAMIENTO-TERCER-TRIMESTRE-2018.pdf\">F05<\/a><\/li>\n<li><a href=\"\/injeo\/wp-content\/uploads\/sites\/23\/2018\/11\/F-06A-ESTADO-ANALITICO-DEL-EJERCICIO-DEL-PRESUPUESTO-DE-EGRESOS-DETALLADO-TERCER-TRIMESTRE-2018-CLASIFICACION-POR-OBJETO-1.pdf\">F06A<\/a><\/li>\n<li><a href=\"\/injeo\/wp-content\/uploads\/sites\/23\/2018\/11\/F-06B-ESTADO-ANALITICO-DEL-EJERCICIO-DEL-PRESUPUESTO-DE-EGRESOS-DETALLADO-TERCER-TRIMESTRE-2018-CLASIFICACION-ADMINISTRAT1.pdf\">F06B<\/a><\/li>\n<li><a href=\"\/injeo\/wp-content\/uploads\/sites\/23\/2018\/11\/F-06C-ESTADO-ANALITICO-DEL-EJERCICIO-DEL-PRESUPUESTO-DE-EGRESOS-DETALLADO-TERCER-TRIMESTRE-2018-CLASIFICACION-FUNCIONAL.pdf\">F06C<\/a><\/li>\n<li><a href=\"\/injeo\/wp-content\/uploads\/sites\/23\/2018\/11\/F-06D-ESTADO-ANALITICO-DEL-EJERCICIO-DEL-PRESUPUESTO-DE-EGRESOS-DETALLADO-TERCER-TRIMESTRE-2018-CLASIFICACION-DE-SERVICIO1.pdf\">F06D<\/a><\/li>\n<li><a href=\"\/injeo\/wp-content\/uploads\/sites\/23\/2018\/11\/F-8-INFORME-SOBRE-ESTUDIOS-ACTUARIALES-TERCER-TRIMESTRE-2018.pdf\">F08<\/a><\/li>\n<\/ul>\n<\/ul>\n<\/li>\n<li><a href=\"#\">OFICINA DE RECURSOS HUMANOS<\/a>\n<ul>\n<li><a href=\"URL31\"><\/a><\/li>\n<li><a href=\"URL32\"><\/a><\/li>\n<\/ul>\n<\/li>\n<li><a href=\"#\">OFICINA DE RECURSOS FINANCIEROS<\/a>\n<ul>\n<li><a href=\"\"> Fracci\u00f3n XXI<\/a><\/li>\n<ul>\n<li><a href=\"\/injeo\/wp-content\/uploads\/sites\/23\/2018\/11\/FACCION-XXI-INCISO-A-y-C.pdf\"> INCISO A Y C<\/a><\/li>\n<li><a href=\"\/injeo\/wp-content\/uploads\/sites\/23\/2018\/11\/FRACCION-XXI-A-1er-TRIMESTRE-2018.pdf\"> INCISO A 1ER TRIMESTRE 2018<\/a><\/li>\n<li><a href=\"\/injeo\/wp-content\/uploads\/sites\/23\/2018\/11\/FRACCION-XXI-A-2\u00b0-SEMESTRE-2018.pdf\"> INCISO A 2DO TRIMESTRE 2018<\/a><\/li>\n<li><a href=\"\/injeo\/wp-content\/uploads\/sites\/23\/2018\/11\/FRACCION-XXI-A-3er-TRIMESTRE-2018.pdf\"> INCISO A 3ER TRIMESTRE 2018<\/a><\/li>\n<li><a href=\"\/injeo\/wp-content\/uploads\/sites\/23\/2018\/11\/FRACCION-XXI-INCISO-B-I\u00b0-TRIMESTRE.pdf\"> INCISO B 1ER TRIMESTRE 2018<\/a><\/li>\n<li><a href=\"\/injeo\/wp-content\/uploads\/sites\/23\/2018\/11\/FRACCION-XXI-INCISO-B-2\u00b0-TRIMESTRE.pdf\"> INCISO B 2DO TRIMESTRE 2018<\/a><\/li>\n<li><a href=\"\/injeo\/wp-content\/uploads\/sites\/23\/2018\/11\/FRACCION-XXI-INCISO-B-3\u00b0-TRIMESTRE.pdf\"> INCISO B 3ER TRIMESTRE 2018<\/a><\/li>\n<\/ul>\n<li><a href=\"\/injeo\/wp-content\/uploads\/sites\/23\/2018\/11\/FACCION-IX.xlsx\">Fracci\u00f3n IX<\/a><\/li>\n<li><a href=\"\">Fracci\u00f3n XXXI<\/a><\/li>\n<ul>\n<li><a href=\"\/injeo\/wp-content\/uploads\/sites\/23\/2018\/11\/FRACCION-XXXI-INCISO-A.pdf\"> INCISO A <\/a><\/li>\n<li><a href=\"\/injeo\/wp-content\/uploads\/sites\/23\/2018\/11\/FRACCION-XXXI-INCISO-B.pdf\"> INCISO B <\/a><\/li>\n<\/ul>\n<\/ul>\n<\/li>\n<li><a href=\"#\">DEPARTAMENTO ADMINISTRATIVO<\/a>\n<ul>\n<li><a href=\"URL31\"><\/a><\/li>\n<li><a href=\"URL32\"><\/a><\/li>\n<\/ul>\n<\/li>\n<li><a href=\"#\">DIRECCI\u00d3N DE ATENCION Y PARTICIPACION JUVENIL<\/a>\n<ul>\n<li><a href=\"URL31\"><\/a><\/li>\n<li><a href=\"URL32\"><\/a><\/li>\n<\/ul>\n<\/li>\n<li><a href=\"#\">DIRECCI\u00d3N DE PLANEACI\u00d3N, EVALUACI\u00d3N Y CONTROL<\/a>\n<ul>\n<li><a href=\"URL31\"><\/a><\/li>\n<li><a href=\"URL32\"><\/a><\/li>\n<\/ul>\n<\/li>\n<li><a href=\"#\">UNIDAD DE TRANSPARENCIA<\/a>\n<ul>\n<li><a href=\"URL31\"><\/a><\/li>\n<li><a href=\"URL32\"><\/a><\/li>\n<\/ul>\n<\/li>\n<\/ul>\n","protected":false},"excerpt":{"rendered":"<p>Tambi\u00e9n puede consultar esta informaci\u00f3n aqui OFICINA DE RECURSOS MATERIALES OFICINA DE CONTABILIDAD Fracci\u00f3n XXXIB Fracci\u00f3n XXXIB-A Fracci\u00f3n XXIC Fracci\u00f3n XXI F01 F02 F03 F04 F05 F06A F06B F06C F06D F08 OFICINA DE RECURSOS HUMANOS OFICINA DE RECURSOS FINANCIEROS Fracci\u00f3n XXI INCISO A Y C INCISO A 1ER TRIMESTRE 2018 INCISO A 2DO TRIMESTRE 2018 [&hellip;]<\/p>\n","protected":false},"author":1,"featured_media":701,"parent":607,"menu_order":0,"comment_status":"closed","ping_status":"closed","template":"","meta":{"episode_type":"","audio_file":"","podmotor_file_id":"","podmotor_episode_id":"","cover_image":"","cover_image_id":"","duration":"","filesize":"","filesize_raw":"","date_recorded":"","explicit":"","block":"","itunes_episode_number":"","itunes_title":"","itunes_season_number":"","itunes_episode_type":"","footnotes":""},"categories":[],"tags":[],"class_list":["post-614","page","type-page","status-publish","has-post-thumbnail","hentry"],"acf":[],"publishpress_future_action":{"enabled":false,"date":"2026-05-10 18:05:48","action":"change-status","newStatus":"draft","terms":[],"taxonomy":"category","extraData":[]},"publishpress_future_workflow_manual_trigger":{"enabledWorkflows":[]},"_links":{"self":[{"href":"https:\/\/www.oaxaca.gob.mx\/injeo\/wp-json\/wp\/v2\/pages\/614","targetHints":{"allow":["GET"]}}],"collection":[{"href":"https:\/\/www.oaxaca.gob.mx\/injeo\/wp-json\/wp\/v2\/pages"}],"about":[{"href":"https:\/\/www.oaxaca.gob.mx\/injeo\/wp-json\/wp\/v2\/types\/page"}],"author":[{"embeddable":true,"href":"https:\/\/www.oaxaca.gob.mx\/injeo\/wp-json\/wp\/v2\/users\/1"}],"replies":[{"embeddable":true,"href":"https:\/\/www.oaxaca.gob.mx\/injeo\/wp-json\/wp\/v2\/comments?post=614"}],"version-history":[{"count":0,"href":"https:\/\/www.oaxaca.gob.mx\/injeo\/wp-json\/wp\/v2\/pages\/614\/revisions"}],"up":[{"embeddable":true,"href":"https:\/\/www.oaxaca.gob.mx\/injeo\/wp-json\/wp\/v2\/pages\/607"}],"wp:featuredmedia":[{"embeddable":true,"href":"https:\/\/www.oaxaca.gob.mx\/injeo\/wp-json\/wp\/v2\/media\/701"}],"wp:attachment":[{"href":"https:\/\/www.oaxaca.gob.mx\/injeo\/wp-json\/wp\/v2\/media?parent=614"}],"wp:term":[{"taxonomy":"category","embeddable":true,"href":"https:\/\/www.oaxaca.gob.mx\/injeo\/wp-json\/wp\/v2\/categories?post=614"},{"taxonomy":"post_tag","embeddable":true,"href":"https:\/\/www.oaxaca.gob.mx\/injeo\/wp-json\/wp\/v2\/tags?post=614"}],"curies":[{"name":"wp","href":"https:\/\/api.w.org\/{rel}","templated":true}]}}