{"id":610,"date":"2017-11-14T11:47:27","date_gmt":"2017-11-14T17:47:27","guid":{"rendered":"https:\/\/www.oaxaca.gob.mx\/injeo\/?page_id=610"},"modified":"2017-11-14T11:47:27","modified_gmt":"2017-11-14T17:47:27","slug":"misiontransparencia","status":"publish","type":"page","link":"https:\/\/www.oaxaca.gob.mx\/injeo\/transparencia\/misiontransparencia\/","title":{"rendered":"Misi\u00f3n"},"content":{"rendered":"<p>\t\t\t\tGarantizar el cumplimiento del Derecho de Acceso a la Informaci\u00f3n P\u00fablica a la Protecci\u00f3n de Datos Personales en posesi\u00f3n de los Sujetos Obligados, as\u00ed como promover en la sociedad y en las Instituciones p\u00fablicas, la cultura de la transparencia, el acceso a la informaci\u00f3n p\u00fablica, el gobierno abierto, la rendici\u00f3n de cuentas y el derecho a la privacidad, en los t\u00e9rminos que establezcan las leyes.\t\t<\/p>\n","protected":false},"excerpt":{"rendered":"<p>Garantizar el cumplimiento del Derecho de Acceso a la Informaci\u00f3n P\u00fablica a la Protecci\u00f3n de Datos Personales en posesi\u00f3n de los Sujetos Obligados, as\u00ed como promover en la sociedad y en las Instituciones p\u00fablicas, la cultura de la transparencia, el acceso a la informaci\u00f3n p\u00fablica, el gobierno abierto, la rendici\u00f3n de cuentas y el derecho [&hellip;]<\/p>\n","protected":false},"author":1,"featured_media":701,"parent":607,"menu_order":0,"comment_status":"closed","ping_status":"closed","template":"","meta":{"episode_type":"","audio_file":"","podmotor_file_id":"","podmotor_episode_id":"","cover_image":"","cover_image_id":"","duration":"","filesize":"","filesize_raw":"","date_recorded":"","explicit":"","block":"","itunes_episode_number":"","itunes_title":"","itunes_season_number":"","itunes_episode_type":"","footnotes":""},"categories":[],"tags":[],"class_list":["post-610","page","type-page","status-publish","has-post-thumbnail","hentry"],"acf":[],"publishpress_future_action":{"enabled":false,"date":"2026-05-10 19:40:58","action":"change-status","newStatus":"draft","terms":[],"taxonomy":"category","extraData":[]},"publishpress_future_workflow_manual_trigger":{"enabledWorkflows":[]},"_links":{"self":[{"href":"https:\/\/www.oaxaca.gob.mx\/injeo\/wp-json\/wp\/v2\/pages\/610","targetHints":{"allow":["GET"]}}],"collection":[{"href":"https:\/\/www.oaxaca.gob.mx\/injeo\/wp-json\/wp\/v2\/pages"}],"about":[{"href":"https:\/\/www.oaxaca.gob.mx\/injeo\/wp-json\/wp\/v2\/types\/page"}],"author":[{"embeddable":true,"href":"https:\/\/www.oaxaca.gob.mx\/injeo\/wp-json\/wp\/v2\/users\/1"}],"replies":[{"embeddable":true,"href":"https:\/\/www.oaxaca.gob.mx\/injeo\/wp-json\/wp\/v2\/comments?post=610"}],"version-history":[{"count":0,"href":"https:\/\/www.oaxaca.gob.mx\/injeo\/wp-json\/wp\/v2\/pages\/610\/revisions"}],"up":[{"embeddable":true,"href":"https:\/\/www.oaxaca.gob.mx\/injeo\/wp-json\/wp\/v2\/pages\/607"}],"wp:featuredmedia":[{"embeddable":true,"href":"https:\/\/www.oaxaca.gob.mx\/injeo\/wp-json\/wp\/v2\/media\/701"}],"wp:attachment":[{"href":"https:\/\/www.oaxaca.gob.mx\/injeo\/wp-json\/wp\/v2\/media?parent=610"}],"wp:term":[{"taxonomy":"category","embeddable":true,"href":"https:\/\/www.oaxaca.gob.mx\/injeo\/wp-json\/wp\/v2\/categories?post=610"},{"taxonomy":"post_tag","embeddable":true,"href":"https:\/\/www.oaxaca.gob.mx\/injeo\/wp-json\/wp\/v2\/tags?post=610"}],"curies":[{"name":"wp","href":"https:\/\/api.w.org\/{rel}","templated":true}]}}