{"id":600,"date":"2017-11-14T11:32:49","date_gmt":"2017-11-14T17:32:49","guid":{"rendered":"https:\/\/www.oaxaca.gob.mx\/injeo\/?page_id=600"},"modified":"2017-11-14T11:32:49","modified_gmt":"2017-11-14T17:32:49","slug":"aviso-de-privacidad","status":"publish","type":"page","link":"https:\/\/www.oaxaca.gob.mx\/injeo\/transparencia\/aviso-de-privacidad\/","title":{"rendered":"Aviso de privacidad"},"content":{"rendered":"<p>\t\t\t\tEl <strong>Instituto de la Juventud del Estado de Oaxaca<\/strong>, est\u00e1 comprometido con la protecci\u00f3n de sus datos personales, al ser responsable de su uso, manejo y confidencialidad, al respecto se le informa lo siguiente:<\/p>\n<p><strong>\u00bfPara qu\u00e9 fines utilizamos sus datos personales?<\/strong><br \/>\nLos datos personales que recabamos de usted, que podr\u00e1n ser sensibles, son necesarios para verificar, confirmar y validar su identidad; as\u00ed como administrar y operar los servicios y productos que solicita con nosotros, para cumplir con los servicios y obligaciones derivadas de los mismos.<\/p>\n<p>La negativa para el uso de sus datos personales, podr\u00e1 ser causa de la negaci\u00f3n del servicio o tramite que solicite.<\/p>\n<p><strong>\u00bfQu\u00e9 datos personales utilizamos para los fines anteriores?<\/strong><br \/>\nPara prestarle los servicios que solicita con este Instituto de la Juventud del Estado de Oaxaca, requerimos datos de identificaci\u00f3n, los cuales se obtienen a partir de los documentos requisitados por Usted.<\/p>\n<p><strong>\u00bfCon qui\u00e9n compartimos sus datos personales?<\/strong><br \/>\nDe forma eventual, sus datos personales se comparten con las autoridades federales y estatales, para que en el \u00e1mbito de sus atribuciones realicen investigaciones legales.<br \/>\nEn cualquier caso, comunicaremos el presente aviso de privacidad a los receptores de sus datos personales, a fin de que respeten sus t\u00e9rminos.<\/p>\n<p><strong>\u00bfC\u00f3mo puede ejercer sus derechos ARCO o revocar su consentimiento?<\/strong><br \/>\nUsted podr\u00e1 acceder, rectificar, cancelar u oponerse al manejo de sus datos personales, presentando su solicitud en el formato correspondiente en este Instituto. Los procedimientos y requisitos se pueden consultar en los medios: (951) 5157828, a trav\u00e9s del portal \/injeo\/o en las oficinas de este Instituto.<\/p>\n<p><strong>\u00bfC\u00f3mo puede revocar su consentimiento para el uso de sus datos personales?<\/strong><br \/>\nUsted puede revocar el consentimiento que, en su caso, nos haya otorgado para el tratamiento de sus datos personales, presentando su solicitud en el formato correspondiente en este Instituto.<\/p>\n<p>Sin embargo, es importante que tenga en cuenta que no en todos los casos podremos atender su solicitud o concluir el uso de forma inmediata, ya que es posible que por alguna obligaci\u00f3n legal necesitemos seguir tratando sus datos personales. Asimismo, usted deber\u00e1 considerar que para ciertos fines, la revocaci\u00f3n de su consentimiento implicar\u00e1 que no le podamos seguir prestando el servicio que nos solicit\u00f3, o la conclusi\u00f3n de su relaci\u00f3n jur\u00eddica o administrativa con nosotros.<\/p>\n<p>Para mayor informaci\u00f3n sobre la protecci\u00f3n de sus datos personales, puede contactar a nuestra Direcci\u00f3n de Protecci\u00f3n de Datos Personales en al correo electr\u00f3nico protecciondedatospersonales.injeo@gmail.com<\/p>\n<p><strong>\u00bfC\u00f3mo Tratamos los Datos Personales de Menores?<\/strong><br \/>\nSe tratan a trav\u00e9s del padre o tutor, previa acreditaci\u00f3n legal, para la realizaci\u00f3n de los servicios que solicita.<\/p>\n<p><strong>\u00bfC\u00f3mo le informaremos sobre cambios al presente aviso de privacidad?<\/strong><br \/>\nLos cambios y actualizaciones del presente aviso de privacidad se har\u00e1n de su conocimiento en nuestras oficinas; mediante redes sociales disponibles de esta Dependencia; en nuestro portal \/injeo\/<\/p>\n<p>Si usted considera que su derecho de protecci\u00f3n de datos personales ha sido vulnerado por alguna conducta de nuestros empleados o de nuestras actuaciones o respuestas, puede contactar a nuestra Unidad de Transparencia, en el correo electr\u00f3nico protecciondedatospersonales.injeo@gmail.com, sin perjuicio de su derecho de acudir ante el Instituto de Acceso a la Informaci\u00f3n P\u00fablica y Protecci\u00f3n de Datos Personales del Estado de Oaxaca (IAIP). Para mayor informaci\u00f3n visite \/injeo\/<\/p>\n","protected":false},"excerpt":{"rendered":"<p>El Instituto de la Juventud del Estado de Oaxaca, est\u00e1 comprometido con la protecci\u00f3n de sus datos personales, al ser responsable de su uso, manejo y confidencialidad, al respecto se le informa lo siguiente: \u00bfPara qu\u00e9 fines utilizamos sus datos personales? Los datos personales que recabamos de usted, que podr\u00e1n ser sensibles, son necesarios para [&hellip;]<\/p>\n","protected":false},"author":1,"featured_media":701,"parent":607,"menu_order":0,"comment_status":"closed","ping_status":"closed","template":"","meta":{"episode_type":"","audio_file":"","podmotor_file_id":"","podmotor_episode_id":"","cover_image":"","cover_image_id":"","duration":"","filesize":"","filesize_raw":"","date_recorded":"","explicit":"","block":"","itunes_episode_number":"","itunes_title":"","itunes_season_number":"","itunes_episode_type":"","footnotes":""},"categories":[],"tags":[],"class_list":["post-600","page","type-page","status-publish","has-post-thumbnail","hentry"],"acf":[],"publishpress_future_action":{"enabled":false,"date":"2026-05-10 18:05:18","action":"change-status","newStatus":"draft","terms":[],"taxonomy":"category","extraData":[]},"publishpress_future_workflow_manual_trigger":{"enabledWorkflows":[]},"_links":{"self":[{"href":"https:\/\/www.oaxaca.gob.mx\/injeo\/wp-json\/wp\/v2\/pages\/600","targetHints":{"allow":["GET"]}}],"collection":[{"href":"https:\/\/www.oaxaca.gob.mx\/injeo\/wp-json\/wp\/v2\/pages"}],"about":[{"href":"https:\/\/www.oaxaca.gob.mx\/injeo\/wp-json\/wp\/v2\/types\/page"}],"author":[{"embeddable":true,"href":"https:\/\/www.oaxaca.gob.mx\/injeo\/wp-json\/wp\/v2\/users\/1"}],"replies":[{"embeddable":true,"href":"https:\/\/www.oaxaca.gob.mx\/injeo\/wp-json\/wp\/v2\/comments?post=600"}],"version-history":[{"count":0,"href":"https:\/\/www.oaxaca.gob.mx\/injeo\/wp-json\/wp\/v2\/pages\/600\/revisions"}],"up":[{"embeddable":true,"href":"https:\/\/www.oaxaca.gob.mx\/injeo\/wp-json\/wp\/v2\/pages\/607"}],"wp:featuredmedia":[{"embeddable":true,"href":"https:\/\/www.oaxaca.gob.mx\/injeo\/wp-json\/wp\/v2\/media\/701"}],"wp:attachment":[{"href":"https:\/\/www.oaxaca.gob.mx\/injeo\/wp-json\/wp\/v2\/media?parent=600"}],"wp:term":[{"taxonomy":"category","embeddable":true,"href":"https:\/\/www.oaxaca.gob.mx\/injeo\/wp-json\/wp\/v2\/categories?post=600"},{"taxonomy":"post_tag","embeddable":true,"href":"https:\/\/www.oaxaca.gob.mx\/injeo\/wp-json\/wp\/v2\/tags?post=600"}],"curies":[{"name":"wp","href":"https:\/\/api.w.org\/{rel}","templated":true}]}}