{"id":595,"date":"2017-11-14T11:30:06","date_gmt":"2017-11-14T17:30:06","guid":{"rendered":"https:\/\/www.oaxaca.gob.mx\/injeo\/?page_id=595"},"modified":"2017-11-14T11:30:06","modified_gmt":"2017-11-14T17:30:06","slug":"marco-normativo","status":"publish","type":"page","link":"https:\/\/www.oaxaca.gob.mx\/injeo\/transparencia\/marco-normativo\/","title":{"rendered":"Marco normativo"},"content":{"rendered":"<ol>\n<li> Constituci\u00f3n Pol\u00edtica de los Estados Unidos Mexicanos<\/li>\n<li> Ley Federal de Archivos<\/li>\n<li> Constituci\u00f3n Pol\u00edtica del Estado Libre y Soberano de Oaxaca<\/li>\n<li> Ley General de Transparencia y Acceso a la Informaci\u00f3n P\u00fablica<\/li>\n<li> Ley de Transparencia y Acceso a la Informaci\u00f3n P\u00fablica del Estado de Oaxaca<\/li>\n<li> Ley de Protecci\u00f3n de Datos Personales del Estado de Oaxaca <\/li>\n<li> Ley de Responsabilidades de los Servidores P\u00fablicos y Municipios del Estado de Oaxaca<\/li>\n<li> Ley de las personas j\u00f3venes del Estado de Oaxaca <\/li>\n<li> Ley que crea el Instituto de la Juventud del Estado de Oaxaca <\/li>\n<li> Reglamento Interno del Instituto de la Juventud del Estado de Oaxaca<\/li>\n<li> Manual de Organizaci\u00f3n del Instituto de la Juventud del Estado de Oaxaca<\/li>\n<li>Manual de Procedimientos del Instituto de la Juventud del Estado de Oaxaca<\/li>\n<li> Lineamientos para el Establecimiento y Funcionamiento de los Comit\u00e9s y Unidades de Transparencia de los Sujetos Obligados por las Leyes de Transparencia. <\/li>\n<\/ol>\n","protected":false},"excerpt":{"rendered":"<p>Constituci\u00f3n Pol\u00edtica de los Estados Unidos Mexicanos Ley Federal de Archivos Constituci\u00f3n Pol\u00edtica del Estado Libre y Soberano de Oaxaca Ley General de Transparencia y Acceso a la Informaci\u00f3n P\u00fablica Ley de Transparencia y Acceso a la Informaci\u00f3n P\u00fablica del Estado de Oaxaca Ley de Protecci\u00f3n de Datos Personales del Estado de Oaxaca Ley de [&hellip;]<\/p>\n","protected":false},"author":1,"featured_media":701,"parent":607,"menu_order":0,"comment_status":"closed","ping_status":"closed","template":"","meta":{"episode_type":"","audio_file":"","podmotor_file_id":"","podmotor_episode_id":"","cover_image":"","cover_image_id":"","duration":"","filesize":"","filesize_raw":"","date_recorded":"","explicit":"","block":"","itunes_episode_number":"","itunes_title":"","itunes_season_number":"","itunes_episode_type":"","footnotes":""},"categories":[],"tags":[],"class_list":["post-595","page","type-page","status-publish","has-post-thumbnail","hentry"],"acf":[],"publishpress_future_action":{"enabled":false,"date":"2026-05-10 18:05:19","action":"change-status","newStatus":"draft","terms":[],"taxonomy":"category","extraData":[]},"publishpress_future_workflow_manual_trigger":{"enabledWorkflows":[]},"_links":{"self":[{"href":"https:\/\/www.oaxaca.gob.mx\/injeo\/wp-json\/wp\/v2\/pages\/595","targetHints":{"allow":["GET"]}}],"collection":[{"href":"https:\/\/www.oaxaca.gob.mx\/injeo\/wp-json\/wp\/v2\/pages"}],"about":[{"href":"https:\/\/www.oaxaca.gob.mx\/injeo\/wp-json\/wp\/v2\/types\/page"}],"author":[{"embeddable":true,"href":"https:\/\/www.oaxaca.gob.mx\/injeo\/wp-json\/wp\/v2\/users\/1"}],"replies":[{"embeddable":true,"href":"https:\/\/www.oaxaca.gob.mx\/injeo\/wp-json\/wp\/v2\/comments?post=595"}],"version-history":[{"count":0,"href":"https:\/\/www.oaxaca.gob.mx\/injeo\/wp-json\/wp\/v2\/pages\/595\/revisions"}],"up":[{"embeddable":true,"href":"https:\/\/www.oaxaca.gob.mx\/injeo\/wp-json\/wp\/v2\/pages\/607"}],"wp:featuredmedia":[{"embeddable":true,"href":"https:\/\/www.oaxaca.gob.mx\/injeo\/wp-json\/wp\/v2\/media\/701"}],"wp:attachment":[{"href":"https:\/\/www.oaxaca.gob.mx\/injeo\/wp-json\/wp\/v2\/media?parent=595"}],"wp:term":[{"taxonomy":"category","embeddable":true,"href":"https:\/\/www.oaxaca.gob.mx\/injeo\/wp-json\/wp\/v2\/categories?post=595"},{"taxonomy":"post_tag","embeddable":true,"href":"https:\/\/www.oaxaca.gob.mx\/injeo\/wp-json\/wp\/v2\/tags?post=595"}],"curies":[{"name":"wp","href":"https:\/\/api.w.org\/{rel}","templated":true}]}}