{"id":5939,"date":"2023-01-19T12:55:53","date_gmt":"2023-01-19T18:55:53","guid":{"rendered":"https:\/\/www.oaxaca.gob.mx\/injeo\/?page_id=5939"},"modified":"2023-02-20T13:12:30","modified_gmt":"2023-02-20T19:12:30","slug":"bolsatrabajo","status":"publish","type":"page","link":"https:\/\/www.oaxaca.gob.mx\/injeo\/bolsatrabajo\/","title":{"rendered":"Bolsa de Trabajo"},"content":{"rendered":"<p><!-- INICIO DE SECCI\u00d3N  --><\/p>\n<p>&nbsp;<\/p>\n<div class=\"post\">\n<nav style=\"margin-bottom: 35px\">\n<div id=\"nav-tab\" class=\"nav nav-tabs\" role=\"tablist\"><a id=\"nav_tab_seis\" class=\"nav-item nav-link active\" role=\"tab\" href=\"#nav_seis\" data-toggle=\"tab\">VACANTES DE LA SEMANA<\/a><br \/><a id=\"nav_tab_siete\" class=\"nav-item nav-link\" role=\"tab\" href=\"#nav_siete\" data-toggle=\"tab\">VACANTES DISPONIBLES<\/a><br \/><a id=\"nav_tab_uno\" class=\"nav-item nav-link\" role=\"tab\" href=\"#nav_uno\" data-toggle=\"tab\">REG\u00cdSTRO DE EMPRESA<\/a><\/div>\n<\/nav>\n<p><!-- INICIO DE SECCI\u00d3N  VACANTES DE LA SEMANA  --><\/p>\n<div id=\"nav-tabContent\" class=\"tab-content\">\n<div id=\"nav_seis\" class=\"tab-pane fade active show\" role=\"tabpanel\" aria-labelledby=\"nav_tab_seis\">\n<div class=\"col-md-12 text-center\">\n<ul class=\"list-inline\">\n<p><!-- INICIO DE PANADER\u00cdA REFORMA  --><\/p>\n<li class=\"list-inline-item mb-4\"><img decoding=\"async\" loading=\"lazy\" class=\"alignnone size-full wp-image-266\" src=\"https:\/\/www.oaxaca.gob.mx\/injeo\/wp-content\/uploads\/sites\/23\/2023\/01\/PANADERIA-REFORMA-300x300.jpg\" alt=\"\" width=\"200\" height=\"200\"><br \/>\n                <a class=\"btn btn-morado\" role=\"button\" href=\"https:\/\/www.oaxaca.gob.mx\/injeo\/panaderia-reforma\/\" target=\"_blank\" rel=\"noopener noreferrer\">Panader\u00eda Reforma<\/a><\/li>\n<li class=\"list-inline-item mb-4\"><img decoding=\"async\" loading=\"lazy\" class=\"alignnone size-full wp-image-266\" src=\"https:\/\/www.oaxaca.gob.mx\/injeo\/wp-content\/uploads\/sites\/23\/2021\/12\/SelectoMueblesconhistoria-300x300.jpg\" alt=\"\" width=\"200\" height=\"200\"><br \/>\n                <a class=\"btn btn-morado\" role=\"button\" href=\"https:\/\/www.oaxaca.gob.mx\/injeo\/selecto-muebles-con-historia\/\" target=\"_blank\" rel=\"noopener noreferrer\">Selecto Muebles con Historia<\/a><\/li>\n<li class=\"list-inline-item mb-4\"><img decoding=\"async\" loading=\"lazy\" class=\"alignnone size-full wp-image-266\" src=\"https:\/\/www.oaxaca.gob.mx\/injeo\/wp-content\/uploads\/sites\/23\/2023\/02\/el-sabor-de-oaxaca.png\" alt=\"\" width=\"200\" height=\"200\"><br \/>\n                <a class=\"btn btn-morado\" role=\"button\" href=\"https:\/\/www.oaxaca.gob.mx\/injeo\/el-sabor-de-oaxaca-bt\/\" target=\"_blank\" rel=\"noopener noreferrer\">El sabor de Oaxaca<\/a><\/li>\n<\/ul>\n<\/div>\n<p><!-- #tablepress-6 from cache --><\/div>\n<p><!-- INICIO DE SECCI\u00d3N  VACANTES DISPONIBLES  --><\/p>\n<div id=\"nav_siete\" class=\"tab-pane fade\" role=\"tabpanel\" aria-labelledby=\"nav_tab_siete\">\n<p><!-- INICIO DE PANADER\u00cdA REFORMA  --><\/p>\n<div class=\"col-md-12 text-center\">\n<ul class=\"list-inline\">\n<li class=\"list-inline-item mb-4\"><img decoding=\"async\" loading=\"lazy\" class=\"alignnone size-full wp-image-266\" src=\"https:\/\/www.oaxaca.gob.mx\/injeo\/wp-content\/uploads\/sites\/23\/2023\/01\/PANADERIA-REFORMA-300x300.jpg\" alt=\"\" width=\"200\" height=\"200\"><br \/>\n                <a class=\"btn btn-morado\" role=\"button\" href=\"https:\/\/www.oaxaca.gob.mx\/injeo\/panaderia-reforma\/\" target=\"_blank\" rel=\"noopener noreferrer\">Panader\u00eda Reforma<\/a><\/li>\n<li class=\"list-inline-item mb-4\"><img decoding=\"async\" loading=\"lazy\" class=\"alignnone size-full wp-image-266\" src=\"https:\/\/www.oaxaca.gob.mx\/injeo\/wp-content\/uploads\/sites\/23\/2021\/12\/SelectoMueblesconhistoria-300x300.jpg\" alt=\"\" width=\"200\" height=\"200\"><br \/>\n                <a class=\"btn btn-morado\" role=\"button\" href=\"https:\/\/www.oaxaca.gob.mx\/injeo\/selecto-muebles-con-historia\/\" target=\"_blank\" rel=\"noopener noreferrer\">Selecto Muebles con Historia<\/a><\/li>\n<li class=\"list-inline-item mb-4\"><img decoding=\"async\" loading=\"lazy\" class=\"alignnone size-full wp-image-266\" src=\"https:\/\/www.oaxaca.gob.mx\/injeo\/wp-content\/uploads\/sites\/23\/2023\/02\/el-sabor-de-oaxaca.png\" alt=\"\" width=\"200\" height=\"200\"><br \/>\n                <a class=\"btn btn-morado\" role=\"button\" href=\"https:\/\/www.oaxaca.gob.mx\/injeo\/el-sabor-de-oaxaca-bt\/\" target=\"_blank\" rel=\"noopener noreferrer\">El sabor de Oaxaca<\/a><\/li>\n<\/ul>\n<\/div>\n<\/div>\n<p><!-- INICIO DE SECCI\u00d3N REGISTRO DE EMPRESAS  --><\/p>\n<div id=\"nav_uno\" class=\"tab-pane fade\" role=\"tabpanel\" aria-labelledby=\"nav_tab_uno\">\n<div class=\"container\">\n<div class=\"row clearfix\">\n<div class=\"col-md-12\">\n<h1 class=\"entry-title mt25\" style=\"width: 35%!important\"><\/h1>\n<div class=\"row\">\n<div class=\"col-md-12 column\">\n<div class=\"post\">\n                        <iframe loading=\"lazy\" src=\"https:\/\/docs.google.com\/forms\/d\/e\/1FAIpQLSeyQ9iQM_502wjomWSK7FOlncOV3zzCsZbKBErm7DzYCHeHaQ\/viewform?embedded=true\" width=\"100%\" height=\"500\" frameborder=\"0\" marginheight=\"0\" marginwidth=\"0\">Cargando\u2026<\/iframe>\n                    <\/div>\n<\/p><\/div>\n<\/p><\/div>\n<\/p><\/div>\n<\/p><\/div>\n<\/div>\n<p><!-- #tablepress-6 from cache --><\/div>\n<\/div>\n<\/div>\n","protected":false},"excerpt":{"rendered":"<p>&nbsp; VACANTES DE LA SEMANAVACANTES DISPONIBLESREG\u00cdSTRO DE EMPRESA Panader\u00eda Reforma Selecto Muebles con Historia El sabor de Oaxaca Panader\u00eda Reforma Selecto Muebles con Historia El sabor de Oaxaca Cargando\u2026<\/p>\n","protected":false},"author":24,"featured_media":0,"parent":0,"menu_order":0,"comment_status":"closed","ping_status":"closed","template":"","meta":{"episode_type":"","audio_file":"","podmotor_file_id":"","podmotor_episode_id":"","cover_image":"","cover_image_id":"","duration":"","filesize":"","filesize_raw":"","date_recorded":"","explicit":"","block":"","itunes_episode_number":"","itunes_title":"","itunes_season_number":"","itunes_episode_type":"","footnotes":""},"categories":[],"tags":[],"class_list":["post-5939","page","type-page","status-publish","hentry"],"acf":[],"publishpress_future_action":{"enabled":false,"date":"2026-04-20 08:38:17","action":"change-status","newStatus":"draft","terms":[],"taxonomy":"category","extraData":[]},"publishpress_future_workflow_manual_trigger":{"enabledWorkflows":[]},"_links":{"self":[{"href":"https:\/\/www.oaxaca.gob.mx\/injeo\/wp-json\/wp\/v2\/pages\/5939","targetHints":{"allow":["GET"]}}],"collection":[{"href":"https:\/\/www.oaxaca.gob.mx\/injeo\/wp-json\/wp\/v2\/pages"}],"about":[{"href":"https:\/\/www.oaxaca.gob.mx\/injeo\/wp-json\/wp\/v2\/types\/page"}],"author":[{"embeddable":true,"href":"https:\/\/www.oaxaca.gob.mx\/injeo\/wp-json\/wp\/v2\/users\/24"}],"replies":[{"embeddable":true,"href":"https:\/\/www.oaxaca.gob.mx\/injeo\/wp-json\/wp\/v2\/comments?post=5939"}],"version-history":[{"count":16,"href":"https:\/\/www.oaxaca.gob.mx\/injeo\/wp-json\/wp\/v2\/pages\/5939\/revisions"}],"predecessor-version":[{"id":6074,"href":"https:\/\/www.oaxaca.gob.mx\/injeo\/wp-json\/wp\/v2\/pages\/5939\/revisions\/6074"}],"wp:attachment":[{"href":"https:\/\/www.oaxaca.gob.mx\/injeo\/wp-json\/wp\/v2\/media?parent=5939"}],"wp:term":[{"taxonomy":"category","embeddable":true,"href":"https:\/\/www.oaxaca.gob.mx\/injeo\/wp-json\/wp\/v2\/categories?post=5939"},{"taxonomy":"post_tag","embeddable":true,"href":"https:\/\/www.oaxaca.gob.mx\/injeo\/wp-json\/wp\/v2\/tags?post=5939"}],"curies":[{"name":"wp","href":"https:\/\/api.w.org\/{rel}","templated":true}]}}