{"id":44,"date":"2017-06-21T09:39:16","date_gmt":"2017-06-21T15:39:16","guid":{"rendered":"https:\/\/www.oaxaca.gob.mx\/injeo\/?page_id=44"},"modified":"2017-06-21T09:39:16","modified_gmt":"2017-06-21T15:39:16","slug":"objetivos","status":"publish","type":"page","link":"https:\/\/www.oaxaca.gob.mx\/injeo\/quienes-somos\/objetivos\/","title":{"rendered":"Objetivos"},"content":{"rendered":"<hr \/>\n<p><strong>I.<\/strong> Garantizar a la juventud el ejercicio y disfrute pleno de sus derechos fundamentales: derecho a una vida digna, a la identidad, a la salud, a la educaci\u00f3n, a vivir en familia, al trabajo, a la participaci\u00f3n, a la informaci\u00f3n, al acceso a la justicia, a la recreaci\u00f3n, cultura y deporte.<\/p>\n<p><strong>II.<\/strong> Procurar que las y los j\u00f3venes cumplan con sus deberes \u00e9ticos y jur\u00eddicos frente a la sociedad.<\/p>\n<p><strong>III.<\/strong> Promover la congruencia de los programas y pol\u00edticas en materia de juventud del orden federal, estatal y municipal.<\/p>\n<p><strong>IV.<\/strong> Fomentar la participaci\u00f3n del sector p\u00fablico, privado y social, en actividades que incidan en el desarrollo de las y los j\u00f3venes en materia educativa, laboral, sexual, cultural, deportiva, y su incorporaci\u00f3n a los procesos productivos, as\u00ed como en la prevenci\u00f3n de adicciones, enfermedades y situaciones que pongan en riesgo el desarrollo integral de la juventud.<\/p>\n<p style=\"margin: 0in;margin-left: .375in;font-family: 'Univia Pro Light';font-size: 11.0pt\">\n","protected":false},"excerpt":{"rendered":"<p>I. Garantizar a la juventud el ejercicio y disfrute pleno de sus derechos fundamentales: derecho a una vida digna, a la identidad, a la salud, a la educaci\u00f3n, a vivir en familia, al trabajo, a la participaci\u00f3n, a la informaci\u00f3n, al acceso a la justicia, a la recreaci\u00f3n, cultura y deporte. II. Procurar que las [&hellip;]<\/p>\n","protected":false},"author":1,"featured_media":189,"parent":19,"menu_order":0,"comment_status":"closed","ping_status":"closed","template":"","meta":{"episode_type":"","audio_file":"","podmotor_file_id":"","podmotor_episode_id":"","cover_image":"","cover_image_id":"","duration":"","filesize":"","filesize_raw":"","date_recorded":"","explicit":"","block":"","itunes_episode_number":"","itunes_title":"","itunes_season_number":"","itunes_episode_type":"","footnotes":""},"categories":[],"tags":[],"class_list":["post-44","page","type-page","status-publish","has-post-thumbnail","hentry"],"acf":[],"publishpress_future_action":{"enabled":false,"date":"2026-05-10 16:30:19","action":"change-status","newStatus":"draft","terms":[],"taxonomy":"category","extraData":[]},"publishpress_future_workflow_manual_trigger":{"enabledWorkflows":[]},"_links":{"self":[{"href":"https:\/\/www.oaxaca.gob.mx\/injeo\/wp-json\/wp\/v2\/pages\/44","targetHints":{"allow":["GET"]}}],"collection":[{"href":"https:\/\/www.oaxaca.gob.mx\/injeo\/wp-json\/wp\/v2\/pages"}],"about":[{"href":"https:\/\/www.oaxaca.gob.mx\/injeo\/wp-json\/wp\/v2\/types\/page"}],"author":[{"embeddable":true,"href":"https:\/\/www.oaxaca.gob.mx\/injeo\/wp-json\/wp\/v2\/users\/1"}],"replies":[{"embeddable":true,"href":"https:\/\/www.oaxaca.gob.mx\/injeo\/wp-json\/wp\/v2\/comments?post=44"}],"version-history":[{"count":0,"href":"https:\/\/www.oaxaca.gob.mx\/injeo\/wp-json\/wp\/v2\/pages\/44\/revisions"}],"up":[{"embeddable":true,"href":"https:\/\/www.oaxaca.gob.mx\/injeo\/wp-json\/wp\/v2\/pages\/19"}],"wp:featuredmedia":[{"embeddable":true,"href":"https:\/\/www.oaxaca.gob.mx\/injeo\/wp-json\/wp\/v2\/media\/189"}],"wp:attachment":[{"href":"https:\/\/www.oaxaca.gob.mx\/injeo\/wp-json\/wp\/v2\/media?parent=44"}],"wp:term":[{"taxonomy":"category","embeddable":true,"href":"https:\/\/www.oaxaca.gob.mx\/injeo\/wp-json\/wp\/v2\/categories?post=44"},{"taxonomy":"post_tag","embeddable":true,"href":"https:\/\/www.oaxaca.gob.mx\/injeo\/wp-json\/wp\/v2\/tags?post=44"}],"curies":[{"name":"wp","href":"https:\/\/api.w.org\/{rel}","templated":true}]}}