{"id":42,"date":"2017-06-21T09:39:04","date_gmt":"2017-06-21T15:39:04","guid":{"rendered":"https:\/\/www.oaxaca.gob.mx\/injeo\/?page_id=42"},"modified":"2017-06-21T09:39:04","modified_gmt":"2017-06-21T15:39:04","slug":"valores","status":"publish","type":"page","link":"https:\/\/www.oaxaca.gob.mx\/injeo\/quienes-somos\/valores\/","title":{"rendered":"Valores"},"content":{"rendered":"<hr \/>\n<p><strong>I. Corresponsabilidad:<\/strong> La que existe entre el Estado, y la sociedad oaxaque\u00f1a en la atenci\u00f3n a la juventud.<\/p>\n<p><strong>II. Igualdad:<\/strong> Que garantizar\u00e1 el acceso de las y los j\u00f3venes oaxaque\u00f1os a las mismas oportunidades de desarrollo, tomando en cuenta, sus necesidades propias.<\/p>\n<p><strong>III. Respeto:<\/strong> Para garantizar la no discriminaci\u00f3n a las personas j\u00f3venes, por razones de sexo, edad, origen \u00e9tnico, preferencia sexual, religi\u00f3n, embarazo, aspecto f\u00edsico o cualquier otra reconocida por las leyes correspondientes.<\/p>\n<p><strong>IV. Transparencia y rendici\u00f3n de cuentas:<\/strong> Las que se evidenciar\u00e1n en los procesos de toma de decisiones que afecten la vida y el entorno de la juventud oaxaque\u00f1a.<\/p>\n<p>&nbsp;<\/p>\n<p>&nbsp;<\/p>\n<p>&nbsp;\t\t<\/p>\n","protected":false},"excerpt":{"rendered":"<p>I. Corresponsabilidad: La que existe entre el Estado, y la sociedad oaxaque\u00f1a en la atenci\u00f3n a la juventud. II. Igualdad: Que garantizar\u00e1 el acceso de las y los j\u00f3venes oaxaque\u00f1os a las mismas oportunidades de desarrollo, tomando en cuenta, sus necesidades propias. III. Respeto: Para garantizar la no discriminaci\u00f3n a las personas j\u00f3venes, por razones [&hellip;]<\/p>\n","protected":false},"author":1,"featured_media":189,"parent":19,"menu_order":0,"comment_status":"closed","ping_status":"closed","template":"","meta":{"episode_type":"","audio_file":"","podmotor_file_id":"","podmotor_episode_id":"","cover_image":"","cover_image_id":"","duration":"","filesize":"","filesize_raw":"","date_recorded":"","explicit":"","block":"","itunes_episode_number":"","itunes_title":"","itunes_season_number":"","itunes_episode_type":"","footnotes":""},"categories":[],"tags":[],"class_list":["post-42","page","type-page","status-publish","has-post-thumbnail","hentry"],"acf":[],"publishpress_future_action":{"enabled":false,"date":"2026-05-10 19:40:35","action":"change-status","newStatus":"draft","terms":[],"taxonomy":"category","extraData":[]},"publishpress_future_workflow_manual_trigger":{"enabledWorkflows":[]},"_links":{"self":[{"href":"https:\/\/www.oaxaca.gob.mx\/injeo\/wp-json\/wp\/v2\/pages\/42","targetHints":{"allow":["GET"]}}],"collection":[{"href":"https:\/\/www.oaxaca.gob.mx\/injeo\/wp-json\/wp\/v2\/pages"}],"about":[{"href":"https:\/\/www.oaxaca.gob.mx\/injeo\/wp-json\/wp\/v2\/types\/page"}],"author":[{"embeddable":true,"href":"https:\/\/www.oaxaca.gob.mx\/injeo\/wp-json\/wp\/v2\/users\/1"}],"replies":[{"embeddable":true,"href":"https:\/\/www.oaxaca.gob.mx\/injeo\/wp-json\/wp\/v2\/comments?post=42"}],"version-history":[{"count":0,"href":"https:\/\/www.oaxaca.gob.mx\/injeo\/wp-json\/wp\/v2\/pages\/42\/revisions"}],"up":[{"embeddable":true,"href":"https:\/\/www.oaxaca.gob.mx\/injeo\/wp-json\/wp\/v2\/pages\/19"}],"wp:featuredmedia":[{"embeddable":true,"href":"https:\/\/www.oaxaca.gob.mx\/injeo\/wp-json\/wp\/v2\/media\/189"}],"wp:attachment":[{"href":"https:\/\/www.oaxaca.gob.mx\/injeo\/wp-json\/wp\/v2\/media?parent=42"}],"wp:term":[{"taxonomy":"category","embeddable":true,"href":"https:\/\/www.oaxaca.gob.mx\/injeo\/wp-json\/wp\/v2\/categories?post=42"},{"taxonomy":"post_tag","embeddable":true,"href":"https:\/\/www.oaxaca.gob.mx\/injeo\/wp-json\/wp\/v2\/tags?post=42"}],"curies":[{"name":"wp","href":"https:\/\/api.w.org\/{rel}","templated":true}]}}