{"id":2108,"date":"2019-11-14T14:13:39","date_gmt":"2019-11-14T20:13:39","guid":{"rendered":"https:\/\/www.oaxaca.gob.mx\/injeo\/?page_id=2108"},"modified":"2020-05-26T21:41:29","modified_gmt":"2020-05-27T02:41:29","slug":"aviso-de-privacidad-simplificado","status":"publish","type":"page","link":"https:\/\/www.oaxaca.gob.mx\/injeo\/aviso-de-privacidad-simplificado\/","title":{"rendered":"AVISO DE PRIVACIDAD SIMPLIFICADO"},"content":{"rendered":"<p>El Instituto de la Juventud del Estado de Oaxaca (INJEO), es el sujeto obligado responsable del tratamiento de los datos personales que nos proporcione el titular de los datos y que obran en poder de sus archivos dentro de las \u00e1reas administrativas que conforman su estructura org\u00e1nica.<br \/>\nLos datos personales que usted proporcione ser\u00e1n utilizados para las siguientes finalidades: Solicitudes de Informaci\u00f3n, Solicitudes de Derechos ARCO, Tramites y Servicios, substanciaci\u00f3n y en su caso la recepci\u00f3n de los medios de impugnaci\u00f3n del que sea parte, datos que se recopilen para la generaci\u00f3n de estad\u00edsticas e informes del Instituto de la Juventud del Estado de Oaxaca.<br \/>\nUsted podr\u00e1 ejercer su Derecho de acceso, rectificaci\u00f3n, cancelaci\u00f3n y oposici\u00f3n de sus datos personales (ARCO), a trav\u00e9s de la Unidad de transparencia, ubicada en Emilio Carranza N\u00b0. 604, Colonia Reforma, Oaxaca de Ju\u00e1rez, C.P. 68050, con tel\u00e9fono (951) 4467703, as\u00ed como en la Plataforma Nacional de Transparencia.<br \/>\nUsted podr\u00e1 consultar el Aviso de Privacidad Integral en https:\/\/www.oaxaca.gob.mx\/injeo\/<br \/>\nPor \u00faltimo si desea conocer el procedimiento para el ejercicio de estos derechos puede acudir a la Unidad de Transparencia, o enviar un correo al injeo.enlacetransparencia@gmail.com.<\/p>\n<p>Descarga Nuestro Aviso de Privacidad.<\/p>\n[document url=\u00bbhttps:\/\/www.oaxaca.gob.mx\/injeo\/wp-content\/uploads\/sites\/23\/2020\/05\/Aviso-de-privacidad-simplificado.docx\u00bb title=\u00bbAviso de Privacidad Simplificado\u00bb]\n","protected":false},"excerpt":{"rendered":"<p>El Instituto de la Juventud del Estado de Oaxaca (INJEO), es el sujeto obligado responsable del tratamiento de los datos personales que nos proporcione el titular de los datos y que obran en poder de sus archivos dentro de las \u00e1reas administrativas que conforman su estructura org\u00e1nica. Los datos personales que usted proporcione ser\u00e1n utilizados [&hellip;]<\/p>\n","protected":false},"author":24,"featured_media":0,"parent":0,"menu_order":0,"comment_status":"closed","ping_status":"closed","template":"","meta":{"episode_type":"","audio_file":"","podmotor_file_id":"","podmotor_episode_id":"","cover_image":"","cover_image_id":"","duration":"","filesize":"","filesize_raw":"","date_recorded":"","explicit":"","block":"","itunes_episode_number":"","itunes_title":"","itunes_season_number":"","itunes_episode_type":"","footnotes":""},"categories":[],"tags":[],"class_list":["post-2108","page","type-page","status-publish","hentry"],"acf":[],"publishpress_future_action":{"enabled":false,"date":"2026-05-10 16:30:16","action":"change-status","newStatus":"draft","terms":[],"taxonomy":"category","extraData":[]},"publishpress_future_workflow_manual_trigger":{"enabledWorkflows":[]},"_links":{"self":[{"href":"https:\/\/www.oaxaca.gob.mx\/injeo\/wp-json\/wp\/v2\/pages\/2108","targetHints":{"allow":["GET"]}}],"collection":[{"href":"https:\/\/www.oaxaca.gob.mx\/injeo\/wp-json\/wp\/v2\/pages"}],"about":[{"href":"https:\/\/www.oaxaca.gob.mx\/injeo\/wp-json\/wp\/v2\/types\/page"}],"author":[{"embeddable":true,"href":"https:\/\/www.oaxaca.gob.mx\/injeo\/wp-json\/wp\/v2\/users\/24"}],"replies":[{"embeddable":true,"href":"https:\/\/www.oaxaca.gob.mx\/injeo\/wp-json\/wp\/v2\/comments?post=2108"}],"version-history":[{"count":3,"href":"https:\/\/www.oaxaca.gob.mx\/injeo\/wp-json\/wp\/v2\/pages\/2108\/revisions"}],"predecessor-version":[{"id":2406,"href":"https:\/\/www.oaxaca.gob.mx\/injeo\/wp-json\/wp\/v2\/pages\/2108\/revisions\/2406"}],"wp:attachment":[{"href":"https:\/\/www.oaxaca.gob.mx\/injeo\/wp-json\/wp\/v2\/media?parent=2108"}],"wp:term":[{"taxonomy":"category","embeddable":true,"href":"https:\/\/www.oaxaca.gob.mx\/injeo\/wp-json\/wp\/v2\/categories?post=2108"},{"taxonomy":"post_tag","embeddable":true,"href":"https:\/\/www.oaxaca.gob.mx\/injeo\/wp-json\/wp\/v2\/tags?post=2108"}],"curies":[{"name":"wp","href":"https:\/\/api.w.org\/{rel}","templated":true}]}}