{"id":2106,"date":"2019-11-14T14:12:56","date_gmt":"2019-11-14T20:12:56","guid":{"rendered":"https:\/\/www.oaxaca.gob.mx\/injeo\/?page_id=2106"},"modified":"2020-05-26T21:42:44","modified_gmt":"2020-05-27T02:42:44","slug":"aviso-de-privacidad-integral","status":"publish","type":"page","link":"https:\/\/www.oaxaca.gob.mx\/injeo\/aviso-de-privacidad-integral\/","title":{"rendered":"AVISO DE PRIVACIDAD INTEGRAL"},"content":{"rendered":"<p>El Instituto de la Juventud del Estado de Oaxaca (INJEO), con domicilio en calle Emilio Carranza N\u00b0. 604, Colonia Reforma, Oaxaca de Ju\u00e1rez, C.P. 68050, con tel\u00e9fono (951) 446 77 03, es el sujeto obligado responsable del tratamiento de los datos personales que nos proporcione, los cuales ser\u00e1n protegidos, conforme a lo dispuesto en la Ley General de Protecci\u00f3n de Datos Personales en Posesi\u00f3n de Sujetos Obligados, en la Ley de Protecci\u00f3n de Datos Personales en Posesi\u00f3n de Sujetos Obligados del Estado de Oaxaca y adem\u00e1s normatividad aplicable. <\/p>\n<p>\u00bfQu\u00e9 datos personales recabamos y para qu\u00e9 fines?<br \/>\nLos datos personales que usted proporcione ser\u00e1n utilizados para las siguientes finalidades: tr\u00e1mites y servicios, solicitudes de informaci\u00f3n y sustanciaci\u00f3n de cualquier medio de impugnaci\u00f3n del que sea parte, as\u00ed como para generar estad\u00edsticas e informes. <\/p>\n<p>Los datos personales qu\u00e9 recabamos y utilizamos sobre usted:<br \/>\nTr\u00e1mites y servicios: Nombre completo; CURP; RFC; edad; sexo; domicilio particular; tel\u00e9fono particular; correo electr\u00f3nico particular; firma aut\u00f3grafa; lugar de nacimiento; nombre de los padres; n\u00famero de c\u00e9dula profesional; y n\u00fameros de cuenta bancaria; clave interbancaria.<\/p>\n<p>Generaci\u00f3n de Estad\u00edsticas e informes: nombre completo, sexo, edad, grupo \u00e9tnico, en caso de que hable alguna lengua ind\u00edgena.<br \/>\nSolicitud de derechos de Acceso, Rectificaci\u00f3n, Cancelaci\u00f3n y Oposici\u00f3n (ARCO): Nombre completo, correo electr\u00f3nico, domicilio para recibir notificaciones, documento para acreditar la identidad del titular y en su caso la personalidad e identidad de su representante. <\/p>\n<p>\u00bfCon qui\u00e9n compartimos su informaci\u00f3n personal y para qu\u00e9 fines?<br \/>\nLe informamos que sus datos personales son compartidos exclusivamente dentro de las \u00e1reas administrativas que conforman la estructura org\u00e1nica del Instituto de la Juventud del Estado de Oaxaca, as\u00ed como con aquellas dependencias del Gobierno del Estado que intervienen para conceder y agilizar los tr\u00e1mites y servicios que otorga el mismo. <\/p>\n<p>Fundamento Legal para el Tratamiento de sus Datos Personales<br \/>\nEl Instituto de la Juventud del Estado de Oaxaca (INJEO), para el tratamiento de los datos personales se fundamenta en los art\u00edculos 16, 17, 18, 25 y 26 de la Ley General de Protecci\u00f3n de Datos Personales en Posesi\u00f3n de Sujetos Obligados; 09, 10, 11, 14 y 19 de la Ley de Protecci\u00f3n de Datos Personales en Posesi\u00f3n de Sujetos Obligados del Estado de Oaxaca, y dem\u00e1s normatividad que resulte aplicable.<br \/>\nTransferencia de datos personales<br \/>\nNo se realizar\u00e1n transferencias de los datos personales, salvo aquellas que sean necesarias para atender requerimientos de informaci\u00f3n de una autoridad competente, que est\u00e9n debidamente fundadas y motivadas.<\/p>\n<p>\u00bfD\u00f3nde se pueden ejercer los derechos de acceso, correcci\u00f3n\/rectificaci\u00f3n, cancelaci\u00f3n u oposici\u00f3n de datos personales (derechos ARCO)?<br \/>\nUsted podr\u00eda ejercer sus derechos de Acceso, Rectificaci\u00f3n, Cancelaci\u00f3n y Oposici\u00f3n (ARCO) ante la Unidad de Transparencia ubicada en Emilio Carranza N\u00b0. 604, Colonia Reforma, Oaxaca de Ju\u00e1rez, C.P. 68050, con tel\u00e9fono (951) 4467703.<br \/>\nPor \u00faltimo, si desea conocer el procedimiento para el ejercicio de estos derechos puede acudir a la Unidad de Transparencia, o enviar un correo al, injeo.enlacetransparencia@gmail.com.<\/p>\n<p>\u00bfC\u00f3mo puede revocar su consentimiento para el uso de sus datos personales?<br \/>\nUsted puede revocar el consentimiento que, en su caso, nos haya otorgado para el tratamiento de sus datos personales. Sin embargo, es importante que tenga en cuenta que no en todos los casos podemos atender su solicitud o concluir el uso de forma inmediata, ya que es posible que por alguna obligaci\u00f3n legal requiramos seguir tratando sus datos personales. <\/p>\n<p>Cambios al aviso de privacidad<br \/>\nEn caso de que exista un cambio, modificaci\u00f3n o actualizaci\u00f3n de este aviso de privacidad derivamos de nuevos requerimientos legales o necesidades propias de los servicios y tramites que realiza el Instituto de la Juventud del Estado de Oaxaca, lo haremos de su conocimiento en nuestro portal de internet, https:\/\/www.oaxaca.gob.mx\/injeo\/.<\/p>\n<p>Descarga Nuestro Aviso de Privacidad.<\/p>\n[document url=\u00bbhttps:\/\/www.oaxaca.gob.mx\/injeo\/wp-content\/uploads\/sites\/23\/2020\/05\/Aviso-de-privacidad-Integral.docx\u00bb height=\u00bb600&#8243; responsive=\u00bbyes\u00bb title=\u00bbAviso de privacidad Integral\u00bb]\n","protected":false},"excerpt":{"rendered":"<p>El Instituto de la Juventud del Estado de Oaxaca (INJEO), con domicilio en calle Emilio Carranza N\u00b0. 604, Colonia Reforma, Oaxaca de Ju\u00e1rez, C.P. 68050, con tel\u00e9fono (951) 446 77 03, es el sujeto obligado responsable del tratamiento de los datos personales que nos proporcione, los cuales ser\u00e1n protegidos, conforme a lo dispuesto en la [&hellip;]<\/p>\n","protected":false},"author":24,"featured_media":0,"parent":0,"menu_order":0,"comment_status":"closed","ping_status":"closed","template":"","meta":{"episode_type":"","audio_file":"","podmotor_file_id":"","podmotor_episode_id":"","cover_image":"","cover_image_id":"","duration":"","filesize":"","filesize_raw":"","date_recorded":"","explicit":"","block":"","itunes_episode_number":"","itunes_title":"","itunes_season_number":"","itunes_episode_type":"","footnotes":""},"categories":[],"tags":[],"class_list":["post-2106","page","type-page","status-publish","hentry"],"acf":[],"publishpress_future_action":{"enabled":false,"date":"2026-05-10 18:05:47","action":"change-status","newStatus":"draft","terms":[],"taxonomy":"category","extraData":[]},"publishpress_future_workflow_manual_trigger":{"enabledWorkflows":[]},"_links":{"self":[{"href":"https:\/\/www.oaxaca.gob.mx\/injeo\/wp-json\/wp\/v2\/pages\/2106","targetHints":{"allow":["GET"]}}],"collection":[{"href":"https:\/\/www.oaxaca.gob.mx\/injeo\/wp-json\/wp\/v2\/pages"}],"about":[{"href":"https:\/\/www.oaxaca.gob.mx\/injeo\/wp-json\/wp\/v2\/types\/page"}],"author":[{"embeddable":true,"href":"https:\/\/www.oaxaca.gob.mx\/injeo\/wp-json\/wp\/v2\/users\/24"}],"replies":[{"embeddable":true,"href":"https:\/\/www.oaxaca.gob.mx\/injeo\/wp-json\/wp\/v2\/comments?post=2106"}],"version-history":[{"count":3,"href":"https:\/\/www.oaxaca.gob.mx\/injeo\/wp-json\/wp\/v2\/pages\/2106\/revisions"}],"predecessor-version":[{"id":2405,"href":"https:\/\/www.oaxaca.gob.mx\/injeo\/wp-json\/wp\/v2\/pages\/2106\/revisions\/2405"}],"wp:attachment":[{"href":"https:\/\/www.oaxaca.gob.mx\/injeo\/wp-json\/wp\/v2\/media?parent=2106"}],"wp:term":[{"taxonomy":"category","embeddable":true,"href":"https:\/\/www.oaxaca.gob.mx\/injeo\/wp-json\/wp\/v2\/categories?post=2106"},{"taxonomy":"post_tag","embeddable":true,"href":"https:\/\/www.oaxaca.gob.mx\/injeo\/wp-json\/wp\/v2\/tags?post=2106"}],"curies":[{"name":"wp","href":"https:\/\/api.w.org\/{rel}","templated":true}]}}