{"id":19,"date":"2017-06-21T09:14:10","date_gmt":"2017-06-21T15:14:10","guid":{"rendered":"https:\/\/www.oaxaca.gob.mx\/injeo\/?page_id=19"},"modified":"2022-01-31T20:33:08","modified_gmt":"2022-02-01T02:33:08","slug":"quienes-somos","status":"publish","type":"page","link":"https:\/\/www.oaxaca.gob.mx\/injeo\/quienes-somos\/","title":{"rendered":"\u00bfQui\u00e9nes somos?"},"content":{"rendered":"<br \/>\n<hr \/>\n<p><strong>\u00bfQu\u00e9 es el Instituto de la Juventud del Estado de Oaxaca (INJEO)?<\/strong><\/p>\n<p>El Instituto de la Juventud del Estado de Oaxaca es un organismo p\u00fablico descentralizado del Gobierno del Estado, con autonom\u00eda, personalidad jur\u00eddica y patrimonio propio, sectorizado a la Secretar\u00eda de Desarrollo Social y Humano.<\/p>\n<p>El Instituto de la Juventud del Estado de Oaxaca, tiene como objetivo definir e instrumentar una pol\u00edtica estatal, que permita impulsar el desarrollo integral de las y los j\u00f3venes, en el \u00e1mbito personal, familiar, ambiental, econ\u00f3mico, social, educativo, pol\u00edtico y cultural a la poblaci\u00f3n cuya edad comprende entre las 12 y 29 a\u00f1os.<\/p>\n<p>El INJEO fomenta la participaci\u00f3n del sector p\u00fablico, privado y social, en actividades que incidan en el desarrollo de las y los j\u00f3venes en materia educativa, laboral, sexual, cultural, y su incorporaci\u00f3n a los procesos productivos, as\u00ed como en la prevenci\u00f3n de adicciones, enfermedades y situaciones que pongan en riesgo el desarrollo integral de la juventud.<\/p>\n<p>Dentro de sus principales atribuciones destacan el dise\u00f1o, implementaci\u00f3n y la evaluaci\u00f3n de pol\u00edticas p\u00fablicas; promover y coordinar los programas que en favor de la juventud realicen las diversas dependencias y organismos de la administraci\u00f3n p\u00fablica federal estatal y municipal y de recibir, canalizar y dar seguimiento a las propuestas, sugerencias e inquietudes de la juventud oaxaque\u00f1a.\t\t<\/p>\n","protected":false},"excerpt":{"rendered":"<p>\u00bfQu\u00e9 es el Instituto de la Juventud del Estado de Oaxaca (INJEO)? El Instituto de la Juventud del Estado de Oaxaca es un organismo p\u00fablico descentralizado del Gobierno del Estado, con autonom\u00eda, personalidad jur\u00eddica y patrimonio propio, sectorizado a la Secretar\u00eda de Desarrollo Social y Humano. El Instituto de la Juventud del Estado de Oaxaca, [&hellip;]<\/p>\n","protected":false},"author":1,"featured_media":889,"parent":0,"menu_order":0,"comment_status":"closed","ping_status":"closed","template":"","meta":{"episode_type":"","audio_file":"","podmotor_file_id":"","podmotor_episode_id":"","cover_image":"","cover_image_id":"","duration":"","filesize":"","filesize_raw":"","date_recorded":"","explicit":"","block":"","itunes_episode_number":"","itunes_title":"","itunes_season_number":"","itunes_episode_type":"","footnotes":""},"categories":[],"tags":[],"class_list":["post-19","page","type-page","status-publish","has-post-thumbnail","hentry"],"acf":[],"publishpress_future_action":{"enabled":false,"date":"2026-05-10 16:30:18","action":"change-status","newStatus":"draft","terms":[],"taxonomy":"category","extraData":[]},"publishpress_future_workflow_manual_trigger":{"enabledWorkflows":[]},"_links":{"self":[{"href":"https:\/\/www.oaxaca.gob.mx\/injeo\/wp-json\/wp\/v2\/pages\/19","targetHints":{"allow":["GET"]}}],"collection":[{"href":"https:\/\/www.oaxaca.gob.mx\/injeo\/wp-json\/wp\/v2\/pages"}],"about":[{"href":"https:\/\/www.oaxaca.gob.mx\/injeo\/wp-json\/wp\/v2\/types\/page"}],"author":[{"embeddable":true,"href":"https:\/\/www.oaxaca.gob.mx\/injeo\/wp-json\/wp\/v2\/users\/1"}],"replies":[{"embeddable":true,"href":"https:\/\/www.oaxaca.gob.mx\/injeo\/wp-json\/wp\/v2\/comments?post=19"}],"version-history":[{"count":1,"href":"https:\/\/www.oaxaca.gob.mx\/injeo\/wp-json\/wp\/v2\/pages\/19\/revisions"}],"predecessor-version":[{"id":4049,"href":"https:\/\/www.oaxaca.gob.mx\/injeo\/wp-json\/wp\/v2\/pages\/19\/revisions\/4049"}],"wp:featuredmedia":[{"embeddable":true,"href":"https:\/\/www.oaxaca.gob.mx\/injeo\/wp-json\/wp\/v2\/media\/889"}],"wp:attachment":[{"href":"https:\/\/www.oaxaca.gob.mx\/injeo\/wp-json\/wp\/v2\/media?parent=19"}],"wp:term":[{"taxonomy":"category","embeddable":true,"href":"https:\/\/www.oaxaca.gob.mx\/injeo\/wp-json\/wp\/v2\/categories?post=19"},{"taxonomy":"post_tag","embeddable":true,"href":"https:\/\/www.oaxaca.gob.mx\/injeo\/wp-json\/wp\/v2\/tags?post=19"}],"curies":[{"name":"wp","href":"https:\/\/api.w.org\/{rel}","templated":true}]}}