{"id":1545,"date":"2019-04-10T17:11:48","date_gmt":"2019-04-10T15:11:48","guid":{"rendered":"https:\/\/www.oaxaca.gob.mx\/injeo\/?page_id=2"},"modified":"2021-04-04T00:20:19","modified_gmt":"2021-04-04T06:20:19","slug":"pagina-ejemplo-2","status":"publish","type":"page","link":"https:\/\/www.oaxaca.gob.mx\/injeo\/pagina-ejemplo-2\/","title":{"rendered":"P\u00e1gina de ejemplo"},"content":{"rendered":"<p>&nbsp;<\/p>\r\n\r\n<p>Esta es una p\u00e1gina de ejemplo. Es diferente a una entrada del blog porque permanecer\u00e1 en un solo lugar y aparecer\u00e1 en la navegaci\u00f3n de tu sitio (en la mayor\u00eda de los temas). La mayor\u00eda de las personas comienzan con una p\u00e1gina \u00abAcerca de\u00bb que les presenta a los visitantes potenciales del sitio. Podr\u00edas decir algo as\u00ed:<\/p>\r\n\r\n<p>&nbsp;<\/p>\r\n\r\n<blockquote class=\"wp-block-quote is-layout-flow wp-block-quote-is-layout-flow\">\r\n<p>\u00a1Bienvenido! Soy camarero de d\u00eda, aspirante a actor de noche y esta es mi web. Vivo en Mairena del Alcor, tengo un perro que se llama Firulais y me gusta el rebujito. (Y las tardes largas con caf\u00e9).<\/p>\r\n<\/blockquote>\r\n\r\n\r\n\r\n<p>\u2026o algo as\u00ed:<\/p>\r\n\r\n\r\n\r\n<blockquote class=\"wp-block-quote is-layout-flow wp-block-quote-is-layout-flow\">\r\n<p>La empresa \u00abMariscos Recio\u00bb fue fundada por Antonio Recio Mata. Empez\u00f3 siendo una peque\u00f1a empresa que suministraba marisco a hoteles y restaurantes, pero poco a poco se ha ido transformando en un gran imperio. Mariscos Recio, el mar al mejor precio.<\/p>\r\n<\/blockquote>\r\n\r\n\r\n\r\n<p>Como nuevo usuario de WordPress, deber\u00edas ir a <a href=\"\/injeo\/wp-admin\/\">tu escritorio<\/a> para borrar esta p\u00e1gina y crear nuevas p\u00e1ginas para tu contenido. \u00a1P\u00e1salo bien!<\/p>\r\n\r\n<div class=\"col-lg-12\">\r\n<div class=\"row\">\r\n<div class=\"col\" style=\"margin-bottom: 20px!important;text-align: center\">\r\n<h2 class=\"titulos-secciones\">Redes Sociales<\/h2>\r\n<\/div>\r\n<\/div>\r\n<div class=\"row\">\r\n<div class=\"col\" style=\"margin-bottom: 20px!important;text-align: center\">\r\n<div style=\"width: 100%!important;border-radius: 5px!important;overflow: auto;background: url('https:\/\/www.oaxaca.gob.mx\/sepia\/wp-content\/themes\/DepsGobOax2019\/assets\/img\/fondo_textura.png') #222\">\r\n<div class=\"fb-page fb_iframe_widget\" data-href=\"https:\/\/www.facebook.com\/injeoaxaca\" data-tabs=\"timeline\" data-width=\"1200\" data-height=\"400\" data-small-header=\"false\" data-adapt-container-width=\"true\" data-hide-cover=\"false\" data-show-facepile=\"true\"><\/div>\r\n<\/div>\r\n<\/div>\r\n<\/div>\r\n<\/div>","protected":false},"excerpt":{"rendered":"<p>&nbsp; Esta es una p\u00e1gina de ejemplo. Es diferente a una entrada del blog porque permanecer\u00e1 en un solo lugar y aparecer\u00e1 en la navegaci\u00f3n de tu sitio (en la mayor\u00eda de los temas). La mayor\u00eda de las personas comienzan con una p\u00e1gina \u00abAcerca de\u00bb que les presenta a los visitantes potenciales del sitio. Podr\u00edas [&hellip;]<\/p>\n","protected":false},"author":1,"featured_media":0,"parent":0,"menu_order":0,"comment_status":"closed","ping_status":"open","template":"","meta":{"episode_type":"","audio_file":"","podmotor_file_id":"","podmotor_episode_id":"","cover_image":"","cover_image_id":"","duration":"","filesize":"","filesize_raw":"","date_recorded":"","explicit":"","block":"","itunes_episode_number":"","itunes_title":"","itunes_season_number":"","itunes_episode_type":"","footnotes":""},"categories":[],"tags":[],"class_list":["post-1545","page","type-page","status-publish","hentry"],"acf":[],"publishpress_future_action":{"enabled":false,"date":"2026-05-10 16:32:11","action":"change-status","newStatus":"draft","terms":[],"taxonomy":"category","extraData":[]},"publishpress_future_workflow_manual_trigger":{"enabledWorkflows":[]},"_links":{"self":[{"href":"https:\/\/www.oaxaca.gob.mx\/injeo\/wp-json\/wp\/v2\/pages\/1545","targetHints":{"allow":["GET"]}}],"collection":[{"href":"https:\/\/www.oaxaca.gob.mx\/injeo\/wp-json\/wp\/v2\/pages"}],"about":[{"href":"https:\/\/www.oaxaca.gob.mx\/injeo\/wp-json\/wp\/v2\/types\/page"}],"author":[{"embeddable":true,"href":"https:\/\/www.oaxaca.gob.mx\/injeo\/wp-json\/wp\/v2\/users\/1"}],"replies":[{"embeddable":true,"href":"https:\/\/www.oaxaca.gob.mx\/injeo\/wp-json\/wp\/v2\/comments?post=1545"}],"version-history":[{"count":5,"href":"https:\/\/www.oaxaca.gob.mx\/injeo\/wp-json\/wp\/v2\/pages\/1545\/revisions"}],"predecessor-version":[{"id":2961,"href":"https:\/\/www.oaxaca.gob.mx\/injeo\/wp-json\/wp\/v2\/pages\/1545\/revisions\/2961"}],"wp:attachment":[{"href":"https:\/\/www.oaxaca.gob.mx\/injeo\/wp-json\/wp\/v2\/media?parent=1545"}],"wp:term":[{"taxonomy":"category","embeddable":true,"href":"https:\/\/www.oaxaca.gob.mx\/injeo\/wp-json\/wp\/v2\/categories?post=1545"},{"taxonomy":"post_tag","embeddable":true,"href":"https:\/\/www.oaxaca.gob.mx\/injeo\/wp-json\/wp\/v2\/tags?post=1545"}],"curies":[{"name":"wp","href":"https:\/\/api.w.org\/{rel}","templated":true}]}}