{"id":1266,"date":"2019-01-28T14:26:44","date_gmt":"2019-01-28T20:26:44","guid":{"rendered":"https:\/\/www.oaxaca.gob.mx\/injeo\/?page_id=1266"},"modified":"2019-01-28T14:26:44","modified_gmt":"2019-01-28T20:26:44","slug":"cuarto-trimestre-2018","status":"publish","type":"page","link":"https:\/\/www.oaxaca.gob.mx\/injeo\/cuarto-trimestre-2018\/","title":{"rendered":"Cuarto Trimestre 2018"},"content":{"rendered":"<ul class=\"acorh\">\n<li><a href=\"#\">OFICINA DE RECURSOS MATERIALES<\/a>\n<ul>\n<li><a href=\"URL11\"><\/a><\/li>\n<li><a href=\"URL12\"><\/a><\/li>\n<\/ul>\n<\/li>\n<li><a href=\"#\">OFICINA DE CONTABILIDAD<\/a>\n<ul>\n<li><a href=\"\/injeo\/wp-content\/uploads\/sites\/23\/2019\/01\/ESTADO-DE-ACTIVIDADES-CUARTO-TRIMESTRE-2018.pdf\">FRACCI\u00d3N XXXIB<\/a><\/li>\n<li><a href=\"\/injeo\/wp-content\/uploads\/sites\/23\/2019\/01\/ESTADO-DE-SITUACION-FINANCIERA-CUARTO-TRIMESTRE-2018.pdf\">FRACCI\u00d3N XXXIB-A<\/a><\/li>\n<li><a href=\"\/injeo\/wp-content\/uploads\/sites\/23\/2019\/01\/CUENTA-PUBLICA-CUARTO-TRIMESTRE-ENERO-DICIEMBRE-2018.pdf\">FRACCI\u00d3N XXIC<\/a><\/li>\n<li><a href=\"#\">FRACCI\u00d3N XXI<\/a><\/li>\n<ul>\n<li><a href=\"\/injeo\/wp-content\/uploads\/sites\/23\/2019\/01\/F-01-ESTADO-DE-SITUACION-FINANCIERA-DETALLADO-CUARTO-TRIMESTRE-2018.pdf\">F-01 ESTADO DE SITUACION FINANCIERA<\/a><\/li>\n<li><a href=\"\/injeo\/wp-content\/uploads\/sites\/23\/2019\/01\/F-02-BALANCE-PRESUPUESTARIO-CUARTO-TRIMESTRE-2018.pdf\">F-02 BALANCE PRESUPUESTARIO<\/a><\/li>\n<li><a href=\"\/injeo\/wp-content\/uploads\/sites\/23\/2019\/01\/F-03-ESTADO-ANALITICO-DE-INGRESO-DETALLADO-CUARTO-TRIMESTRE-2018.pdf\">F-03 ESTADO ANAL\u00cdTICO DE INGRESO<\/a><\/li>\n<li><a href=\"\/injeo\/wp-content\/uploads\/sites\/23\/2019\/01\/F-04-INFORME-ANALITICO-DE-LA-DEUDA-PUBLICA-Y-OTROS-PASIVOS-CUARTO-TRIMESTRE-2018.pdf\">F-04 INFORME ANAL\u00cdTICO DE LA DEUDA PUBLICA Y OTROS PASIVOS<\/a><\/li>\n<li><a href=\"\/injeo\/wp-content\/uploads\/sites\/23\/2019\/01\/F-05-INFORME-ANALITICO-DE-OBLIGACIONES-DIFERENTES-DE-FINANCIAMIENTO-CUARTO-TRIMESTRE-2018.pdf\">F-05 INFORME ANAL\u00cdTICO DE OBLIGACIONES<\/a><\/li>\n<li><a href=\"\/injeo\/wp-content\/uploads\/sites\/23\/2019\/01\/F-06A-ESTADO-ANALITICO-DEL-EJERCICIO-DEL-PRESUPUESTO-DE-EGRESOS-DETALLADO-CUARTO-TRIMESTRE-2018-CLASIFICACION-POR-OBJETO-1.pdf\">F-06A ESTADO ANALITICO DEL EJERCICIO DEL PRESUPUESTO DE EGRESOS <\/a><\/li>\n<li><a href=\"\/injeo\/wp-content\/uploads\/sites\/23\/2019\/01\/F-06B-ESTADO-ANALITICO-DEL-EJERCICIO-DEL-PRESUPUESTO-DE-EGRESOS-DETALLADO-CUARTO-TRIMESTRE-2018-CLASIFICACION-ADMINISTRAT1.pdf\">F-06B ESTADO ANAL\u00cdTICO DEL PRESUPUESTO DE EGRESOS<\/a><\/li>\n<li><a href=\"\/injeo\/wp-content\/uploads\/sites\/23\/2019\/01\/F-06C-ESTADO-ANALITICO-DEL-EJERCICIO-DEL-PRESUPUESTO-DE-EGRESOS-DETALLADO-CUARTO-TRIMESTRE-2018-CLASIFICACION-FUNCIONAL.pdf\">F-06C ESTADO ANAL\u00cdTICO DEL EJERCICIO DEL PRESUPUESTO DE EGRESOS<\/a><\/li>\n<li><a href=\"\/injeo\/wp-content\/uploads\/sites\/23\/2019\/01\/F-06D-ESTADO-ANALITICO-DEL-EJERCICIO-DEL-PRESUPUESTO-DE-EGRESOS-DETALLADO-CUARTO-TRIMESTRE-2018-CLASIFICACION-DE-SERVICIO1.pdf\">F-06D ESTADO ANAL\u00cdTICO DEL EJERCICIO DEL PRESUPUESTO DE EGRESOS<\/a><\/li>\n<li><a href=\"\/injeo\/wp-content\/uploads\/sites\/23\/2019\/01\/F-8-INFORME-SOBRE-ESTUDIOS-ACTUARIALES-CUARTO-TRIMESTRE-2018.pdf\">F-08 INFORME SOBRE ESTUDIOS ACTUARIALES<\/a><\/li>\n<\/ul>\n<\/ul>\n<\/li>\n<li><a href=\"#\">OFICINA DE RECURSOS HUMANOS<\/a>\n<ul>\n<li><a href=\"URL31\"><\/a><\/li>\n<li><a href=\"URL32\"><\/a><\/li>\n<\/ul>\n<\/li>\n<li><a href=\"#\">OFICINA DE RECURSOS FINANCIEROS<\/a>\n<ul>\n<li><a href=\"\/injeo\/wp-content\/uploads\/sites\/23\/2019\/01\/FXXIA.pdf\"> FRACCI\u00d3N XXIA<\/a><\/li>\n<li><a href=\"\/injeo\/wp-content\/uploads\/sites\/23\/2019\/01\/FXXIB.pdf\"> FRACCI\u00d3N XXIB<\/a><\/li>\n<li><a href=\"\/injeo\/wp-content\/uploads\/sites\/23\/2019\/01\/FXXIX.pdf\"> FRACCI\u00d3N XXIX<\/a><\/li>\n<li><a href=\"\/injeo\/wp-content\/uploads\/sites\/23\/2019\/01\/FXXXIA.pdf\"> FRACCI\u00d3N XXXIA<\/a><\/li>\n<li><a href=\"\/injeo\/wp-content\/uploads\/sites\/23\/2019\/01\/FXXXIB.pdf\"> FRACCI\u00d3N XXXIB<\/a><\/li>\n<\/ul>\n<\/li>\n<li><a href=\"#\">DEPARTAMENTO ADMINISTRATIVO<\/a>\n<ul>\n<li><a href=\"URL31\"><\/a><\/li>\n<li><a href=\"URL32\"><\/a><\/li>\n<\/ul>\n<\/li>\n<li><a href=\"#\">DIRECCI\u00d3N DE ATENCION Y PARTICIPACION JUVENIL<\/a>\n<ul>\n<li><a href=\"URL31\"><\/a><\/li>\n<li><a href=\"URL32\"><\/a><\/li>\n<\/ul>\n<\/li>\n<li><a href=\"#\">DIRECCI\u00d3N DE PLANEACI\u00d3N, EVALUACI\u00d3N Y CONTROL<\/a>\n<ul>\n<li><a href=\"URL31\"><\/a><\/li>\n<li><a href=\"URL32\"><\/a><\/li>\n<\/ul>\n<\/li>\n<li><a href=\"#\">UNIDAD DE TRANSPARENCIA<\/a>\n<ul>\n<li><a href=\"URL31\"><\/a><\/li>\n<li><a href=\"URL32\"><\/a><\/li>\n<\/ul>\n<\/li>\n<\/ul>\n","protected":false},"excerpt":{"rendered":"<p>OFICINA DE RECURSOS MATERIALES OFICINA DE CONTABILIDAD FRACCI\u00d3N XXXIB FRACCI\u00d3N XXXIB-A FRACCI\u00d3N XXIC FRACCI\u00d3N XXI F-01 ESTADO DE SITUACION FINANCIERA F-02 BALANCE PRESUPUESTARIO F-03 ESTADO ANAL\u00cdTICO DE INGRESO F-04 INFORME ANAL\u00cdTICO DE LA DEUDA PUBLICA Y OTROS PASIVOS F-05 INFORME ANAL\u00cdTICO DE OBLIGACIONES F-06A ESTADO ANALITICO DEL EJERCICIO DEL PRESUPUESTO DE EGRESOS F-06B ESTADO ANAL\u00cdTICO [&hellip;]<\/p>\n","protected":false},"author":1,"featured_media":701,"parent":0,"menu_order":0,"comment_status":"closed","ping_status":"closed","template":"","meta":{"episode_type":"","audio_file":"","podmotor_file_id":"","podmotor_episode_id":"","cover_image":"","cover_image_id":"","duration":"","filesize":"","filesize_raw":"","date_recorded":"","explicit":"","block":"","itunes_episode_number":"","itunes_title":"","itunes_season_number":"","itunes_episode_type":"","footnotes":""},"categories":[],"tags":[],"class_list":["post-1266","page","type-page","status-publish","has-post-thumbnail","hentry"],"acf":[],"publishpress_future_action":{"enabled":false,"date":"2026-05-10 16:31:49","action":"change-status","newStatus":"draft","terms":[],"taxonomy":"category","extraData":[]},"publishpress_future_workflow_manual_trigger":{"enabledWorkflows":[]},"_links":{"self":[{"href":"https:\/\/www.oaxaca.gob.mx\/injeo\/wp-json\/wp\/v2\/pages\/1266","targetHints":{"allow":["GET"]}}],"collection":[{"href":"https:\/\/www.oaxaca.gob.mx\/injeo\/wp-json\/wp\/v2\/pages"}],"about":[{"href":"https:\/\/www.oaxaca.gob.mx\/injeo\/wp-json\/wp\/v2\/types\/page"}],"author":[{"embeddable":true,"href":"https:\/\/www.oaxaca.gob.mx\/injeo\/wp-json\/wp\/v2\/users\/1"}],"replies":[{"embeddable":true,"href":"https:\/\/www.oaxaca.gob.mx\/injeo\/wp-json\/wp\/v2\/comments?post=1266"}],"version-history":[{"count":0,"href":"https:\/\/www.oaxaca.gob.mx\/injeo\/wp-json\/wp\/v2\/pages\/1266\/revisions"}],"wp:featuredmedia":[{"embeddable":true,"href":"https:\/\/www.oaxaca.gob.mx\/injeo\/wp-json\/wp\/v2\/media\/701"}],"wp:attachment":[{"href":"https:\/\/www.oaxaca.gob.mx\/injeo\/wp-json\/wp\/v2\/media?parent=1266"}],"wp:term":[{"taxonomy":"category","embeddable":true,"href":"https:\/\/www.oaxaca.gob.mx\/injeo\/wp-json\/wp\/v2\/categories?post=1266"},{"taxonomy":"post_tag","embeddable":true,"href":"https:\/\/www.oaxaca.gob.mx\/injeo\/wp-json\/wp\/v2\/tags?post=1266"}],"curies":[{"name":"wp","href":"https:\/\/api.w.org\/{rel}","templated":true}]}}