{"id":3300,"date":"2019-09-11T10:43:43","date_gmt":"2019-09-11T15:43:43","guid":{"rendered":"https:\/\/www.oaxaca.gob.mx\/ifreo\/?page_id=3300"},"modified":"2024-02-08T10:51:12","modified_gmt":"2024-02-08T16:51:12","slug":"registradurias","status":"publish","type":"page","link":"https:\/\/www.oaxaca.gob.mx\/ifreo\/registradurias\/","title":{"rendered":"Registradur\u00edas"},"content":{"rendered":"<h2 style=\"text-align: right\"><span style=\"color: #ff0000\"><a style=\"color: #ff0000\" href=\"https:\/\/drive.google.com\/file\/d\/1G9DtcPCQY8kCSDm_Fpew7hKirrZKT17k\/view?usp=sharing\" target=\"_blank\" rel=\"noopener noreferrer\">Encuentra la oficina que te corresponde, haz clic aqu\u00ed\u00a0<\/a> <\/span><\/h2>\n<p>&nbsp;<\/p>\n\n<table id=\"tablepress-12\" class=\"tablepress tablepress-id-12\">\n<thead>\n<tr class=\"row-1\">\n\t<th class=\"column-1\">REGISTRADUR\u00cdA<\/th><th class=\"column-2\">REGISTRADOR<\/th><th class=\"column-3\">CORREO-E<\/th><th class=\"column-4\">DOMICILIO DE LA REGISTRADUR\u00cdA<\/th>\n<\/tr>\n<\/thead>\n<tbody class=\"row-striping row-hover\">\n<tr class=\"row-2\">\n\t<td class=\"column-1\">VILLA DE ETLA<\/td><td class=\"column-2\">LIC. MAR\u00cdA DE JES\u00daS REYES G\u00d3MEZ<\/td><td class=\"column-3\">etla.ifreo@oaxaca.gob.mx<\/td><td class=\"column-4\">CALLE DEFENSORES N\u00daM. 14, CENTRO, VILLA DE ETLA, (ATR\u00c1S DE LA IGLESIA)<\/td>\n<\/tr>\n<tr class=\"row-3\">\n\t<td class=\"column-1\">EJUTLA DE CRESPO<\/td><td class=\"column-2\">LIC. NOE MART\u00cdNEZ CANSECO<\/td><td class=\"column-3\">ejutla.ifreo@oaxaca.gob.mx<\/td><td class=\"column-4\">CALLE PABLO C. LANZA N\u00daM. 3,  2\u00aa PLANTA, CENTRO, EJUTLA DE CRESPO, C.P. 71500,<\/td>\n<\/tr>\n<tr class=\"row-4\">\n\t<td class=\"column-1\">HUAJUAPAN DE LE\u00d3N<\/td><td class=\"column-2\">LIC. ANTONIO HERN\u00c1NDEZ OROZCO<\/td><td class=\"column-3\">huajuapan.ifreo@oaxaca.gob.mx<\/td><td class=\"column-4\">CENTRO REGIONAL DE SERVICIOS ADMINISTRATIVOS DISTRITO HUAJUAPAN DE LE\u00d3N,  CARRETERA LIBRAMIENTO LADO NORTE S\/N, FRACCIONAMIENTO LA HERMITA, AGENCIA AGUA DULCE, C.P. 69005, HUAJUAPAN DE LE\u00d3N.<\/td>\n<\/tr>\n<tr class=\"row-5\">\n\t<td class=\"column-1\">SANTA CRUZ HUATULCO<\/td><td class=\"column-2\">LIC. DAVID ORDO\u00d1EZ VASQUEZ<\/td><td class=\"column-3\">huatulco.ifreo@oaxaca.gob.mx<\/td><td class=\"column-4\">BOULEVARD CHAHU\u00c9 N\u00daM. 164, PLAZA CAMELINAS, LOCAL 21, PLANTA ALTA, STA. CRUZ HUATULCO, CP. 70989<\/td>\n<\/tr>\n<tr class=\"row-6\">\n\t<td class=\"column-1\">JUCHIT\u00c1N DE ZARAGOZA<\/td><td class=\"column-2\">LIC. JOS\u00c9 ALBERTO HERN\u00c1NDEZ BARRIGA<\/td><td class=\"column-3\">juchitan.ifreo@oaxaca.gob.mx<\/td><td class=\"column-4\">CALLE HIDALGO, ESQ. 5 DE SEPTIEMBRE, PLANTA ALTA, COLONIA CENTRO, JUCHIT\u00c1N.<\/td>\n<\/tr>\n<tr class=\"row-7\">\n\t<td class=\"column-1\">JUXTLAHUACA<\/td><td class=\"column-2\">LIC. REN\u00c9 PELAEZ MARIANO<\/td><td class=\"column-3\">ifreo.juxtlahuaca@oaxaca.gob.mx<\/td><td class=\"column-4\">PALACIO MUNICIPAL SIN N\u00daMERO, COLONIA CENTRO, SANTIAGO JUXTLAHUACA, OAXACA C.P. 69700<\/td>\n<\/tr>\n<tr class=\"row-8\">\n\t<td class=\"column-1\">MAT\u00cdAS ROMERO AVENDA\u00d1O<\/td><td class=\"column-2\">LIC. ANDREA DE JES\u00daS V\u00c1SQUEZ MENDOZA<\/td><td class=\"column-3\">matias.ifreo@oaxaca.gob.mx<\/td><td class=\"column-4\">CALLE GUERRERO  N\u00daM. 102, COL. CENTRO, MAT\u00cdAS ROMERO,  C.P. 70300<\/td>\n<\/tr>\n<tr class=\"row-9\">\n\t<td class=\"column-1\">MIAHUATL\u00c1N DE PORFIRIO D\u00cdAZ<\/td><td class=\"column-2\">LIC. ANDR\u00c9S MENDOZA ORTIZ <\/td><td class=\"column-3\">miahuatlan.ifreo@oaxaca.gob.mx<\/td><td class=\"column-4\">CALLE APOLINAR GARC\u00cdA<br \/>\nN\u00daMERO 102, BARRIO<br \/>\nABAJO, HEROICA CIUDAD<br \/>\nDE MIAHUATL\u00c1N DE<br \/>\nPORFIRIO D\u00cdAZ, OAXACA<\/td>\n<\/tr>\n<tr class=\"row-10\">\n\t<td class=\"column-1\">ASUNCI\u00d3N NOCHIXTL\u00c1N<\/td><td class=\"column-2\">LIC. PAOLA PRIMAVERA PALMA MIGUEL<\/td><td class=\"column-3\">nochixtlan.ifreo@oaxaca.gob.mx<\/td><td class=\"column-4\">CALLE LIBERTAD N\u00daM. 10, BARRIO LAS FLORES, ASUNCI\u00d3N <br \/>\nNOCHIXTL\u00c1N C.P. 69600<br \/>\n<\/td>\n<\/tr>\n<tr class=\"row-11\">\n\t<td class=\"column-1\">OCOTL\u00c1N DE MORELOS<\/td><td class=\"column-2\">LIC. NO\u00c9 MART\u00cdNEZ CANSECO<\/td><td class=\"column-3\">ocotlan.ifreo@oaxaca.gob.mx<\/td><td class=\"column-4\">UNIDAD ADMINISTRATIVA, PLANTA BAJA, CALLE BENITO JU\u00c1REZ, ESQUINA RODOLFO MORALES, OCOTL\u00c1N, C.P. 71510<\/td>\n<\/tr>\n<tr class=\"row-12\">\n\t<td class=\"column-1\">PINOTEPA NACIONAL Y SANTIAGO JAMILTEPEC<\/td><td class=\"column-2\">LIC. CITLALLI GUEVARA TOSCANO<\/td><td class=\"column-3\">pinotepa.ifreo@oaxaca.gob.mx<\/td><td class=\"column-4\">CALLE 2\u00aa SUR , COL. CENTRO, PINOTEPA NACIONAL, C.P. 71600<\/td>\n<\/tr>\n<tr class=\"row-13\">\n\t<td class=\"column-1\">PUERTO ESCONDIDO Y JUQUILA<\/td><td class=\"column-2\">LIC. ANTONIO RODR\u00cdGUEZ MANUEL<\/td><td class=\"column-3\">puerto.ifreo@oaxaca.gob.mx<\/td><td class=\"column-4\">1\u00aa. PONIENTE ESQ. HIDALGO, CENTRO, PUERTO ESCONDIDO, JUNTO A LA FERRETER\u00cdA REYSI<\/td>\n<\/tr>\n<tr class=\"row-14\">\n\t<td class=\"column-1\">SAN PEDRO POCHUTLA<\/td><td class=\"column-2\">LIC. EMMANUEL D\u00cdAZ LE\u00d3N<\/td><td class=\"column-3\">pochutla.ifreo@oaxaca.gob.mx<\/td><td class=\"column-4\">CALLE LAS PALMAS N\u00daM. 2 SECCION 1\u00aa. PLANTA ALTA, SAN PEDRO POCHUTLA, CP. 70900<\/td>\n<\/tr>\n<tr class=\"row-15\">\n\t<td class=\"column-1\">SALINA CRUZ<\/td><td class=\"column-2\">LIC. FRANCISCO GERARDO HERN\u00c1NDEZ CANSECO <\/td><td class=\"column-3\">salinacruz.ifreo@oaxaca.gob.mx<\/td><td class=\"column-4\">AVENIDA MANUEL \u00c1VILA CAMACHO #415 (INTERIOR, SEGUNDA PLANTA), COLONIA CENTRO, SALINA CRUZ, C.P.: 70600.<\/td>\n<\/tr>\n<tr class=\"row-16\">\n\t<td class=\"column-1\">SAN JUAN BAUTISTA TUXTEPEC<\/td><td class=\"column-2\">JOS\u00c9 ALFREDO ZUCCOLOTTO FERN\u00c1NDEZ<\/td><td class=\"column-3\">tuxtepec.ifreo@oaxaca.gob.mx<\/td><td class=\"column-4\">ALTOS DEL PALACIO MUNICIPAL, S\/N, AVENIDA 20 DE NOV. COLONIA, CENTRO, TUXTEPEC, C.P. 68300,<\/td>\n<\/tr>\n<tr class=\"row-17\">\n\t<td class=\"column-1\">SAN PEDRO TAPANATEPEC<\/td><td class=\"column-2\">LIC. BLANCA ESTELA CABRERA RUIZ<\/td><td class=\"column-3\">tapanatepec.ifreo@oaxaca.gob.mx<\/td><td class=\"column-4\">CALLE BENITO JU\u00c1REZ, N\u00daM. 80, BARRIO LAS FLORES,  SAN PEDRO TAPANATEPEC, C.P. 70160<\/td>\n<\/tr>\n<tr class=\"row-18\">\n\t<td class=\"column-1\">TLACOLULA DE MATAMOROS<\/td><td class=\"column-2\">LIC. MIRIAM RUB\u00cd CUEVAS BERDEJO<\/td><td class=\"column-3\">tlacolula.ifreo@oaxaca.gob.mx<\/td><td class=\"column-4\">NICOL\u00c1S BRAVO, N\u00daM. 12, PLANTA ALTA,  COLONIA CENTRO, TLACOLULA, C.P. 70400<\/td>\n<\/tr>\n<tr class=\"row-19\">\n\t<td class=\"column-1\">HEROICA CIUDAD DE TLAXIACO<\/td><td class=\"column-2\">LIC. DAVID HERN\u00c1NDEZ RUEDA<\/td><td class=\"column-3\"><\/td><td class=\"column-4\">AVENIDA  INDEPENDENCIA, N\u00daM. 16 ALTOS,  COL. CENTRO, TLAXIACO, C.P.69800<\/td>\n<\/tr>\n<tr class=\"row-20\">\n\t<td class=\"column-1\">SAN PEDRO Y SAN PABLO TEPOSCOLULA<\/td><td class=\"column-2\">LIC. PAOLA PRIMAVERA PALMA MIGUEL<\/td><td class=\"column-3\"><\/td><td class=\"column-4\">PALACIO MUNICIPAL, COL. CENTRO, SECCI\u00d3N PRIMERA. <\/td>\n<\/tr>\n<tr class=\"row-21\">\n\t<td class=\"column-1\">VILLA DE ZAACHILA<\/td><td class=\"column-2\">LIC. ROSA VIRGINIA CRUZ S\u00c1NCHEZ<\/td><td class=\"column-3\">zaachila.ifreo@oaxaca.gob.mx<\/td><td class=\"column-4\">CALLE NEPTUNO, N\u00daM. 105 B, BARRIO DE LA SOLEDAD, VILLA DE ZA\u00c1CHILA, C.P. 71313<\/td>\n<\/tr>\n<tr class=\"row-22\">\n\t<td class=\"column-1\">ZIMATL\u00c1N DE \u00c1LVAREZ<\/td><td class=\"column-2\">LIC. LAURA DANIELA LOPEZ ARIAS<\/td><td class=\"column-3\">zimatlan.ifreo@oaxaca.gob.mx<\/td><td class=\"column-4\">CALLE GARC\u00cdA VIGIL, NUM.12, LOCAL 11, COLONIA CENTRO. ZIMATL\u00c1N, C.P. 71205<\/td>\n<\/tr>\n<tr class=\"row-23\">\n\t<td class=\"column-1\">MARIA LOMBARDO DE CASO<\/td><td class=\"column-2\">LIC. GUADALUPE VASQUEZ ESCAMILLA<\/td><td class=\"column-3\"><\/td><td class=\"column-4\">HERMENEGILDO GALEANA, S\/N, (A UN COSTADO DE LA IGLESIA Y A DOS CUADRAS DEL PALACIO MPAL), MAR\u00cdA LOMBARDO,  C.P.70215.<\/td>\n<\/tr>\n<tr class=\"row-24\">\n\t<td class=\"column-1\">CIUDAD IXTEPEC<\/td><td class=\"column-2\"><\/td><td class=\"column-3\">ixtepec.ifreo@oaxaca.gob.mx<\/td><td class=\"column-4\">CALLE GALEANA S\/N, ENTRE CALLE CUAUHT\u00c9MOC Y ANTIGUA PISTA A\u00c9REA, COL. BRENA TORRES, DE CD. IXTEPEC <\/td>\n<\/tr>\n<tr class=\"row-25\">\n\t<td class=\"column-1\">SANTO DOMINGO TEHUANTEPEC<\/td><td class=\"column-2\">LIC. FRANCISCO GERARDO HERN\u00c1NDEZ CANSECO <\/td><td class=\"column-3\">tehuantepec.ifreo@oaxaca.gob.mx<\/td><td class=\"column-4\">BLADUYU N\u00daMERO 11, TEHUANTEPEC, OAXACA C.P. 70760<\/td>\n<\/tr>\n<tr class=\"row-26\">\n\t<td class=\"column-1\">TEOTITL\u00c1N DE FLORES MAG\u00d3N<\/td><td class=\"column-2\">LIC. AZUCENA S\u00c1NCHEZ HERN\u00c1NDEZ<\/td><td class=\"column-3\">teotitlan.ifreo@oaxaca.gob.mx<\/td><td class=\"column-4\">CALLE JOS\u00c9 G. ORTIZ, N\u00daMERO 11, CENTRO, TEOTITL\u00c1N DE FLORES MAG\u00d3N C.P. 68540<\/td>\n<\/tr>\n<tr class=\"row-27\">\n\t<td class=\"column-1\">SILACAYOAPAM<\/td><td class=\"column-2\">LIC. REN\u00c9 PEL\u00c1EZ MARIANO<\/td><td class=\"column-3\">huajuapan.ifreo@oaxaca.gob.mx<\/td><td class=\"column-4\">PALACIO MUNICIPAL SN, COLONIA CENTRO, SILACAYOAPAM<\/td>\n<\/tr>\n<tr class=\"row-28\">\n\t<td class=\"column-1\">PUTLA VILLA DE GUERRERO<\/td><td class=\"column-2\">LIC. DAVID HERN\u00c1NDEZ RUEDA<\/td><td class=\"column-3\">putla.ifreo@oaxaca.gob.mx<\/td><td class=\"column-4\">CALLE HIDALGO S\/N SEGUNDO NIVEL, ANTIG\u00dcO HOSPITAL, PUTLA VILLA DE GUERRERO<\/td>\n<\/tr>\n<tr class=\"row-29\">\n\t<td class=\"column-1\">SAN CARLOS YAUTEPEC<\/td><td class=\"column-2\">LIC. KEVIN ANTONIO P\u00c9REZ ZARATE <\/td><td class=\"column-3\"><\/td><td class=\"column-4\">CALLE 5 DE FEBRERO S\/N, EDIFICIO ANEXO AL PALACIO MUNICIPAL, COL. CENTRO, SAN CARLOS YAUTEPEC, YAUTEPEC<\/td>\n<\/tr>\n<tr class=\"row-30\">\n\t<td class=\"column-1\">CENTRO<\/td><td class=\"column-2\">LIC. MARIA YOHALI<br \/>\nBARRANCO N\u00da\u00d1EZ<\/td><td class=\"column-3\"><\/td><td class=\"column-4\">CALLE 5 DE MAYO N\u00daM 200 ESQ. AV. MORELOS, CENTRO HIST\u00d3RICO, OAXACA, C.P.68000<\/td>\n<\/tr>\n<tr class=\"row-31\">\n\t<td class=\"column-1\">CENTRO<\/td><td class=\"column-2\">LIC. BULMARO PROSPERO OCAMPO<\/td><td class=\"column-3\"><\/td><td class=\"column-4\">CALLE 5 DE MAYO N\u00daM 200 ESQ. AV. MORELOS, CENTRO HIST\u00d3RICO, OAXACA, C.P.68000<\/td>\n<\/tr>\n<tr class=\"row-32\">\n\t<td class=\"column-1\">CENTRO<\/td><td class=\"column-2\">LIC. CARLOS REYES P\u00c9REZ<\/td><td class=\"column-3\"><\/td><td class=\"column-4\">CALLE 5 DE MAYO N\u00daM 200 ESQ. AV. MORELOS, CENTRO HIST\u00d3RICO, OAXACA, C.P.68000<\/td>\n<\/tr>\n<tr class=\"row-33\">\n\t<td class=\"column-1\">CENTRO<\/td><td class=\"column-2\">LIC. JORGE LUIS GONZ\u00c1LEZ SALMER\u00d3N<\/td><td class=\"column-3\"><\/td><td class=\"column-4\">CALLE 5 DE MAYO N\u00daM 200 ESQ. AV. MORELOS, CENTRO HIST\u00d3RICO, OAXACA, C.P.68000<\/td>\n<\/tr>\n<tr class=\"row-34\">\n\t<td class=\"column-1\">CENTRO<\/td><td class=\"column-2\">LIC. WILBERT SANTIAGO ESCOBAR<\/td><td class=\"column-3\"><\/td><td class=\"column-4\">CALLE 5 DE MAYO N\u00daM 200 ESQ. AV. MORELOS, CENTRO HIST\u00d3RICO, OAXACA, C.P.68000<\/td>\n<\/tr>\n<tr class=\"row-35\">\n\t<td class=\"column-1\">CENTRO<\/td><td class=\"column-2\">LIC. REY EDUARDO SALINAS GARC\u00cdA<\/td><td class=\"column-3\"><\/td><td class=\"column-4\">CALLE 5 DE MAYO N\u00daM 200 ESQ. AV. MORELOS, CENTRO HIST\u00d3RICO, OAXACA, C.P.68000<\/td>\n<\/tr>\n<tr class=\"row-36\">\n\t<td class=\"column-1\">CENTRO<\/td><td class=\"column-2\">LIC. CARLOS LUIS CARBALLIDO PORRAS<\/td><td class=\"column-3\"><\/td><td class=\"column-4\">CALLE 5 DE MAYO ESQ. AV. MORELOS, CENTRO HIST\u00d3RICO, OAXACA, C.P.68000<\/td>\n<\/tr>\n<tr class=\"row-37\">\n\t<td class=\"column-1\">CENTRO<\/td><td class=\"column-2\">LIC. BRYAN EDUARDO CRUZ REND\u00d3N<\/td><td class=\"column-3\"><\/td><td class=\"column-4\">CALLE 5 DE MAYO ESQ. AV. MORELOS, CENTRO HIST\u00d3RICO, OAXACA, C.P.68000<\/td>\n<\/tr>\n<tr class=\"row-38\">\n\t<td class=\"column-1\">CENTRO<\/td><td class=\"column-2\">LIC. DIANA ZAIRA S\u00c1NCHEZ CARDENAS<\/td><td class=\"column-3\"><\/td><td class=\"column-4\">CALLE 5 DE MAYO ESQ. AV. MORELOS, CENTRO HIST\u00d3RICO, OAXACA, C.P.68000<\/td>\n<\/tr>\n<\/tbody>\n<\/table>\n<!-- #tablepress-12 from cache -->\n<h2>Centros Integrales<\/h2>\n\n<table id=\"tablepress-24\" class=\"tablepress tablepress-id-24\">\n<thead>\n<tr class=\"row-1\">\n\t<th colspan=\"5\" class=\"column-1\">M\u00d3DULOS INTEGRALES DE ATENCI\u00d3N AL CONTRIBUYENTE CON FUNCIONES REGISTRALES DEPENDIENTES DE LA SECRETARIA DE FINANZAS  TEL 5016900 EXT. 23525  LIC. GAST\u00d3N V\u00c1SQUEZ MART\u00cdNEZ, COORDINADOR DE CENTROS DE ATENCI\u00d3N AL CONTRIBUYENTE.<\/th>\n<\/tr>\n<\/thead>\n<tbody class=\"row-striping row-hover\">\n<tr class=\"row-2\">\n\t<td class=\"column-1\"><strong>N\u00b0<\/strong><\/td><td class=\"column-2\"><strong>CENTROS\/M\u00d3DULOS<\/strong><\/td><td class=\"column-3\"><strong>REGISTRADOR<\/strong><\/td><td class=\"column-4\"><strong>DOMICILIO<\/strong><\/td><td class=\"column-5\"><strong>CORREO ELECTR\u00d3NICO<\/strong><\/td>\n<\/tr>\n<tr class=\"row-3\">\n\t<td class=\"column-1\">1<\/td><td class=\"column-2\">COSOLAPA<\/td><td class=\"column-3\">MIRIAM MEDINA VELASQUEZ<\/td><td class=\"column-4\">AV. BRENA TORRES Y AV. BENITO JU\u00c1REZ S\/N,<br \/>\nPLANTA BAJA DEL PALACIO MUNICIPAL,<br \/>\nCOSOLAPA, OAXACA DE JU\u00c1REZ.<br \/>\nC.P.:68410<\/td><td class=\"column-5\">cosolapa@finanzasoaxaca.gob.mx<\/td>\n<\/tr>\n<tr class=\"row-4\">\n\t<td class=\"column-1\">2<\/td><td class=\"column-2\">SAN JUAN BAUTISTA CUICATL\u00c1N<\/td><td class=\"column-3\">JUAN CARLOS BARRERA DURAN<\/td><td class=\"column-4\">CENTENARIO N\u00b0 18, BARRIO GRANDE, COL. CENTRO C.P. 68600<\/td><td class=\"column-5\">cuicatlan@finanzasoaxaca.gob.mx<\/td>\n<\/tr>\n<tr class=\"row-5\">\n\t<td class=\"column-1\">3<\/td><td class=\"column-2\">IXTL\u00c1N DE JU\u00c1REZ<\/td><td class=\"column-3\">DULCE CAROLINA MIGUEL HERN\u00c1NDEZ<\/td><td class=\"column-4\">FIDENCIO HERN\u00c1NDEZ,  N\u00b0 3 ESQ. REVOLUCI\u00d3N, P.B. PALACIO MUNICIPAL. IXTL\u00c1N DE JU\u00c1REZ, OAXACA C.P.  68725<\/td><td class=\"column-5\">ixtlan@finanzasoaxaca.gob.mx<\/td>\n<\/tr>\n<tr class=\"row-6\">\n\t<td class=\"column-1\">6<\/td><td class=\"column-2\">ZACATEPEC<\/td><td class=\"column-3\">FILOGONEO DIONISIO G\u00d3MEZ<\/td><td class=\"column-4\">DOM. CONOCIDO, PALACIO MUNICIPAL, P.B. CENTRO C.P. 70200<\/td><td class=\"column-5\">zacatepec@finanzasoaxaca.gob.mx<\/td>\n<\/tr>\n<tr class=\"row-7\">\n\t<td class=\"column-1\">9<\/td><td class=\"column-2\">SANTIAGO CHOAPAM<\/td><td class=\"column-3\">JUDITH DIONET GUTI\u00c9RREZ<\/td><td class=\"column-4\">DOMICILIO CONOCIDO S\/N, COL. CENTRO<br \/>\nPLANTA ALTA DEL PALACIO MUNICIPAL,<br \/>\nSANTIAGO CHOAPAM, OAXACA DE JU\u00c1REZ.<br \/>\nC.P.:68900<\/td><td class=\"column-5\">choapam@finanzasoaxaca.gob.mx<\/td>\n<\/tr>\n<tr class=\"row-8\">\n\t<td class=\"column-1\">10<\/td><td class=\"column-2\">SAN ILDELFONSO VILLA ALTA<\/td><td class=\"column-3\">MARCO ANTONIO SANDOVAL GALLEGOS<\/td><td class=\"column-4\">AV. 16 DE SEPTIEMBRE S\/N, COL. CENTRO,<br \/>\nPLANTA ALTA DEL PALACIO MUNICIPAL. SAN<br \/>\nIDELFONSO VILLA ALTA, OAXACA DE JU\u00c1REZ.<br \/>\nC.P: 68800<\/td><td class=\"column-5\">villaalta@finanzasoaxaca.gob.mx<\/td>\n<\/tr>\n<tr class=\"row-9\">\n\t<td class=\"column-1\">11<\/td><td class=\"column-2\">VILLA SOLA DE VEGA<\/td><td class=\"column-3\">ORLANDO GUADALUPE COLMENARES CORTES<\/td><td class=\"column-4\">CALLE REFORMA S\/N, PLAZA PRINCIPAL, ENTRE<br \/>\nLAS CALLES DE REFORMA Y MORELOS VILLA<br \/>\nSOLA DE VEGA, OAXACA DE JU\u00c1REZ.<br \/>\nC.P.: 71400<\/td><td class=\"column-5\">soladevega@finanzasoaxaca.gob.mx<\/td>\n<\/tr>\n<\/tbody>\n<\/table>\n<!-- #tablepress-24 from cache -->\n","protected":false},"excerpt":{"rendered":"<p>Encuentra la oficina que te corresponde, haz clic aqu\u00ed\u00a0 &nbsp; Centros Integrales<\/p>\n","protected":false},"author":23,"featured_media":0,"parent":0,"menu_order":0,"comment_status":"closed","ping_status":"closed","template":"","meta":{"episode_type":"","audio_file":"","podmotor_file_id":"","podmotor_episode_id":"","cover_image":"","cover_image_id":"","duration":"","filesize":"","filesize_raw":"","date_recorded":"","explicit":"","block":"","itunes_episode_number":"","itunes_title":"","itunes_season_number":"","itunes_episode_type":"","footnotes":""},"categories":[],"tags":[],"class_list":["post-3300","page","type-page","status-publish","hentry"],"acf":[],"publishpress_future_action":{"enabled":false,"date":"2026-05-11 11:56:51","action":"change-status","newStatus":"draft","terms":[],"taxonomy":"category","extraData":[]},"publishpress_future_workflow_manual_trigger":{"enabledWorkflows":[]},"_links":{"self":[{"href":"https:\/\/www.oaxaca.gob.mx\/ifreo\/wp-json\/wp\/v2\/pages\/3300","targetHints":{"allow":["GET"]}}],"collection":[{"href":"https:\/\/www.oaxaca.gob.mx\/ifreo\/wp-json\/wp\/v2\/pages"}],"about":[{"href":"https:\/\/www.oaxaca.gob.mx\/ifreo\/wp-json\/wp\/v2\/types\/page"}],"author":[{"embeddable":true,"href":"https:\/\/www.oaxaca.gob.mx\/ifreo\/wp-json\/wp\/v2\/users\/23"}],"replies":[{"embeddable":true,"href":"https:\/\/www.oaxaca.gob.mx\/ifreo\/wp-json\/wp\/v2\/comments?post=3300"}],"version-history":[{"count":3,"href":"https:\/\/www.oaxaca.gob.mx\/ifreo\/wp-json\/wp\/v2\/pages\/3300\/revisions"}],"predecessor-version":[{"id":5171,"href":"https:\/\/www.oaxaca.gob.mx\/ifreo\/wp-json\/wp\/v2\/pages\/3300\/revisions\/5171"}],"wp:attachment":[{"href":"https:\/\/www.oaxaca.gob.mx\/ifreo\/wp-json\/wp\/v2\/media?parent=3300"}],"wp:term":[{"taxonomy":"category","embeddable":true,"href":"https:\/\/www.oaxaca.gob.mx\/ifreo\/wp-json\/wp\/v2\/categories?post=3300"},{"taxonomy":"post_tag","embeddable":true,"href":"https:\/\/www.oaxaca.gob.mx\/ifreo\/wp-json\/wp\/v2\/tags?post=3300"}],"curies":[{"name":"wp","href":"https:\/\/api.w.org\/{rel}","templated":true}]}}