{"id":96,"date":"2017-04-24T16:28:53","date_gmt":"2017-04-24T22:28:53","guid":{"rendered":"https:\/\/www.oaxaca.gob.mx\/ioa\/?page_id=96"},"modified":"2017-04-24T16:28:53","modified_gmt":"2017-04-24T22:28:53","slug":"organigrama","status":"publish","type":"page","link":"https:\/\/www.oaxaca.gob.mx\/ifpa\/organigrama\/","title":{"rendered":"Organigrama"},"content":{"rendered":"<ol>\n<li><strong> Direcci\u00f3n General<\/strong><\/li>\n<\/ol>\n<p>1.0.1.\u00a0\u00a0\u00a0 Departamento Jur\u00eddico<\/p>\n<p>1.0.2.\u00a0\u00a0\u00a0 Departamento Administrativo<\/p>\n<p>1.0.3.\u00a0\u00a0\u00a0 Departamento de Capacitaci\u00f3n y Programas Sociales<\/p>\n<p>1.0.4.\u00a0\u00a0\u00a0 Departamento de Investigaci\u00f3n y Desarrollo Artesanal<\/p>\n<p><strong>1.1. Direcci\u00f3n de Comercializaci\u00f3n y Desarrollo Artesanal<\/strong><\/p>\n<p>1.1.1<strong>\u00a0\u00a0\u00a0\u00a0 <\/strong>Departamento de Dise\u00f1o y Promoci\u00f3n<\/p>\n<p>1.1.2\u00a0\u00a0\u00a0\u00a0 Departamento de Comercializaci\u00f3n y Ventas<\/p>\n<p>1.1.3\u00a0\u00a0\u00a0\u00a0 Departamento de Embarques y Exportaciones<\/p>\n<p><a class=\"btn btn-morado\" href=\"\/ioa\/wp-content\/uploads\/sites\/46\/2017\/04\/170424114535_0001-1.pdf\" target=\"_blank\" rel=\"noopener noreferrer\">Descargar<\/a><\/p>\n","protected":false},"excerpt":{"rendered":"<p>Direcci\u00f3n General 1.0.1.\u00a0\u00a0\u00a0 Departamento Jur\u00eddico 1.0.2.\u00a0\u00a0\u00a0 Departamento Administrativo 1.0.3.\u00a0\u00a0\u00a0 Departamento de Capacitaci\u00f3n y Programas Sociales 1.0.4.\u00a0\u00a0\u00a0 Departamento de Investigaci\u00f3n y Desarrollo Artesanal 1.1. Direcci\u00f3n de Comercializaci\u00f3n y Desarrollo Artesanal 1.1.1\u00a0\u00a0\u00a0\u00a0 Departamento de Dise\u00f1o y Promoci\u00f3n 1.1.2\u00a0\u00a0\u00a0\u00a0 Departamento de Comercializaci\u00f3n y Ventas 1.1.3\u00a0\u00a0\u00a0\u00a0 Departamento de Embarques y Exportaciones Descargar<\/p>\n","protected":false},"author":1,"featured_media":0,"parent":0,"menu_order":0,"comment_status":"closed","ping_status":"closed","template":"","meta":{"episode_type":"","audio_file":"","podmotor_file_id":"","podmotor_episode_id":"","cover_image":"","cover_image_id":"","duration":"","filesize":"","filesize_raw":"","date_recorded":"","explicit":"","block":"","itunes_episode_number":"","itunes_title":"","itunes_season_number":"","itunes_episode_type":"","footnotes":""},"categories":[],"tags":[],"class_list":["post-96","page","type-page","status-publish","hentry"],"acf":[],"publishpress_future_action":{"enabled":false,"date":"2026-04-25 23:39:25","action":"change-status","newStatus":"draft","terms":[],"taxonomy":"category","extraData":[]},"publishpress_future_workflow_manual_trigger":{"enabledWorkflows":[]},"_links":{"self":[{"href":"https:\/\/www.oaxaca.gob.mx\/ifpa\/wp-json\/wp\/v2\/pages\/96","targetHints":{"allow":["GET"]}}],"collection":[{"href":"https:\/\/www.oaxaca.gob.mx\/ifpa\/wp-json\/wp\/v2\/pages"}],"about":[{"href":"https:\/\/www.oaxaca.gob.mx\/ifpa\/wp-json\/wp\/v2\/types\/page"}],"author":[{"embeddable":true,"href":"https:\/\/www.oaxaca.gob.mx\/ifpa\/wp-json\/wp\/v2\/users\/1"}],"replies":[{"embeddable":true,"href":"https:\/\/www.oaxaca.gob.mx\/ifpa\/wp-json\/wp\/v2\/comments?post=96"}],"version-history":[{"count":0,"href":"https:\/\/www.oaxaca.gob.mx\/ifpa\/wp-json\/wp\/v2\/pages\/96\/revisions"}],"wp:attachment":[{"href":"https:\/\/www.oaxaca.gob.mx\/ifpa\/wp-json\/wp\/v2\/media?parent=96"}],"wp:term":[{"taxonomy":"category","embeddable":true,"href":"https:\/\/www.oaxaca.gob.mx\/ifpa\/wp-json\/wp\/v2\/categories?post=96"},{"taxonomy":"post_tag","embeddable":true,"href":"https:\/\/www.oaxaca.gob.mx\/ifpa\/wp-json\/wp\/v2\/tags?post=96"}],"curies":[{"name":"wp","href":"https:\/\/api.w.org\/{rel}","templated":true}]}}