{"id":3284,"date":"2023-12-08T16:02:22","date_gmt":"2023-12-08T22:02:22","guid":{"rendered":"https:\/\/www.oaxaca.gob.mx\/ifpa\/?page_id=3284"},"modified":"2023-12-08T16:02:22","modified_gmt":"2023-12-08T22:02:22","slug":"mapa-del-sitio","status":"publish","type":"page","link":"https:\/\/www.oaxaca.gob.mx\/ifpa\/mapa-del-sitio\/","title":{"rendered":"Mapa del Sitio"},"content":{"rendered":"<div class=\"wsp-container\"><h2 class=\"wsp-pages-title\">P\u00e1ginas<\/h2>\n<ul class=\"wsp-pages-list\">\n<li class=\"page_item page-item-25\"><a href=\"https:\/\/www.oaxaca.gob.mx\/ifpa\/quienes-somos\/\">\u00bfQui\u00e9nes somos?<\/a><\/li>\n<li class=\"page_item page-item-1930\"><a href=\"https:\/\/www.oaxaca.gob.mx\/ifpa\/2020-2\/\">2020<\/a><\/li>\n<li class=\"page_item page-item-1821\"><a href=\"https:\/\/www.oaxaca.gob.mx\/ifpa\/administracion-documental-del-ioa\/\">Administraci\u00f3n Documental del IFPA<\/a><\/li>\n<li class=\"page_item page-item-2375\"><a href=\"https:\/\/www.oaxaca.gob.mx\/ifpa\/aripo\/\">Aripo<\/a><\/li>\n<li class=\"page_item page-item-3171\"><a href=\"https:\/\/www.oaxaca.gob.mx\/ifpa\/auditoria\/\">Auditoria<\/a><\/li>\n<li class=\"page_item page-item-5\"><a href=\"https:\/\/www.oaxaca.gob.mx\/ifpa\/calendar-2\/\">Calendar<\/a><\/li>\n<li class=\"page_item page-item-3\"><a href=\"https:\/\/www.oaxaca.gob.mx\/ifpa\/calendar\/\">Calendar<\/a><\/li>\n<li class=\"page_item page-item-1550\"><a href=\"https:\/\/www.oaxaca.gob.mx\/ifpa\/calendar-3\/\">Calendar<\/a><\/li>\n<li class=\"page_item page-item-1852\"><a href=\"https:\/\/www.oaxaca.gob.mx\/ifpa\/comite-de-etica\/\">Comit\u00e9 de \u00c9tica<\/a><\/li>\n<li class=\"page_item page-item-31\"><a href=\"https:\/\/www.oaxaca.gob.mx\/ifpa\/contacto\/\">Contacto<\/a><\/li>\n<li class=\"page_item page-item-190\"><a href=\"https:\/\/www.oaxaca.gob.mx\/ifpa\/cuenta-publica\/\">Cuenta P\u00fablica<\/a><\/li>\n<li class=\"page_item page-item-19\"><a href=\"https:\/\/www.oaxaca.gob.mx\/ifpa\/transparencia\/\">CUMPLIMIENTO DE OBLIGACIONES DE TRANSPARENCIA<\/a><\/li>\n<li class=\"page_item page-item-1430\"><a href=\"https:\/\/www.oaxaca.gob.mx\/ifpa\/cumplimiento-obligaciones-lgtaip\/\">CUMPLIMIENTO DE OBLIGACIONES DE TRANSPARENCIA<\/a><\/li>\n<li class=\"page_item page-item-54\"><a href=\"https:\/\/www.oaxaca.gob.mx\/ifpa\/titular\/\">Directorio<\/a><\/li>\n<li class=\"page_item page-item-1552\"><a href=\"https:\/\/www.oaxaca.gob.mx\/ifpa\/estructura-organica\/\">Estructura Org\u00e1nica<\/a><\/li>\n<li class=\"page_item page-item-2801 page_item_has_children\"><a href=\"https:\/\/www.oaxaca.gob.mx\/ifpa\/eventos\/\">Eventos<\/a>\n<ul class='children'>\n\t<li class=\"page_item page-item-2803\"><a href=\"https:\/\/www.oaxaca.gob.mx\/ifpa\/eventos\/categorias\/\">Categor\u00edas<\/a><\/li>\n\t<li class=\"page_item page-item-2804\"><a href=\"https:\/\/www.oaxaca.gob.mx\/ifpa\/eventos\/etiquetas\/\">Etiquetas<\/a><\/li>\n\t<li class=\"page_item page-item-2805\"><a href=\"https:\/\/www.oaxaca.gob.mx\/ifpa\/eventos\/mis-reservas\/\">Mis Reservas<\/a><\/li>\n\t<li class=\"page_item page-item-2802\"><a href=\"https:\/\/www.oaxaca.gob.mx\/ifpa\/eventos\/ubicaciones\/\">Ubicaciones<\/a><\/li>\n<\/ul>\n<\/li>\n<li class=\"page_item page-item-153\"><a href=\"https:\/\/www.oaxaca.gob.mx\/ifpa\/informacion-publica\/\">Facultades<\/a><\/li>\n<li class=\"page_item page-item-1940\"><a href=\"https:\/\/www.oaxaca.gob.mx\/ifpa\/formulario-de-inscripcion-para-capacitacion-en-linea\/\">Formulario de Inscripci\u00f3n para Capacitaci\u00f3n en L\u00ednea<\/a><\/li>\n<li class=\"page_item page-item-80\"><a href=\"https:\/\/www.oaxaca.gob.mx\/ifpa\/informacion-financiera\/\">Informaci\u00f3n Financiera<\/a><\/li>\n<li class=\"page_item page-item-545\"><a href=\"https:\/\/www.oaxaca.gob.mx\/ifpa\/informacion-presupuestal\/\">Informaci\u00f3n Presupuestal<\/a><\/li>\n<li class=\"page_item page-item-1469\"><a href=\"https:\/\/www.oaxaca.gob.mx\/ifpa\/\">Inicio<\/a><\/li>\n<li class=\"page_item page-item-1549\"><a href=\"https:\/\/www.oaxaca.gob.mx\/ifpa\/loginpress\/\">LoginPress<\/a><\/li>\n<li class=\"page_item page-item-3284\"><a href=\"https:\/\/www.oaxaca.gob.mx\/ifpa\/mapa-del-sitio\/\">Mapa del Sitio<\/a><\/li>\n<li class=\"page_item page-item-185\"><a href=\"https:\/\/www.oaxaca.gob.mx\/ifpa\/marco-normativo\/\">Marco Normativo<\/a><\/li>\n<li class=\"page_item page-item-43\"><a href=\"https:\/\/www.oaxaca.gob.mx\/ifpa\/mision-y-vision\/\">Misi\u00f3n y Visi\u00f3n<\/a><\/li>\n<li class=\"page_item page-item-61\"><a href=\"https:\/\/www.oaxaca.gob.mx\/ifpa\/noticias\/\">Noticias<\/a><\/li>\n<li class=\"page_item page-item-207\"><a href=\"https:\/\/www.oaxaca.gob.mx\/ifpa\/nuestras-obligaciones\/\">Nuestras Obligaciones<\/a><\/li>\n<li class=\"page_item page-item-51\"><a href=\"https:\/\/www.oaxaca.gob.mx\/ifpa\/objetivo-general\/\">Objetivo General<\/a><\/li>\n<li class=\"page_item page-item-1337\"><a href=\"https:\/\/www.oaxaca.gob.mx\/ifpa\/obligaciones-de-transparencia-2015-2017\/\">Obligaciones de Transparencia 2015-2017<\/a><\/li>\n<li class=\"page_item page-item-1149\"><a href=\"https:\/\/www.oaxaca.gob.mx\/ifpa\/cumplimiento-transparencia-2018\/\">Obligaciones de Transparencia 2018<\/a><\/li>\n<li class=\"page_item page-item-96\"><a href=\"https:\/\/www.oaxaca.gob.mx\/ifpa\/organigrama\/\">Organigrama<\/a><\/li>\n<li class=\"page_item page-item-1600\"><a href=\"https:\/\/www.oaxaca.gob.mx\/ifpa\/pagina-ejemplo-2\/\">P\u00e1gina de ejemplo<\/a><\/li>\n<li class=\"page_item page-item-2\"><a href=\"https:\/\/www.oaxaca.gob.mx\/ifpa\/pagina-ejemplo\/\">P\u00e1gina de ejemplo<\/a><\/li>\n<li class=\"page_item page-item-2601\"><a href=\"https:\/\/www.oaxaca.gob.mx\/ifpa\/plan-institucional\/\">Plan Institucional<\/a><\/li>\n<li class=\"page_item page-item-28\"><a href=\"https:\/\/www.oaxaca.gob.mx\/ifpa\/sala-de-prensa\/\">Sala de Prensa<\/a><\/li>\n<li class=\"page_item page-item-1691\"><a href=\"https:\/\/www.oaxaca.gob.mx\/ifpa\/tabla-de-actualizacion-y-concentracion\/\">Tabla de Actualizaci\u00f3n y Conservaci\u00f3n<\/a><\/li>\n<li class=\"page_item page-item-1683\"><a href=\"https:\/\/www.oaxaca.gob.mx\/ifpa\/tabla-de-aplicabilidad\/\">Tabla de Aplicabilidad<\/a><\/li>\n<li class=\"page_item page-item-1569\"><a href=\"https:\/\/www.oaxaca.gob.mx\/ifpa\/titular-de-la-dependencia\/\">Titular de la Dependencia<\/a><\/li>\n<li class=\"page_item page-item-1563\"><a href=\"https:\/\/www.oaxaca.gob.mx\/ifpa\/tramites-y-servicios\/\">Tr\u00e1mites y Servicios<\/a><\/li>\n<li class=\"page_item page-item-1407\"><a href=\"https:\/\/www.oaxaca.gob.mx\/ifpa\/aviso-de-privacidad\/\">Aviso de Privacidad<\/a><\/li>\n<\/ul>\n<\/div>\n","protected":false},"excerpt":{"rendered":"","protected":false},"author":1,"featured_media":0,"parent":0,"menu_order":0,"comment_status":"closed","ping_status":"closed","template":"","meta":{"episode_type":"","audio_file":"","podmotor_file_id":"","podmotor_episode_id":"","cover_image":"","cover_image_id":"","duration":"","filesize":"","filesize_raw":"","date_recorded":"","explicit":"","block":"","itunes_episode_number":"","itunes_title":"","itunes_season_number":"","itunes_episode_type":"","footnotes":""},"categories":[],"tags":[],"class_list":["post-3284","page","type-page","status-publish","hentry"],"acf":[],"publishpress_future_action":{"enabled":false,"date":"2026-04-25 21:35:54","action":"change-status","newStatus":"draft","terms":[],"taxonomy":"category","extraData":[]},"publishpress_future_workflow_manual_trigger":{"enabledWorkflows":[]},"_links":{"self":[{"href":"https:\/\/www.oaxaca.gob.mx\/ifpa\/wp-json\/wp\/v2\/pages\/3284","targetHints":{"allow":["GET"]}}],"collection":[{"href":"https:\/\/www.oaxaca.gob.mx\/ifpa\/wp-json\/wp\/v2\/pages"}],"about":[{"href":"https:\/\/www.oaxaca.gob.mx\/ifpa\/wp-json\/wp\/v2\/types\/page"}],"author":[{"embeddable":true,"href":"https:\/\/www.oaxaca.gob.mx\/ifpa\/wp-json\/wp\/v2\/users\/1"}],"replies":[{"embeddable":true,"href":"https:\/\/www.oaxaca.gob.mx\/ifpa\/wp-json\/wp\/v2\/comments?post=3284"}],"version-history":[{"count":2,"href":"https:\/\/www.oaxaca.gob.mx\/ifpa\/wp-json\/wp\/v2\/pages\/3284\/revisions"}],"predecessor-version":[{"id":3286,"href":"https:\/\/www.oaxaca.gob.mx\/ifpa\/wp-json\/wp\/v2\/pages\/3284\/revisions\/3286"}],"wp:attachment":[{"href":"https:\/\/www.oaxaca.gob.mx\/ifpa\/wp-json\/wp\/v2\/media?parent=3284"}],"wp:term":[{"taxonomy":"category","embeddable":true,"href":"https:\/\/www.oaxaca.gob.mx\/ifpa\/wp-json\/wp\/v2\/categories?post=3284"},{"taxonomy":"post_tag","embeddable":true,"href":"https:\/\/www.oaxaca.gob.mx\/ifpa\/wp-json\/wp\/v2\/tags?post=3284"}],"curies":[{"name":"wp","href":"https:\/\/api.w.org\/{rel}","templated":true}]}}