{"id":25,"date":"2017-04-24T12:11:44","date_gmt":"2017-04-24T18:11:44","guid":{"rendered":"https:\/\/www.oaxaca.gob.mx\/ioa\/?page_id=25"},"modified":"2023-01-26T17:33:55","modified_gmt":"2023-01-26T23:33:55","slug":"quienes-somos","status":"publish","type":"page","link":"https:\/\/www.oaxaca.gob.mx\/ifpa\/quienes-somos\/","title":{"rendered":"\u00bfQui\u00e9nes somos?"},"content":{"rendered":"<p>El Instituto para el Fomento y la Protecci\u00f3n de las Artesan\u00edas, es un organismo descentralizado, con personalidad jur\u00eddica y patrimonio propio, encargado de impulsar el desarrollo artesanal, que cuenta con un padr\u00f3n de artesanos y artesanas registrados.<\/p>\n<p>EL IFPA, es una instituci\u00f3n que busca incentivar de manera continua la labor productiva de las diversas culturas oaxaque\u00f1as, brindando programas y proyectos de investigaci\u00f3n, capacitaci\u00f3n, financiamiento, comercializaci\u00f3n y promoci\u00f3n a la creatividad y talento del sector artesanal. El trabajo artesanal es un medio para generar y enfatizar la tradici\u00f3n y cultura del estado de Oaxaca, labor que el IFPA busca cumplir a trav\u00e9s del impulso al sector artesanal oaxaque\u00f1o.<\/p>\n<p>&nbsp;<\/p>\n","protected":false},"excerpt":{"rendered":"<p>El Instituto para el Fomento y la Protecci\u00f3n de las Artesan\u00edas, es un organismo descentralizado, con personalidad jur\u00eddica y patrimonio propio, encargado de impulsar el desarrollo artesanal, que cuenta con un padr\u00f3n de artesanos y artesanas registrados. EL IFPA, es una instituci\u00f3n que busca incentivar de manera continua la labor productiva de las diversas culturas [&hellip;]<\/p>\n","protected":false},"author":1,"featured_media":0,"parent":0,"menu_order":0,"comment_status":"closed","ping_status":"closed","template":"","meta":{"episode_type":"","audio_file":"","podmotor_file_id":"","podmotor_episode_id":"","cover_image":"","cover_image_id":"","duration":"","filesize":"","filesize_raw":"","date_recorded":"","explicit":"","block":"","itunes_episode_number":"","itunes_title":"","itunes_season_number":"","itunes_episode_type":"","footnotes":""},"categories":[],"tags":[],"class_list":["post-25","page","type-page","status-publish","hentry"],"acf":[],"publishpress_future_action":{"enabled":false,"date":"2026-04-25 23:21:14","action":"change-status","newStatus":"draft","terms":[],"taxonomy":"category","extraData":[]},"publishpress_future_workflow_manual_trigger":{"enabledWorkflows":[]},"_links":{"self":[{"href":"https:\/\/www.oaxaca.gob.mx\/ifpa\/wp-json\/wp\/v2\/pages\/25","targetHints":{"allow":["GET"]}}],"collection":[{"href":"https:\/\/www.oaxaca.gob.mx\/ifpa\/wp-json\/wp\/v2\/pages"}],"about":[{"href":"https:\/\/www.oaxaca.gob.mx\/ifpa\/wp-json\/wp\/v2\/types\/page"}],"author":[{"embeddable":true,"href":"https:\/\/www.oaxaca.gob.mx\/ifpa\/wp-json\/wp\/v2\/users\/1"}],"replies":[{"embeddable":true,"href":"https:\/\/www.oaxaca.gob.mx\/ifpa\/wp-json\/wp\/v2\/comments?post=25"}],"version-history":[{"count":2,"href":"https:\/\/www.oaxaca.gob.mx\/ifpa\/wp-json\/wp\/v2\/pages\/25\/revisions"}],"predecessor-version":[{"id":2650,"href":"https:\/\/www.oaxaca.gob.mx\/ifpa\/wp-json\/wp\/v2\/pages\/25\/revisions\/2650"}],"wp:attachment":[{"href":"https:\/\/www.oaxaca.gob.mx\/ifpa\/wp-json\/wp\/v2\/media?parent=25"}],"wp:term":[{"taxonomy":"category","embeddable":true,"href":"https:\/\/www.oaxaca.gob.mx\/ifpa\/wp-json\/wp\/v2\/categories?post=25"},{"taxonomy":"post_tag","embeddable":true,"href":"https:\/\/www.oaxaca.gob.mx\/ifpa\/wp-json\/wp\/v2\/tags?post=25"}],"curies":[{"name":"wp","href":"https:\/\/api.w.org\/{rel}","templated":true}]}}