{"id":190,"date":"2017-04-26T08:10:49","date_gmt":"2017-04-26T14:10:49","guid":{"rendered":"https:\/\/www.oaxaca.gob.mx\/ioa\/?page_id=190"},"modified":"2024-01-18T15:41:55","modified_gmt":"2024-01-18T21:41:55","slug":"cuenta-publica","status":"publish","type":"page","link":"https:\/\/www.oaxaca.gob.mx\/ifpa\/cuenta-publica\/","title":{"rendered":"Cuenta P\u00fablica"},"content":{"rendered":"<p><a href=\"https:\/\/www.oaxaca.gob.mx\/ioa\/wp-content\/uploads\/sites\/46\/2017\/04\/2015.pdf\" target=\"_blank\" rel=\"noopener noreferrer\">** CUENTA P\u00daBLICA<\/a><\/p>\n<p><strong>* AVANCE DE GESTI\u00d3N 2016<\/strong><\/p>\n<p><a href=\"https:\/\/www.oaxaca.gob.mx\/ioa\/wp-content\/uploads\/sites\/46\/2017\/04\/TERCER-TRIMESTRE-2016.pdf\" target=\"_blank\" rel=\"noopener noreferrer\">Tercer Trimestre<\/a><\/p>\n<p><a href=\"https:\/\/www.oaxaca.gob.mx\/ioa\/wp-content\/uploads\/sites\/46\/2017\/04\/4\u00ba-TRIMESTRE-CUENTA-PUBLICA-2016-.pdf\" target=\"_blank\" rel=\"noopener noreferrer\">Cuarto Trimestre<\/a><\/p>\n<p><a href=\"https:\/\/www.oaxaca.gob.mx\/ioa\/wp-content\/uploads\/sites\/46\/2017\/04\/ENERO_JUNIO_2016.pdf\" target=\"_blank\" rel=\"noopener noreferrer\">Enero-Junio<\/a><\/p>\n<p><strong>*AVANCE DE GESTI\u00d3N 2017<\/strong><\/p>\n<p><a href=\"https:\/\/www.oaxaca.gob.mx\/ioa\/wp-content\/uploads\/sites\/46\/2018\/01\/3-INFORME-TRIMESTRAL-2017-3.pdf\">Tercer Trimestre<\/a><\/p>\n<p><a href=\"https:\/\/www.oaxaca.gob.mx\/ioa\/wp-content\/uploads\/sites\/46\/2018\/07\/4\u00ba-informe-trimestral-2017.pdf\">Cuarto Trimestre<\/a><\/p>\n<p><a href=\"https:\/\/www.oaxaca.gob.mx\/ioa\/wp-content\/uploads\/sites\/46\/2018\/07\/Cuenta-Publica-Ejercicio-2017.pdf\">Cuenta P\u00fablica\u00a0<\/a><\/p>\n<p><strong>*AVANCE DE GESTI\u00d3N 2018<\/strong><\/p>\n<p><a href=\"https:\/\/www.oaxaca.gob.mx\/ioa\/wp-content\/uploads\/sites\/46\/2018\/04\/1-primer-informe-tremestral-2018-IOA.pdf\">Primer Trimestre<\/a><\/p>\n<p><a href=\"https:\/\/www.oaxaca.gob.mx\/ioa\/wp-content\/uploads\/sites\/46\/2018\/07\/Segundo-Informe-Trimestral-2018-IOA.pdf\">Segundo Trimestre<\/a><\/p>\n<p><a href=\"https:\/\/www.oaxaca.gob.mx\/ioa\/wp-content\/uploads\/sites\/46\/2018\/10\/TERCER-INFORME-TRIMESTRAL-2018.pdf\">Tercer Trimestre<\/a><\/p>\n<p><a href=\"https:\/\/www.oaxaca.gob.mx\/ioa\/wp-content\/uploads\/sites\/46\/2019\/01\/4\u00b0-informe-trimestral-IOA-2018.pdf\">Cuarto Trimestre<\/a><\/p>\n<p><a href=\"https:\/\/www.oaxaca.gob.mx\/ioa\/wp-content\/uploads\/sites\/46\/2020\/02\/Cuenta-Pu\u0301blica-Ejercicio-2018-IOA.pdf\">Cuenta P\u00fablica<\/a><\/p>\n<p><strong>*AVANCE DE GESTI\u00d3N 2019<\/strong><\/p>\n<p><a href=\"https:\/\/www.oaxaca.gob.mx\/ioa\/wp-content\/uploads\/sites\/46\/2019\/04\/Primer-Informe-Trimestral-IOA-2019-2.pdf\">Primer Trimestre\u00a0<\/a><\/p>\n<p><a href=\"https:\/\/www.oaxaca.gob.mx\/ioa\/wp-content\/uploads\/sites\/46\/2019\/08\/Segundo-Informe-Trimestral-2019.pdf\">Segundo Trimestre<\/a><\/p>\n<p><a href=\"https:\/\/www.oaxaca.gob.mx\/ioa\/wp-content\/uploads\/sites\/46\/2019\/10\/3er-INFORME-TRIMESTRAL-2019.pdf\">Tercer Trimestre<\/a><\/p>\n<p><a href=\"https:\/\/www.oaxaca.gob.mx\/ioa\/wp-content\/uploads\/sites\/46\/2020\/02\/Cuarto-Informe-Trimestral-IOA-2019.pdf\">Cuarto Trimestre<\/a><\/p>\n<p><a href=\"https:\/\/www.oaxaca.gob.mx\/ioa\/wp-content\/uploads\/sites\/46\/2022\/10\/CUENTA-PUBLICA-2019.pdf\">Cuenta P\u00fablica<\/a><\/p>\n<p><strong>*AVANCE DE GESTI\u00d3N 2020<\/strong><\/p>\n<p><a href=\"https:\/\/www.oaxaca.gob.mx\/ioa\/wp-content\/uploads\/sites\/46\/2020\/04\/Primer-informe-trimestar-2020.pdf\">Primer Trimestre<\/a><\/p>\n<p><a href=\"https:\/\/www.oaxaca.gob.mx\/ioa\/wp-content\/uploads\/sites\/46\/2020\/07\/Segundo-informe-trimestral-2020-IOA.pdf\">Segundo Trimestre<\/a><\/p>\n<p><a href=\"https:\/\/www.oaxaca.gob.mx\/ioa\/wp-content\/uploads\/sites\/46\/2020\/10\/Tercer-Informe-trimestral-2020-IOA.pdf\">Tercer Trimestre<\/a><\/p>\n<p><a href=\"https:\/\/www.oaxaca.gob.mx\/ioa\/wp-content\/uploads\/sites\/46\/2021\/01\/cuarto-informe-trimestral-IOA-2020.pdf\">Cuarto Trimestre<\/a><\/p>\n<p><a href=\"https:\/\/www.oaxaca.gob.mx\/ioa\/wp-content\/uploads\/sites\/46\/2022\/10\/CUENTA-PUBLICA-2020.pdf\">Cuenta P\u00fablica<\/a><\/p>\n<p><strong>*AVANCE DE GESTI\u00d3N 2021<\/strong><\/p>\n<p><a href=\"https:\/\/www.oaxaca.gob.mx\/ioa\/wp-content\/uploads\/sites\/46\/2021\/04\/PRIMER-INFORME-TRIMESTRAL-IOA-ENE_MZO-2021_CORREGIDO_.pdf\">Primer Trimestre<\/a><\/p>\n<p><a href=\"https:\/\/www.oaxaca.gob.mx\/ioa\/wp-content\/uploads\/sites\/46\/2021\/07\/SEGUNDO-INFORME-TRIMESTRAL-ENE_JUN-2021OK.pdf\">Segundo Trimestre<\/a><\/p>\n<p><a href=\"https:\/\/www.oaxaca.gob.mx\/ioa\/wp-content\/uploads\/sites\/46\/2021\/10\/INFORME-TRIMESTRAL-ENERO-SEPTIEMBRE-2021.pdf\">Tercer Trimestre<\/a><\/p>\n<p><a href=\"https:\/\/www.oaxaca.gob.mx\/ioa\/wp-content\/uploads\/sites\/46\/2022\/01\/INFORME-TRIMESTRAL-ENERO-DICIEMBRE2021.pdf\">Cuarto Trimestre<\/a><\/p>\n<p><a href=\"https:\/\/www.oaxaca.gob.mx\/ifpa\/wp-content\/uploads\/sites\/46\/2023\/10\/CUENTA-PUBLICA-2021.pdf\">Cuenta P\u00fablica<\/a><\/p>\n<p><strong>* AVANCE DE GESTI\u00d3N 2022<\/strong><\/p>\n<p><a href=\"https:\/\/www.oaxaca.gob.mx\/ioa\/wp-content\/uploads\/sites\/46\/2022\/04\/AVANCE-CUENTA-PUBLICA-1-TRIMESTRE-2022-1.pdf\">Primer Trimestre<\/a><\/p>\n<p><a href=\"https:\/\/www.oaxaca.gob.mx\/ioa\/wp-content\/uploads\/sites\/46\/2022\/07\/AVANCE-CUENTA-PUBLICA-2022-TRIMESTRE-2.pdf\">Segundo Trimestre<\/a><\/p>\n<p><a href=\"https:\/\/www.oaxaca.gob.mx\/ioa\/wp-content\/uploads\/sites\/46\/2022\/10\/AVANCE-CUENTA-PUBLICA-TERCER-TRIMESTRE-2022.pdf\">Tercer Trimestre<\/a><\/p>\n<p><a href=\"https:\/\/www.oaxaca.gob.mx\/ioa\/wp-content\/uploads\/sites\/46\/2023\/01\/CUARTO-INFORME-TRIMESTRAL-2022.pdf\">Cuarto Trimestre<\/a><\/p>\n<p><a href=\"https:\/\/www.oaxaca.gob.mx\/ifpa\/wp-content\/uploads\/sites\/46\/2023\/10\/CUENTA-PUBLICA-2022.pdf\">Cuenta P\u00fablica<\/a><\/p>\n<p><strong>*AVANCE DE GESTI\u00d3N 2023<\/strong><\/p>\n<p><a href=\"https:\/\/www.oaxaca.gob.mx\/ifpa\/wp-content\/uploads\/sites\/46\/2023\/04\/INFORME-TRIMESTRAL-ENERO-MARZO-2023.pdf\">Primer Trimestre<\/a><\/p>\n<p><a href=\"https:\/\/www.oaxaca.gob.mx\/ifpa\/wp-content\/uploads\/sites\/46\/2023\/07\/INFORME-TRIMESTRAL-ENERO-JUNIO-2023.pdf\">Segundo Trimestre<\/a><\/p>\n<p><a href=\"https:\/\/www.oaxaca.gob.mx\/ifpa\/wp-content\/uploads\/sites\/46\/2023\/10\/INFORME-TRIMESTRAL-ENERO-SEPTIEMBRE-2023.pdf\">Tercer Trimestre<\/a><\/p>\n<p><a href=\"https:\/\/www.oaxaca.gob.mx\/ifpa\/wp-content\/uploads\/sites\/46\/2024\/01\/1-Cuarto-Trimestre.pdf\">Cuarto Trimestre<\/a><\/p>\n<p><a href=\"https:\/\/www.oaxaca.gob.mx\/ifpa\/wp-content\/uploads\/sites\/46\/2024\/01\/1.2-Avance-Gestion-Enero-Diciembre.pdf\">Avance de gesti\u00f3n Enero &#8211; Diciembre\u00a0<\/a><\/p>\n<p><a href=\"https:\/\/www.oaxaca.gob.mx\/ifpa\/wp-content\/uploads\/sites\/46\/2024\/01\/1.3-Programas-y-Poyectos-de-inversion-Enero-Diciembre.pdf\">Programas y proyectos de inversi\u00f3n Enero &#8211; Diciembre<\/a><\/p>\n","protected":false},"excerpt":{"rendered":"<p>** CUENTA P\u00daBLICA * AVANCE DE GESTI\u00d3N 2016 Tercer Trimestre Cuarto Trimestre Enero-Junio *AVANCE DE GESTI\u00d3N 2017 Tercer Trimestre Cuarto Trimestre Cuenta P\u00fablica\u00a0 *AVANCE DE GESTI\u00d3N 2018 Primer Trimestre Segundo Trimestre Tercer Trimestre Cuarto Trimestre Cuenta P\u00fablica *AVANCE DE GESTI\u00d3N 2019 Primer Trimestre\u00a0 Segundo Trimestre Tercer Trimestre Cuarto Trimestre Cuenta P\u00fablica *AVANCE DE GESTI\u00d3N 2020 [&hellip;]<\/p>\n","protected":false},"author":1,"featured_media":0,"parent":0,"menu_order":0,"comment_status":"closed","ping_status":"closed","template":"","meta":{"episode_type":"","audio_file":"","podmotor_file_id":"","podmotor_episode_id":"","cover_image":"","cover_image_id":"","duration":"","filesize":"","filesize_raw":"","date_recorded":"","explicit":"","block":"","itunes_episode_number":"","itunes_title":"","itunes_season_number":"","itunes_episode_type":"","footnotes":""},"categories":[],"tags":[],"class_list":["post-190","page","type-page","status-publish","hentry"],"acf":[],"publishpress_future_action":{"enabled":false,"date":"2026-04-25 23:21:29","action":"change-status","newStatus":"draft","terms":[],"taxonomy":"category","extraData":[]},"publishpress_future_workflow_manual_trigger":{"enabledWorkflows":[]},"_links":{"self":[{"href":"https:\/\/www.oaxaca.gob.mx\/ifpa\/wp-json\/wp\/v2\/pages\/190","targetHints":{"allow":["GET"]}}],"collection":[{"href":"https:\/\/www.oaxaca.gob.mx\/ifpa\/wp-json\/wp\/v2\/pages"}],"about":[{"href":"https:\/\/www.oaxaca.gob.mx\/ifpa\/wp-json\/wp\/v2\/types\/page"}],"author":[{"embeddable":true,"href":"https:\/\/www.oaxaca.gob.mx\/ifpa\/wp-json\/wp\/v2\/users\/1"}],"replies":[{"embeddable":true,"href":"https:\/\/www.oaxaca.gob.mx\/ifpa\/wp-json\/wp\/v2\/comments?post=190"}],"version-history":[{"count":2,"href":"https:\/\/www.oaxaca.gob.mx\/ifpa\/wp-json\/wp\/v2\/pages\/190\/revisions"}],"predecessor-version":[{"id":3322,"href":"https:\/\/www.oaxaca.gob.mx\/ifpa\/wp-json\/wp\/v2\/pages\/190\/revisions\/3322"}],"wp:attachment":[{"href":"https:\/\/www.oaxaca.gob.mx\/ifpa\/wp-json\/wp\/v2\/media?parent=190"}],"wp:term":[{"taxonomy":"category","embeddable":true,"href":"https:\/\/www.oaxaca.gob.mx\/ifpa\/wp-json\/wp\/v2\/categories?post=190"},{"taxonomy":"post_tag","embeddable":true,"href":"https:\/\/www.oaxaca.gob.mx\/ifpa\/wp-json\/wp\/v2\/tags?post=190"}],"curies":[{"name":"wp","href":"https:\/\/api.w.org\/{rel}","templated":true}]}}