{"id":1552,"date":"2019-06-13T22:13:33","date_gmt":"2019-06-13T20:13:33","guid":{"rendered":"https:\/\/www.oaxaca.gob.mx\/ioa\/?page_id=1552"},"modified":"2023-09-01T13:06:42","modified_gmt":"2023-09-01T19:06:42","slug":"estructura-organica","status":"publish","type":"page","link":"https:\/\/www.oaxaca.gob.mx\/ifpa\/estructura-organica\/","title":{"rendered":"Estructura Org\u00e1nica"},"content":{"rendered":"<p><strong><b>1.0 Direcci\u00f3n General<\/b><\/strong><\/p>\n<p>1.0.1. Departamento Jur\u00eddico<\/p>\n<p>1.0.2. Departamento Administrativo<\/p>\n<p>&nbsp;<\/p>\n<p><strong><b>1.1. Unidad de Operaci\u00f3n y Promoci\u00f3n del Patrimonio Artesanal<\/b><\/strong><\/p>\n<p>1.1.1 Departamento de Investigaci\u00f3n de Pr\u00e1cticas Artesanales<\/p>\n<p>1.1.2 Departamento de Dise\u00f1o<\/p>\n<p>1.1.3 Departamento de Capacitaci\u00f3n y Apoyos a la Producci\u00f3n Artesanal<\/p>\n<p>&nbsp;<\/p>\n<p><strong><b>1.2. Unidad de Comercializaci\u00f3n y Sostenibilidad Artesanal<\/b><\/strong><\/p>\n<p>1.2.1. Departamento de Actividad Econ\u00f3mica Artesanal<\/p>\n<p>1.2.2. Departamento de Concursos, Ferias y Exposiciones<\/p>\n<p><a href=\"https:\/\/www.oaxaca.gob.mx\/ifpa\/wp-content\/uploads\/sites\/46\/2023\/03\/Estructura-orga\u0301nica-IFPA.pdf\">Descargar<\/a><\/p>\n","protected":false},"excerpt":{"rendered":"<p>1.0 Direcci\u00f3n General 1.0.1. Departamento Jur\u00eddico 1.0.2. Departamento Administrativo &nbsp; 1.1. Unidad de Operaci\u00f3n y Promoci\u00f3n del Patrimonio Artesanal 1.1.1 Departamento de Investigaci\u00f3n de Pr\u00e1cticas Artesanales 1.1.2 Departamento de Dise\u00f1o 1.1.3 Departamento de Capacitaci\u00f3n y Apoyos a la Producci\u00f3n Artesanal &nbsp; 1.2. Unidad de Comercializaci\u00f3n y Sostenibilidad Artesanal 1.2.1. Departamento de Actividad Econ\u00f3mica Artesanal 1.2.2. [&hellip;]<\/p>\n","protected":false},"author":1,"featured_media":0,"parent":0,"menu_order":0,"comment_status":"closed","ping_status":"closed","template":"","meta":{"episode_type":"","audio_file":"","podmotor_file_id":"","podmotor_episode_id":"","cover_image":"","cover_image_id":"","duration":"","filesize":"","filesize_raw":"","date_recorded":"","explicit":"","block":"","itunes_episode_number":"","itunes_title":"","itunes_season_number":"","itunes_episode_type":"","footnotes":""},"categories":[],"tags":[],"class_list":["post-1552","page","type-page","status-publish","hentry"],"acf":[],"publishpress_future_action":{"enabled":false,"date":"2026-04-25 23:39:48","action":"change-status","newStatus":"draft","terms":[],"taxonomy":"category","extraData":[]},"publishpress_future_workflow_manual_trigger":{"enabledWorkflows":[]},"_links":{"self":[{"href":"https:\/\/www.oaxaca.gob.mx\/ifpa\/wp-json\/wp\/v2\/pages\/1552","targetHints":{"allow":["GET"]}}],"collection":[{"href":"https:\/\/www.oaxaca.gob.mx\/ifpa\/wp-json\/wp\/v2\/pages"}],"about":[{"href":"https:\/\/www.oaxaca.gob.mx\/ifpa\/wp-json\/wp\/v2\/types\/page"}],"author":[{"embeddable":true,"href":"https:\/\/www.oaxaca.gob.mx\/ifpa\/wp-json\/wp\/v2\/users\/1"}],"replies":[{"embeddable":true,"href":"https:\/\/www.oaxaca.gob.mx\/ifpa\/wp-json\/wp\/v2\/comments?post=1552"}],"version-history":[{"count":10,"href":"https:\/\/www.oaxaca.gob.mx\/ifpa\/wp-json\/wp\/v2\/pages\/1552\/revisions"}],"predecessor-version":[{"id":3077,"href":"https:\/\/www.oaxaca.gob.mx\/ifpa\/wp-json\/wp\/v2\/pages\/1552\/revisions\/3077"}],"wp:attachment":[{"href":"https:\/\/www.oaxaca.gob.mx\/ifpa\/wp-json\/wp\/v2\/media?parent=1552"}],"wp:term":[{"taxonomy":"category","embeddable":true,"href":"https:\/\/www.oaxaca.gob.mx\/ifpa\/wp-json\/wp\/v2\/categories?post=1552"},{"taxonomy":"post_tag","embeddable":true,"href":"https:\/\/www.oaxaca.gob.mx\/ifpa\/wp-json\/wp\/v2\/tags?post=1552"}],"curies":[{"name":"wp","href":"https:\/\/api.w.org\/{rel}","templated":true}]}}