{"id":153,"date":"2017-04-25T09:00:11","date_gmt":"2017-04-25T15:00:11","guid":{"rendered":"https:\/\/www.oaxaca.gob.mx\/ioa\/?page_id=153"},"modified":"2017-04-25T09:00:11","modified_gmt":"2017-04-25T15:00:11","slug":"informacion-publica","status":"publish","type":"page","link":"https:\/\/www.oaxaca.gob.mx\/ifpa\/informacion-publica\/","title":{"rendered":"Facultades"},"content":{"rendered":"<p><a href=\"https:\/\/www.oaxaca.gob.mx\/ioa\/wp-content\/uploads\/sites\/46\/2017\/04\/CONSULTAR-FACULTADES-DEL-DIRECTOR-GENERAL.pdf\" target=\"_blank\" rel=\"noopener noreferrer\">Direcci\u00f3n general<\/a><\/p>\n<p><a href=\"https:\/\/www.oaxaca.gob.mx\/ioa\/wp-content\/uploads\/sites\/46\/2017\/04\/CONSULTAR-FACULTADES-DE-LA-DIRECCI\u00d3N-DE-COMERCIALIZACI\u00d3N-Y-DESARROLLO-ARTESANAL.pdf\" target=\"_blank\" rel=\"noopener noreferrer\">Direcci\u00f3n de Comercializaci\u00f3n y Desarrollo Artesanal<\/a><\/p>\n<p><a href=\"https:\/\/www.oaxaca.gob.mx\/ioa\/wp-content\/uploads\/sites\/46\/2017\/04\/CONSULTAR-FACULTADES-DEL-DEPARTAMENTO-ADMINISTRATIVO.pdf\" target=\"_blank\" rel=\"noopener noreferrer\">Departamento Administrativo<\/a><\/p>\n<p><a href=\"https:\/\/www.oaxaca.gob.mx\/ioa\/wp-content\/uploads\/sites\/46\/2017\/04\/CONSULTAR-FACULTADES-DEL-DEPARTAMENTO-JUR\u00cdDICO.pdf\" target=\"_blank\" rel=\"noopener noreferrer\">Departamento Jur\u00eddico<\/a><\/p>\n<p><a href=\"https:\/\/www.oaxaca.gob.mx\/ioa\/wp-content\/uploads\/sites\/46\/2017\/04\/CONSULTAR-FACULTADES-DEL-DEPARTAMENTO-DE-CAPACITACION-Y-PROGRAMAS-SOCIALES.pdf\" target=\"_blank\" rel=\"noopener noreferrer\">Departamento de Capacitaci\u00f3n y Programas Sociales<\/a><\/p>\n<p><a href=\"https:\/\/www.oaxaca.gob.mx\/ioa\/wp-content\/uploads\/sites\/46\/2017\/04\/CONSULTAR-FACULTADES-DEL-DEPARTAMENTO-DE-INVESTIGACION-Y-DESARROLLO-ARTESANAL.pdf\" target=\"_blank\" rel=\"noopener noreferrer\">Departamento de Investigaci\u00f3n y Desarrollo Artesanal<\/a><\/p>\n<p><a href=\"https:\/\/www.oaxaca.gob.mx\/ioa\/wp-content\/uploads\/sites\/46\/2017\/04\/CONSULTAR-FACULTADES-DEL-DEPARTAMENTO-DE-COMERCIALIZACION-Y-VENTAS.pdf\" target=\"_blank\" rel=\"noopener noreferrer\">Departamento de Comercializaci\u00f3n y Ventas<\/a><\/p>\n<p><a href=\"https:\/\/www.oaxaca.gob.mx\/ioa\/wp-content\/uploads\/sites\/46\/2017\/04\/CONSULTAR-FACULTADES-DEL-DEPARTAMENTO-DE-DISE\u00d1O-Y-PROMOCI\u00d3N.pdf\" target=\"_blank\" rel=\"noopener noreferrer\">Departamento de Dise\u00f1o y Promoci\u00f3n<\/a><\/p>\n<p><a href=\"https:\/\/www.oaxaca.gob.mx\/ioa\/wp-content\/uploads\/sites\/46\/2017\/04\/CONSULTAR-FACULTADES-DEL-DEPARTAMENTO-DE-EMBARQUE-Y-EXPORTACION.pdf\" target=\"_blank\" rel=\"noopener noreferrer\">Departamento de Embarque y Exportaci\u00f3n<\/a><\/p>\n<p>&nbsp;<\/p>\n<p>&nbsp;<\/p>\n<p>&nbsp;<\/p>\n<p>&nbsp;<\/p>\n","protected":false},"excerpt":{"rendered":"<p>Direcci\u00f3n general Direcci\u00f3n de Comercializaci\u00f3n y Desarrollo Artesanal Departamento Administrativo Departamento Jur\u00eddico Departamento de Capacitaci\u00f3n y Programas Sociales Departamento de Investigaci\u00f3n y Desarrollo Artesanal Departamento de Comercializaci\u00f3n y Ventas Departamento de Dise\u00f1o y Promoci\u00f3n Departamento de Embarque y Exportaci\u00f3n &nbsp; &nbsp; &nbsp; &nbsp;<\/p>\n","protected":false},"author":1,"featured_media":0,"parent":0,"menu_order":0,"comment_status":"closed","ping_status":"closed","template":"","meta":{"episode_type":"","audio_file":"","podmotor_file_id":"","podmotor_episode_id":"","cover_image":"","cover_image_id":"","duration":"","filesize":"","filesize_raw":"","date_recorded":"","explicit":"","block":"","itunes_episode_number":"","itunes_title":"","itunes_season_number":"","itunes_episode_type":"","footnotes":""},"categories":[],"tags":[],"class_list":["post-153","page","type-page","status-publish","hentry"],"acf":[],"publishpress_future_action":{"enabled":false,"date":"2026-04-25 21:54:18","action":"change-status","newStatus":"draft","terms":[],"taxonomy":"category","extraData":[]},"publishpress_future_workflow_manual_trigger":{"enabledWorkflows":[]},"_links":{"self":[{"href":"https:\/\/www.oaxaca.gob.mx\/ifpa\/wp-json\/wp\/v2\/pages\/153","targetHints":{"allow":["GET"]}}],"collection":[{"href":"https:\/\/www.oaxaca.gob.mx\/ifpa\/wp-json\/wp\/v2\/pages"}],"about":[{"href":"https:\/\/www.oaxaca.gob.mx\/ifpa\/wp-json\/wp\/v2\/types\/page"}],"author":[{"embeddable":true,"href":"https:\/\/www.oaxaca.gob.mx\/ifpa\/wp-json\/wp\/v2\/users\/1"}],"replies":[{"embeddable":true,"href":"https:\/\/www.oaxaca.gob.mx\/ifpa\/wp-json\/wp\/v2\/comments?post=153"}],"version-history":[{"count":0,"href":"https:\/\/www.oaxaca.gob.mx\/ifpa\/wp-json\/wp\/v2\/pages\/153\/revisions"}],"wp:attachment":[{"href":"https:\/\/www.oaxaca.gob.mx\/ifpa\/wp-json\/wp\/v2\/media?parent=153"}],"wp:term":[{"taxonomy":"category","embeddable":true,"href":"https:\/\/www.oaxaca.gob.mx\/ifpa\/wp-json\/wp\/v2\/categories?post=153"},{"taxonomy":"post_tag","embeddable":true,"href":"https:\/\/www.oaxaca.gob.mx\/ifpa\/wp-json\/wp\/v2\/tags?post=153"}],"curies":[{"name":"wp","href":"https:\/\/api.w.org\/{rel}","templated":true}]}}