{"id":9796,"date":"2019-11-21T13:42:45","date_gmt":"2019-11-21T19:42:45","guid":{"rendered":"https:\/\/www.oaxaca.gob.mx\/ieepo\/?page_id=9796"},"modified":"2019-11-21T13:42:45","modified_gmt":"2019-11-21T19:42:45","slug":"directorio-ceos-2","status":"publish","type":"page","link":"https:\/\/www.oaxaca.gob.mx\/ieepo\/directorio-ceos-2\/","title":{"rendered":"Directorio CEO\u00b4s"},"content":{"rendered":"\n<table id=\"tablepress-51\" class=\"tablepress tablepress-id-51\">\n<thead>\n<tr class=\"row-1\">\n\t<th class=\"column-1\">NOMBRE DEL C.T.<\/th><th class=\"column-2\">C.C.T<\/th><th class=\"column-3\">DOMICILIO<\/th><th class=\"column-4\">NOMBRE DE LA SUPERVISORA O DEL DIRECTOR DEL CEO<\/th><th class=\"column-5\">TALLERES<\/th>\n<\/tr>\n<\/thead>\n<tbody class=\"row-striping row-hover\">\n<tr class=\"row-2\">\n\t<td class=\"column-1\"><strong style=\"font-weight: bold\">SUPERVISI\u00d3N ESCOLAR 01<\/strong><\/td><td class=\"column-2\">20FSB0001D<\/td><td class=\"column-3\">AV. LAZARO CARDENAS No. 3032 SANTA LUCIA DEL CAMINO, CENTRO, OAX.<\/td><td class=\"column-4\">PROFRA. FLORES REYES ANTONINA<\/td><td class=\"column-5\"><\/td>\n<\/tr>\n<tr class=\"row-3\">\n\t<td class=\"column-1\">CEO 10 \"GRAL. VICENTE GUERRERO\"<\/td><td class=\"column-2\">20DEE0005W<\/td><td class=\"column-3\">EX. ESTACI\u00d3N DEL FERROCARIL S\/N, ZIMATLAN DE ALVAREZ, OAX.<\/td><td class=\"column-4\">PROFRA. VALENCIA PADILLA \u00c1NGELA<\/td><td class=\"column-5\">COCINA Y REPOSTERIA, CORTE Y CONFECCI\u00d3N, CULTORA DE BELLEZA, COMPUTACI\u00d3N, AUXILIAR DE ENFERMERIA, AUXILIAR CONTABLE, MUSICA Y SECRETARIADO.<\/td>\n<\/tr>\n<tr class=\"row-4\">\n\t<td class=\"column-1\">CEO 10  EXTENSI\u00d3N \"GRAL. VICENTE GUERRERO\"<\/td><td class=\"column-2\">20DEE0005W<\/td><td class=\"column-3\">ORIENTE S\/N, S\u00d3TANO MUNICIPAL, MIAHUATLAN DE PORFIRIO D\u00cdAZ, OAX.<\/td><td class=\"column-4\">RESPONSABLE: PROFRA. HERN\u00c1NDEZ REYES GRACIELA  CECILIA<\/td><td class=\"column-5\">COCINA Y REPOSTERIA, CORTE Y CONFECCI\u00d3N, CULTORA DE BELLEZA Y COMPUTACI\u00d3N.<\/td>\n<\/tr>\n<tr class=\"row-5\">\n\t<td class=\"column-1\">CEO 22 \"GRAL. L\u00c1ZARO C\u00c1RDENAS\"<\/td><td class=\"column-2\">20DEE0006V<\/td><td class=\"column-3\">CONSTITUCI\u00d3N ESQ. 5 DE MAYO S\/N, COLONIA PATRIA NUEVA, PUEBLO NUEVO, OAX.<\/td><td class=\"column-4\">PROFR. SANCHEZ ARELLANO JORGE ARTURO<\/td><td class=\"column-5\">MUSICA, CARPINTERIA, CORTE Y CONFECCI\u00d3N, DANZA, COMPUTACI\u00d3N, CULTORA DE BELLEZA, COCINA Y REPOSTERIA.<\/td>\n<\/tr>\n<tr class=\"row-6\">\n\t<td class=\"column-1\">CEO 57  \"SOR JUANA INES DE LA CRUZ\"<\/td><td class=\"column-2\">20DEE0004X<\/td><td class=\"column-3\">PROLONGACI\u00d3N DE 5 DE MAYO S\/N, SANTA MAR\u00cdA ATZOMPA, OAX.<\/td><td class=\"column-4\">PROFRA. CRUZ HERN\u00c1NDEZ AMELIA CELIFLORA<\/td><td class=\"column-5\">COMPUTACI\u00d3N, COCINA Y REPOSTERIA, MUSICA,  CULTORA DE BELLEZA, CORTE Y CONFECCI\u00d3N.<\/td>\n<\/tr>\n<tr class=\"row-7\">\n\t<td class=\"column-1\">CEO 58 \"PROFR. \u00c1NGEL AVENDA\u00d1O YESCAS\"<\/td><td class=\"column-2\">20DEE0014D<\/td><td class=\"column-3\">AV. DE LAS AM\u00c9RICAS No. 226, COL. LA PAZ, SANTA CRUZ XOXOCOTL\u00c1N.<\/td><td class=\"column-4\">PROFR. GONZALEZ MAYORAL MIGUEL ALEJANDRO<\/td><td class=\"column-5\">DANZA, COMPUTACI\u00d3N, COCINA Y REPOSTERIA, CULTORA DE BELLEZA, AUXILIAR DE ENFERMERIA, CORTE Y CONFECCI\u00d3N, SECRETARIADO, MUSICA.<\/td>\n<\/tr>\n<tr class=\"row-8\">\n\t<td class=\"column-1\">CEO 64 \"LIC. BENITO JU\u00c1REZ GARC\u00cdA\"<\/td><td class=\"column-2\">20DEE0018Z<\/td><td class=\"column-3\">INDEPENDENCIA S\/N CRUZ BLANCA, CUILAPAM DE GUERRERO, OAX.<\/td><td class=\"column-4\">PROFRA. SANTIAGO RAMIREZ CANDELARIA FLORENTINA<\/td><td class=\"column-5\">CORTE Y CONFECCI\u00d3N, AUXILIAR DE ENFERMERIA, CULTORA DE BELLEZA, DANZA, COCINA Y REPOSTERIA.<\/td>\n<\/tr>\n<tr class=\"row-9\">\n\t<td class=\"column-1\">CEO 64  EXTENSI\u00d3N \"LIC. BENITO JU\u00c1REZ GARC\u00cdA\"<\/td><td class=\"column-2\">20DEE0018Z<\/td><td class=\"column-3\">CALLE BENITO JU\u00c1REZ ESQ. RODOLFO MORALES, OCOTLAN DE MORELOS, OAX.<\/td><td class=\"column-4\">RESPONSABLE: PROFR. VASQUEZ L\u00d3PEZ LUCIANO<\/td><td class=\"column-5\">COMPUTACI\u00d3N, CULTORA DE BELLEZA, MUSICA, OCINA Y REPOSTERIA.<\/td>\n<\/tr>\n<tr class=\"row-10\">\n\t<td class=\"column-1\">CEO 66 \"GRAL. FRANCISCO VILLA\"<\/td><td class=\"column-2\">20DEE0023L<\/td><td class=\"column-3\">AV. M\u00c9XICO S\/N RIO GRANDE, VILLA DE TUTUTEPE DE MELCHOR OCAMPO, JUQUILA, OAX.<\/td><td class=\"column-4\">PROFR. GONZALEZ GARCIA URIEL<\/td><td class=\"column-5\">COMPUTACI\u00d3N, CULTORA DE BELLEZA, MUSICA, COCINA Y REPOSTERIA.<\/td>\n<\/tr>\n<tr class=\"row-11\">\n\t<td class=\"column-1\">CEO 74 \"MACEDONIO ALCALA\"<\/td><td class=\"column-2\">20DEE0022M<\/td><td class=\"column-3\">CALLE HIDALGO S\/N, SAN FELIPE DEL AGUA, OAX.<\/td><td class=\"column-4\">PROFR. REYES DE LA ROSA ORPHA<\/td><td class=\"column-5\">SECRETARIADO, COMPUTACI\u00d3N, COCINA Y REPOSTERIA, MUSICA, CORTE Y CONFECCI\u00d3N, CULTORA DE BELLEZA, CONTABILIDAD.<\/td>\n<\/tr>\n<tr class=\"row-12\">\n\t<td class=\"column-1\"><strong style=\"font-weight: bold\">SUPERVISI\u00d3N ESCOLAR 02 <\/strong><\/td><td class=\"column-2\">20FSB0002C<\/td><td class=\"column-3\">AV. LAZARO CARDENAS No. 3032 SANTA LUCIA DEL CAMINO, CENTRO, OAX.<\/td><td class=\"column-4\">PROFRA. MELCHOR CALVO ROSARIO<\/td><td class=\"column-5\"><\/td>\n<\/tr>\n<tr class=\"row-13\">\n\t<td class=\"column-1\">CEO 15 \"FRANCISCO I. MADERO\"<\/td><td class=\"column-2\">20DEE0001Z<\/td><td class=\"column-3\">MIGUEL CABRERA S\/N EXMERCADO MUNICIPAL, TLALIXTAC DE CABRERA.<\/td><td class=\"column-4\">PROFRA. CRUZ  HERN\u00c1NDEZ ANTONIA<\/td><td class=\"column-5\">COCINA Y REPOSTERIA, CULTORA DE BELLEZA, MUSICA, COMPUTACI\u00d3N. CORTE Y CONFECCI\u00d3N.<\/td>\n<\/tr>\n<tr class=\"row-14\">\n\t<td class=\"column-1\">CEO 15 EXTENSI\u00d3N \" FRANCISCO I. MADERO\"<\/td><td class=\"column-2\">20DEE0001Z<\/td><td class=\"column-3\">AV. PROFR. ANSELMO PABLO S\/N, SANTIAGO COMALTEPEC IXTLAN, OAX.<\/td><td class=\"column-4\">PROFRA. CRUZ  HERN\u00c1NDEZ ANTONIA<\/td><td class=\"column-5\">MUSICA, CULTORA DE BELLEZA, COMPUTACI\u00d3N, CARPINTERIA.<\/td>\n<\/tr>\n<tr class=\"row-15\">\n\t<td class=\"column-1\">CEO 23 \"ING. VICTOR BRAVO AHUJA\"<\/td><td class=\"column-2\">20DEE0007U<\/td><td class=\"column-3\">PRIV. REFORMA S\/N, SAN BARTOLO, TUXTEPEC<\/td><td class=\"column-4\">PROFR. VALADEZ RAMIREZ RUBEN<\/td><td class=\"column-5\">CARPINTERIA, CORTE Y CONFECCI\u00d3N, COMPUTACI\u00d3N, COCINA Y REPOSTERIA.<\/td>\n<\/tr>\n<tr class=\"row-16\">\n\t<td class=\"column-1\">CEO 25 \"LOMA BONITA\"<\/td><td class=\"column-2\">20DEE0008T<\/td><td class=\"column-3\">AV. FERROCARRIL No. 139, LOMA BONITA, TUXTEPEC, OAX.<\/td><td class=\"column-4\">PROFRA. JIMENEZ NOLASCO DIONISIA<\/td><td class=\"column-5\">CULTORA DE BELLEZA, COMPUTACI\u00d3N, AUXILIAR DE ENFERMIRIA.<\/td>\n<\/tr>\n<tr class=\"row-17\">\n\t<td class=\"column-1\">CEO 30 \"GRAL. HERIBERTO JARA\"<\/td><td class=\"column-2\">20DEE0009S<\/td><td class=\"column-3\">AV. HIDALGO S\/N BARRIO NUEVO, SALINA CRUZ, OAX.<\/td><td class=\"column-4\">PROFR. VEGA PI\u00d1ON JUAN JOSE<\/td><td class=\"column-5\">COMPUTACI\u00d3N, DANZA, AUXILIAR DE ENFERMERIA, CORTE Y CONFECCI\u00d3N, CULTORA DE BELLEZA.<\/td>\n<\/tr>\n<tr class=\"row-18\">\n\t<td class=\"column-1\">CEO 36 \"PROFRA. ADELA FUENTES L\u00d3PEZ\"<\/td><td class=\"column-2\">20DEE0024K<\/td><td class=\"column-3\">CALLE INDEPENDENCIA S\/N SAN FRANCISCO IXHUATAN, OAX.<\/td><td class=\"column-4\">PROFRA. ESCOBAR DIAX ROSAURA<\/td><td class=\"column-5\">CORTE Y CONFECCI\u00d3N, CULTORA DE BELLEZA, COMPUTACI\u00d3N, MUSICA.<\/td>\n<\/tr>\n<tr class=\"row-19\">\n\t<td class=\"column-1\">CEO 43 \"LIC. ADOLFO L\u00d3PEZ MATEOS\"<\/td><td class=\"column-2\">20DEE0012F<\/td><td class=\"column-3\">CALLE PLUTARCO GALLEGOS No. 37 BARRIO STA. MAR\u00cdA, SANTO DOMINGO TEHUANTEPEC, OAX.<\/td><td class=\"column-4\">PROFRA. CRUZ MART\u00cdNEZ CLOTILDE<\/td><td class=\"column-5\">SECRETARIADO, CORTE Y CONFECCI\u00d3N, CULTORA DE BELLEZA, COCINA Y REPOSTERIA, COMPUTACI\u00d3N.<\/td>\n<\/tr>\n<tr class=\"row-20\">\n\t<td class=\"column-1\">CEO 43 EXTENSI\u00d3N \"LIC. ADOLFO L\u00d3PEZ MATEOS\"<\/td><td class=\"column-2\">20DEE0012F<\/td><td class=\"column-3\">PROL. MELCHOR OCAMPO COL. LORENZA STGO., JUCHITAN DE ZARAGOZA, OAX.<\/td><td class=\"column-4\">RESPONSABLE: TOLEDO DE LA CRUZ MIRNA<\/td><td class=\"column-5\">CULTORA DE BELLEZA<\/td>\n<\/tr>\n<tr class=\"row-21\">\n\t<td class=\"column-1\">CEO 55  \"MIGUEL HIDALGO\"<\/td><td class=\"column-2\">20DEE0003Y<\/td><td class=\"column-3\">AV. INDEPENDENCIA ESQ. CON CALLE DEL PANTEON S\/N, SAN FRANCISCO TUTLA, SANTA LUCIA DEL CAMINO CENTRO OAX.<\/td><td class=\"column-4\">PROFR. L\u00d3PEZ GARCIA ABRAHAM HERIBERTO<\/td><td class=\"column-5\">CORTE Y CONFECCI\u00d3N, CULTORA DE BELLEZA, COCINA Y REPOSTERIA, COMPUTACI\u00d3N.<\/td>\n<\/tr>\n<tr class=\"row-22\">\n\t<td class=\"column-1\">CEO 56 \"PROFRA. MAR\u00cdA MELO\"<\/td><td class=\"column-2\">20DEE0002Z<\/td><td class=\"column-3\">CARRETERA A DIAZ ORDAZ S\/N, TLACOLULA DE MATAMOROS, OAX.<\/td><td class=\"column-4\">PROFRA. PEREZ GARC\u00cdA CLAUDIA<\/td><td class=\"column-5\">CORTE Y CONFECCI\u00d3N, CULTORA DE BELLEZA, COMPUTACI\u00d3N, SECRETARIADO,  MUSICA.<\/td>\n<\/tr>\n<tr class=\"row-23\">\n\t<td class=\"column-1\">CEO 70 \"JOSEFA ORTIZ DE DOMINGUEZ\"<\/td><td class=\"column-2\">20DEE0020O<\/td><td class=\"column-3\">AV. CRUZ DEL RIO MANZANA 21 No. 26, INFONAVIT SANTA CRUZ AMILPAS, OAX.<\/td><td class=\"column-4\">PROFRA. RUIZ RUIZ TAVITA<\/td><td class=\"column-5\">CULTORA DE BELLEZA, CORTE Y CONFECCI\u00d3N, COMPUTACI\u00d3N, COCINA Y REPOSTERIA.<\/td>\n<\/tr>\n<tr class=\"row-24\">\n\t<td class=\"column-1\">CEO 72 \" ANDRES HENESTROZA\"<\/td><td class=\"column-2\">20DEE0021N<\/td><td class=\"column-3\">CALLE 13 DE SEPTIEMBRE S\/N ASUNCI\u00d3N IXTALTEPEC, ISTMO, OAX.<\/td><td class=\"column-4\">PROFRA. ESTELA VILLALOBOS RIOS<\/td><td class=\"column-5\">CULTORA DE BELLEZA, AUXILIAR ADMINISTRATIVO, AUXILIAR DE ENFERMERIA, COMPUTACI\u00d3N, CORTE Y CONFECCI\u00d3N.<\/td>\n<\/tr>\n<tr class=\"row-25\">\n\t<td class=\"column-1\"><strong style=\"font-weight: bold\">SUPERVISI\u00d3N ESCOLAR 03 <\/strong><\/td><td class=\"column-2\">20FSB0003B<\/td><td class=\"column-3\">AV. LAZARO CARDENAS No. 3032 SANTA LUCIA DEL CAMINO, CENTRO, OAX.<\/td><td class=\"column-4\">PROFRA. TOLEDO S\u00c1NCHEZ VIRGINIA<\/td><td class=\"column-5\"><\/td>\n<\/tr>\n<tr class=\"row-26\">\n\t<td class=\"column-1\">CEO 38 \"REVOLICI\u00d3N DE 1910\"<\/td><td class=\"column-2\">20DEE0010H<\/td><td class=\"column-3\">PROLONGACI\u00d3N DE NAZARET No. 38, COLONIA SAN PEDRO LOS PINOS HUAJUAPAN DE LE\u00d3N, OAX.<\/td><td class=\"column-4\">PROFR. ORTIZ GABRIEL ALEJANDRO<\/td><td class=\"column-5\">MUSICA, COCINA Y REPOSTERIA, CULTORA DE BELLZA, COMPUTACI\u00d3N, AUXILIAR CONTABLE, CORTE Y CONFECCI\u00d3N, SECRETARIADO.<\/td>\n<\/tr>\n<tr class=\"row-27\">\n\t<td class=\"column-1\">CEO 40 \"ACCI\u00d3N EDUCATIVA\"<\/td><td class=\"column-2\">20DEE0011G<\/td><td class=\"column-3\">CALLE JALISCO ESQ. MICHOACAN, PUTL A VILLA DE GUERRERO, OAX.<\/td><td class=\"column-4\">PROFRA. MART\u00cdNEZ RAM\u00cdREZ TERESITA DE JES\u00daS<\/td><td class=\"column-5\">MUSICA DE VIENTO, CORTE Y CONFECCI\u00d3N, AUXILIAR DE ENFERMERIA, COMPUTACI\u00d3N, CULTORA DE BELLEZA.<\/td>\n<\/tr>\n<tr class=\"row-28\">\n\t<td class=\"column-1\">CEO 40 EXT. \"ACCI\u00d3N EDUCATIVA\"<\/td><td class=\"column-2\">20DEE0011G<\/td><td class=\"column-3\">E.S.T. 36, EMILIANO IBARRA No. 03, BARRIO SAN DIEGO, HEROICA CIUDAD DE TLAXIACO, OAX.<\/td><td class=\"column-4\">PROFRA. MART\u00cdNEZ RAM\u00cdREZ TERESITA DE JES\u00daS<\/td><td class=\"column-5\">CULTORA DE BELLEZA, COMPUTACI\u00d3N, SECRETARIADO.<\/td>\n<\/tr>\n<tr class=\"row-29\">\n\t<td class=\"column-1\">CEO 45 \"HERMANOS FLORES MAGON\"<\/td><td class=\"column-2\">20DEE0013E<\/td><td class=\"column-3\">HIDALGO No. 10 TEOTITLAN DE FLORES MAGON, OAX.<\/td><td class=\"column-4\">PROFRA.  RENDON ROJAS MARTHA<\/td><td class=\"column-5\">CORTE Y CONFECCI\u00d3N, AUXILIAR DE ENFERMERIA, MUSICA, CULTORA DE BELLEZA, COMPUTACI\u00d3N.<\/td>\n<\/tr>\n<tr class=\"row-30\">\n\t<td class=\"column-1\">CEO 45 EXT. \"HERMANOS FLORES MAGON\"<\/td><td class=\"column-2\">20DEE0013E<\/td><td class=\"column-3\">ING. JORGE L. TAMAYO HUAHUTLA DE JIMENEZ, OAX.<\/td><td class=\"column-4\">PROFRA.  RENDON ROJAS MARTHA<\/td><td class=\"column-5\">SECRETARIADO, COMPUTACI\u00d3N, AUXILIAR DE ENFERMERIA, CORTE Y CONFECCI\u00d3N, CULTORA DE BELLEZA, DANZA.<\/td>\n<\/tr>\n<tr class=\"row-31\">\n\t<td class=\"column-1\">CEO 59 \"LUPITA HINOJOZA DE MURAT\"<\/td><td class=\"column-2\">20DEE0015C<\/td><td class=\"column-3\">AV. LAZARO CARDENAS S\/N COL. LOMA DE LA ERA, ASUNCI\u00d3N NOCHIXTLAN, OAX.<\/td><td class=\"column-4\">PROFRA. GARC\u00cdA CHAPA SILVIA<\/td><td class=\"column-5\">AUXILIAR DE ENFERMERIA, CULTORA DE BELLEZA, COMPUTACI\u00d3N, COCINA Y REPOSTERIA, CORTE Y CONFECCI\u00d3N.<\/td>\n<\/tr>\n<tr class=\"row-32\">\n\t<td class=\"column-1\">CEO 60 \"EMILIANO ZAPATA\"<\/td><td class=\"column-2\">20DEE0016B<\/td><td class=\"column-3\">INDEPENDENCIA No. 4 BARRIO AGUA BUENA, SANTIAGO SUCHILQUITONGO, ETLA, OAX.<\/td><td class=\"column-4\">PROFRA. SANTIAGO L\u00d3PEZ AUREA GEROGINA<\/td><td class=\"column-5\">AUXILIAR DE ENFERMERIA, SECRETARIADO, COCINA Y REPOSTERIA, CULTORA DE BELLEZA, CORTE Y CONFECCI\u00d3N, COMPUTACI\u00d3N.<\/td>\n<\/tr>\n<tr class=\"row-33\">\n\t<td class=\"column-1\">CEO 62 \"MARGARITA MAZA DE JU\u00c1REZ\"<\/td><td class=\"column-2\">20DEE0017A<\/td><td class=\"column-3\">GALIANA No. 1 SAN FRANCISCO TELIXTLAHUACA, ETLA, OAX.<\/td><td class=\"column-4\">PROFR. GARC\u00cdA GOMEZ WILFRIDO<\/td><td class=\"column-5\">COMPUTACI\u00d3N, DANZA, CULTORA DE BELLEZA, CORTE Y CONFECCI\u00d3N, COCINA Y REPOSTERIA.<\/td>\n<\/tr>\n<tr class=\"row-34\">\n\t<td class=\"column-1\">CEO 68 \"EDUARDO MATA\"<\/td><td class=\"column-2\">20DEE0019Z<\/td><td class=\"column-3\">PLAZUELA DE LA CONSTITUCI\u00d3N S\/N ESQ. CUAHUTEMOC, SAN LORENZO CACAOTEPEC, ETLA, OAX.<\/td><td class=\"column-4\">PROFR. CRUZ SANTOS MIGUEL HONORIO<\/td><td class=\"column-5\">COMPUTACI\u00d3N, COCINA Y REPOSTERIA, AUXILIAR DE ENFERMERIA, CULTORA DE BELLEZA, DANZA, MUSICA, CORTE Y CONFECCI\u00d3N.<\/td>\n<\/tr>\n<tr class=\"row-35\">\n\t<td class=\"column-1\">CEO 68 EXTENSI\u00d3N \"EDUARDO MATA\"<\/td><td class=\"column-2\">20DEE0019Z<\/td><td class=\"column-3\">CALLE CENTENARIO S\/N BARRIO GALEANA, SAN JUAN BAUTISTA CUICATLAN, OAX.<\/td><td class=\"column-4\">RESPONSABLE: PROFR. BONILLA JIMENEZ FRANCISCO<\/td><td class=\"column-5\">COMPUTACI\u00d3N, CULTORA DE BELLEZA, DANZA, SECRETARIADO, CORTE Y CONFECCI\u00d3N.<\/td>\n<\/tr>\n<\/tbody>\n<\/table>\n<!-- #tablepress-51 from cache -->\n","protected":false},"excerpt":{"rendered":"excerpt","protected":false},"author":87,"featured_media":0,"parent":0,"menu_order":0,"comment_status":"closed","ping_status":"closed","template":"","meta":{"episode_type":"","audio_file":"","podmotor_file_id":"","podmotor_episode_id":"","cover_image":"","cover_image_id":"","duration":"","filesize":"","filesize_raw":"","date_recorded":"","explicit":"","block":"","footnotes":""},"categories":[],"tags":[],"class_list":["post-9796","page","type-page","status-publish","hentry"],"acf":[],"publishpress_future_action":{"enabled":false,"date":"2026-04-22 19:53:22","action":"change-status","newStatus":"draft","terms":[],"taxonomy":"category","extraData":[]},"publishpress_future_workflow_manual_trigger":{"enabledWorkflows":[]},"_links":{"self":[{"href":"https:\/\/www.oaxaca.gob.mx\/ieepo\/wp-json\/wp\/v2\/pages\/9796","targetHints":{"allow":["GET"]}}],"collection":[{"href":"https:\/\/www.oaxaca.gob.mx\/ieepo\/wp-json\/wp\/v2\/pages"}],"about":[{"href":"https:\/\/www.oaxaca.gob.mx\/ieepo\/wp-json\/wp\/v2\/types\/page"}],"author":[{"embeddable":true,"href":"https:\/\/www.oaxaca.gob.mx\/ieepo\/wp-json\/wp\/v2\/users\/87"}],"replies":[{"embeddable":true,"href":"https:\/\/www.oaxaca.gob.mx\/ieepo\/wp-json\/wp\/v2\/comments?post=9796"}],"version-history":[{"count":1,"href":"https:\/\/www.oaxaca.gob.mx\/ieepo\/wp-json\/wp\/v2\/pages\/9796\/revisions"}],"predecessor-version":[{"id":9797,"href":"https:\/\/www.oaxaca.gob.mx\/ieepo\/wp-json\/wp\/v2\/pages\/9796\/revisions\/9797"}],"wp:attachment":[{"href":"https:\/\/www.oaxaca.gob.mx\/ieepo\/wp-json\/wp\/v2\/media?parent=9796"}],"wp:term":[{"taxonomy":"category","embeddable":true,"href":"https:\/\/www.oaxaca.gob.mx\/ieepo\/wp-json\/wp\/v2\/categories?post=9796"},{"taxonomy":"post_tag","embeddable":true,"href":"https:\/\/www.oaxaca.gob.mx\/ieepo\/wp-json\/wp\/v2\/tags?post=9796"}],"curies":[{"name":"wp","href":"https:\/\/api.w.org\/{rel}","templated":true}]}}