{"id":934,"date":"2019-03-28T19:23:06","date_gmt":"2019-03-29T01:23:06","guid":{"rendered":"https:\/\/www.oaxaca.gob.mx\/ieepo\/portal\/?page_id=934"},"modified":"2019-03-28T19:23:06","modified_gmt":"2019-03-29T01:23:06","slug":"programa-nacional-de-becas","status":"publish","type":"page","link":"https:\/\/www.oaxaca.gob.mx\/ieepo\/programa-nacional-de-becas\/","title":{"rendered":"Requisitos"},"content":{"rendered":"\t\t\t\t\n<p>\n\n DOCUMENTOS PARA INCORPORARSE AL PROGRAMA\n\n<\/p>\n\n\n\n\n<ul class=\"listas-geo wp-block-list\">\n<li> Solicitud de Inscripci\u00f3n o Reinscripci\u00f3n al programa debidamente requisitada y firmada. <a rel=\"noreferrer noopener\" aria-label=\"(FORMATO ANEXO) (abre en una nueva pesta\u00f1a)\" href=\"\/ieepo\/wp-content\/uploads\/sites\/75\/2019\/11\/FORMATO-DE-SOLICITUD-DE-BECA-PNB-2019-1.docx\" target=\"_blank\">(FORMATO ANEXO)<\/a> <div class=\"wp-block-file\"><a href=\"\/ieepo\/wp-content\/uploads\/sites\/75\/2019\/11\/FORMATO-DE-SOLICITUD-DE-BECA-PNB-2019-1.docx\"><br>FORMATO DE SOLICITUD DE BECA PNB 2019 Descargar<\/a><\/div> <\/li>\n<li>Constancia de Ingresos, mostrando sus ingresos econ\u00f3micos propios o de quien dependa econ\u00f3micamente la aspirante. (<a rel=\"noreferrer noopener\" aria-label=\"FORMATO ANEXO)\u2028 (abre en una nueva pesta\u00f1a)\" href=\"\/ieepo\/wp-content\/uploads\/sites\/75\/2019\/11\/CONSTANCIA-DE-INGRESOS-PNB-2019-1.docx\" target=\"_blank\">FORMATO ANEXO)<\/a> <div class=\"wp-block-file\"><a href=\"\/ieepo\/wp-content\/uploads\/sites\/75\/2019\/11\/CONSTANCIA-DE-INGRESOS-PNB-2019-1.docx\"><br>CONSTANCIA DE INGRESOS PNB 2019 Descargar<\/a><\/div> <\/li>\n<li>Carta Compromiso firmada. <a rel=\"noreferrer noopener\" aria-label=\"(FORMATO ANEXO)  (abre en una nueva pesta\u00f1a)\" href=\"\/ieepo\/wp-content\/uploads\/sites\/75\/2019\/11\/CARTA-COMPROMISO-PNB-2019-1.docx\" target=\"_blank\">(FORMATO ANEXO) <\/a> <div class=\"wp-block-file\"><a href=\"\/ieepo\/wp-content\/uploads\/sites\/75\/2019\/11\/CARTA-COMPROMISO-PNB-2019-1.docx\"> <br>CARTA COMPROMISO PNB 2019 Descargar<\/a><\/div> <\/li>\n<li>Copia de la credencial de elector o, en caso  de que sea menor de edad, credencial de la Instituci\u00f3n que acredite ser estudiante, legible con nombre, firma de la becaria y sello oficial.<br><\/li>\n<li>Dos fotograf\u00edas tama\u00f1o infantil (recientes e iguales, una para la solicitud y otra para la carta compromiso).<\/li>\n<li>Acta de nacimiento de la aspirante.<br><\/li>\n<li>CURP de la aspirante.<br><\/li>\n<li>Comprobante de domicilio con una fecha no mayor a dos meses anteriores a la solicitud.<br><\/li>\n<li>Para el Sistema Escolarizado, Constancia de Estudios.<\/li>\n<li>Boleta, certificado o constancia de calificaciones del ultimo a\u00f1o cursado, seg\u00fan corresponda, excepto casos en que la aspirante no cuente con antecedentes escolares para iniciar su educaci\u00f3n b\u00e1sica.<br><\/li>\n<li>Acta de nacimiento de hija (s) o hijo (s) de la aspirante y CURP o, en su caso, constancia de embarazo (o documento equivalente) expedido por una unidad de salud, cl\u00ednica u hospital p\u00fablico, que se\u00f1ale la fecha de alumbramiento.<\/li>\n<\/ul>\n\t\t","protected":false},"excerpt":{"rendered":"excerpt","protected":false},"author":1,"featured_media":0,"parent":0,"menu_order":0,"comment_status":"closed","ping_status":"closed","template":"","meta":{"episode_type":"","audio_file":"","podmotor_file_id":"","podmotor_episode_id":"","cover_image":"","cover_image_id":"","duration":"","filesize":"","filesize_raw":"","date_recorded":"","explicit":"","block":"","footnotes":""},"categories":[],"tags":[],"class_list":["post-934","page","type-page","status-publish","hentry"],"acf":[],"publishpress_future_action":{"enabled":false,"date":"2026-05-11 07:42:45","action":"change-status","newStatus":"draft","terms":[],"taxonomy":"category","extraData":[]},"publishpress_future_workflow_manual_trigger":{"enabledWorkflows":[]},"_links":{"self":[{"href":"https:\/\/www.oaxaca.gob.mx\/ieepo\/wp-json\/wp\/v2\/pages\/934","targetHints":{"allow":["GET"]}}],"collection":[{"href":"https:\/\/www.oaxaca.gob.mx\/ieepo\/wp-json\/wp\/v2\/pages"}],"about":[{"href":"https:\/\/www.oaxaca.gob.mx\/ieepo\/wp-json\/wp\/v2\/types\/page"}],"author":[{"embeddable":true,"href":"https:\/\/www.oaxaca.gob.mx\/ieepo\/wp-json\/wp\/v2\/users\/1"}],"replies":[{"embeddable":true,"href":"https:\/\/www.oaxaca.gob.mx\/ieepo\/wp-json\/wp\/v2\/comments?post=934"}],"version-history":[{"count":0,"href":"https:\/\/www.oaxaca.gob.mx\/ieepo\/wp-json\/wp\/v2\/pages\/934\/revisions"}],"wp:attachment":[{"href":"https:\/\/www.oaxaca.gob.mx\/ieepo\/wp-json\/wp\/v2\/media?parent=934"}],"wp:term":[{"taxonomy":"category","embeddable":true,"href":"https:\/\/www.oaxaca.gob.mx\/ieepo\/wp-json\/wp\/v2\/categories?post=934"},{"taxonomy":"post_tag","embeddable":true,"href":"https:\/\/www.oaxaca.gob.mx\/ieepo\/wp-json\/wp\/v2\/tags?post=934"}],"curies":[{"name":"wp","href":"https:\/\/api.w.org\/{rel}","templated":true}]}}