{"id":923,"date":"2018-09-11T18:47:34","date_gmt":"2018-09-11T18:47:34","guid":{"rendered":"https:\/\/www.oaxaca.gob.mx\/ieepo\/portal\/?page_id=923"},"modified":"2024-06-29T17:23:36","modified_gmt":"2024-06-29T23:23:36","slug":"programa-nacional-de-ingles-proni","status":"publish","type":"page","link":"https:\/\/www.oaxaca.gob.mx\/ieepo\/programa-nacional-de-ingles-proni\/","title":{"rendered":"Programa Nacional de Ingl\u00e9s (PRONI)"},"content":{"rendered":"<div class=\"row\">\n<div class=\"col-md-8 col-sm-8 col-xs-12\">\n<p>    <strong style=\"font-weight: bold\">Objetivos del PRONI <\/strong><\/p>\n<ul class=\"listas-geo\">\n<li>Fortalecer los procesos de ense\u00f1anza-aprendizaje del ingl\u00e9s.<\/li>\n<li>Apoyo a las autoridades educativas locales con la producci\u00f3n y distribuci\u00f3n de materiales educativos.<\/li>\n<li>Fortalecimiento acad\u00e9mico y certificaci\u00f3n acad\u00e9mica Internacional de los docentes y asesores.<\/li>\n<li>Implementaci\u00f3n en escuelas p\u00fablicas. (3ro de preescolar a 6to de primaria)<\/li>\n<\/ul><\/div>\n<div class=\"col-md-4 col-sm-4 col-xs-12\">\n<p>    <a href=\"http:\/\/www.dgdc.sep.gob.mx\/dgdc2016\/progfederales\/dgdc_prog_fed_PRONI.htm\" target=\"_blank\" rel=\"noopener noreferrer\"><img loading=\"lazy\" decoding=\"async\" class=\"img-responsive center-block\" src=\"\/ieepo\/wp-content\/uploads\/sites\/75\/2018\/09\/programa-proni.png\" alt=\"PRONI.\" width=\"238\" height=\"126\" \/><\/a><\/p><\/div>\n<\/p><\/div>\n<p>    <strong style=\"font-weight: bold\"><br \/>\n    Prop\u00f3sito General<\/strong><\/p>\n<ul class=\"listas-geo\">\n<li>Evaluar el dise\u00f1o del programa con el fin de proveer informaci\u00f3n que retroalimente su dise\u00f1o, gesti\u00f3n y resultados.<\/li>\n<li>Implementaci\u00f3n y difusi\u00f3n de materiales educativos.<\/li>\n<li>Fortalecimiento acad\u00e9mico.<\/li>\n<li>Asesor\u00eda, acompa\u00f1amiento y seguimiento.<\/li>\n<li>Servicios de asesor\u00eda externos especializados.<\/li>\n<li>Gasto operacional local.<\/li>\n<\/ul>\n<p>    <strong style=\"font-weight: bold\">\u00bfC\u00f3mo ser beneficiario del PRONI?<\/strong><br \/>\n    1.- Solicitud en la que se especifique la cantidad de grupos a atender.<br \/>\n    2.- Entrega de Acta de Primera Sesi\u00f3n del Consejo Escolar de Participaci\u00f3n Social en la Educaci\u00f3n.<br \/>\n    Anexando:<\/p>\n<ol>\n<li value=\"20\">Constancia de acreditaci\u00f3n al presidente del Consejo Escolar de Participaci\u00f3n Social en la Educaci\u00f3n.<\/li>\n<li>Copias de la CURP de los integrantes del consejo.<\/li>\n<li>Listas de Asistencia.<\/li>\n<\/ol>\n<p>    Una vez cumplidos los requisitos se proceder\u00e1 a la contrataci\u00f3n del asesor externo especializado para brindar la atenci\u00f3n a la escuela.<\/p>\n<div class=\"row\">\n<div class=\"col-md-3 col-sm-3 col-xs-12\"><\/div>\n<div class=\"col-md-6 col-sm-3 col-xs-12\"><div class=\"su-youtube su-u-responsive-media-yes\"><iframe loading=\"lazy\" width=\"600\" height=\"400\" src=\"https:\/\/www.youtube.com\/embed\/GcDEfmImZgs?\" frameborder=\"0\" allowfullscreen allow=\"autoplay; encrypted-media; picture-in-picture\" title=\"\"><\/iframe><\/div><\/div>\n<\/p><\/div>\n<p>    <strong style=\"font-weight: bold\">Directorio<\/strong><br \/>\n    <strong style=\"font-weight: bold\">Coordinador estatal:<\/strong> Leonel Cruz Ortiz<br \/>\n    <strong style=\"font-weight: bold\">Enlace financiero:<\/strong> Ang\u00e9lica S\u00e1nchez D\u00edaz<br \/>\n    <strong style=\"font-weight: bold\">Enlace Contralor\u00eda Social:<\/strong> Arisbeth Yusell L\u00f3pez Alcal\u00e1<br \/>\n<strong style=\"font-weight: bold\">Seguimiento Operativo:<\/strong> Karina Tania S\u00e1nchez Zarate<br \/>\n    <strong style=\"font-weight: bold\">Correo electr\u00f3nico:<\/strong> proni@ieepo.gob.mx<br \/>\n    <strong style=\"font-weight: bold\">Direcci\u00f3n:<\/strong> Av. M\u00e9xico n\u00fam.809, Col. La Paz, San Felipe del Agua, Oax.<br \/>\n    <strong style=\"font-weight: bold\">Tel\u00e9fono:<\/strong> 971 140 04 38, 951 205 66 99<\/p>\n","protected":false},"excerpt":{"rendered":"excerpt","protected":false},"author":1,"featured_media":0,"parent":0,"menu_order":0,"comment_status":"closed","ping_status":"closed","template":"","meta":{"episode_type":"","audio_file":"","podmotor_file_id":"","podmotor_episode_id":"","cover_image":"","cover_image_id":"","duration":"","filesize":"","filesize_raw":"","date_recorded":"","explicit":"","block":"","footnotes":""},"categories":[],"tags":[],"class_list":["post-923","page","type-page","status-publish","hentry"],"acf":[],"publishpress_future_action":{"enabled":false,"date":"2026-04-22 21:48:59","action":"change-status","newStatus":"draft","terms":[],"taxonomy":"category","extraData":[]},"publishpress_future_workflow_manual_trigger":{"enabledWorkflows":[]},"_links":{"self":[{"href":"https:\/\/www.oaxaca.gob.mx\/ieepo\/wp-json\/wp\/v2\/pages\/923","targetHints":{"allow":["GET"]}}],"collection":[{"href":"https:\/\/www.oaxaca.gob.mx\/ieepo\/wp-json\/wp\/v2\/pages"}],"about":[{"href":"https:\/\/www.oaxaca.gob.mx\/ieepo\/wp-json\/wp\/v2\/types\/page"}],"author":[{"embeddable":true,"href":"https:\/\/www.oaxaca.gob.mx\/ieepo\/wp-json\/wp\/v2\/users\/1"}],"replies":[{"embeddable":true,"href":"https:\/\/www.oaxaca.gob.mx\/ieepo\/wp-json\/wp\/v2\/comments?post=923"}],"version-history":[{"count":3,"href":"https:\/\/www.oaxaca.gob.mx\/ieepo\/wp-json\/wp\/v2\/pages\/923\/revisions"}],"predecessor-version":[{"id":33597,"href":"https:\/\/www.oaxaca.gob.mx\/ieepo\/wp-json\/wp\/v2\/pages\/923\/revisions\/33597"}],"wp:attachment":[{"href":"https:\/\/www.oaxaca.gob.mx\/ieepo\/wp-json\/wp\/v2\/media?parent=923"}],"wp:term":[{"taxonomy":"category","embeddable":true,"href":"https:\/\/www.oaxaca.gob.mx\/ieepo\/wp-json\/wp\/v2\/categories?post=923"},{"taxonomy":"post_tag","embeddable":true,"href":"https:\/\/www.oaxaca.gob.mx\/ieepo\/wp-json\/wp\/v2\/tags?post=923"}],"curies":[{"name":"wp","href":"https:\/\/api.w.org\/{rel}","templated":true}]}}