{"id":840,"date":"2018-09-09T05:36:37","date_gmt":"2018-09-09T05:36:37","guid":{"rendered":"https:\/\/www.oaxaca.gob.mx\/ieepo\/portal\/?page_id=840"},"modified":"2018-09-09T05:36:37","modified_gmt":"2018-09-09T05:36:37","slug":"a-programar-una-introduccion-a-la-programacion-con-scratch","status":"publish","type":"page","link":"https:\/\/www.oaxaca.gob.mx\/ieepo\/a-programar-una-introduccion-a-la-programacion-con-scratch\/","title":{"rendered":"\u00a1A Programar! Una introducci\u00f3n a la programaci\u00f3n con Scratch"},"content":{"rendered":"<br \/>\n<h4>Objetivo:<\/h4>\n<p>Aprender a programar a trav\u00e9s de Scratch desarrollando el pensamiento l\u00f3gico y creativo, resolviendo problemas mediante un aprendizaje activo, l\u00fadico y colaborativo.<\/p>\n<h4>Dirigido a:<\/h4>\n<p>Ni\u00f1os y adolescentes con edades entre los 9 a los 15 a\u00f1os.<\/p>\n<h4>Competencias a desarrollar:<\/h4>\n<ul class=\"listas-geo\">\n<li>Pensamiento Cr\u00edtico.<\/li>\n<li>Creatividad y curiosidad intelectual.<\/li>\n<li>Pensamiento computacional.<\/li>\n<li>Razonamiento l\u00f3gico- matem\u00e1tico.<\/li>\n<li>Visualizaci\u00f3n gr\u00e1fica y espacial.<\/li>\n<\/ul>\n","protected":false},"excerpt":{"rendered":"excerpt","protected":false},"author":1,"featured_media":0,"parent":0,"menu_order":0,"comment_status":"closed","ping_status":"closed","template":"","meta":{"episode_type":"","audio_file":"","podmotor_file_id":"","podmotor_episode_id":"","cover_image":"","cover_image_id":"","duration":"","filesize":"","filesize_raw":"","date_recorded":"","explicit":"","block":"","footnotes":""},"categories":[],"tags":[],"class_list":["post-840","page","type-page","status-publish","hentry"],"acf":[],"publishpress_future_action":{"enabled":false,"date":"2026-05-03 11:53:59","action":"change-status","newStatus":"draft","terms":[],"taxonomy":"category","extraData":[]},"publishpress_future_workflow_manual_trigger":{"enabledWorkflows":[]},"_links":{"self":[{"href":"https:\/\/www.oaxaca.gob.mx\/ieepo\/wp-json\/wp\/v2\/pages\/840","targetHints":{"allow":["GET"]}}],"collection":[{"href":"https:\/\/www.oaxaca.gob.mx\/ieepo\/wp-json\/wp\/v2\/pages"}],"about":[{"href":"https:\/\/www.oaxaca.gob.mx\/ieepo\/wp-json\/wp\/v2\/types\/page"}],"author":[{"embeddable":true,"href":"https:\/\/www.oaxaca.gob.mx\/ieepo\/wp-json\/wp\/v2\/users\/1"}],"replies":[{"embeddable":true,"href":"https:\/\/www.oaxaca.gob.mx\/ieepo\/wp-json\/wp\/v2\/comments?post=840"}],"version-history":[{"count":0,"href":"https:\/\/www.oaxaca.gob.mx\/ieepo\/wp-json\/wp\/v2\/pages\/840\/revisions"}],"wp:attachment":[{"href":"https:\/\/www.oaxaca.gob.mx\/ieepo\/wp-json\/wp\/v2\/media?parent=840"}],"wp:term":[{"taxonomy":"category","embeddable":true,"href":"https:\/\/www.oaxaca.gob.mx\/ieepo\/wp-json\/wp\/v2\/categories?post=840"},{"taxonomy":"post_tag","embeddable":true,"href":"https:\/\/www.oaxaca.gob.mx\/ieepo\/wp-json\/wp\/v2\/tags?post=840"}],"curies":[{"name":"wp","href":"https:\/\/api.w.org\/{rel}","templated":true}]}}