{"id":825,"date":"2018-09-09T05:17:10","date_gmt":"2018-09-09T05:17:10","guid":{"rendered":"https:\/\/www.oaxaca.gob.mx\/ieepo\/portal\/?page_id=825"},"modified":"2021-11-11T22:18:23","modified_gmt":"2021-11-12T04:18:23","slug":"asesoria-mi-compu","status":"publish","type":"page","link":"https:\/\/www.oaxaca.gob.mx\/ieepo\/asesoria-mi-compu\/","title":{"rendered":"Asesor\u00eda Mi Compu"},"content":{"rendered":"<p>\t\t\t\t<strong style=\"font-weight: bold\">Objetivo:<\/strong><br \/>\nDar a conocer las herramientas del Software Libre con que cuenta el programa Mi compu a trav\u00e9s de actividades pr\u00e1cticas-colaborativas que permitan su integraci\u00f3n en los procesos de ense\u00f1anza y aprendizaje, aplic\u00e1ndolo en actividades de planeaci\u00f3n, organizaci\u00f3n y evaluaci\u00f3n.<\/p>\n<p><strong style=\"font-weight: bold\">Dirigido a:<\/strong><br \/>\nPersonal docente, personal directivo y subdirectivo, ATP\u2019s, personal encargado del aula de medios, coordinaciones acad\u00e9micas cuya escuela est\u00e9 beneficiada por el programa.<\/p>\n<p><strong style=\"font-weight: bold\">Competencias a desarrollar:<\/strong><br \/>\n\u2022 Conocer y utilizar el software adecuado.<br \/>\n\u2022 Integrar las herramientas digitales de forma productiva en la pr\u00e1ctica docente.\t\t<\/p>\n","protected":false},"excerpt":{"rendered":"excerpt","protected":false},"author":1,"featured_media":0,"parent":0,"menu_order":0,"comment_status":"closed","ping_status":"closed","template":"","meta":{"episode_type":"","audio_file":"","podmotor_file_id":"","podmotor_episode_id":"","cover_image":"","cover_image_id":"","duration":"","filesize":"","filesize_raw":"","date_recorded":"","explicit":"","block":"","footnotes":""},"categories":[],"tags":[],"class_list":["post-825","page","type-page","status-publish","hentry"],"acf":[],"publishpress_future_action":{"enabled":false,"date":"2026-05-08 15:14:47","action":"change-status","newStatus":"draft","terms":[],"taxonomy":"category","extraData":[]},"publishpress_future_workflow_manual_trigger":{"enabledWorkflows":[]},"_links":{"self":[{"href":"https:\/\/www.oaxaca.gob.mx\/ieepo\/wp-json\/wp\/v2\/pages\/825","targetHints":{"allow":["GET"]}}],"collection":[{"href":"https:\/\/www.oaxaca.gob.mx\/ieepo\/wp-json\/wp\/v2\/pages"}],"about":[{"href":"https:\/\/www.oaxaca.gob.mx\/ieepo\/wp-json\/wp\/v2\/types\/page"}],"author":[{"embeddable":true,"href":"https:\/\/www.oaxaca.gob.mx\/ieepo\/wp-json\/wp\/v2\/users\/1"}],"replies":[{"embeddable":true,"href":"https:\/\/www.oaxaca.gob.mx\/ieepo\/wp-json\/wp\/v2\/comments?post=825"}],"version-history":[{"count":1,"href":"https:\/\/www.oaxaca.gob.mx\/ieepo\/wp-json\/wp\/v2\/pages\/825\/revisions"}],"predecessor-version":[{"id":23061,"href":"https:\/\/www.oaxaca.gob.mx\/ieepo\/wp-json\/wp\/v2\/pages\/825\/revisions\/23061"}],"wp:attachment":[{"href":"https:\/\/www.oaxaca.gob.mx\/ieepo\/wp-json\/wp\/v2\/media?parent=825"}],"wp:term":[{"taxonomy":"category","embeddable":true,"href":"https:\/\/www.oaxaca.gob.mx\/ieepo\/wp-json\/wp\/v2\/categories?post=825"},{"taxonomy":"post_tag","embeddable":true,"href":"https:\/\/www.oaxaca.gob.mx\/ieepo\/wp-json\/wp\/v2\/tags?post=825"}],"curies":[{"name":"wp","href":"https:\/\/api.w.org\/{rel}","templated":true}]}}