{"id":815,"date":"2018-09-09T04:59:01","date_gmt":"2018-09-09T04:59:01","guid":{"rendered":"https:\/\/www.oaxaca.gob.mx\/ieepo\/portal\/?page_id=815"},"modified":"2021-11-11T17:27:11","modified_gmt":"2021-11-11T23:27:11","slug":"aplicaciones-para-elaborar-recursos-didacticos","status":"publish","type":"page","link":"https:\/\/www.oaxaca.gob.mx\/ieepo\/aplicaciones-para-elaborar-recursos-didacticos\/","title":{"rendered":"Aplicaciones para Elaborar Recursos Did\u00e1cticos."},"content":{"rendered":"\t\t\t\t<p><strong style=\"font-weight: bold\">Objetivo:<\/strong><br>\r\nIntegrar las tecnolog\u00edas de la informaci\u00f3n y la comunicaci\u00f3n en la pr\u00e1ctica docente, como un recurso did\u00e1ctico que impacte en el aprendizaje del alumnado, promoviendo el dise\u00f1o de estrategias que involucren el desarrollo de competencias digitales.<\/p>\r\n<p><strong style=\"font-weight: bold\">Dirigido a:<\/strong><br>\r\nDocentes, directores, subdirectores, ATP\u2019s, encargados del aula de medios, prefectos, coordinadores acad\u00e9micos, bibliotecarios.<\/p>\r\n<p><strong style=\"font-weight: bold\">Competencias a desarrollar:<\/strong><br>\r\n\u2022 Integrar las herramientas digitales de forma productiva en la pr\u00e1ctica docente.<br>\r\n\u2022 Dise\u00f1ar actividades l\u00fadicas para promover el conocimiento haciendo uso de diversas aplicaciones educativas.<br>\r\n\u2022 Utilizar el software educativo adecuado para el desarrollo de contenidos, de acuerdo con el contexto situacional.<br>\r\n\u2022 Valorar el uso de las herramientas digitales y tradicionales evaluando la efectividad en su aplicaci\u00f3n.<\/p>\r\n\r\n\t\t","protected":false},"excerpt":{"rendered":"excerpt","protected":false},"author":1,"featured_media":0,"parent":0,"menu_order":0,"comment_status":"closed","ping_status":"closed","template":"","meta":{"episode_type":"","audio_file":"","podmotor_file_id":"","podmotor_episode_id":"","cover_image":"","cover_image_id":"","duration":"","filesize":"","filesize_raw":"","date_recorded":"","explicit":"","block":"","footnotes":""},"categories":[],"tags":[],"class_list":["post-815","page","type-page","status-publish","hentry"],"acf":[],"publishpress_future_action":{"enabled":false,"date":"2026-05-08 11:24:20","action":"change-status","newStatus":"draft","terms":[],"taxonomy":"category","extraData":[]},"publishpress_future_workflow_manual_trigger":{"enabledWorkflows":[]},"_links":{"self":[{"href":"https:\/\/www.oaxaca.gob.mx\/ieepo\/wp-json\/wp\/v2\/pages\/815","targetHints":{"allow":["GET"]}}],"collection":[{"href":"https:\/\/www.oaxaca.gob.mx\/ieepo\/wp-json\/wp\/v2\/pages"}],"about":[{"href":"https:\/\/www.oaxaca.gob.mx\/ieepo\/wp-json\/wp\/v2\/types\/page"}],"author":[{"embeddable":true,"href":"https:\/\/www.oaxaca.gob.mx\/ieepo\/wp-json\/wp\/v2\/users\/1"}],"replies":[{"embeddable":true,"href":"https:\/\/www.oaxaca.gob.mx\/ieepo\/wp-json\/wp\/v2\/comments?post=815"}],"version-history":[{"count":1,"href":"https:\/\/www.oaxaca.gob.mx\/ieepo\/wp-json\/wp\/v2\/pages\/815\/revisions"}],"predecessor-version":[{"id":23059,"href":"https:\/\/www.oaxaca.gob.mx\/ieepo\/wp-json\/wp\/v2\/pages\/815\/revisions\/23059"}],"wp:attachment":[{"href":"https:\/\/www.oaxaca.gob.mx\/ieepo\/wp-json\/wp\/v2\/media?parent=815"}],"wp:term":[{"taxonomy":"category","embeddable":true,"href":"https:\/\/www.oaxaca.gob.mx\/ieepo\/wp-json\/wp\/v2\/categories?post=815"},{"taxonomy":"post_tag","embeddable":true,"href":"https:\/\/www.oaxaca.gob.mx\/ieepo\/wp-json\/wp\/v2\/tags?post=815"}],"curies":[{"name":"wp","href":"https:\/\/api.w.org\/{rel}","templated":true}]}}