{"id":809,"date":"2018-09-09T04:53:57","date_gmt":"2018-09-09T04:53:57","guid":{"rendered":"https:\/\/www.oaxaca.gob.mx\/ieepo\/portal\/?page_id=809"},"modified":"2023-04-01T11:24:03","modified_gmt":"2023-04-01T17:24:03","slug":"habilidades-computacionales-basicas","status":"publish","type":"page","link":"https:\/\/www.oaxaca.gob.mx\/ieepo\/habilidades-computacionales-basicas\/","title":{"rendered":"Habilidades Computacionales B\u00e1sicas."},"content":{"rendered":"<p><strong style=\"font-weight: bold\">Objetivo:<\/strong><br \/>\nDesarrollar habilidades b\u00e1sicas en el uso de las tecnolog\u00edas de la informaci\u00f3n y la comunicaci\u00f3n, para crear recursos educativos que generen nuevos ambientes en los procesos de ense\u00f1anza y aprendizaje.<br \/>\n&nbsp;<\/p>\n<p><strong style=\"font-weight: bold\">Dirigido a:<\/strong><br \/>\nDocentes, directores, subdirectores, ATP\u2019s, encargados del aula de medios, prefectos, coordinadores acad\u00e9micos, bibliotecarios y administrativos.<br \/>\n&nbsp;<\/p>\n<p><strong style=\"font-weight: bold\">Competencias a desarrollar:<\/strong><br \/>\n\u2022 Integrar las herramientas digitales de forma productiva en la pr\u00e1ctica docente.<br \/>\n\u2022 Manejar la paqueter\u00eda b\u00e1sica de office para utilizarla en pr\u00e1cticas pedag\u00f3gicas.<br \/>\n\u2022 B\u00fasqueda de informaci\u00f3n confiable para elaborar proyectos de aprendizaje.<br \/>\n\u2022 Utilizar las herramientas de colaboraci\u00f3n y comunicaci\u00f3n en situaciones de aprendizaje.<br \/>\n\u2022 Valorar el uso de las herramientas digitales y tradicionales evaluando la efectividad en su aplicaci\u00f3n.<br \/>\n&nbsp;<\/p>\n<h3><strong>Para m\u00e1s informaci\u00f3n visita el portal web:<\/strong><\/h3>\n<p><a href=\"https:\/\/sites.google.com\/view\/cursosdte\/\" target=\"_blank\" rel=\"noopener noreferrer\">https:\/\/sites.google.com\/view\/cursosdte\/<\/a><\/p>\n","protected":false},"excerpt":{"rendered":"excerpt","protected":false},"author":1,"featured_media":0,"parent":0,"menu_order":0,"comment_status":"closed","ping_status":"closed","template":"","meta":{"episode_type":"","audio_file":"","podmotor_file_id":"","podmotor_episode_id":"","cover_image":"","cover_image_id":"","duration":"","filesize":"","filesize_raw":"","date_recorded":"","explicit":"","block":"","footnotes":""},"categories":[],"tags":[],"class_list":["post-809","page","type-page","status-publish","hentry"],"acf":[],"publishpress_future_action":{"enabled":false,"date":"2026-05-03 11:52:11","action":"change-status","newStatus":"draft","terms":[],"taxonomy":"category","extraData":[]},"publishpress_future_workflow_manual_trigger":{"enabledWorkflows":[]},"_links":{"self":[{"href":"https:\/\/www.oaxaca.gob.mx\/ieepo\/wp-json\/wp\/v2\/pages\/809","targetHints":{"allow":["GET"]}}],"collection":[{"href":"https:\/\/www.oaxaca.gob.mx\/ieepo\/wp-json\/wp\/v2\/pages"}],"about":[{"href":"https:\/\/www.oaxaca.gob.mx\/ieepo\/wp-json\/wp\/v2\/types\/page"}],"author":[{"embeddable":true,"href":"https:\/\/www.oaxaca.gob.mx\/ieepo\/wp-json\/wp\/v2\/users\/1"}],"replies":[{"embeddable":true,"href":"https:\/\/www.oaxaca.gob.mx\/ieepo\/wp-json\/wp\/v2\/comments?post=809"}],"version-history":[{"count":5,"href":"https:\/\/www.oaxaca.gob.mx\/ieepo\/wp-json\/wp\/v2\/pages\/809\/revisions"}],"predecessor-version":[{"id":29331,"href":"https:\/\/www.oaxaca.gob.mx\/ieepo\/wp-json\/wp\/v2\/pages\/809\/revisions\/29331"}],"wp:attachment":[{"href":"https:\/\/www.oaxaca.gob.mx\/ieepo\/wp-json\/wp\/v2\/media?parent=809"}],"wp:term":[{"taxonomy":"category","embeddable":true,"href":"https:\/\/www.oaxaca.gob.mx\/ieepo\/wp-json\/wp\/v2\/categories?post=809"},{"taxonomy":"post_tag","embeddable":true,"href":"https:\/\/www.oaxaca.gob.mx\/ieepo\/wp-json\/wp\/v2\/tags?post=809"}],"curies":[{"name":"wp","href":"https:\/\/api.w.org\/{rel}","templated":true}]}}