{"id":8017,"date":"2019-10-28T14:10:40","date_gmt":"2019-10-28T20:10:40","guid":{"rendered":"https:\/\/www.oaxaca.gob.mx\/ieepo\/?page_id=8017"},"modified":"2019-10-28T14:10:40","modified_gmt":"2019-10-28T20:10:40","slug":"educacion-normal-y-formacion-de-docentes","status":"publish","type":"page","link":"https:\/\/www.oaxaca.gob.mx\/ieepo\/educacion-normal-y-formacion-de-docentes\/","title":{"rendered":"Educaci\u00f3n Normal y Formaci\u00f3n de Docentes"},"content":{"rendered":"<p><strong style=\"font-weight: bold\">\u00bfQui\u00e9nes Somos?<\/strong><br \/>\nLa Unidad de Educaci\u00f3n Normal y Formaci\u00f3n Docente se encarga de Coordinar con un enfoque de calidad educativa la implementaci\u00f3n de los servicios de educaci\u00f3n normal y dem\u00e1s para la formaci\u00f3n de docentes que se impartan en los planteles que dependen del instituto, los servicios orientados a favorecer la equidad educativa.<\/p>\n<p>Comunica y verifica el cumplimiento del calendario escolar oficial establecido para las Escuelas Normales. Tambi\u00e9n difunde y vigila el cumplimiento de los planes, programas, m\u00e9todos de estudio, normas pedag\u00f3gicas, contenidos educativos, materiales did\u00e1cticos y dem\u00e1s instrumentos necesarios para la evaluaci\u00f3n del aprendizaje en la educaci\u00f3n.<\/p>\n<p>Dirigir las visitas de inspecci\u00f3n para verificar la infraestructura f\u00edsica de las instalaciones y condiciones higi\u00e9nico-pedag\u00f3gicas, acad\u00e9micas y de servicio educativo en general de las instituciones del nivel de Educaci\u00f3n Normal que lo soliciten.<\/p>\n<p><strong style=\"font-weight: bold\">Misi\u00f3n:<\/strong><br \/>\nCoordinar y administrar la educaci\u00f3n normal en el Estado de Oaxaca, mediante el desarrollo de programas educativos, lineamientos y estrategias que faciliten incrementar la eficiencia y eficacia en los procesos de ense\u00f1anza-aprendizaje de los docentes que brindar\u00e1n una educaci\u00f3n de calidad a cada uno de los municipios de Oaxaca.<\/p>\n<p><strong style=\"font-weight: bold\">Visi\u00f3n:<\/strong><br \/>\nSer una Unidad educativa de calidad  que conduzca la educaci\u00f3n normal de Oaxaca, con est\u00e1ndares globales  y universales que contribuya a formar docentes capaces de brindar una educaci\u00f3n de calidad a la poblaci\u00f3n oaxaque\u00f1a con la finalidad de crear ciudadanos libres , participativos, responsables e informados, capaces de ejercer y defender sus derechos, que participen activamente en la vida social, econ\u00f3mica y pol\u00edtica de M\u00e9xico; es decir, personas que tengan la motivaci\u00f3n y capacidad de lograr su desarrollo personal , laboral y familiar , dispuestas a mejorar su entorno social y natural para construir un Oaxaca m\u00e1s libre, justo y pr\u00f3spero , que forme parte de un mundo cada vez m\u00e1s interconectado , complejo y desafiante.<\/p>\n<p><strong style=\"font-weight: bold\">Objetivo Especifico:<\/strong><br \/>\nPrestar los servicios de gesti\u00f3n y seguimiento de tramites, as\u00ed como el asesoramiento y actualizaci\u00f3n a docentes en base a los planes educativos.<\/p>\n<p><strong style=\"font-weight: bold\">Objetivo General:<\/strong><br \/>\nPrestar los servicios de educaci\u00f3n normal y formaci\u00f3n docente, en el marco de los principios establecidos por el art\u00edculo 3o. de la Constituci\u00f3n Federal, la Ley General del Servicio Profesional Docente, para garantizar la calidad en la educaci\u00f3n obligatoria, con base en el mejoramiento constante y el m\u00e1ximo logro acad\u00e9mico de los educandos.<\/p>\n","protected":false},"excerpt":{"rendered":"excerpt","protected":false},"author":1,"featured_media":0,"parent":0,"menu_order":0,"comment_status":"closed","ping_status":"closed","template":"","meta":{"episode_type":"","audio_file":"","podmotor_file_id":"","podmotor_episode_id":"","cover_image":"","cover_image_id":"","duration":"","filesize":"","filesize_raw":"","date_recorded":"","explicit":"","block":"","footnotes":""},"categories":[],"tags":[],"class_list":["post-8017","page","type-page","status-publish","hentry"],"acf":[],"publishpress_future_action":{"enabled":false,"date":"2026-05-03 11:54:01","action":"change-status","newStatus":"draft","terms":[],"taxonomy":"category","extraData":[]},"publishpress_future_workflow_manual_trigger":{"enabledWorkflows":[]},"_links":{"self":[{"href":"https:\/\/www.oaxaca.gob.mx\/ieepo\/wp-json\/wp\/v2\/pages\/8017","targetHints":{"allow":["GET"]}}],"collection":[{"href":"https:\/\/www.oaxaca.gob.mx\/ieepo\/wp-json\/wp\/v2\/pages"}],"about":[{"href":"https:\/\/www.oaxaca.gob.mx\/ieepo\/wp-json\/wp\/v2\/types\/page"}],"author":[{"embeddable":true,"href":"https:\/\/www.oaxaca.gob.mx\/ieepo\/wp-json\/wp\/v2\/users\/1"}],"replies":[{"embeddable":true,"href":"https:\/\/www.oaxaca.gob.mx\/ieepo\/wp-json\/wp\/v2\/comments?post=8017"}],"version-history":[{"count":0,"href":"https:\/\/www.oaxaca.gob.mx\/ieepo\/wp-json\/wp\/v2\/pages\/8017\/revisions"}],"wp:attachment":[{"href":"https:\/\/www.oaxaca.gob.mx\/ieepo\/wp-json\/wp\/v2\/media?parent=8017"}],"wp:term":[{"taxonomy":"category","embeddable":true,"href":"https:\/\/www.oaxaca.gob.mx\/ieepo\/wp-json\/wp\/v2\/categories?post=8017"},{"taxonomy":"post_tag","embeddable":true,"href":"https:\/\/www.oaxaca.gob.mx\/ieepo\/wp-json\/wp\/v2\/tags?post=8017"}],"curies":[{"name":"wp","href":"https:\/\/api.w.org\/{rel}","templated":true}]}}