{"id":7988,"date":"2019-10-28T12:48:14","date_gmt":"2019-10-28T18:48:14","guid":{"rendered":"https:\/\/www.oaxaca.gob.mx\/ieepo\/?page_id=7988"},"modified":"2024-04-24T14:36:14","modified_gmt":"2024-04-24T20:36:14","slug":"material-bibliografico-descargable-aptitudes-sobresalientes-y-o-talentos-especificos","status":"publish","type":"page","link":"https:\/\/www.oaxaca.gob.mx\/ieepo\/material-bibliografico-descargable-aptitudes-sobresalientes-y-o-talentos-especificos\/","title":{"rendered":"Material Bibliogr\u00e1fico Descargable Aptitudes sobresalientes y\/o talentos espec\u00edficos"},"content":{"rendered":"<h3>Atenci\u00f3n educativa<\/h3>\n<nav style=\"margin-bottom: 30px\">\n<div class=\"nav nav-tabs\" id=\"nav-tab\" role=\"tablist\">\n        <button id=\"nav_tab_uno\" class=\"nav-link active\" data-bs-toggle=\"tab\" data-bs-target=\"#nav-uno\" type=\"button\" role=\"tab\" aria-controls=\"nav-uno\" aria-selected=\"true\" >Como identificarlos<\/button><br \/>\n        <button id=\"nav_tab_dos\" class=\"nav-link\" data-bs-toggle=\"tab\" data-bs-target=\"#nav-dos\" type=\"button\" role=\"tab\" aria-controls=\"nav-dos\" aria-selected=\"false\">Recursos<\/button><br \/>\n        <button id=\"nav_tab_tres\" class=\"nav-link\" data-bs-toggle=\"tab\" data-bs-target=\"#nav-tress\" type=\"button\" role=\"tab\" aria-controls=\"nav-tress\" aria-selected=\"false\">Atenci\u00f3n<\/button>\n    <\/div>\n<\/nav>\n<div id=\"nav-tabContent\" class=\"tab-content\">\n<div id=\"nav-uno\" class=\"tab-pane fade show active\" role=\"tabpanel\" aria-labelledby=\"nav_tab_uno\" tabindex=\"0\">\n<div class=\"row\">\n<div class=\"col-lg-4 col-md-4 col-sm-4 col-xs-12\">\n<p>                <a href=\"https:\/\/www.educacionespecial.sep.gob.mx\/2016\/pdf\/2016\/info_Aptitudes%20sobresalientes.pdf\" target=\"_blank\" rel=\"attachment wp-att-432 noopener noreferrer\"><img loading=\"lazy\" decoding=\"async\" class=\"aligncenter size-full wp-image-432\" src=\"\/ieepo\/wp-content\/uploads\/sites\/75\/2019\/10\/info_Aptitudes-sobresalientes1.jpg\" alt=\"\" width=\"220\" height=\"220\" \/><\/a><br \/>\n                Alumno\/a con aptitudes sobresalientes<\/p>\n<div class=\"wp-block-file\">\n                    <a class=\"wp-block-file__button\" href=\"https:\/\/www.educacionespecial.sep.gob.mx\/2016\/pdf\/2016\/info_Aptitudes%20sobresalientes.pdf\">Descarga<\/a>\n                <\/div>\n<\/p><\/div>\n<div class=\"col-lg-4 col-md-4 col-sm-4 col-xs-12 text-centered\">\n                <a href=\"https:\/\/www.educacionespecial.sep.gob.mx\/2016\/pdf\/2016\/info_Talentos%20especificos.pdf\" target=\"_blank\" rel=\"attachment wp-att-432 noopener noreferrer\"><img loading=\"lazy\" decoding=\"async\" class=\"aligncenter size-full wp-image-432\" src=\"\/ieepo\/wp-content\/uploads\/sites\/75\/2019\/10\/info_Talentos-especificos1.jpg\" alt=\"\" width=\"220\" height=\"220\" \/><\/a>Alumno\/a con talento espec\u00edfico<\/p>\n<div class=\"wp-block-file\">\n                    <a class=\"wp-block-file__button\" href=\"https:\/\/www.educacionespecial.sep.gob.mx\/2016\/pdf\/2016\/info_Talentos%20especificos.pdf\">Descarga<\/a>\n                <\/div>\n<\/p><\/div>\n<div class=\"col-lg-4 col-md-4 col-sm-4 col-xs-12 text-centered\">\n<p>                <a href=\"https:\/\/www.educacionespecial.sep.gob.mx\/2016\/pdf\/2016\/info_Modelos_de_atencion.pdf\" target=\"_blank\" rel=\"attachment wp-att-432 noopener noreferrer\"><img loading=\"lazy\" decoding=\"async\" class=\"aligncenter size-full wp-image-432\" src=\"\/ieepo\/wp-content\/uploads\/sites\/75\/2019\/10\/info_Modelos_de_atencion1.jpg\" alt=\"\" width=\"220\" height=\"220\" \/><\/a>Enriquecimiento y aceleraci\u00f3n<\/p>\n<div class=\"wp-block-file\">\n                    <a class=\"wp-block-file__button\" href=\"https:\/\/www.educacionespecial.sep.gob.mx\/2016\/pdf\/2016\/info_Modelos_de_atencion.pdf\">Descarga<\/a>\n                <\/div>\n<\/p><\/div>\n<\/p><\/div>\n<\/p><\/div>\n<div id=\"nav-dos\" class=\"tab-pane fade\" role=\"tabpanel\" aria-labelledby=\"nav_tab_dos\" tabindex=\"0\">\n<div class=\"row\">\n<div class=\"col-lg-4 col-md-4 col-sm-4 col-xs-12 text-centered\">\n<p>                <a href=\"https:\/\/www.educacionespecial.sep.gob.mx\/2016\/pdf\/as\/2018\/Oaxaca.pdf\" target=\"_blank\" rel=\"attachment wp-att-432 noopener noreferrer\"><img loading=\"lazy\" decoding=\"async\" class=\"aligncenter size-full wp-image-432\" src=\"\/ieepo\/wp-content\/uploads\/sites\/75\/2019\/10\/Directorio.png\" alt=\"\" width=\"220\" height=\"220\" \/><\/a>Directorio de Recursos para alumnos con aptitudes sobresalientes y\/o talentos espec\u00edficos<\/p>\n<div class=\"wp-block-file\">\n                    <a class=\"wp-block-file__button\" href=\"https:\/\/www.educacionespecial.sep.gob.mx\/2016\/pdf\/as\/2018\/Oaxaca.pdf\">Descarga<\/a>\n                <\/div>\n<\/p><\/div>\n<\/p><\/div>\n<\/p><\/div>\n<div id=\"nav_tres\" class=\"tab-pane fade\" role=\"tabpanel\" aria-labelledby=\"nav_tab_tres\" tabindex=\"0\">\n<div class=\"row\">\n<div class=\"col-lg-4 col-md-4 col-sm-4 col-xs-12 text-centered\">\n<p>                <a href=\"http:\/\/www.educacionespecial.sep.gob.mx\/pdf\/aptitudes\/intervencion\/Propuesta_inter.pdf\" target=\"_blank\" rel=\"attachment wp-att-432 noopener noreferrer\"><img loading=\"lazy\" decoding=\"async\" class=\"aligncenter size-full wp-image-432\" src=\"\/ieepo\/wp-content\/uploads\/sites\/75\/2019\/10\/as_propuesta_intervencion1.png\" alt=\"\" width=\"220\" height=\"220\" \/><\/a><br \/>\n                Propuesta de intervenci\u00f3n: Atenci\u00f3n educativa a alumnos y alumnas con AS<\/p>\n<p>                &nbsp;<\/p>\n<div class=\"wp-block-file\">\n                    <a class=\"wp-block-file__button\" href=\"http:\/\/www.educacionespecial.sep.gob.mx\/pdf\/aptitudes\/intervencion\/Propuesta_inter.pdf\">Descarga<\/a>\n                <\/div>\n<\/p><\/div>\n<div class=\"col-lg-4 col-md-4 col-sm-4 col-xs-12 text-centered\">\n<p>                <a href=\"http:\/\/www.educacionespecial.sep.gob.mx\/pdf\/aptitudes\/Act_apt_sobresalientes.pdf\" target=\"_blank\" rel=\"attachment wp-att-432 noopener noreferrer\"><img loading=\"lazy\" decoding=\"async\" class=\"aligncenter size-full wp-image-432\" src=\"\/ieepo\/wp-content\/uploads\/sites\/75\/2019\/10\/2auditiva.jpg\" alt=\"\" width=\"220\" height=\"220\" \/><\/a>Propuesta de actualizaci\u00f3n: Atenci\u00f3n educativa a alumnos y alumnas con AS<\/p>\n<div class=\"wp-block-file\">\n                    <a class=\"wp-block-file__button\" href=\"http:\/\/www.educacionespecial.sep.gob.mx\/pdf\/aptitudes\/Act_apt_sobresalientes.pdf\">Descarga<\/a>\n                <\/div>\n<\/p><\/div>\n<div class=\"col-lg-4 col-md-4 col-sm-4 col-xs-12 text-centered\">\n<p>                <a href=\"http:\/\/www.educacionespecial.sep.gob.mx\/pdf\/tabinicio\/2012\/guia_para_orientar.pdf\" target=\"_blank\" rel=\"attachment wp-att-432 noopener noreferrer\"><img loading=\"lazy\" decoding=\"async\" class=\"aligncenter size-full wp-image-432\" src=\"\/ieepo\/wp-content\/uploads\/sites\/75\/2019\/10\/banner_secundario3.jpg\" alt=\"\" width=\"220\" height=\"220\" \/><\/a>Gu\u00eda para orientar a las familias: dirigida al orientador\/docente<\/p>\n<div class=\"wp-block-file\">\n                    <a class=\"wp-block-file__button\" href=\"http:\/\/www.educacionespecial.sep.gob.mx\/pdf\/tabinicio\/2012\/guia_para_orientar.pdf\">Descarga<\/a>\n                <\/div>\n<\/p><\/div>\n<div class=\"col-lg-4 col-md-4 col-sm-4 col-xs-12 text-centered\">\n<p>                <a href=\"https:\/\/www.educacionespecial.sep.gob.mx\/pdf\/aptitudes\/intervencion\/Propuesta_inter.pdf\" target=\"_blank\" rel=\"attachment wp-att-432 noopener noreferrer\"><img loading=\"lazy\" decoding=\"async\" class=\"aligncenter size-full wp-image-432\" src=\"\/ieepo\/wp-content\/uploads\/sites\/75\/2019\/10\/banner_secundario_5.jpg\" alt=\"\" width=\"220\" height=\"220\" \/><\/a>Gu\u00eda para las familias: dirigida a los padres de familia<\/p>\n<div class=\"wp-block-file\">\n                    <a class=\"wp-block-file__button\" href=\"https:\/\/www.educacionespecial.sep.gob.mx\/pdf\/aptitudes\/intervencion\/Propuesta_inter.pdf\">Descarga<\/a>\n                <\/div>\n<\/p><\/div>\n<div class=\"col-lg-4 col-md-4 col-sm-4 col-xs-12 text-centered\">\n<p>                <a href=\"https:\/\/www.planyprogramasdestudio.sep.gob.mx\/descargables\/doctos\/dof\/LINEAMIENTOS-SOBRESALIENTES.doc.pdf\" target=\"_blank\" rel=\"attachment wp-att-432 noopener noreferrer\"><img loading=\"lazy\" decoding=\"async\" class=\"aligncenter size-full wp-image-432\" src=\"\/ieepo\/wp-content\/uploads\/sites\/75\/2019\/10\/banner_secundario5.jpg\" alt=\"\" width=\"220\" height=\"220\" \/><\/a>Lineamientos para la acreditaci\u00f3n, promoci\u00f3n y certificaci\u00f3n anticipada<\/p>\n<div class=\"wp-block-file\">\n                    <a class=\"wp-block-file__button\" href=\"https:\/\/www.planyprogramasdestudio.sep.gob.mx\/descargables\/doctos\/dof\/LINEAMIENTOS-SOBRESALIENTES.doc.pdf\">Descarga<\/a>\n                <\/div>\n<\/p><\/div>\n<\/p><\/div>\n<\/p><\/div>\n<\/div>\n<h3>Material de apoyo<\/h3>\n<nav style=\"margin-bottom: 30px\">\n<div id=\"nav-tab\" class=\"nav nav-tabs\" role=\"tablist\">\n        <button id=\"nav_tab_material_uno\" class=\"nav-link active\" data-bs-toggle=\"tab\" data-bs-target=\"#nav-material-uno\" type=\"button\" role=\"tab\" aria-controls=\"nav-material-uno\" aria-selected=\"true\">Tripticos<\/button><br \/>\n        <button id=\"nav_tab_material_dos\" class=\"nav-link\" data-bs-toggle=\"tab\" data-bs-target=\"#nav-material-dos\" type=\"button\" role=\"tab\" aria-controls=\"nav-material-dos\" aria-selected=\"false\" >Infografias<\/button><br \/>\n        <button id=\"nav_tab_material_tres\" class=\"nav-link\" data-bs-toggle=\"tab\" data-bs-target=\"#nav-material-tres\" type=\"button\" role=\"tab\" aria-controls=\"nav-material-tres\" aria-selected=\"false\">Carteles<\/button>\n    <\/div>\n<\/nav>\n<div id=\"nav-tabContent\" class=\"tab-content\">\n<div id=\"nav-material-uno\" class=\"tab-pane fade show active\" role=\"tabpanel\" aria-labelledby=\"nav_tab_material_uno\" tabindex=\"0\">\n<div class=\"row\">\n<div class=\"col-lg-4 col-md-4 col-sm-4 col-xs-12\">\n                <a href=\"\/ieepo\/wp-content\/uploads\/sites\/75\/2019\/10\/triptico-aptitudes.pdf\" target=\"_blank\" rel=\"attachment wp-att-432 noopener noreferrer\"><img loading=\"lazy\" decoding=\"async\" class=\"aligncenter size-full wp-image-432\" src=\"\/ieepo\/wp-content\/uploads\/sites\/75\/2019\/10\/SOBRESALIENTES.png\" alt=\"\" width=\"220\" height=\"220\" \/><\/a><br \/>\n                Ni\u00f1os, ni\u00f1as y jovenes sobresalientes<\/p>\n<div class=\"wp-block-file\">\n                    <a class=\"wp-block-file__button\" href=\"\/ieepo\/wp-content\/uploads\/sites\/75\/2019\/10\/triptico-aptitudes.pdf\" target=\"_blank\" rel=\"noopener noreferrer\">Descarga<\/a>\n                <\/div>\n<\/p><\/div>\n<\/p><\/div>\n<\/p><\/div>\n<div id=\"nav-material-dos\" class=\"tab-pane fade\" role=\"tabpanel\" aria-labelledby=\"nav_tab_material_dos\" tabindex=\"0\">\n<div class=\"row\">\n<div class=\"col-lg-4 col-md-4 col-sm-4 col-xs-12 text-centered\">\n                <a href=\"https:\/\/www.educacionespecial.sep.gob.mx\/2016\/pdf\/discapacidad\/Documentos\/Accesibilidad\/1Guia_inclusion_digital.pdf\" target=\"_blank\" rel=\"attachment wp-att-432 noopener noreferrer\"><img loading=\"lazy\" decoding=\"async\" class=\"aligncenter size-full wp-image-432\" src=\"\/ieepo\/wp-content\/uploads\/sites\/75\/2019\/10\/1accesibilidad.jpg\" alt=\"\" width=\"220\" height=\"220\" \/><\/a><br \/>\n                Gu\u00eda para la Inclusi\u00f3n Digital de alumnos con Discapacidad. (Android)<\/p>\n<div class=\"wp-block-file\">\n                    <a class=\"wp-block-file__button\" href=\"https:\/\/www.educacionespecial.sep.gob.mx\/2016\/pdf\/discapacidad\/Documentos\/Accesibilidad\/1Guia_inclusion_digital.pdf\">Descarga<\/a>\n                <\/div>\n<\/p><\/div>\n<\/p><\/div>\n<\/p><\/div>\n<div id=\"nav-material-tres\" class=\"tab-pane fade\" role=\"tabpanel\" aria-labelledby=\"nav_tab_material_tres\" tabindex=\"0\">\n<div class=\"row\">\n<div class=\"col-lg-4 col-md-4 col-sm-4 col-xs-12 text-centered\">\n                <a href=\"https:\/\/www.educacionespecial.sep.gob.mx\/2016\/pdf\/discapacidad\/Documentos\/Accesibilidad\/1Guia_inclusion_digital.pdf\" target=\"_blank\" rel=\"attachment wp-att-432 noopener noreferrer\"><img loading=\"lazy\" decoding=\"async\" class=\"aligncenter size-full wp-image-432\" src=\"\/ieepo\/wp-content\/uploads\/sites\/75\/2019\/10\/1accesibilidad.jpg\" alt=\"\" width=\"220\" height=\"220\" \/><\/a><br \/>\n                Gu\u00eda para la Inclusi\u00f3n Digital de alumnos con Discapacidad. (Android)<\/p>\n<div class=\"wp-block-file\">\n                    <a class=\"wp-block-file__button\" href=\"https:\/\/www.educacionespecial.sep.gob.mx\/2016\/pdf\/discapacidad\/Documentos\/Accesibilidad\/1Guia_inclusion_digital.pdf\">Descarga<\/a>\n                <\/div>\n<\/p><\/div>\n<\/p><\/div>\n<\/p><\/div>\n<h3>Fundamentos legales<\/h3>\n<nav style=\"margin-bottom: 30px\">\n<div id=\"nav-tab\" class=\"nav nav-tabs\" role=\"tablist\">\n            <button id=\"nav_tab_lineamientos\" class=\"nav-link active\" data-bs-toggle=\"tab\" data-bs-target=\"#nav-fundamentos-lineamientos\" type=\"button\" role=\"tab\" aria-controls=\"nav-fundamentos-lineamientos\" aria-selected=\"true\">Lineamientos<\/button><br \/>\n            <button id=\"nav_tab_reglas\" class=\"nav-link\" data-bs-toggle=\"tab\" data-bs-target=\"#nav-fundamentos-reglas\" type=\"button\" role=\"tab\" aria-controls=\"nav-fundamentos-reglas\" aria-selected=\"false\">Reglas de operaci\u00f3n<\/button>\n        <\/div>\n<\/nav>\n<div id=\"nav-tabContent\" class=\"tab-content\">\n<div id=\"nav-fundamentos-lineamientos\" class=\"tab-pane fade show active\" role=\"tabpanel\" aria-labelledby=\"nav_tab_lineamientos\" tabindex=\"0\">\n<div class=\"row\">\n<div class=\"col-lg-4 col-md-4 col-sm-4 col-xs-12\">\n                    Constituci\u00f3n Pol\u00edtica de los Estados Unidos Mexicanos<\/p>\n<div class=\"wp-block-file\">\n                        <a class=\"wp-block-file__button\" href=\"\/ieepo\/wp-content\/uploads\/sites\/75\/Transparencia\/2019\/Art\u00edculo 70LGT\/Fracci\u00f3n I\/CPEUM.docx\" target=\"_blank\" rel=\"noopener noreferrer\">Descarga<\/a>\n                    <\/div>\n<\/p><\/div>\n<div class=\"col-lg-4 col-md-4 col-sm-4 col-xs-12 text-centered\">\n                    Ley General de Educaci\u00f3n<\/p>\n<div class=\"wp-block-file\">\n                        <a class=\"wp-block-file__button\" href=\"\/ieepo\/wp-content\/uploads\/sites\/75\/Transparencia\/2019\/Art\u00edculo 70LGT\/Fracci\u00f3n I\/LeyGralEdu.docx\" target=\"_blank\" rel=\"noopener noreferrer\">Descarga<\/a>\n                    <\/div>\n<\/p><\/div>\n<div class=\"col-lg-4 col-md-4 col-sm-4 col-xs-12 text-centered\">\n                    Ley Federal para Prevenir y Eliminar la Discriminaci\u00f3n<\/p>\n<div class=\"wp-block-file\">\n                        <a class=\"wp-block-file__button\" href=\"http:\/\/www.diputados.gob.mx\/LeyesBiblio\/pdf\/262_210618.pdf\" target=\"_blank\" rel=\"noopener noreferrer\">Descarga<\/a>\n                    <\/div>\n<\/p><\/div>\n<div class=\"col-lg-4 col-md-4 col-sm-4 col-xs-12 text-centered\">\n                    Ley para la protecci\u00f3n de los Derechos de ni\u00f1as, ni\u00f1os y adolescentes<\/p>\n<div class=\"wp-block-file\">\n                        <a class=\"wp-block-file__button\" href=\"https:\/\/www.educacionespecial.sep.gob.mx\/2016\/pdf\/discapacidad\/Documentos\/Legislativo\/Generales\/4ley_proteccion_derechos_ninias_ninios_adolescentes19-08-2010.pdf\" target=\"_blank\" rel=\"noopener noreferrer\">Descarga<\/a>\n                    <\/div>\n<\/p><\/div>\n<div class=\"col-lg-4 col-md-4 col-sm-4 col-xs-12 text-centered\">\n                    Ley General de los Derechos de ni\u00f1as, ni\u00f1os y adolescentes<\/p>\n<div class=\"wp-block-file\">\n                        <a class=\"wp-block-file__button\" href=\"http:\/\/www.ieepo.oaxaca.gob.mx\/Transparencia\/2018\/Art\u00edculo%2070LGT\/Fracci\u00f3n%20I\/LeyDNNyAEO.docx\" target=\"_blank\" rel=\"noopener noreferrer\">Descarga<\/a>\n                    <\/div>\n<\/p><\/div>\n<div class=\"col-lg-4 col-md-4 col-sm-4 col-xs-12 text-centered\">\n                    Derechos Humanos<\/p>\n<div class=\"wp-block-file\">\n                        <a class=\"wp-block-file__button\" href=\"http:\/\/www.cndh.org.mx\/Cuales_son_Derechos_Humanos\" target=\"_blank\" rel=\"noopener noreferrer\">Descarga<\/a>\n                    <\/div>\n<\/p><\/div>\n<\/p><\/div>\n<\/p><\/div>\n<div class=\"tab-pane fade\" id=\"nav-fundamentos-reglas\" role=\"tabpanel\" aria-labelledby=\"nav_tab_reglas\" tabindex=\"0\"><\/div>\n<\/p><\/div>\n<\/div>\n","protected":false},"excerpt":{"rendered":"excerpt","protected":false},"author":1,"featured_media":0,"parent":0,"menu_order":0,"comment_status":"closed","ping_status":"closed","template":"","meta":{"episode_type":"","audio_file":"","podmotor_file_id":"","podmotor_episode_id":"","cover_image":"","cover_image_id":"","duration":"","filesize":"","filesize_raw":"","date_recorded":"","explicit":"","block":"","footnotes":""},"categories":[],"tags":[],"class_list":["post-7988","page","type-page","status-publish","hentry"],"acf":[],"publishpress_future_action":{"enabled":false,"date":"2026-04-27 07:17:31","action":"change-status","newStatus":"draft","terms":[],"taxonomy":"category","extraData":[]},"publishpress_future_workflow_manual_trigger":{"enabledWorkflows":[]},"_links":{"self":[{"href":"https:\/\/www.oaxaca.gob.mx\/ieepo\/wp-json\/wp\/v2\/pages\/7988","targetHints":{"allow":["GET"]}}],"collection":[{"href":"https:\/\/www.oaxaca.gob.mx\/ieepo\/wp-json\/wp\/v2\/pages"}],"about":[{"href":"https:\/\/www.oaxaca.gob.mx\/ieepo\/wp-json\/wp\/v2\/types\/page"}],"author":[{"embeddable":true,"href":"https:\/\/www.oaxaca.gob.mx\/ieepo\/wp-json\/wp\/v2\/users\/1"}],"replies":[{"embeddable":true,"href":"https:\/\/www.oaxaca.gob.mx\/ieepo\/wp-json\/wp\/v2\/comments?post=7988"}],"version-history":[{"count":3,"href":"https:\/\/www.oaxaca.gob.mx\/ieepo\/wp-json\/wp\/v2\/pages\/7988\/revisions"}],"predecessor-version":[{"id":32864,"href":"https:\/\/www.oaxaca.gob.mx\/ieepo\/wp-json\/wp\/v2\/pages\/7988\/revisions\/32864"}],"wp:attachment":[{"href":"https:\/\/www.oaxaca.gob.mx\/ieepo\/wp-json\/wp\/v2\/media?parent=7988"}],"wp:term":[{"taxonomy":"category","embeddable":true,"href":"https:\/\/www.oaxaca.gob.mx\/ieepo\/wp-json\/wp\/v2\/categories?post=7988"},{"taxonomy":"post_tag","embeddable":true,"href":"https:\/\/www.oaxaca.gob.mx\/ieepo\/wp-json\/wp\/v2\/tags?post=7988"}],"curies":[{"name":"wp","href":"https:\/\/api.w.org\/{rel}","templated":true}]}}