{"id":7983,"date":"2019-10-28T12:16:33","date_gmt":"2019-10-28T18:16:33","guid":{"rendered":"https:\/\/www.oaxaca.gob.mx\/ieepo\/?page_id=7983"},"modified":"2019-10-28T12:16:33","modified_gmt":"2019-10-28T18:16:33","slug":"aptitudes-sobresalientes","status":"publish","type":"page","link":"https:\/\/www.oaxaca.gob.mx\/ieepo\/aptitudes-sobresalientes\/","title":{"rendered":"Aptitudes Sobresalientes"},"content":{"rendered":"<p><strong style=\"font-weight: bold\">Alumnado con Aptitudes Sobresalientes:<\/strong> Es aqu\u00e9l capaz de destacar significativamente del grupo social y educativo al que pertenece en uno o m\u00e1s de los siguientes campos del quehacer humano: cient\u00edfico-tecnol\u00f3gico, human\u00edstico-social, art\u00edstico o de acci\u00f3n motriz. Estos educandos, por presentar necesidades educativas espec\u00edficas, requieren de un contexto facilitador que les permita desarrollar sus capacidades y satisfacer sus necesidades e intereses, en beneficio propio y el de la sociedad.<\/p>\n<p>Los cinco tipos de aptitudes sobresalientes son:<\/p>\n<ul class=\"listas-geo\">\n<li>\n<p><strong style=\"font-weight: bold\">Art\u00edstica: <\/strong>comprende la disposici\u00f3n de recursos para la expresi\u00f3n e interpretaci\u00f3n est\u00e9tica de ideas y sentimientos, a trav\u00e9s de las distintas disciplinas art\u00edsticas: la danza, la m\u00fasica, las artes visuales y el teatro. Implica la capacidad de razonamiento abstracto, sensibilidad est\u00e9tica, creatividad y habilidades motrices.\n<\/li>\n<li>\n<strong style=\"font-weight: bold\">Creativa:<\/strong> comprende la capacidad de producir gran n\u00famero de ideas, diferentes entre s\u00ed y poco frecuentes, lo que se concreta en la generaci\u00f3n de productos originales y novedosos como respuesta apropiada a las situaciones y problemas planteados por el medio.<\/p>\n<\/li>\n<li>\n<strong style=\"font-weight: bold\">Intelectual: <\/strong>se define como el nivel elevado de recursos cognoscitivos para adquirir y manejar contenidos verbales, l\u00f3gicos, num\u00e9ricos, espaciales, figurativos y otros, propios de tareas intelectuales. Esta aptitud se centra en el conocimiento acad\u00e9mico, permiti\u00e9ndole al alumno tener una alta eficiencia en el almacenamiento y la recuperaci\u00f3n de cualquier tipo de informaci\u00f3n necesaria para la adquisici\u00f3n de contenidos escolares.<\/p>\n<\/li>\n<li>\n<strong style=\"font-weight: bold\">Psicomotriz:<\/strong> es la capacidad para emplear el cuerpo en formas diferenciadas con prop\u00f3sitos expresivos y para el logro de metas. La manifestaci\u00f3n de esta aptitud implica hacer uso de habilidades f\u00edsico-motrices, cognoscitivas y afectivo-sociales.<\/p>\n<\/li>\n<li>\n<strong style=\"font-weight: bold\">Socioafectiva:<\/strong> es la capacidad de establecer relaciones adecuadas con otros, y comprender contenidos sociales asociados con sentimientos, intereses, motivaciones y necesidades personales. Esta aptitud requiere de la capacidad de percibir y expresar emociones y sentimientos propios; as\u00ed como los de los dem\u00e1s.<\/p>\n<\/li>\n<\/ul>\n<p>Todos los educandos con aptitudes sobresalientes pueden enfrentar BAP si no se atienden adecuadamente sus necesidades educativas espec\u00edficas tales como: los intereses, la velocidad de aprendizaje, el vocabulario avanzado para su edad, y el amplio dominio de conocimientos.<\/p>\n<p><strong style=\"font-weight: bold\">Educando con talento espec\u00edfico: <\/strong>Es aquel que presenta un conjunto de competencias que lo capacitan para dominar la informaci\u00f3n en un \u00e1rea concreta; lo esencial en el talento es que es espec\u00edfico, a diferencia de las aptitudes sobresalientes. En consecuencia, estos educandos requieren de instrumentos de evaluaci\u00f3n propios de cada \u00e1rea y una atenci\u00f3n diferenciada para que desarrollen dicho talento.<\/p>\n<p><strong style=\"font-weight: bold\">Barreras para el aprendizaje y la participaci\u00f3n (BAP):<\/strong>son aquellas que hacen referencia a las dificultades que experimenta cualquier alumno o alumna, con mayor frecuencia los educandos que est\u00e1n en una situaci\u00f3n de vulnerabilidad. Estas barreras surgen de la interacci\u00f3n entre los estudiantes y sus contextos: instalaciones f\u00edsicas, organizaci\u00f3n escolar, relaci\u00f3n entre las personas, ausencia de los recursos espec\u00edficos, la implementaci\u00f3n de enfoques de ense\u00f1anza y evaluaci\u00f3n no adecuados a las caracter\u00edsticas, necesidades e intereses de los educandos, entre otros.<\/p>\n","protected":false},"excerpt":{"rendered":"excerpt","protected":false},"author":1,"featured_media":0,"parent":0,"menu_order":0,"comment_status":"closed","ping_status":"closed","template":"","meta":{"episode_type":"","audio_file":"","podmotor_file_id":"","podmotor_episode_id":"","cover_image":"","cover_image_id":"","duration":"","filesize":"","filesize_raw":"","date_recorded":"","explicit":"","block":"","footnotes":""},"categories":[],"tags":[],"class_list":["post-7983","page","type-page","status-publish","hentry"],"acf":[],"publishpress_future_action":{"enabled":false,"date":"2026-05-11 07:42:23","action":"change-status","newStatus":"draft","terms":[],"taxonomy":"category","extraData":[]},"publishpress_future_workflow_manual_trigger":{"enabledWorkflows":[]},"_links":{"self":[{"href":"https:\/\/www.oaxaca.gob.mx\/ieepo\/wp-json\/wp\/v2\/pages\/7983","targetHints":{"allow":["GET"]}}],"collection":[{"href":"https:\/\/www.oaxaca.gob.mx\/ieepo\/wp-json\/wp\/v2\/pages"}],"about":[{"href":"https:\/\/www.oaxaca.gob.mx\/ieepo\/wp-json\/wp\/v2\/types\/page"}],"author":[{"embeddable":true,"href":"https:\/\/www.oaxaca.gob.mx\/ieepo\/wp-json\/wp\/v2\/users\/1"}],"replies":[{"embeddable":true,"href":"https:\/\/www.oaxaca.gob.mx\/ieepo\/wp-json\/wp\/v2\/comments?post=7983"}],"version-history":[{"count":0,"href":"https:\/\/www.oaxaca.gob.mx\/ieepo\/wp-json\/wp\/v2\/pages\/7983\/revisions"}],"wp:attachment":[{"href":"https:\/\/www.oaxaca.gob.mx\/ieepo\/wp-json\/wp\/v2\/media?parent=7983"}],"wp:term":[{"taxonomy":"category","embeddable":true,"href":"https:\/\/www.oaxaca.gob.mx\/ieepo\/wp-json\/wp\/v2\/categories?post=7983"},{"taxonomy":"post_tag","embeddable":true,"href":"https:\/\/www.oaxaca.gob.mx\/ieepo\/wp-json\/wp\/v2\/tags?post=7983"}],"curies":[{"name":"wp","href":"https:\/\/api.w.org\/{rel}","templated":true}]}}