{"id":7938,"date":"2019-10-25T13:56:13","date_gmt":"2019-10-25T18:56:13","guid":{"rendered":"https:\/\/www.oaxaca.gob.mx\/ieepo\/?page_id=7938"},"modified":"2021-01-13T17:43:18","modified_gmt":"2021-01-13T23:43:18","slug":"unidad-de-servicios-de-apoyo-a-la-educacion-regular-usaer","status":"publish","type":"page","link":"https:\/\/www.oaxaca.gob.mx\/ieepo\/unidad-de-servicios-de-apoyo-a-la-educacion-regular-usaer\/","title":{"rendered":"Unidad de Servicios de Apoyo a la Educaci\u00f3n Regular (USAER)"},"content":{"rendered":"<p style=\"font-weight: bold\">Servicios de apoyo<\/p>\n<p><strong style=\"font-weight: bold\">Son servicios de educaci\u00f3n especial encargados de <\/strong> <em>apoyar el proceso de inclusi\u00f3n educativa <\/em><strong style=\"font-weight: bold\">de alumnos y alumnas que enfrentan barreras para el aprendizaje y la participaci\u00f3n, prioritariamente aquellos con discapacidad y\/o aptitudes sobresalientes en las escuelas de educaci\u00f3n regular.<\/strong><\/p>\n<p>El apoyo que brinda este servicio est\u00e1 dirigido a la escuela regular, principalmente a los alumnos y alumnas con discapacidad y\/o aptitudes sobresalientes, a sus familias y maestros que los atienden; siendo beneficiados de manera directa o indirecta el resto del alumnado, familias y maestros de dicha instituci\u00f3n de educaci\u00f3n b\u00e1sica.<\/p>\n<p style=\"font-weight: bold\">Servicios de educaci\u00f3n especial por regi\u00f3n.<\/p>\n<table class=\"wp-block-table\">\n<tbody>\n<tr>\n<td><strong style=\"font-weight: bold\">N\u00famero de Unidades de Servicio de Apoyo a la<br \/>\nEducaci\u00f3n Regular por regi\u00f3n<\/strong><\/td>\n<\/tr>\n<tr>\n<td>Ca\u00f1ada<\/td>\n<td>6<\/td>\n<\/tr>\n<tr>\n<td>Costa<\/td>\n<td>6<\/td>\n<\/tr>\n<tr>\n<td>Istmo<\/td>\n<td>25<\/td>\n<\/tr>\n<tr>\n<td>Mixteca<\/td>\n<td>10<\/td>\n<\/tr>\n<tr>\n<td>Papaloapan<\/td>\n<td>9<\/td>\n<\/tr>\n<tr>\n<td>Sierra Norte<\/td>\n<td>5<\/td>\n<\/tr>\n<tr>\n<td>Sierra Sur<\/td>\n<td>1<\/td>\n<\/tr>\n<tr>\n<td>Valles Centrales<\/td>\n<td>55<\/td>\n<\/tr>\n<tr>\n<td><strong style=\"font-weight: bold\">TOTALES<\/strong><\/td>\n<td><strong>117<\/strong><\/td>\n<\/tr>\n<\/tbody>\n<\/table>\n<p>&nbsp;<\/p>\n","protected":false},"excerpt":{"rendered":"excerpt","protected":false},"author":1,"featured_media":0,"parent":0,"menu_order":0,"comment_status":"closed","ping_status":"closed","template":"","meta":{"episode_type":"","audio_file":"","podmotor_file_id":"","podmotor_episode_id":"","cover_image":"","cover_image_id":"","duration":"","filesize":"","filesize_raw":"","date_recorded":"","explicit":"","block":"","footnotes":""},"categories":[],"tags":[],"class_list":["post-7938","page","type-page","status-publish","hentry"],"acf":[],"publishpress_future_action":{"enabled":false,"date":"2026-05-20 10:00:42","action":"change-status","newStatus":"draft","terms":[],"taxonomy":"category","extraData":[]},"publishpress_future_workflow_manual_trigger":{"enabledWorkflows":[]},"_links":{"self":[{"href":"https:\/\/www.oaxaca.gob.mx\/ieepo\/wp-json\/wp\/v2\/pages\/7938","targetHints":{"allow":["GET"]}}],"collection":[{"href":"https:\/\/www.oaxaca.gob.mx\/ieepo\/wp-json\/wp\/v2\/pages"}],"about":[{"href":"https:\/\/www.oaxaca.gob.mx\/ieepo\/wp-json\/wp\/v2\/types\/page"}],"author":[{"embeddable":true,"href":"https:\/\/www.oaxaca.gob.mx\/ieepo\/wp-json\/wp\/v2\/users\/1"}],"replies":[{"embeddable":true,"href":"https:\/\/www.oaxaca.gob.mx\/ieepo\/wp-json\/wp\/v2\/comments?post=7938"}],"version-history":[{"count":2,"href":"https:\/\/www.oaxaca.gob.mx\/ieepo\/wp-json\/wp\/v2\/pages\/7938\/revisions"}],"predecessor-version":[{"id":18355,"href":"https:\/\/www.oaxaca.gob.mx\/ieepo\/wp-json\/wp\/v2\/pages\/7938\/revisions\/18355"}],"wp:attachment":[{"href":"https:\/\/www.oaxaca.gob.mx\/ieepo\/wp-json\/wp\/v2\/media?parent=7938"}],"wp:term":[{"taxonomy":"category","embeddable":true,"href":"https:\/\/www.oaxaca.gob.mx\/ieepo\/wp-json\/wp\/v2\/categories?post=7938"},{"taxonomy":"post_tag","embeddable":true,"href":"https:\/\/www.oaxaca.gob.mx\/ieepo\/wp-json\/wp\/v2\/tags?post=7938"}],"curies":[{"name":"wp","href":"https:\/\/api.w.org\/{rel}","templated":true}]}}