{"id":7927,"date":"2019-10-25T13:18:49","date_gmt":"2019-10-25T18:18:49","guid":{"rendered":"https:\/\/www.oaxaca.gob.mx\/ieepo\/?page_id=7927"},"modified":"2021-01-13T17:45:30","modified_gmt":"2021-01-13T23:45:30","slug":"unidad-de-orientacion-al-publico-uop","status":"publish","type":"page","link":"https:\/\/www.oaxaca.gob.mx\/ieepo\/unidad-de-orientacion-al-publico-uop\/","title":{"rendered":"Unidad de Orientaci\u00f3n al P\u00fablico (UOP)"},"content":{"rendered":"<p style=\"font-weight: bold\">Servicios de orientaci\u00f3n<\/p>\n<p>Ofrece informaci\u00f3n, asesor\u00eda y capacitaci\u00f3n al personal de educaci\u00f3n especial, inicial, b\u00e1sica, media superior y superior; a las familias y a la comunidad sobre opciones educativas y estrategias de atenci\u00f3n para los alumnos con discapacidad, con aptitudes sobresalientes y\/o talentos espec\u00edficos, as\u00ed como de los alumnos con otras condiciones (Trastorno del Espectro Autista, Trastorno por D\u00e9ficit de Atenci\u00f3n e Hiperactividad, dificultades severas de comunicaci\u00f3n, de aprendizaje y\/o de conducta) en el estado que requieren de mayores apoyos educativos.<\/p>\n<p>Adem\u00e1s de brindar orientaci\u00f3n sobre el uso de diferentes materiales did\u00e1cticos especializados que coadyuven a dar respuestas educativas pertinentes a los estudiantes y con ello eliminar y\/o minimizar las barreras para el aprendizaje y la participaci\u00f3n que pudieran enfrentar en su proceso educativo.<\/p>\n<p>&nbsp;<\/p>\n<table style=\"height: 151px\" width=\"437\">\n<tbody>\n<tr>\n<td colspan=\"2\"><strong style=\"font-weight: bold\">N\u00famero de Unidades de Orientaci\u00f3n al P\u00fablico (UOP) por regi\u00f3n<\/strong><\/td>\n<\/tr>\n<tr>\n<td>Mixteca<\/td>\n<td>1<\/td>\n<\/tr>\n<tr>\n<td>Valles Centrales<\/td>\n<td>1<\/td>\n<\/tr>\n<tr>\n<td><strong style=\"font-weight: bold\">TOTALES<\/strong><\/td>\n<td><strong>2<\/strong><\/td>\n<\/tr>\n<\/tbody>\n<\/table>\n","protected":false},"excerpt":{"rendered":"excerpt","protected":false},"author":1,"featured_media":0,"parent":0,"menu_order":0,"comment_status":"closed","ping_status":"closed","template":"","meta":{"episode_type":"","audio_file":"","podmotor_file_id":"","podmotor_episode_id":"","cover_image":"","cover_image_id":"","duration":"","filesize":"","filesize_raw":"","date_recorded":"","explicit":"","block":"","footnotes":""},"categories":[],"tags":[],"class_list":["post-7927","page","type-page","status-publish","hentry"],"acf":[],"publishpress_future_action":{"enabled":false,"date":"2026-05-11 07:42:44","action":"change-status","newStatus":"draft","terms":[],"taxonomy":"category","extraData":[]},"publishpress_future_workflow_manual_trigger":{"enabledWorkflows":[]},"_links":{"self":[{"href":"https:\/\/www.oaxaca.gob.mx\/ieepo\/wp-json\/wp\/v2\/pages\/7927","targetHints":{"allow":["GET"]}}],"collection":[{"href":"https:\/\/www.oaxaca.gob.mx\/ieepo\/wp-json\/wp\/v2\/pages"}],"about":[{"href":"https:\/\/www.oaxaca.gob.mx\/ieepo\/wp-json\/wp\/v2\/types\/page"}],"author":[{"embeddable":true,"href":"https:\/\/www.oaxaca.gob.mx\/ieepo\/wp-json\/wp\/v2\/users\/1"}],"replies":[{"embeddable":true,"href":"https:\/\/www.oaxaca.gob.mx\/ieepo\/wp-json\/wp\/v2\/comments?post=7927"}],"version-history":[{"count":1,"href":"https:\/\/www.oaxaca.gob.mx\/ieepo\/wp-json\/wp\/v2\/pages\/7927\/revisions"}],"predecessor-version":[{"id":18356,"href":"https:\/\/www.oaxaca.gob.mx\/ieepo\/wp-json\/wp\/v2\/pages\/7927\/revisions\/18356"}],"wp:attachment":[{"href":"https:\/\/www.oaxaca.gob.mx\/ieepo\/wp-json\/wp\/v2\/media?parent=7927"}],"wp:term":[{"taxonomy":"category","embeddable":true,"href":"https:\/\/www.oaxaca.gob.mx\/ieepo\/wp-json\/wp\/v2\/categories?post=7927"},{"taxonomy":"post_tag","embeddable":true,"href":"https:\/\/www.oaxaca.gob.mx\/ieepo\/wp-json\/wp\/v2\/tags?post=7927"}],"curies":[{"name":"wp","href":"https:\/\/api.w.org\/{rel}","templated":true}]}}