{"id":7849,"date":"2019-10-23T09:50:30","date_gmt":"2019-10-23T14:50:30","guid":{"rendered":"https:\/\/www.oaxaca.gob.mx\/ieepo\/?page_id=7849"},"modified":"2021-11-11T23:18:09","modified_gmt":"2021-11-12T05:18:09","slug":"departamento-juridico","status":"publish","type":"page","link":"https:\/\/www.oaxaca.gob.mx\/ieepo\/departamento-juridico\/","title":{"rendered":"Departamento Jur\u00eddico"},"content":{"rendered":"\r\n<p>Realiza una de las funciones primordiales dentro\r\ndel sector educativo de las diferentes escuelas del nivel primaria de las ocho\r\nregiones del estado de Oaxaca.<\/p>\r\n\r\n\r\n\r\n<p style=\"font-weight: bold\"><strong>FUNCIONES:<\/strong><\/p>\r\n\r\n\r\n\r\n<ul class=\"listas-geo wp-block-list\"><li>Asesorar al personal docente, administrativo, directivo y\r\nsupervisores.<\/li><li>Controlar asistencia del personal desubicado y puesto a disposici\u00f3n en\r\nla unidad.<\/li><li>Ubicar al personal docente y administrativo en los centros de trabajo,\r\nseg\u00fan las necesidades de recursos humanos del servicio educativo.<\/li><li>Elaborar ordenes de presentaci\u00f3n del personal docente, administrativo,\r\ndirectivo y supervisores seg\u00fan su clave presupuestal.<\/li><li>Atender peticiones de los comit\u00e9s de madres y padres de familia y autoridades\r\nmunicipales de las diferentes localidades del estado.<\/li><li>Regularizar la situaci\u00f3n laboral del recurso humano a trav\u00e9s de comparecencia,\r\nseg\u00fan sea el caso en concreto, as\u00ed como dar seguimiento a cada uno de los casos\r\nante las instancias necesarias para la soluci\u00f3n correspondiente.<\/li><li>Integrar expedientes de las quejas que son turnadas, para su\r\ninvestigaci\u00f3n por parte de la Direcci\u00f3n para la Atenci\u00f3n de los Derechos\r\nHumanos, al mismo tiempo se interviene como mediador entre las partes en\r\nconflicto.<\/li><li>Intervenir ante las problem\u00e1ticas que se suscitan en las instituciones educativas del\r\nnivel primarias entre: personal docente-alumnado, personal docente-madres y padres\r\nde familia, personal docente-personal directivo, comit\u00e9 de madres y padres de familia madres\r\ny padres de familia y entre alumnado en general.<\/li><li>Dar seguimiento institucional de documentaci\u00f3n y tr\u00e1mites\r\nadministrativos ante las distintas \u00e1reas del Instituto Estatal de Educaci\u00f3n\r\nP\u00fablica de Oaxaca, as\u00ed como vinculaci\u00f3n con otras dependencias gubernamentales.<\/li><li>Organizar, recopilar, registrar y archivar en expedientes la documentaci\u00f3n\r\ngenerada en el \u00c1rea Jur\u00eddica en tr\u00e1mite, de consulta hist\u00f3rica de los periodos\r\n2016, 2017 y 2018.<\/li><\/ul>\r\n","protected":false},"excerpt":{"rendered":"excerpt","protected":false},"author":1,"featured_media":0,"parent":0,"menu_order":0,"comment_status":"closed","ping_status":"closed","template":"","meta":{"episode_type":"","audio_file":"","podmotor_file_id":"","podmotor_episode_id":"","cover_image":"","cover_image_id":"","duration":"","filesize":"","filesize_raw":"","date_recorded":"","explicit":"","block":"","footnotes":""},"categories":[],"tags":[],"class_list":["post-7849","page","type-page","status-publish","hentry"],"acf":[],"publishpress_future_action":{"enabled":false,"date":"2026-04-30 08:23:12","action":"change-status","newStatus":"draft","terms":[],"taxonomy":"category","extraData":[]},"publishpress_future_workflow_manual_trigger":{"enabledWorkflows":[]},"_links":{"self":[{"href":"https:\/\/www.oaxaca.gob.mx\/ieepo\/wp-json\/wp\/v2\/pages\/7849","targetHints":{"allow":["GET"]}}],"collection":[{"href":"https:\/\/www.oaxaca.gob.mx\/ieepo\/wp-json\/wp\/v2\/pages"}],"about":[{"href":"https:\/\/www.oaxaca.gob.mx\/ieepo\/wp-json\/wp\/v2\/types\/page"}],"author":[{"embeddable":true,"href":"https:\/\/www.oaxaca.gob.mx\/ieepo\/wp-json\/wp\/v2\/users\/1"}],"replies":[{"embeddable":true,"href":"https:\/\/www.oaxaca.gob.mx\/ieepo\/wp-json\/wp\/v2\/comments?post=7849"}],"version-history":[{"count":3,"href":"https:\/\/www.oaxaca.gob.mx\/ieepo\/wp-json\/wp\/v2\/pages\/7849\/revisions"}],"predecessor-version":[{"id":23073,"href":"https:\/\/www.oaxaca.gob.mx\/ieepo\/wp-json\/wp\/v2\/pages\/7849\/revisions\/23073"}],"wp:attachment":[{"href":"https:\/\/www.oaxaca.gob.mx\/ieepo\/wp-json\/wp\/v2\/media?parent=7849"}],"wp:term":[{"taxonomy":"category","embeddable":true,"href":"https:\/\/www.oaxaca.gob.mx\/ieepo\/wp-json\/wp\/v2\/categories?post=7849"},{"taxonomy":"post_tag","embeddable":true,"href":"https:\/\/www.oaxaca.gob.mx\/ieepo\/wp-json\/wp\/v2\/tags?post=7849"}],"curies":[{"name":"wp","href":"https:\/\/api.w.org\/{rel}","templated":true}]}}