{"id":7843,"date":"2019-10-23T09:36:21","date_gmt":"2019-10-23T14:36:21","guid":{"rendered":"https:\/\/www.oaxaca.gob.mx\/ieepo\/?page_id=7843"},"modified":"2024-06-04T20:26:34","modified_gmt":"2024-06-05T02:26:34","slug":"organizacion-escolar","status":"publish","type":"page","link":"https:\/\/www.oaxaca.gob.mx\/ieepo\/organizacion-escolar\/","title":{"rendered":"Organizaci\u00f3n escolar"},"content":{"rendered":"<div class=\"row\">\n<div class=\"col-md-6 col-sm-6 col-xs-12\">\n<p style=\"font-weight: bold\"><strong><em>Nueva escuela mexicana (NEM): una mirada desde los procesos alternativos de educaci\u00f3n. <\/em><\/strong><\/p>\n<p><strong style=\"font-weight: bold\">Objetivo:<\/strong><br \/>\nIdentificar los fundamentos legales y los principios pedag\u00f3gicos que sustentan la pol\u00edtica educativa vigente como propuesta alternativa de educaci\u00f3n para la mejora de las pr\u00e1cticas educativas y la formaci\u00f3n integral de ni\u00f1as, ni\u00f1os y adolescentes.<\/p>\n<\/div>\n<div class=\"col-md-6 col-sm-6 col-xs-12\">\n<p style=\"font-weight: bold\"><strong><em>Estructuraci\u00f3n del Programa Anal\u00edtico escolar (PA) y construcci\u00f3n de perfiles educativos de grado<\/em><\/strong><\/p>\n<p><strong style=\"font-weight: bold\">Objetivo: <\/strong><br \/>\nAsesorar y acompa\u00f1ar a las direcciones y docencias en la organizaci\u00f3n e interpretaci\u00f3n de su diagn\u00f3stico socioeducativo con la finalidad de estructurar una programaci\u00f3n anual de contenidos y Procesos de Desarrollo de Aprendizaje (PDA) desde la contextualizaci\u00f3n para lograr as\u00ed, perfiles educativos de los grados escolares.<\/p>\n<\/div>\n<div class=\"col-md-6 col-sm-6 col-xs-12\">\n<p style=\"font-weight: bold\"><strong><em>La docencia en escuelas multigrado<\/em><\/strong><\/p>\n<p><strong style=\"font-weight: bold\">Objetivo:<\/strong><br \/>\nDesarrollar las competencias docentes en escuelas multigrado, a trav\u00e9s de estrategias de ense\u00f1anza inclusivas y planificaci\u00f3n diferenciada, que permita atender las necesidades educativas de todos los estudiantes y promover el m\u00e1ximo logro de los aprendizajes\n<\/div>\n<div class=\"col-md-6 col-sm-6 col-xs-12\">\n<p style=\"font-weight: bold\"><strong><em>Educaci\u00f3n socioemocional<\/em><\/strong><\/p>\n<p><strong style=\"font-weight: bold\">Objetivo: <\/strong><br \/>\nFortalecer las habilidades sociales y emocionales esenciales para la vida, por medio del uso de estrategias de sensibilizaci\u00f3n en el reconocimiento de uno mismo y de los dem\u00e1s, que favorezca el crecimiento personal y el bienestar social.<\/p>\n<\/div>\n<\/div>\n","protected":false},"excerpt":{"rendered":"excerpt","protected":false},"author":1,"featured_media":0,"parent":0,"menu_order":0,"comment_status":"closed","ping_status":"closed","template":"","meta":{"episode_type":"","audio_file":"","podmotor_file_id":"","podmotor_episode_id":"","cover_image":"","cover_image_id":"","duration":"","filesize":"","filesize_raw":"","date_recorded":"","explicit":"","block":"","footnotes":""},"categories":[],"tags":[],"class_list":["post-7843","page","type-page","status-publish","hentry"],"acf":[],"publishpress_future_action":{"enabled":false,"date":"2026-05-23 18:19:27","action":"change-status","newStatus":"draft","terms":[],"taxonomy":"category","extraData":[]},"publishpress_future_workflow_manual_trigger":{"enabledWorkflows":[]},"_links":{"self":[{"href":"https:\/\/www.oaxaca.gob.mx\/ieepo\/wp-json\/wp\/v2\/pages\/7843","targetHints":{"allow":["GET"]}}],"collection":[{"href":"https:\/\/www.oaxaca.gob.mx\/ieepo\/wp-json\/wp\/v2\/pages"}],"about":[{"href":"https:\/\/www.oaxaca.gob.mx\/ieepo\/wp-json\/wp\/v2\/types\/page"}],"author":[{"embeddable":true,"href":"https:\/\/www.oaxaca.gob.mx\/ieepo\/wp-json\/wp\/v2\/users\/1"}],"replies":[{"embeddable":true,"href":"https:\/\/www.oaxaca.gob.mx\/ieepo\/wp-json\/wp\/v2\/comments?post=7843"}],"version-history":[{"count":2,"href":"https:\/\/www.oaxaca.gob.mx\/ieepo\/wp-json\/wp\/v2\/pages\/7843\/revisions"}],"predecessor-version":[{"id":33356,"href":"https:\/\/www.oaxaca.gob.mx\/ieepo\/wp-json\/wp\/v2\/pages\/7843\/revisions\/33356"}],"wp:attachment":[{"href":"https:\/\/www.oaxaca.gob.mx\/ieepo\/wp-json\/wp\/v2\/media?parent=7843"}],"wp:term":[{"taxonomy":"category","embeddable":true,"href":"https:\/\/www.oaxaca.gob.mx\/ieepo\/wp-json\/wp\/v2\/categories?post=7843"},{"taxonomy":"post_tag","embeddable":true,"href":"https:\/\/www.oaxaca.gob.mx\/ieepo\/wp-json\/wp\/v2\/tags?post=7843"}],"curies":[{"name":"wp","href":"https:\/\/api.w.org\/{rel}","templated":true}]}}