{"id":7837,"date":"2019-10-23T09:31:47","date_gmt":"2019-10-23T14:31:47","guid":{"rendered":"https:\/\/www.oaxaca.gob.mx\/ieepo\/?page_id=7837"},"modified":"2024-06-04T20:13:35","modified_gmt":"2024-06-05T02:13:35","slug":"pensamiento-matematico-2","status":"publish","type":"page","link":"https:\/\/www.oaxaca.gob.mx\/ieepo\/pensamiento-matematico-2\/","title":{"rendered":"Pensamiento matem\u00e1tico"},"content":{"rendered":"<div class=\"row\">\n<div class=\"col-md-6 col-sm-6 col-xs-12\">\n<p style=\"font-weight: bold\"><strong><em>Ense\u00f1anza de las matem\u00e1ticas en la educaci\u00f3n primaria<\/em><\/strong><\/p>\n<p><strong style=\"font-weight: bold\">Objetivo:<\/strong><br \/>\nReconocer procesos did\u00e1cticos en la ense\u00f1anza de las matem\u00e1ticas durante la educaci\u00f3n primaria, por medio de estrategias l\u00fadicas, para la mejora de los aprendizajes.<\/p>\n<\/div>\n<div class=\"col-md-6 col-sm-6 col-xs-12\">\n<p style=\"font-weight: bold\"><strong><em>Estrategias para promover el c\u00e1lculo mental en el aula<\/em><\/strong><\/p>\n<p><strong style=\"font-weight: bold\">Objetivo: <\/strong><br \/>\nReconocer estrategias pr\u00e1cticas para favorecer el c\u00e1lculo mental en las ni\u00f1as y ni\u00f1os durante su educaci\u00f3n primaria; por medio de actividades que permitan la reflexi\u00f3n de los procesos de ense\u00f1anza y aprendizaje.<\/p>\n<\/div>\n<div class=\"col-md-6 col-sm-6 col-xs-12\">\n<p style=\"font-weight: bold\"><strong><em>Actividades l\u00fadicas como estrategia did\u00e1ctica para la ense\u00f1anza divertida de las matem\u00e1ticas<\/em><\/strong><\/p>\n<p><strong style=\"font-weight: bold\">Objetivo:<\/strong><br \/>\nCrear estrategias did\u00e1cticas mediante el uso de actividades l\u00fadicas, para que los alumnos experimenten, descubran y adquieran habilidades del pensamiento matem\u00e1tico<\/p>\n<\/div>\n<\/div>\n","protected":false},"excerpt":{"rendered":"excerpt","protected":false},"author":1,"featured_media":0,"parent":0,"menu_order":0,"comment_status":"closed","ping_status":"closed","template":"","meta":{"episode_type":"","audio_file":"","podmotor_file_id":"","podmotor_episode_id":"","cover_image":"","cover_image_id":"","duration":"","filesize":"","filesize_raw":"","date_recorded":"","explicit":"","block":"","footnotes":""},"categories":[],"tags":[],"class_list":["post-7837","page","type-page","status-publish","hentry"],"acf":[],"publishpress_future_action":{"enabled":false,"date":"2026-05-11 07:44:13","action":"change-status","newStatus":"draft","terms":[],"taxonomy":"category","extraData":[]},"publishpress_future_workflow_manual_trigger":{"enabledWorkflows":[]},"_links":{"self":[{"href":"https:\/\/www.oaxaca.gob.mx\/ieepo\/wp-json\/wp\/v2\/pages\/7837","targetHints":{"allow":["GET"]}}],"collection":[{"href":"https:\/\/www.oaxaca.gob.mx\/ieepo\/wp-json\/wp\/v2\/pages"}],"about":[{"href":"https:\/\/www.oaxaca.gob.mx\/ieepo\/wp-json\/wp\/v2\/types\/page"}],"author":[{"embeddable":true,"href":"https:\/\/www.oaxaca.gob.mx\/ieepo\/wp-json\/wp\/v2\/users\/1"}],"replies":[{"embeddable":true,"href":"https:\/\/www.oaxaca.gob.mx\/ieepo\/wp-json\/wp\/v2\/comments?post=7837"}],"version-history":[{"count":2,"href":"https:\/\/www.oaxaca.gob.mx\/ieepo\/wp-json\/wp\/v2\/pages\/7837\/revisions"}],"predecessor-version":[{"id":33350,"href":"https:\/\/www.oaxaca.gob.mx\/ieepo\/wp-json\/wp\/v2\/pages\/7837\/revisions\/33350"}],"wp:attachment":[{"href":"https:\/\/www.oaxaca.gob.mx\/ieepo\/wp-json\/wp\/v2\/media?parent=7837"}],"wp:term":[{"taxonomy":"category","embeddable":true,"href":"https:\/\/www.oaxaca.gob.mx\/ieepo\/wp-json\/wp\/v2\/categories?post=7837"},{"taxonomy":"post_tag","embeddable":true,"href":"https:\/\/www.oaxaca.gob.mx\/ieepo\/wp-json\/wp\/v2\/tags?post=7837"}],"curies":[{"name":"wp","href":"https:\/\/api.w.org\/{rel}","templated":true}]}}