{"id":7831,"date":"2019-10-23T09:24:52","date_gmt":"2019-10-23T14:24:52","guid":{"rendered":"https:\/\/www.oaxaca.gob.mx\/ieepo\/?page_id=7831"},"modified":"2024-06-04T20:07:30","modified_gmt":"2024-06-05T02:07:30","slug":"lenguaje-y-comunicacion-2","status":"publish","type":"page","link":"https:\/\/www.oaxaca.gob.mx\/ieepo\/lenguajes\/","title":{"rendered":"Lenguajes"},"content":{"rendered":"<div class=\"row\">\n<div class=\"col-md-6 col-sm-6 col-xs-12\">\n<p style=\"font-weight: bold\"><strong><em>Procesos de alfabetizaci\u00f3n en el aula (Lecto-escritura)<\/em><\/strong><\/p>\n<p><strong style=\"font-weight: bold\">Objetivo:<\/strong> Reconocer los procesos de alfabetizaci\u00f3n en el aula, en la fase 3 de Educaci\u00f3n B\u00e1sica. Por medio de la metodolog\u00eda de an\u00e1lisis estructural de la lengua escrita (pronalees), para favorecer el desarrollo de la lectura, escritura y oralidad.\n<\/div>\n<div class=\"col-md-6 col-sm-6 col-xs-12\">\n<p style=\"font-weight: bold\"><strong><em>El fomento a la lectura como detonador del aprendizaje\ufeff<\/em><\/strong><\/p>\n<p><strong style=\"font-weight: bold\">Objetivo: <\/strong>Reconocer la importancia del fomento a la lectura a trav\u00e9s de estrategias din\u00e1micas, l\u00fadicas y placenteras, para valorar las pr\u00e1cticas lectoras como detonantes del aprendizaje en los estudiantes.\n<\/div>\n<div class=\"col-md-6 col-sm-6 col-xs-12\">\n<p style=\"font-weight: bold\"><strong><em>La ense\u00f1anza de la lectura y escritura  a trav\u00e9s de la metodolog\u00eda por proyectos<\/em><\/strong><\/p>\n<p><strong style=\"font-weight: bold\">Objetivo:<\/strong><br \/>\nCrear estrategias integradoras de aprendizaje basados en la metodolog\u00eda por proyectos con la finalidad de desarrollar procesos en ense\u00f1anza de la lectura y escritura en la fase 3.<\/p>\n<\/div>\n<div class=\"col-md-6 col-sm-6 col-xs-12\">\n<p style=\"font-weight: bold\"><strong><em>Estrategias de fomento a la producci\u00f3n escrita<\/em><\/strong><\/p>\n<p><strong style=\"font-weight: bold\">Objetivo: <\/strong><br \/>\nPromover la producci\u00f3n de textos a partir de la reflexi\u00f3n del enfoque de pr\u00e1cticas sociales del lenguaje, para favorecer la comunicaci\u00f3n escrita en estudiantes de la escuela primaria.<\/p>\n<\/div>\n<div class=\"col-md-6 col-sm-6 col-xs-12\">\n<p style=\"font-weight: bold\"><strong><em>Metaescritura: estrategias para un aprendizaje aut\u00f3nomo<\/em><\/strong><\/p>\n<p><strong style=\"font-weight: bold\">Objetivo:<\/strong> <\/p>\n<p>Fomentar el aprendizaje aut\u00f3nomo sobre la escritura, a trav\u00e9s del uso de estrategias metacognitivas y la implementaci\u00f3n de mecanismos de autorregulaci\u00f3n para favorecer el proceso de producci\u00f3n escrita.\n<\/p><\/div>\n<div class=\"col-md-6 col-sm-6 col-xs-12\">\n<p style=\"font-weight: bold\"><strong><em>Orientaciones para el desarrollo de habilidades en la mediaci\u00f3n lectora<\/em><\/strong><\/p>\n<p><strong style=\"font-weight: bold\">Objetivo: <\/strong><br \/>\nBrindar sugerencias de animaci\u00f3n a la lectura trav\u00e9s de la mediaci\u00f3n lectora para propiciar la interacci\u00f3n placentera entre el libro y el lector.\n<\/div>\n<div class=\"col-md-6 col-sm-6 col-xs-12\">\n<p style=\"font-weight: bold\"><strong><em>Estrategias did\u00e1cticas para la adquisici\u00f3n de le lecto-escritura<\/em><\/strong><\/p>\n<p><strong style=\"font-weight: bold\">Objetivo:<\/strong> <\/p>\n<p>Reconocer estrategias did\u00e1cticas para la adquisici\u00f3n de la lecto-escritura de acuerdo con el nivel de conceptualizaci\u00f3n del alumnado, para dise\u00f1ar acciones que fortalezcan sus competencias lectoras y escritas en la Educaci\u00f3n Primaria.<\/p>\n<\/div>\n<div class=\"col-md-6 col-sm-6 col-xs-12\">\n<p style=\"font-weight: bold\"><strong><em>Orientaciones para la organizaci\u00f3n y funcionamiento de la biblioteca escolar<\/em><\/strong><\/p>\n<p><strong style=\"font-weight: bold\">Objetivo: <\/strong><\/p>\n<p>Fortalecer el funcionamiento de la biblioteca escolar a partir de la organizaci\u00f3n del acervo bibliogr\u00e1fico y la implementaci\u00f3n de estrategias de promoci\u00f3n lectora que favorezcan la consolidaci\u00f3n de lectores en la escuela primaria.\n<\/p><\/div>\n<div class=\"col-md-6 col-sm-6 col-xs-12\">\n<p><strong><\/strong><\/p>\n<\/div>\n<\/div>\n","protected":false},"excerpt":{"rendered":"excerpt","protected":false},"author":1,"featured_media":0,"parent":0,"menu_order":0,"comment_status":"closed","ping_status":"closed","template":"","meta":{"episode_type":"","audio_file":"","podmotor_file_id":"","podmotor_episode_id":"","cover_image":"","cover_image_id":"","duration":"","filesize":"","filesize_raw":"","date_recorded":"","explicit":"","block":"","footnotes":""},"categories":[],"tags":[],"class_list":["post-7831","page","type-page","status-publish","hentry"],"acf":[],"publishpress_future_action":{"enabled":false,"date":"2026-05-11 09:15:03","action":"change-status","newStatus":"draft","terms":[],"taxonomy":"category","extraData":[]},"publishpress_future_workflow_manual_trigger":{"enabledWorkflows":[]},"_links":{"self":[{"href":"https:\/\/www.oaxaca.gob.mx\/ieepo\/wp-json\/wp\/v2\/pages\/7831","targetHints":{"allow":["GET"]}}],"collection":[{"href":"https:\/\/www.oaxaca.gob.mx\/ieepo\/wp-json\/wp\/v2\/pages"}],"about":[{"href":"https:\/\/www.oaxaca.gob.mx\/ieepo\/wp-json\/wp\/v2\/types\/page"}],"author":[{"embeddable":true,"href":"https:\/\/www.oaxaca.gob.mx\/ieepo\/wp-json\/wp\/v2\/users\/1"}],"replies":[{"embeddable":true,"href":"https:\/\/www.oaxaca.gob.mx\/ieepo\/wp-json\/wp\/v2\/comments?post=7831"}],"version-history":[{"count":2,"href":"https:\/\/www.oaxaca.gob.mx\/ieepo\/wp-json\/wp\/v2\/pages\/7831\/revisions"}],"predecessor-version":[{"id":33348,"href":"https:\/\/www.oaxaca.gob.mx\/ieepo\/wp-json\/wp\/v2\/pages\/7831\/revisions\/33348"}],"wp:attachment":[{"href":"https:\/\/www.oaxaca.gob.mx\/ieepo\/wp-json\/wp\/v2\/media?parent=7831"}],"wp:term":[{"taxonomy":"category","embeddable":true,"href":"https:\/\/www.oaxaca.gob.mx\/ieepo\/wp-json\/wp\/v2\/categories?post=7831"},{"taxonomy":"post_tag","embeddable":true,"href":"https:\/\/www.oaxaca.gob.mx\/ieepo\/wp-json\/wp\/v2\/tags?post=7831"}],"curies":[{"name":"wp","href":"https:\/\/api.w.org\/{rel}","templated":true}]}}