{"id":7793,"date":"2019-10-14T14:25:27","date_gmt":"2019-10-14T19:25:27","guid":{"rendered":"https:\/\/www.oaxaca.gob.mx\/ieepo\/?page_id=7793"},"modified":"2024-05-31T21:56:38","modified_gmt":"2024-06-01T03:56:38","slug":"departamento-tecnico-pedagogico","status":"publish","type":"page","link":"https:\/\/www.oaxaca.gob.mx\/ieepo\/departamento-tecnico-pedagogico\/","title":{"rendered":"Departamento T\u00e9cnico \u2013 Pedag\u00f3gico"},"content":{"rendered":"<p style=\"font-weight: bold\">Objetivo general:<\/p>\n<p>Generar espacios de profesionalizaci\u00f3n docente, que contribuyan a la mejora de la educaci\u00f3n en el Estado de Oaxaca, a trav\u00e9s de la formaci\u00f3n acad\u00e9mica con cursos &#8211; talleres dirigidos a supervisores, asesores t\u00e9cnico pedag\u00f3gicos, directores y docentes frente a grupo.<\/p>\n<p style=\"font-weight: bold\">Objetivos espec\u00edficos:<\/p>\n<ul class=\"listas-geo\">\n<li>\nPromover estrategias de alfabetizaci\u00f3n y fomento a la lectura con docentes en general, ni\u00f1as, ni\u00f1os y adolescentes, que contribuyan a la formaci\u00f3n de lectores y a la mejora de las pr\u00e1cticas educativas.\n<\/li>\n<li>\nContribuir a la mejora de la ense\u00f1anza de las matem\u00e1ticas en la educaci\u00f3n primaria por medio de la revisi\u00f3n, modelado y pr\u00e1ctica de estrategias l\u00fadicas que favorezcan la mejora de los aprendizajes en este campo formativo.\n<\/li>\n<li>\nReflexionar sobre los procesos de planeaci\u00f3n did\u00e1ctica que se ejercen para efecto de ense\u00f1anza y aprendizaje, en contextos diversos, para garantizar una educaci\u00f3n inclusiva, con equidad; por medio de estrategias de an\u00e1lisis y reflexi\u00f3n docente.\n<\/li>\n<li>\nPromover procesos de reflexi\u00f3n sobre las pr\u00e1cticas educativas que se ejercen desde las escuelas a partir de la revisi\u00f3n de los fundamentos legales de la Nueva Escuela Mexicana (NEM) y la construcci\u00f3n del Programa Escolar de Mejora Continua (PEMC) con la finalidad de mejorar el servicio educativo que se brinda en las escuelas primarias.<\/li>\n<li>\nContribuir a la reflexi\u00f3n sobre la importancia de las artes en la formaci\u00f3n integral de estudiante con base en la construcci\u00f3n del libro de artista como experiencia pedag\u00f3gica. <\/li>\n<li>\nCoadyuvar de manera interinstitucional con otras dependencias del IEEPO en la planeaci\u00f3n, coordinaci\u00f3n e implementaci\u00f3n de las actividades promovidas desde las autoridades educativas federales y locales en beneficio de la educaci\u00f3n de la ni\u00f1ez oaxaque\u00f1a.<\/li>\n<\/ul>\n","protected":false},"excerpt":{"rendered":"excerpt","protected":false},"author":1,"featured_media":0,"parent":0,"menu_order":0,"comment_status":"closed","ping_status":"closed","template":"","meta":{"episode_type":"","audio_file":"","podmotor_file_id":"","podmotor_episode_id":"","cover_image":"","cover_image_id":"","duration":"","filesize":"","filesize_raw":"","date_recorded":"","explicit":"","block":"","footnotes":""},"categories":[],"tags":[],"class_list":["post-7793","page","type-page","status-publish","hentry"],"acf":[],"publishpress_future_action":{"enabled":false,"date":"2026-05-23 18:19:27","action":"change-status","newStatus":"draft","terms":[],"taxonomy":"category","extraData":[]},"publishpress_future_workflow_manual_trigger":{"enabledWorkflows":[]},"_links":{"self":[{"href":"https:\/\/www.oaxaca.gob.mx\/ieepo\/wp-json\/wp\/v2\/pages\/7793","targetHints":{"allow":["GET"]}}],"collection":[{"href":"https:\/\/www.oaxaca.gob.mx\/ieepo\/wp-json\/wp\/v2\/pages"}],"about":[{"href":"https:\/\/www.oaxaca.gob.mx\/ieepo\/wp-json\/wp\/v2\/types\/page"}],"author":[{"embeddable":true,"href":"https:\/\/www.oaxaca.gob.mx\/ieepo\/wp-json\/wp\/v2\/users\/1"}],"replies":[{"embeddable":true,"href":"https:\/\/www.oaxaca.gob.mx\/ieepo\/wp-json\/wp\/v2\/comments?post=7793"}],"version-history":[{"count":3,"href":"https:\/\/www.oaxaca.gob.mx\/ieepo\/wp-json\/wp\/v2\/pages\/7793\/revisions"}],"predecessor-version":[{"id":33316,"href":"https:\/\/www.oaxaca.gob.mx\/ieepo\/wp-json\/wp\/v2\/pages\/7793\/revisions\/33316"}],"wp:attachment":[{"href":"https:\/\/www.oaxaca.gob.mx\/ieepo\/wp-json\/wp\/v2\/media?parent=7793"}],"wp:term":[{"taxonomy":"category","embeddable":true,"href":"https:\/\/www.oaxaca.gob.mx\/ieepo\/wp-json\/wp\/v2\/categories?post=7793"},{"taxonomy":"post_tag","embeddable":true,"href":"https:\/\/www.oaxaca.gob.mx\/ieepo\/wp-json\/wp\/v2\/tags?post=7793"}],"curies":[{"name":"wp","href":"https:\/\/api.w.org\/{rel}","templated":true}]}}