{"id":7783,"date":"2019-10-14T14:23:43","date_gmt":"2019-10-14T19:23:43","guid":{"rendered":"https:\/\/www.oaxaca.gob.mx\/ieepo\/?page_id=7783"},"modified":"2019-10-14T14:23:43","modified_gmt":"2019-10-14T19:23:43","slug":"educacion-primaria-general","status":"publish","type":"page","link":"https:\/\/www.oaxaca.gob.mx\/ieepo\/educacion-primaria-general\/","title":{"rendered":"Educaci\u00f3n Primaria General"},"content":{"rendered":"\n <b style=\"font-weight: bold\">Misi\u00f3n:<\/b>  <p> La Unidad Estatal de Educaci\u00f3n Primaria General atiende necesidades administrativas, jur\u00eddicas y t\u00e9cnico pedag\u00f3gicas del nivel, para garantizar una educaci\u00f3n inclusiva y de excelencia.<\/p>\n\n\n\n<b style=\"font-weight: bold\"> Visi\u00f3n:<\/b><p>Ser una dependencia que garantice la atenci\u00f3n pertinente y oportuna a la comunidad educativa, reconocida por contribuir a la profesionalizaci\u00f3n docente del nivel de educaci\u00f3n primaria general, para alcanzar la excelencia educativa en el estado, con principios y valores de respeto, justicia y equidad. <\/p>\n\n\n\n<p>Actualmente la Unidad de Educaci\u00f3n Primaria se compone de 3 departamentos.<\/p>\n\n\n\n <ul class=\"listas-geo wp-block-list\"><li><strong><a href=\"\/ieepo\/departamento-tecnico-pedagogico\/\">Departamento T\u00e9cnico &#8211; Pedag\u00f3gico<\/a><\/strong><\/li><li><strong><a href=\"\/ieepo\/departamento-administrativo-y-operativo\/\">Departamento Administrativo y Operativo<\/a><\/strong><\/li><li><strong><a href=\"\/ieepo\/departamento-juridico\/\">Departamento Jur\u00eddico<\/a><\/strong><\/li><\/ul>\n","protected":false},"excerpt":{"rendered":"excerpt","protected":false},"author":1,"featured_media":0,"parent":0,"menu_order":0,"comment_status":"closed","ping_status":"closed","template":"","meta":{"episode_type":"","audio_file":"","podmotor_file_id":"","podmotor_episode_id":"","cover_image":"","cover_image_id":"","duration":"","filesize":"","filesize_raw":"","date_recorded":"","explicit":"","block":"","footnotes":""},"categories":[],"tags":[],"class_list":["post-7783","page","type-page","status-publish","hentry"],"acf":[],"publishpress_future_action":{"enabled":false,"date":"2026-05-23 17:04:36","action":"change-status","newStatus":"draft","terms":[],"taxonomy":"category","extraData":[]},"publishpress_future_workflow_manual_trigger":{"enabledWorkflows":[]},"_links":{"self":[{"href":"https:\/\/www.oaxaca.gob.mx\/ieepo\/wp-json\/wp\/v2\/pages\/7783","targetHints":{"allow":["GET"]}}],"collection":[{"href":"https:\/\/www.oaxaca.gob.mx\/ieepo\/wp-json\/wp\/v2\/pages"}],"about":[{"href":"https:\/\/www.oaxaca.gob.mx\/ieepo\/wp-json\/wp\/v2\/types\/page"}],"author":[{"embeddable":true,"href":"https:\/\/www.oaxaca.gob.mx\/ieepo\/wp-json\/wp\/v2\/users\/1"}],"replies":[{"embeddable":true,"href":"https:\/\/www.oaxaca.gob.mx\/ieepo\/wp-json\/wp\/v2\/comments?post=7783"}],"version-history":[{"count":0,"href":"https:\/\/www.oaxaca.gob.mx\/ieepo\/wp-json\/wp\/v2\/pages\/7783\/revisions"}],"wp:attachment":[{"href":"https:\/\/www.oaxaca.gob.mx\/ieepo\/wp-json\/wp\/v2\/media?parent=7783"}],"wp:term":[{"taxonomy":"category","embeddable":true,"href":"https:\/\/www.oaxaca.gob.mx\/ieepo\/wp-json\/wp\/v2\/categories?post=7783"},{"taxonomy":"post_tag","embeddable":true,"href":"https:\/\/www.oaxaca.gob.mx\/ieepo\/wp-json\/wp\/v2\/tags?post=7783"}],"curies":[{"name":"wp","href":"https:\/\/api.w.org\/{rel}","templated":true}]}}