{"id":7009,"date":"2019-08-27T10:08:21","date_gmt":"2019-08-27T15:08:21","guid":{"rendered":"https:\/\/www.oaxaca.gob.mx\/ieepo\/?page_id=7009"},"modified":"2019-08-27T10:08:21","modified_gmt":"2019-08-27T15:08:21","slug":"test-2","status":"publish","type":"page","link":"https:\/\/www.oaxaca.gob.mx\/ieepo\/test-2\/","title":{"rendered":"Test 2"},"content":{"rendered":"<p>El PNCE es una iniciativa que emprende el Gobierno Federal a trav\u00e9s de la SEP, en el marco de la Pol\u00edtica Nacional para una Escuela Libre de Acoso Escolar.<\/p>\n<p>El Programa se orienta a la mejora de la calidad del servicio educativo al poner \u00e9nfasis en la acci\u00f3n formativa y por ende preventiva de situaciones de acoso escolar, orientado al logro de una convivencia escolar arm\u00f3nica, pac\u00edfica e inclusiva a trav\u00e9s del desarrollo de habilidades socio-emocionales, de la comunidad escolar con la asesor\u00eda a personal educativo, con el apoyo de materiales educativos, en coordinaci\u00f3n con las AEL.<\/p>\n<p>Desde el inicio de su implementaci\u00f3n, el presente Programa se enfoc\u00f3 al fortalecimiento y desarrollo de las habilidades sociales y habilidades emocionales de ni\u00f1as, ni\u00f1os y adolescentes, a trav\u00e9s de los contenidos establecidos en cada uno de los materiales educativos a favor de la convivencia escolar arm\u00f3nica, pac\u00edfica e inclusiva elaborados por el presente Programa, con lo cual, con la puesta en marcha del Nuevo Modelo Educativo el Programa se alinea y contribuye al logro de dos de los tres componentes para el desarrollo de los aprendizajes claves para la educaci\u00f3n integral: desarrollo personal y social (el cual incorpora el desarrollo de habilidades socioemocionales), y autonom\u00eda curricular, este \u00faltimo, con el fin de potenciar el desarrollo personal y social, facultad de cada escuela para elegir activamente los contenidos y el dise\u00f1o de una parte del curr\u00edculo a desarrollarse en cada una de las escuelas.<\/p>\n<p>OBJETIVO GENERAL<\/p>\n<p>Favorecer el establecimiento de ambientes de convivencia escolar arm\u00f3nica, pac\u00edfica e inclusiva que coadyuven a prevenir situaciones de acoso escolar en escuelas p\u00fablicas de educaci\u00f3n b\u00e1sica, contribuyendo a asegurar la calidad de los aprendizajes en la educaci\u00f3n b\u00e1sica y la formaci\u00f3n integral de todos los grupos de la poblaci\u00f3n.<br \/>\nPOBLACI\u00d3N OBJETIVO<\/p>\n<p>Todas las Escuelas P\u00fablicas de Educaci\u00f3n B\u00e1sica y centros de atenci\u00f3n m\u00faltiple que sean incorporados al presente Programa por las AEL conforme a la disponibilidad presupuestaria.<br \/>\nLas escuelas particulares podr\u00e1n ser beneficiadas en la parte t\u00e9cnica del programa y dispondr\u00e1n de los materiales gratuitos que se encuentran en la p\u00e1gina oficial del programa<br \/>\nwww.gob.mx\/escuelalibredeacoso<\/p>\n<span style=\"color:red\">[wbcr_snippet]: PHP snippets error (not passed the snippet ID)<\/span>\n","protected":false},"excerpt":{"rendered":"excerpt","protected":false},"author":1,"featured_media":0,"parent":0,"menu_order":0,"comment_status":"closed","ping_status":"closed","template":"","meta":{"episode_type":"","audio_file":"","podmotor_file_id":"","podmotor_episode_id":"","cover_image":"","cover_image_id":"","duration":"","filesize":"","filesize_raw":"","date_recorded":"","explicit":"","block":"","footnotes":""},"categories":[],"tags":[],"class_list":["post-7009","page","type-page","status-publish","hentry"],"acf":[],"publishpress_future_action":{"enabled":false,"date":"2026-05-11 07:42:40","action":"change-status","newStatus":"draft","terms":[],"taxonomy":"category","extraData":[]},"publishpress_future_workflow_manual_trigger":{"enabledWorkflows":[]},"_links":{"self":[{"href":"https:\/\/www.oaxaca.gob.mx\/ieepo\/wp-json\/wp\/v2\/pages\/7009","targetHints":{"allow":["GET"]}}],"collection":[{"href":"https:\/\/www.oaxaca.gob.mx\/ieepo\/wp-json\/wp\/v2\/pages"}],"about":[{"href":"https:\/\/www.oaxaca.gob.mx\/ieepo\/wp-json\/wp\/v2\/types\/page"}],"author":[{"embeddable":true,"href":"https:\/\/www.oaxaca.gob.mx\/ieepo\/wp-json\/wp\/v2\/users\/1"}],"replies":[{"embeddable":true,"href":"https:\/\/www.oaxaca.gob.mx\/ieepo\/wp-json\/wp\/v2\/comments?post=7009"}],"version-history":[{"count":0,"href":"https:\/\/www.oaxaca.gob.mx\/ieepo\/wp-json\/wp\/v2\/pages\/7009\/revisions"}],"wp:attachment":[{"href":"https:\/\/www.oaxaca.gob.mx\/ieepo\/wp-json\/wp\/v2\/media?parent=7009"}],"wp:term":[{"taxonomy":"category","embeddable":true,"href":"https:\/\/www.oaxaca.gob.mx\/ieepo\/wp-json\/wp\/v2\/categories?post=7009"},{"taxonomy":"post_tag","embeddable":true,"href":"https:\/\/www.oaxaca.gob.mx\/ieepo\/wp-json\/wp\/v2\/tags?post=7009"}],"curies":[{"name":"wp","href":"https:\/\/api.w.org\/{rel}","templated":true}]}}