{"id":644,"date":"2018-09-06T19:02:00","date_gmt":"2018-09-06T19:02:00","guid":{"rendered":"https:\/\/www.oaxaca.gob.mx\/ieepo\/portal\/?page_id=644"},"modified":"2023-04-01T11:08:08","modified_gmt":"2023-04-01T17:08:08","slug":"aula-de-aprendizaje-digital-aad-v1-0","status":"publish","type":"page","link":"https:\/\/www.oaxaca.gob.mx\/ieepo\/aula-de-aprendizaje-digital-aad-v1-0\/","title":{"rendered":"Aula De Aprendizaje Digital \u201cAAD\u201d v2.0"},"content":{"rendered":"<p>El <strong>Aula de Aprendizaje Digital (AAD) 2.0<\/strong> es el repositorio principal de todas las aplicaciones desarrolladas y recopiladas por la <strong>Direcci\u00f3n de Tecnolog\u00edas Educativas del IEEPO<\/strong>, esta aplicaci\u00f3n permite el acceso y ejecuci\u00f3n de dichas aplicaciones de manera portable, es decir; no es necesario realizar una instalaci\u00f3n, solo se debe copiar y pegar en un dispositivo de almacenamiento (Disco duro) con la capacidad necesaria y comenzar a utilizar las aplicaciones, <strong>la gran ventaja es que para usarlas no se requiere contar con una conexi\u00f3n a Internet, adem\u00e1s las aplicaciones pueden utilizarse en una red sin necesidad de tener copias en cada equipo que se conecte<\/strong>.<\/p>\n<p class=\"text-center\"><strong style=\"font-weight: bold\">APLICACIONES CONTENIDAS EN EL \u00abAAD\u00bb.<\/strong><\/p>\n<div class=\"row\">\n<div class=\"col-md-6 col-sm-6 col-xs-12\"><a href=\"http:\/\/pep.ieepo.oaxaca.gob.mx\/\" target=\"_blank\" rel=\"noopener noreferrer\"><br \/>\n<img decoding=\"async\" class=\"img-responsive mx-auto d-block\" src=\"\/ieepo\/wp-content\/uploads\/sites\/75\/2018\/09\/plataforma-primaria.png\" alt=\"Primaria\" \/><br \/>\n<\/a><\/p>\n<p class=\"text-center\"><strong style=\"font-weight: bold\"> PLATAFORMA VIRTUAL PARA PRIMARIA.<\/strong><\/p>\n<p>Organiza diversos recursos did\u00e1cticos multimedia, libros de texto, recursos de diversidad ling\u00fc\u00edstica y aplicaciones educativas para el alumnado, personal docente, madres y padres de familia, de 1\u00b0 a 6\u00b0 de primaria. Permite un aprendizaje din\u00e1micoflexible, fortaleciendo los contenidos tem\u00e1ticos de los planes de estudio.<\/p>\n<\/div>\n<div class=\"col-md-6 col-sm-6 col-xs-12\"><a href=\"http:\/\/pes.ieepo.oaxaca.gob.mx\/secundaria\/public\/index.php\/\" target=\"_blank\" rel=\"noopener noreferrer\"><br \/>\n<img decoding=\"async\" class=\"img-responsive mx-auto d-block\" src=\"\/ieepo\/wp-content\/uploads\/sites\/75\/2018\/09\/plataforma-secundaria.png\" alt=\"Secundaria\" \/><br \/>\n<\/a><\/p>\n<p class=\"text-center\"><strong style=\"font-weight: bold\"> PLATAFORMA VIRTUAL PARA SECUNDARIA <\/strong><\/p>\n<p>Organiza diversos recursos did\u00e1cticos multimedia y aplicaciones educativas para alumnos de 1\u00b0 a 3\u00b0 de secundaria, integra los planes de estudio y libros vigentes. Permite un aprendizaje din\u00e1mico-flexible, fortaleciendo los contenidos tem\u00e1ticos de los planes de estudio.<\/p>\n<\/div>\n<\/div>\n<div class=\"row\">\n<div class=\"col-md-6 col-sm-6 col-xs-12\"><a href=\"https:\/\/auladigital.ieepo.gob.mx\/apps\/educavirtual\/index.php\" target=\"_blank\" rel=\"noopener noreferrer\"><br \/>\n<img loading=\"lazy\" decoding=\"async\" class=\"img-responsive mx-auto d-block\" src=\"\/ieepo\/wp-content\/uploads\/sites\/75\/2019\/05\/REALIDAD-VIRTUAL-1.png\" alt=\"REALIDAD VIRTUAL\" width=\"140\" height=\"140\" \/><br \/>\n<\/a><\/p>\n<p class=\"text-center\"><strong style=\"font-weight: bold\">APRENDE CON REALIDAD VIRTUAL<\/strong><\/p>\n<p>Es una plataforma que contiene materiales did\u00e1cticos desarrollados en Realidad Virtual (RV) con formato inmersivo y semi inmersivo, enfocado a 5\u00b0 y 6\u00b0 de primaria, y a 1\u00b0, 2\u00b0 y 3\u00b0 de secundaria. A trav\u00e9s de esta tecnolog\u00eda emergente se propicia que las y los estudiantes hagan uso de los sentidos, aprendiendo de manera inmersiva, es decir, a trav\u00e9s de la experiencia.<\/p>\n<\/div>\n<div class=\"col-md-6 col-sm-6 col-xs-12\"><a href=\"https:\/\/auladigital.ieepo.gob.mx\/apps\/sismos\/index.html\" target=\"_blank\" rel=\"noopener noreferrer\"><br \/>\n<img loading=\"lazy\" decoding=\"async\" class=\"img-responsive mx-auto d-block\" src=\"\/ieepo\/wp-content\/uploads\/sites\/75\/2019\/05\/SISMOS-1.png\" alt=\"SISMOS\" width=\"140\" height=\"140\" \/><br \/>\n<\/a><\/p>\n<p class=\"text-center\"><strong style=\"font-weight: bold\">SISMOS<\/strong><\/p>\n<p>Es una aplicaci\u00f3n que pone a disposici\u00f3n de la comunidad educativa una serie de recursos did\u00e1cticos que permiten saber qu\u00e9 hacer antes, durante y despu\u00e9s de un sismo.<\/p>\n<\/div>\n<\/div>\n<div class=\"row\">\n<div class=\"col-md-6 col-sm-6 col-xs-12\"><a href=\"https:\/\/auladigital.ieepo.gob.mx\/apps\/utilidades\/index.html\" target=\"_blank\" rel=\"noopener noreferrer\"><br \/>\n<img loading=\"lazy\" decoding=\"async\" class=\"img-responsive mx-auto d-block\" src=\"\/ieepo\/wp-content\/uploads\/sites\/75\/2019\/05\/UTILIDADES-1.png\" alt=\" UTILIDADES \" width=\"140\" height=\"140\" \/><br \/>\n<\/a><\/p>\n<p class=\"text-center\"><strong style=\"font-weight: bold\"> UTILIDADES <\/strong><\/p>\n<p>Conjunto de software libre con enfoque educativo que puede ser instalado en distintos sistemas operativos y que funciona como herramienta para la creaci\u00f3n de materiales did\u00e1cticos (editores de audio, de video, generadores de mapas mentales, de test, de gr\u00e1ficos, programas para agilizar la lectura y la escritura, aplicaciones matem\u00e1ticas, mapas del universo, juegos educativos, entre otros).<\/p>\n<div class=\"row\">\n<div class=\"col-md-5\">1. 7-ZIP<br \/>\n2. Audacity<br \/>\n3. Avaluator 3.0<br \/>\n4. Celestia<br \/>\n5. CmapTools<br \/>\n6. eXeLearning<br \/>\n7. FreeMind<br \/>\n8. GCompris<br \/>\n9. Geometria 4.0<br \/>\n10. HotPotatoes<\/div>\n<div class=\"col-md-7\">11. Inkscape<br \/>\n12. Jclic<br \/>\n13. Katalekto<br \/>\n14. Kataluga-2.0<br \/>\n15. Numerical Chamaleon<br \/>\n16. S@pienstest 2.0<br \/>\n17. Sebran<br \/>\n18. ShotCut<br \/>\n19. Tux Paint<\/div>\n<\/div>\n<\/div>\n<div class=\"col-md-6 col-sm-6 col-xs-12\">\n<\/div>\n<\/div>\n<div class=\"row\">\n<div class=\"col-md-6 col-sm-6 col-xs-12\"><a class=\"text-center\" href=\"https:\/\/auladigital.ieepo.gob.mx\/dtelaunchpad\/index.php#!\/main\/pensamientomatematico\" target=\"_blank\" rel=\"noopener noreferrer\"><br \/>\n<img loading=\"lazy\" decoding=\"async\" class=\"img-responsive mx-auto d-block\" src=\"\/ieepo\/wp-content\/uploads\/sites\/75\/2019\/05\/PENSAMIENTO-MATEM\u00c1TICO.png\" alt=\"PENSAMIENTO MATEM\u00c1TICO\" width=\"140\" height=\"140\" \/><\/a><\/p>\n<p class=\"text-center\"><strong style=\"font-weight: bold\"> RECURSOS DID\u00c1CTICOS PARA \u201cPENSAMIENTO MATEM\u00c1TICO\u201d<\/strong><\/p>\n<p>Repositorio de aplicaciones y recursos did\u00e1cticos para fortalecer el desarrollo de este campo de formaci\u00f3n.<\/p>\n<p>\u2022 Sketchometry<br \/>\n\u2022 Hextris<br \/>\n\u2022 Diedrom<br \/>\n\u2022 Sudoku<br \/>\n\u2022 Geogebra<br \/>\n\u2022 KhanAcademy<br \/>\n\u2022 Recursos imprimibles<\/p>\n<\/div>\n<div class=\"col-md-6 col-sm-6 col-xs-12\"><a class=\"text-center\" href=\"https:\/\/auladigital.ieepo.gob.mx\/dtelaunchpad\/index.php#!\/main\/lenguajeycomunicacion\" target=\"_blank\" rel=\"noopener noreferrer\"><br \/>\n<img loading=\"lazy\" decoding=\"async\" class=\"img-responsive mx-auto d-block\" src=\"\/ieepo\/wp-content\/uploads\/sites\/75\/2019\/05\/LENGUAJE-Y-COMUNICACI\u00d3N.png\" alt=\" LENGUAJE Y COMUNICACI\u00d3N\" width=\"140\" height=\"140\" \/><\/a><\/p>\n<p class=\"text-center\"><strong style=\"font-weight: bold\"> RECURSOS DID\u00c1CTICOS PARA \u201cLENGUAJE Y COMUNICACI\u00d3N\u201d<\/strong><\/p>\n<p>Repositorio de aplicaciones y recursos did\u00e1cticos para fortalecer el desarrollo de este campo de formaci\u00f3n.<br \/>\n\u2022 Wikipedia<br \/>\n\u2022 Wikicitas<br \/>\n\u2022 Wikcionario<br \/>\n\u2022 Tabi<br \/>\n\u2022 KhanAcademy<br \/>\n\u2022 Biblioteca digital<br \/>\n\u2022 Recursos imprimibles<\/p>\n<\/div>\n<\/div>\n<div class=\"row\">\n<div class=\"col-md-6 col-sm-6 col-xs-12\"><a class=\"text-center\" href=\"https:\/\/auladigital.ieepo.gob.mx\/dtelaunchpad\/index.php#!\/main\/exploracionycomprension\" target=\"_blank\" rel=\"noopener noreferrer\"><br \/>\n<img loading=\"lazy\" decoding=\"async\" class=\"img-responsive mx-auto d-block\" src=\"\/ieepo\/wp-content\/uploads\/sites\/75\/2019\/05\/MUNDO-NATURAL-Y-SOCIAL-1-1.png\" alt=\" EXPLORACI\u00d3N Y COMPRENSI\u00d3N DEL MUNDO NATURAL Y SOCIAL \" width=\"140\" height=\"140\" \/><\/a><\/p>\n<p class=\"text-center\"><strong style=\"font-weight: bold\"> RECURSOS DID\u00c1CTICOS PARA \u201cEXPLORACI\u00d3N Y COMPRENSI\u00d3N DEL MUNDO NATURAL Y SOCIAL\u201d<\/strong><\/p>\n<p>Repositorio de aplicaciones y recursos did\u00e1cticos para fortalecer el desarrollo de este campo de formaci\u00f3n.<br \/>\n\u2022 Wikipedia<br \/>\n\u2022 Wikispecies<br \/>\n\u2022 KhanAcademy<br \/>\n\u2022 Recursos imprimibles<\/p>\n<\/div>\n<div class=\"col-md-6 col-sm-6 col-xs-12\">\n<p class=\"text-center\"><strong style=\"font-weight: bold\">VIDEO DEMO<\/strong><\/p>\n<div class=\"ytdelimitador\">\n<div class=\"ytcontenedor\"><\/div>\n<\/div>\n<div class=\"su-youtube su-u-responsive-media-yes\"><iframe loading=\"lazy\" width=\"600\" height=\"400\" src=\"https:\/\/www.youtube.com\/embed\/6xuCumLLpQE?\" frameborder=\"0\" allowfullscreen allow=\"autoplay; encrypted-media; picture-in-picture\" title=\"\"><\/iframe><\/div>\n<\/div>\n<\/div>\n<div class=\"row\">\n<div class=\"col-md-6 col-sm-6 col-xs-12\">\n<p><strong style=\"font-weight: bold\">\u00bfC\u00d3MO USARLO?<\/strong>Existen 2 maneras:<\/p>\n<p>Solo conecta tu dispositivo de almacenamiento portable a tu computadora y ejecuta el Aula de Aprendizaje Digital.<\/p>\n<p>Copia los archivos a tu PC o Laptop y ejecuta desde ah\u00ed el Aula de Aprendizaje digital.<\/p>\n<\/div>\n<div class=\"col-md-6 col-sm-6 col-xs-12\"><strong style=\"font-weight: bold\">\u00bfC\u00d3MO PUEDO OBTENER EL AULA DE APRENDIZAJE DIGITAL?<\/strong><br \/>\nDeber\u00e1n acudir a las instalaciones de la Direcci\u00f3n de Tecnolog\u00edas Educativas del IEEPO con un disco duro o computadora port\u00e1til que cumpla con los requerimientos m\u00ednimos de uso del AAD.<\/div>\n<\/div>\n<p><b style=\"font-weight: bold\">REQUERIMIENTOS M\u00cdNIMOS DE USO<\/b><br \/>\n<b style=\"font-weight: bold\">Sistema Operativo:<\/b> Windows 7 o superior.<br \/>\n<b style=\"font-weight: bold\">Disco duro o dispositivo de almacenamiento portable:<\/b> 350 Gigabytes libres.<br \/>\n<b style=\"font-weight: bold\">Memoria RAM:<\/b> 4 GB o m\u00e1s.<br \/>\n<b style=\"font-weight: bold\">Procesador:<\/b> Intel Core I3 \/ AMDFX 4300 \/Intel Atom x 5-Z8350.<\/p>\n<h3>LIGA DE ACCESO<\/h3>\n<p><a href=\"https:\/\/auladigital.ieepo.gob.mx\/dtelaunchpad\/index.php#!\/main\/home\" target=\"_blank\" rel=\"noopener noreferrer\"> https:\/\/auladigital.ieepo.gob.mx<\/a><\/p>\n","protected":false},"excerpt":{"rendered":"excerpt","protected":false},"author":1,"featured_media":0,"parent":0,"menu_order":0,"comment_status":"closed","ping_status":"closed","template":"","meta":{"episode_type":"","audio_file":"","podmotor_file_id":"","podmotor_episode_id":"","cover_image":"","cover_image_id":"","duration":"","filesize":"","filesize_raw":"","date_recorded":"","explicit":"","block":"","footnotes":""},"categories":[],"tags":[],"class_list":["post-644","page","type-page","status-publish","hentry"],"acf":[],"publishpress_future_action":{"enabled":false,"date":"2026-05-08 14:20:39","action":"change-status","newStatus":"draft","terms":[],"taxonomy":"category","extraData":[]},"publishpress_future_workflow_manual_trigger":{"enabledWorkflows":[]},"_links":{"self":[{"href":"https:\/\/www.oaxaca.gob.mx\/ieepo\/wp-json\/wp\/v2\/pages\/644","targetHints":{"allow":["GET"]}}],"collection":[{"href":"https:\/\/www.oaxaca.gob.mx\/ieepo\/wp-json\/wp\/v2\/pages"}],"about":[{"href":"https:\/\/www.oaxaca.gob.mx\/ieepo\/wp-json\/wp\/v2\/types\/page"}],"author":[{"embeddable":true,"href":"https:\/\/www.oaxaca.gob.mx\/ieepo\/wp-json\/wp\/v2\/users\/1"}],"replies":[{"embeddable":true,"href":"https:\/\/www.oaxaca.gob.mx\/ieepo\/wp-json\/wp\/v2\/comments?post=644"}],"version-history":[{"count":16,"href":"https:\/\/www.oaxaca.gob.mx\/ieepo\/wp-json\/wp\/v2\/pages\/644\/revisions"}],"predecessor-version":[{"id":29324,"href":"https:\/\/www.oaxaca.gob.mx\/ieepo\/wp-json\/wp\/v2\/pages\/644\/revisions\/29324"}],"wp:attachment":[{"href":"https:\/\/www.oaxaca.gob.mx\/ieepo\/wp-json\/wp\/v2\/media?parent=644"}],"wp:term":[{"taxonomy":"category","embeddable":true,"href":"https:\/\/www.oaxaca.gob.mx\/ieepo\/wp-json\/wp\/v2\/categories?post=644"},{"taxonomy":"post_tag","embeddable":true,"href":"https:\/\/www.oaxaca.gob.mx\/ieepo\/wp-json\/wp\/v2\/tags?post=644"}],"curies":[{"name":"wp","href":"https:\/\/api.w.org\/{rel}","templated":true}]}}