{"id":591,"date":"2018-09-06T04:08:27","date_gmt":"2018-09-06T04:08:27","guid":{"rendered":"https:\/\/www.oaxaca.gob.mx\/ieepo\/portal\/?page_id=591"},"modified":"2023-04-01T11:43:55","modified_gmt":"2023-04-01T17:43:55","slug":"instalacion-y-mantenimiento-de-red-edusat","status":"publish","type":"page","link":"https:\/\/www.oaxaca.gob.mx\/ieepo\/instalacion-y-mantenimiento-de-red-edusat\/","title":{"rendered":"Instalaci\u00f3n y Mantenimiento"},"content":{"rendered":"<p>\t\t\t\t<strong style=\"font-weight: bold\">INSTALACI\u00d3N Y MANTENIMIENTO DE RED EDUSAT<\/strong><\/p>\n<p>La RED EDUSAT es un sistema de televisi\u00f3n con se\u00f1al digital comprimida que se transmite v\u00eda sat\u00e9lite, cuenta con una capacidad para transmitir hasta 16 canales de televisi\u00f3n, con programaci\u00f3n cultural y educativa v\u00eda sat\u00e9lite. La se\u00f1al es enviada a trav\u00e9s de la Direcci\u00f3n General de Televisi\u00f3n Educativa (DGTVE), actualmente su se\u00f1al educativa llega a 36,498 puntos o centros de recepci\u00f3n satelital.<\/p>\n<p><strong style=\"font-weight: bold\">OBJETIVO:<\/strong><br \/>\nGarantizar el funcionamiento y operaci\u00f3n de los componentes de la Red Edusat en el \u00e1mbito de competencia del Instituto Estatal de Educaci\u00f3n P\u00fablica de Oaxaca, prioritariamente al nivel de Telesecundaria; el resto de los centros de recepci\u00f3n se distribuyen en escuelas de Educaci\u00f3n B\u00e1sica, Media Superior y Superior, Centros de Maestros y Centros Culturales.<\/p>\n<p><strong style=\"font-weight: bold\">Componentes:<\/strong><br \/>\nAntena parab\u00f3lica, decodificador, LNB y cableado<\/p>\n<p><strong style=\"font-weight: bold\">Servicios:<\/strong><\/p>\n<ul>\n<li>Instalaci\u00f3n del equipo de la Red Edusat a las escuelas telesecundarias de nueva creaci\u00f3n y a escuelas de nueva incorporaci\u00f3n.<\/li>\n<li>Mantenimiento correctivo a los componentes de la Red Edusat en escuelas ya equipadas.<\/li>\n<li>Re ubicaci\u00f3n de los equipos de la Red Edusat: de locales provisionales a instalaciones definitivas de los planteles.<\/li>\n<\/ul>\n<p>&nbsp;<\/p>\n<p><strong style=\"font-weight: bold\">INSTALACI\u00d3N DEL AULA DE APRENDIZAJE DIGITAL 2.0<\/strong><br \/>\nEs un repositorio de aplicaciones desarrolladas en la DTE, de software libre, contenidos y objetos de aprendizaje, como una nueva herramienta did\u00e1ctica para la comunidad educativa. En esta herramienta encontrar\u00e1s videos, actividades interactivas, sugerencias did\u00e1cticas, libros virtuales y dem\u00e1s recursos que ayudar\u00e1n tanto al docente como a los alumnos y padres de familia en el quehacer educativo.<\/p>\n<p><strong style=\"font-weight: bold\">Servicios:<\/strong><\/p>\n<p>\u2022 Instalaci\u00f3n de la plataforma Aula de Aprendizaje Digital 2.0 (primaria y secundaria)<br \/>\n\u2022 Requerimientos m\u00ednimos del equipo con que debe contar el plantel para su instalaci\u00f3n:<br \/>\n\u2013 Disco duro de: 350GB libres, o superior<br \/>\n\u2013 Memoria RAM: 2GB<br \/>\n\u2013 Procesador: Pentium 4 o superior<br \/>\n\u2013 Windows Seven<br \/>\n\u2022 Instalaci\u00f3n de la plataforma en las oficinas de la Direcci\u00f3n del Tecnolog\u00edas Educativas.<br \/>\n\u2013 Deber\u00e1n traer un disco duro port\u00e1til de 350GB o una laptop con la capacidad.<\/p>\n<p>Para la atenci\u00f3n de fallas en el servicio, la DTE cuenta con el siguiente n\u00famero telef\u00f3nico:<\/p>\n<p>800 8218118<\/p>\n<p>Domicilio: Cerezos No. 117, Col. Del Bosque, Santa Mar\u00eda Ixcotel, Santa Lucia del Camino. Oaxaca<\/p>\n<p>Horario: 8:00 am a 15:00 hrs.\t\t<\/p>\n","protected":false},"excerpt":{"rendered":"excerpt","protected":false},"author":1,"featured_media":0,"parent":0,"menu_order":0,"comment_status":"closed","ping_status":"closed","template":"","meta":{"episode_type":"","audio_file":"","podmotor_file_id":"","podmotor_episode_id":"","cover_image":"","cover_image_id":"","duration":"","filesize":"","filesize_raw":"","date_recorded":"","explicit":"","block":"","footnotes":""},"categories":[],"tags":[],"class_list":["post-591","page","type-page","status-publish","hentry"],"acf":[],"publishpress_future_action":{"enabled":false,"date":"2026-05-03 11:52:46","action":"change-status","newStatus":"draft","terms":[],"taxonomy":"category","extraData":[]},"publishpress_future_workflow_manual_trigger":{"enabledWorkflows":[]},"_links":{"self":[{"href":"https:\/\/www.oaxaca.gob.mx\/ieepo\/wp-json\/wp\/v2\/pages\/591","targetHints":{"allow":["GET"]}}],"collection":[{"href":"https:\/\/www.oaxaca.gob.mx\/ieepo\/wp-json\/wp\/v2\/pages"}],"about":[{"href":"https:\/\/www.oaxaca.gob.mx\/ieepo\/wp-json\/wp\/v2\/types\/page"}],"author":[{"embeddable":true,"href":"https:\/\/www.oaxaca.gob.mx\/ieepo\/wp-json\/wp\/v2\/users\/1"}],"replies":[{"embeddable":true,"href":"https:\/\/www.oaxaca.gob.mx\/ieepo\/wp-json\/wp\/v2\/comments?post=591"}],"version-history":[{"count":2,"href":"https:\/\/www.oaxaca.gob.mx\/ieepo\/wp-json\/wp\/v2\/pages\/591\/revisions"}],"predecessor-version":[{"id":29336,"href":"https:\/\/www.oaxaca.gob.mx\/ieepo\/wp-json\/wp\/v2\/pages\/591\/revisions\/29336"}],"wp:attachment":[{"href":"https:\/\/www.oaxaca.gob.mx\/ieepo\/wp-json\/wp\/v2\/media?parent=591"}],"wp:term":[{"taxonomy":"category","embeddable":true,"href":"https:\/\/www.oaxaca.gob.mx\/ieepo\/wp-json\/wp\/v2\/categories?post=591"},{"taxonomy":"post_tag","embeddable":true,"href":"https:\/\/www.oaxaca.gob.mx\/ieepo\/wp-json\/wp\/v2\/tags?post=591"}],"curies":[{"name":"wp","href":"https:\/\/api.w.org\/{rel}","templated":true}]}}